{"id":47027,"date":"2014-12-20T12:49:21","date_gmt":"2014-12-20T17:49:21","guid":{"rendered":"https:\/\/camrt.wpenginepowered.com\/fr\/?page_id=5249"},"modified":"2026-03-24T08:30:54","modified_gmt":"2026-03-24T12:30:54","slug":"institut-de-developpement-du-leadership","status":"publish","type":"page","link":"https:\/\/camrt.ca\/fr\/evenements\/institut-de-developpement-du-leadership\/","title":{"rendered":"Institut de d\u00e9veloppement du leadership (IDL)"},"content":{"rendered":"<p><em>Parrain\u00e9 par :<\/em> <img loading=\"lazy\" decoding=\"async\" class=\"aligncenter size-full wp-image-39520\" src=\"https:\/\/www.camrt.ca\/wp-content\/uploads\/2024\/08\/Bayer-Logo-e1722610205591.png\" alt=\"\" width=\"155\" height=\"144\" srcset=\"https:\/\/camrt.ca\/wp-content\/uploads\/2024\/08\/Bayer-Logo-e1722610205591.png 2323w, https:\/\/camrt.ca\/wp-content\/uploads\/2024\/08\/Bayer-Logo-e1722610205591-300x279.png 300w, https:\/\/camrt.ca\/wp-content\/uploads\/2024\/08\/Bayer-Logo-e1722610205591-1024x952.png 1024w, https:\/\/camrt.ca\/wp-content\/uploads\/2024\/08\/Bayer-Logo-e1722610205591-768x714.png 768w, https:\/\/camrt.ca\/wp-content\/uploads\/2024\/08\/Bayer-Logo-e1722610205591-1536x1428.png 1536w, https:\/\/camrt.ca\/wp-content\/uploads\/2024\/08\/Bayer-Logo-e1722610205591-2048x1904.png 2048w\" sizes=\"auto, (max-width: 155px) 100vw, 155px\" \/><\/p>\n<h2>Une invitation de l&rsquo;ACTRM<\/h2>\n<p>Du <strong>6 au 8 novembre 2026<\/strong>, l&rsquo;ACTRM tiendra son session d&rsquo;\u00e9tude intensive annuelle sur le leadership,. La session de trois jours s&rsquo;adresse aux membres de l&rsquo;ACTRM qui ont d\u00e9montr\u00e9 des qualit\u00e9s de leadership et un engagement \u00e0 faire avancer les professions de l&rsquo;imagerie m\u00e9dicale ou de la radioth\u00e9rapie. La session se d\u00e9roulera en anglais, mais nous encourageons les membres bilingues \u00e0 s&rsquo;y inscrire. <a href=\"https:\/\/www.camrt.ca\/events\/leadership-development-institute\/\" target=\"_blank\" rel=\"noopener\"><strong>Veuillez cliquer ici<\/strong><\/a> pour de plus amples renseignements et pour remplir le formulaire d&rsquo;inscription (en anglais). <strong>La date limite de l&rsquo;inscription a \u00e9t\u00e9 fix\u00e9e au Mardi 30 juin 2026<\/strong>.<\/p>\n<div class=\"dt-sc-info-box\">L\u2019Institut de d\u00e9veloppement du leadership est offert en anglais seulement.<\/div>\n","protected":false},"excerpt":{"rendered":"<p>Parrain\u00e9 par : Une invitation de l&rsquo;ACTRM Du 6 au 8 novembre 2026, l&rsquo;ACTRM tiendra son session d&rsquo;\u00e9tude intensive annuelle sur le leadership,. La session de trois jours s&rsquo;adresse aux membres de l&rsquo;ACTRM qui ont d\u00e9montr\u00e9 des qualit\u00e9s de leadership et un engagement \u00e0 faire avancer les professions de l&rsquo;imagerie m\u00e9dicale ou de la radioth\u00e9rapie. [&hellip;]<\/p>\n","protected":false},"author":30,"featured_media":0,"parent":47009,"menu_order":0,"comment_status":"closed","ping_status":"closed","template":"","meta":{"_monsterinsights_skip_tracking":false,"_monsterinsights_sitenote_active":false,"_monsterinsights_sitenote_note":"","_monsterinsights_sitenote_category":0,"footnotes":""},"class_list":["post-47027","page","type-page","status-publish","hentry"],"_links":{"self":[{"href":"https:\/\/camrt.ca\/fr\/wp-json\/wp\/v2\/pages\/47027","targetHints":{"allow":["GET"]}}],"collection":[{"href":"https:\/\/camrt.ca\/fr\/wp-json\/wp\/v2\/pages"}],"about":[{"href":"https:\/\/camrt.ca\/fr\/wp-json\/wp\/v2\/types\/page"}],"author":[{"embeddable":true,"href":"https:\/\/camrt.ca\/fr\/wp-json\/wp\/v2\/users\/30"}],"replies":[{"embeddable":true,"href":"https:\/\/camrt.ca\/fr\/wp-json\/wp\/v2\/comments?post=47027"}],"version-history":[{"count":4,"href":"https:\/\/camrt.ca\/fr\/wp-json\/wp\/v2\/pages\/47027\/revisions"}],"predecessor-version":[{"id":61423,"href":"https:\/\/camrt.ca\/fr\/wp-json\/wp\/v2\/pages\/47027\/revisions\/61423"}],"up":[{"embeddable":true,"href":"https:\/\/camrt.ca\/fr\/wp-json\/wp\/v2\/pages\/47009"}],"wp:attachment":[{"href":"https:\/\/camrt.ca\/fr\/wp-json\/wp\/v2\/media?parent=47027"}],"curies":[{"name":"wp","href":"https:\/\/api.w.org\/{rel}","templated":true}]}}