{"id":47024,"date":"2014-12-15T19:20:35","date_gmt":"2014-12-16T00:20:35","guid":{"rendered":"https:\/\/camrt.wpenginepowered.com\/fr\/?page_id=5206"},"modified":"2025-12-02T15:29:18","modified_gmt":"2025-12-02T20:29:18","slug":"organismes-provinciaux","status":"publish","type":"page","link":"https:\/\/camrt.ca\/fr\/a-propos-de-lactrm\/partenariats\/organismes-provinciaux\/","title":{"rendered":"Organismes provinciaux"},"content":{"rendered":"<p>L\u2019ACTRM et les organismes qui repr\u00e9sentent et, dans certains cas, r\u00e9glementent la pratique des technologues en radiation m\u00e9dicale dans chacune des 10\u00a0provinces du Canada, travaillent de concert dans le cadre d\u2019un protocole d\u2019entente officiel qui d\u00e9finit le cadre de leur collaboration. Ce cadre tient compte des changements r\u00e9glementaires qui touchent la profession au pays, ainsi que des demandes de nos membres concernant la valeur ajout\u00e9e de leurs cotisations aux associations professionnelles.<\/p>\n<p>Notre but commun est de cr\u00e9er une synergie et d\u2019ajouter de la valeur \u00e0 la profession en travaillant ensemble \u00e0 r\u00e9aliser un vaste programme mutuel visant \u00e0 renforcer la position de la profession au pays et \u00e0 personnaliser l\u2019efficacit\u00e9 des op\u00e9rations en fonction des besoins de toutes les parties.<\/p>\n<h4><strong>Adh\u00e9sion combin\u00e9e<\/strong><\/h4>\n<p>Dans certaines provinces, l\u2019adh\u00e9sion avec l\u2019ACTRM est combin\u00e9e avec une adh\u00e9sion avec votre organisation provinciale. C\u2019est le cas en Alberta (avec le CAMRT-AB); Colombie-Britannique (avec CAMRT-BC); \u00cele-du-Prince-\u00c9douard (avec l&rsquo;ACTRM-ATL); Manitoba (avec l&rsquo;ACTRM-MB); Nouveau-Brunswick (avec l\u2019ATRMNB et l&rsquo;ACTRM-ATL); Nouvelle-\u00c9cosse (avec l&rsquo;ACTRM-ATL); et \u00e0 Terre-Neuve et Labrador (avec l&rsquo;ACTRM-ATL).<\/p>\n<p>Profitez de l&rsquo;avantage d&rsquo;une adh\u00e9sion combin\u00e9e \u00e0 l&rsquo;ACTRM et \u00e0 votre organisation provinciale &#8211; <a href=\"https:\/\/camrt.ca\/fr\/adhesion\/categories-adhesion-frais\/\">Adh\u00e9rez ou r\u00e9tablissez votre adh\u00e9sion<\/a> d\u00e8s aujourd&rsquo;hui !<\/p>\n<h4><strong>Vous d\u00e9m\u00e9nagez?<\/strong><\/h4>\n<p>Si vous d\u00e9m\u00e9nagez dans une autre province, votre adh\u00e9sion de l&rsquo;ACTRM peut \u00eatre transf\u00e9r\u00e9e au Canada. Vous devez<a href=\"mailto:info@camrt.ca\"> communiquer avec l&rsquo;ACTRM<\/a> et votre Association provinciale actuelle pour changer votre adresse et demander qu\u2019ils transf\u00e8rent votre dossier \u00e0 l&rsquo;Association provinciale de la province o\u00f9 vous d\u00e9m\u00e9nagez.<\/p>\n<h4><strong>Organismes provinciaux<\/strong><\/h4>\n<div class=\"dt-sc-toggle-frame\"><h5 class='dt-sc-toggle'><a href='#'>Colombie-Britannique<\/a><\/h5><div class=\"dt-sc-toggle-content\" style=\"display: none;\"><div class=\"block\"><a href=\"https:\/\/camrt.ca\/bc\/\" target=\"_blank\" rel=\"noopener noreferrer\">CAMRT-BC<\/a><\/p>\n<p>Gestionnaire provinciale, CAMRT-BC: Lindsay Ellis (<a href=\"mailto:lellis@camrt.ca\" target=\"_blank\" rel=\"noopener noreferrer\">lellis@camrt.ca<\/a>)<\/p>\n<p>T\u00e9l\u00e9phone : 1-800-463-9729, poste\u00a0 (sans frais au Canada)<\/p><\/div><\/div><\/div>\n<div class=\"dt-sc-toggle-frame\"><h5 class='dt-sc-toggle'><a href='#'>Alberta<\/a><\/h5><div class=\"dt-sc-toggle-content\" style=\"display: none;\"><div class=\"block\"><a href=\"http:\/\/acmdtt.com\" target=\"_blank\" rel=\"noopener noreferrer\">Alberta College of Medical Diagnostic and Therapeutic Technologists <\/a>(ACMDTT)<\/p>\n<p>800-4445 Calgary Trail NW\nEdmonton AB T6H 5R7\nT\u00e9l. : (780) 487-6130\u00a0\u00a0\u00a0 Sans frais:\u00a0 1-800-282-2165 (sans frais au Canada)<\/p>\n<p>&nbsp;<\/p>\n<p><a href=\"http:\/\/camrt.ca\/camrt-ab\">CAMRT-AB<\/a><\/p>\n<p>Gestionnaire provinciale, CAMRT-AB: Gina McRae (<a href=\"mailto:gmcrae@camrt.ca\">gmcrae@camrt.ca<\/a>)<\/p>\n<p>T\u00e9l\u00e9phone : 1-800-463-9729, poste 234 (sans frais au Canada)<\/div><\/div><\/div>\n<div class=\"dt-sc-toggle-frame\"><h5 class='dt-sc-toggle'><a href='#'>Saskatchewan<\/a><\/h5><div class=\"dt-sc-toggle-content\" style=\"display: none;\"><div class=\"block\"><a href=\"http:\/\/samrt.org\" target=\"_blank\" rel=\"noopener noreferrer\">Saskatchewan Association of Medical Radiation Technologists<\/a> (SAMRT)<\/p>\n<p>218\u2013408 rue Broad\nRegina, SK\u00a0 S4R 1X3\nT\u00e9l: (306) 525-9678<\/p>\n<p>&nbsp;<\/p>\n<p><a href=\"https:\/\/camrt.ca\/saskatchewan\/\">CAMRT-SK<\/a><\/p>\n<p>Gestionnaire provinciale, CAMRT-SK: Mandy Kasper (<a href=\"mailto:mkasper@camrt.ca\">mkasper@camrt.ca<\/a>)<\/p>\n<p>T\u00e9l\u00e9phone : 1-800-463-9729, poste 229 (sans frais au Canada)[<\/p><\/div><\/div><\/div>\n<div class=\"dt-sc-toggle-frame\"><h5 class='dt-sc-toggle'><a href='#'>Manitoba<\/a><\/h5><div class=\"dt-sc-toggle-content\" style=\"display: none;\"><div class=\"block\"><a href=\"http:\/\/camrt.ca\/camrt-mb\">CAMRT-MB<\/a><\/p>\n<p>Gestionnaire provinciale, CAMRT-MB: Dayna McTaggart (<a href=\"mailto:dmctaggart@camrt.ca\">dmctaggart@camrt.ca<\/a>)<\/p>\n<p>T\u00e9l\u00e9phone : 1-800-463-9729, poste 233 (sans frais au Canada)<\/div><\/div><\/div>\n<div class=\"dt-sc-toggle-frame\"><h5 class='dt-sc-toggle'><a href='#'>Ontario<\/a><\/h5><div class=\"dt-sc-toggle-content\" style=\"display: none;\"><div class=\"block\"><a href=\"http:\/\/www.oamrs.org\" target=\"_blank\" rel=\"noopener noreferrer\">Ontario Association of Medical Radiation Sciences <\/a>(OAMRS)<\/p>\n<p>Ste 415A-175 rue Longwood S\nHamilton, ON\u00a0\u00a0L8P 0A1\nT\u00e9l. : (289) 674-0034\u00a0 \/ 1-800-387-4674 (Sans frais au Canada)<\/p>\n<p>&nbsp;<\/p>\n<p><a href=\"https:\/\/www.cmrito.org\/\" target=\"_blank\" rel=\"noopener noreferrer\">College of Medical Radiation and Imaging Technologists of Ontario<\/a> (CMRITO)<\/p>\n<p>375 University Avenue, Suite 300\nToronto, Ontario Canada M5G 2J5\nT\u00e9l.: (416) 975-4353\u00a0 \/ 1-800-563-5847 (sans frais au Canada)<\/div><\/div><\/div>\n<div class=\"dt-sc-toggle-frame\"><h5 class='dt-sc-toggle'><a href='#'>Qu\u00e9bec<\/a><\/h5><div class=\"dt-sc-toggle-content\" style=\"display: none;\"><div class=\"block\"><a href=\"https:\/\/www.otimroepmq.ca\" target=\"_blank\" rel=\"noopener noreferrer\">Ordre des technologues en imagerie m\u00e9dicale, en radio-oncologie, et en \u00e9lectrophysiologie m\u00e9dicale du Qu\u00e9bec <\/a>(OTIMROEPMQ)<\/p>\n<p>401 6455, rue Jean-Talon est\nSaint-L\u00e9onard, Qu\u00e9bec H1S 3E8\nT\u00e9l. : (514) 351-0052 \/ 1-800-361-8759 (sans frais au Canada)<\/div><\/div><\/div>\n<div class=\"dt-sc-toggle-frame\"><h5 class='dt-sc-toggle'><a href='#'>Nouveau Brunswick<\/a><\/h5><div class=\"dt-sc-toggle-content\" style=\"display: none;\"><div class=\"block\"><a href=\"http:\/\/nbamrt.ca\" target=\"_blank\" rel=\"noopener noreferrer\">Association des technologues en radiation m\u00e9dicale du Nouveau Brunswick <\/a>(ATRMNB)<\/p>\n<p>489 Acadie ave Ste 205\nDieppe, NB\u00a0\u00a0E1A 1H7\nT\u00e9l. : (506) 382-9673<\/p>\n<p>&nbsp;<\/p>\n<p><a href=\"https:\/\/camrt.ca\/fr\/atlantique\/\">ACTRM-ATL<\/a><\/p>\n<p>L&rsquo;ACTRM-ATL est l&rsquo;association provinciale des TRM des provinces du Nouveau-Brunswick, de la Nouvelle-\u00c9cosse, de l&rsquo;\u00cele-du-Prince-\u00c9douard et de Terre-Neuve-et-Labrador.<\/p>\n<p>Gestionnaire provinciale, ACTRM-ATL : Jennifer Carey (<a href=\"mailto:jcarey@camrt.ca\">jcarey@camrt.ca<\/a>)<\/p>\n<p>T\u00e9l\u00e9phone: 1-800-463-9729 Ext: 225 (sans frais au Canada)<\/p><\/div><\/div><\/div>\n<div class=\"dt-sc-toggle-frame\"><h5 class='dt-sc-toggle'><a href='#'>\u00cele-du-Prince-\u00c9douard<\/a><\/h5><div class=\"dt-sc-toggle-content\" style=\"display: none;\"><div class=\"block\"><a href=\"https:\/\/www.cahppei.ca\/\" target=\"_blank\" rel=\"noopener\">College of Allied Health Professionals of Prince Edward Island\u00a0<\/a>\u00a0(CAHPPEI)<\/p>\n<p>P.O. Box 21011, Charlottetown, PE\u00a0 C1A 9H6\u00a0 1-<a class=\"link phone\" href=\"tel:1-902-916-6656\">902-916-6656<\/a><\/p>\n<p>&nbsp;<\/p>\n<p><a href=\"https:\/\/camrt.ca\/fr\/atlantique\/\">ACTRM-ATL<\/a><\/p>\n<p>L&rsquo;ACTRM-ATL est l&rsquo;association provinciale des TRM des provinces du Nouveau-Brunswick, de la Nouvelle-\u00c9cosse, de l&rsquo;\u00cele-du-Prince-\u00c9douard et de Terre-Neuve-et-Labrador.<\/p>\n<p>Gestionnaire provinciale, ACTRM-ATL : Jennifer Carey (<a href=\"mailto:jcarey@camrt.ca\">jcarey@camrt.ca<\/a>)<\/p>\n<p>T\u00e9l\u00e9phone: 1-800-463-9729 Ext: 225 (sans frais au Canada)<\/p><\/div><\/div><\/div>\n<div class=\"dt-sc-toggle-frame\"><h5 class='dt-sc-toggle'><a href='#'>Nouvelle-\u00c9cosse<\/a><\/h5><div class=\"dt-sc-toggle-content\" style=\"display: none;\"><div class=\"block\"><a href=\"https:\/\/nscmirtp.ca\/\">Nova Scotia College of Medical Imaging and Radiation Therapy Professionals<\/a> (NSCMIRTP)<\/p>\n<p>180 Bedford Hwy Office 310 Bedford NE B3M 2L4\nT\u00e9l. : (902) 832-3167<\/p>\n<p>&nbsp;<\/p>\n<p><a href=\"https:\/\/camrt.ca\/fr\/atlantique\/\">ACTRM-ATL<\/a><\/p>\n<p>L&rsquo;ACTRM-ATL est l&rsquo;association provinciale des TRM des provinces du Nouveau-Brunswick, de la Nouvelle-\u00c9cosse, de l&rsquo;\u00cele-du-Prince-\u00c9douard et de Terre-Neuve-et-Labrador.<\/p>\n<p>Gestionnaire provinciale, ACTRM-ATL : Jennifer Carey (<a href=\"mailto:jcarey@camrt.ca\">jcarey@camrt.ca<\/a>)<\/p>\n<p>T\u00e9l\u00e9phone: 1-800-463-9729 Ext: 225 (sans frais au Canada)<\/p><\/div><\/div><\/div>\n<div class=\"dt-sc-toggle-frame\"><h5 class='dt-sc-toggle'><a href='#'>Terre-Neuve et Labrador<\/a><\/h5><div class=\"dt-sc-toggle-content\" style=\"display: none;\"><div class=\"block\"><p><a href=\"https:\/\/camrt.ca\/fr\/atlantique\/\">ACTRM-ATL<\/a><\/p>\n<p>L&rsquo;ACTRM-ATL est l&rsquo;association provinciale des TRM des provinces du Nouveau-Brunswick, de la Nouvelle-\u00c9cosse, de l&rsquo;\u00cele-du-Prince-\u00c9douard et de Terre-Neuve-et-Labrador.<\/p>\n<p>Gestionnaire provinciale, ACTRM-ATL : Jennifer Carey (<a href=\"mailto:jcarey@camrt.ca\">jcarey@camrt.ca<\/a>)<\/p>\n<p>T\u00e9l\u00e9phone: 1-800-463-9729 Ext: 225 (sans frais au Canada)<\/p><\/div><\/div><\/div>\n","protected":false},"excerpt":{"rendered":"<p>L\u2019ACTRM et les organismes qui repr\u00e9sentent et, dans certains cas, r\u00e9glementent la pratique des technologues en radiation m\u00e9dicale dans chacune des 10\u00a0provinces du Canada, travaillent de concert dans le cadre d\u2019un protocole d\u2019entente officiel qui d\u00e9finit le cadre de leur collaboration. Ce cadre tient compte des changements r\u00e9glementaires qui touchent la profession au pays, ainsi [&hellip;]<\/p>\n","protected":false},"author":30,"featured_media":0,"parent":47019,"menu_order":0,"comment_status":"closed","ping_status":"closed","template":"","meta":{"_monsterinsights_skip_tracking":false,"_monsterinsights_sitenote_active":false,"_monsterinsights_sitenote_note":"","_monsterinsights_sitenote_category":0,"footnotes":""},"class_list":["post-47024","page","type-page","status-publish","hentry"],"_links":{"self":[{"href":"https:\/\/camrt.ca\/fr\/wp-json\/wp\/v2\/pages\/47024","targetHints":{"allow":["GET"]}}],"collection":[{"href":"https:\/\/camrt.ca\/fr\/wp-json\/wp\/v2\/pages"}],"about":[{"href":"https:\/\/camrt.ca\/fr\/wp-json\/wp\/v2\/types\/page"}],"author":[{"embeddable":true,"href":"https:\/\/camrt.ca\/fr\/wp-json\/wp\/v2\/users\/30"}],"replies":[{"embeddable":true,"href":"https:\/\/camrt.ca\/fr\/wp-json\/wp\/v2\/comments?post=47024"}],"version-history":[{"count":0,"href":"https:\/\/camrt.ca\/fr\/wp-json\/wp\/v2\/pages\/47024\/revisions"}],"up":[{"embeddable":true,"href":"https:\/\/camrt.ca\/fr\/wp-json\/wp\/v2\/pages\/47019"}],"wp:attachment":[{"href":"https:\/\/camrt.ca\/fr\/wp-json\/wp\/v2\/media?parent=47024"}],"curies":[{"name":"wp","href":"https:\/\/api.w.org\/{rel}","templated":true}]}}