{"id":47020,"date":"2014-10-29T16:45:08","date_gmt":"2014-10-29T20:45:08","guid":{"rendered":"https:\/\/camrt.wpenginepowered.com\/?page_id=5148"},"modified":"2025-12-08T13:58:21","modified_gmt":"2025-12-08T18:58:21","slug":"profession-de-trm","status":"publish","type":"page","link":"https:\/\/camrt.ca\/fr\/profession-de-trm\/","title":{"rendered":"Profession de TRM"},"content":{"rendered":"<h2>Au sujet de la profession<\/h2>\n<p>Les technologues en radiation m\u00e9dicale (TRM) sont actifs dans quatre disciplines\u00a0: la radiologie, la m\u00e9decine nucl\u00e9aire, la radio-oncologie et la r\u00e9sonance magn\u00e9tique. Ils placent l\u2019imagerie au c\u0153ur de la sant\u00e9. Maillon essentiel entre les soins aux patients, les technologies d\u2019imagerie et de traitement les plus sophistiqu\u00e9es, ils mettent leur expertise au service du diagnostic et du traitement de millions de Canadiens chaque ann\u00e9e.<\/p>\n<p>Pour en savoir plus sur le travail des TRM, visitez notre site d\u2019information publique prim\u00e9 <a href=\"https:\/\/www.imageofcare.ca\/fr\/\" target=\"_blank\" rel=\"noopener noreferrer\">aucoeurdevotresante.ca<\/a>.<\/p>\n<h3>Information au public<\/h3>\n<ul class='dt-sc-fancy-list   rounded-arrow'>\n<li><a href=\"http:\/\/imageofcare.ca\/fr\/\" target=\"_blank\" rel=\"noopener noreferrer\">\u00c0 propos des TRM<\/a><\/li>\n<li><a href=\"https:\/\/camrt.ca\/fr\/description-de-la-pratique\/\">Description de la pratique<\/a><\/li>\n<\/ul>\n<p>&nbsp;<\/p>\n<h3>Information pour les TRM<\/h3>\n<ul class='dt-sc-fancy-list   rounded-arrow'>\n<li><a href=\"https:\/\/camrt.ca\/fr\/description-de-la-pratique\/\">Description de la pratique<\/a><\/li>\n<li><a href=\"https:\/\/camrt.ca\/fr\/profession-de-trm\/pratique-avancee\/\">Pratique avanc\u00e9e<\/a><\/li>\n<li><a href=\"https:\/\/camrt.ca\/fr\/profession-de-trm\/ressources-professionnelles\/\">Ressources professionnelles et soutien \u00e0 la pratique<\/a><\/li>\n<li><a href=\"https:\/\/camrt.ca\/fr\/reconnaissance-professionnelle\/\">Reconnaissance professionnelle<\/a><\/li>\n<\/ul>\n<p>&nbsp;<\/p>\n","protected":false},"excerpt":{"rendered":"<p>Au sujet de la profession Les technologues en radiation m\u00e9dicale (TRM) sont actifs dans quatre disciplines\u00a0: la radiologie, la m\u00e9decine nucl\u00e9aire, la radio-oncologie et la r\u00e9sonance magn\u00e9tique. Ils placent l\u2019imagerie [&hellip;]<\/p>\n","protected":false},"author":30,"featured_media":0,"parent":0,"menu_order":0,"comment_status":"closed","ping_status":"closed","template":"","meta":{"_monsterinsights_skip_tracking":false,"_monsterinsights_sitenote_active":false,"_monsterinsights_sitenote_note":"","_monsterinsights_sitenote_category":0,"footnotes":""},"class_list":["post-47020","page","type-page","status-publish","hentry"],"_links":{"self":[{"href":"https:\/\/camrt.ca\/fr\/wp-json\/wp\/v2\/pages\/47020","targetHints":{"allow":["GET"]}}],"collection":[{"href":"https:\/\/camrt.ca\/fr\/wp-json\/wp\/v2\/pages"}],"about":[{"href":"https:\/\/camrt.ca\/fr\/wp-json\/wp\/v2\/types\/page"}],"author":[{"embeddable":true,"href":"https:\/\/camrt.ca\/fr\/wp-json\/wp\/v2\/users\/30"}],"replies":[{"embeddable":true,"href":"https:\/\/camrt.ca\/fr\/wp-json\/wp\/v2\/comments?post=47020"}],"version-history":[{"count":0,"href":"https:\/\/camrt.ca\/fr\/wp-json\/wp\/v2\/pages\/47020\/revisions"}],"wp:attachment":[{"href":"https:\/\/camrt.ca\/fr\/wp-json\/wp\/v2\/media?parent=47020"}],"curies":[{"name":"wp","href":"https:\/\/api.w.org\/{rel}","templated":true}]}}