{"id":47019,"date":"2014-10-29T16:32:46","date_gmt":"2014-10-29T20:32:46","guid":{"rendered":"https:\/\/camrt.wpenginepowered.com\/?page_id=5140"},"modified":"2025-10-25T22:11:41","modified_gmt":"2025-10-26T02:11:41","slug":"partenariats","status":"publish","type":"page","link":"https:\/\/camrt.ca\/fr\/a-propos-de-lactrm\/partenariats\/","title":{"rendered":"Organisations partenaires"},"content":{"rendered":"<p>Les objectifs strat\u00e9giques de l\u2019ACTRM sont de renforcer l\u2019identit\u00e9, la position et la voix de la profession de technologue en radiation m\u00e9dicale et de parvenir \u00e0 un engagement efficace avec les intervenants cl\u00e9s. L&rsquo;ACTRM entretient des partenariats significatifs avec de nombreuses organisations, y compris des organismes provinciaux \u00e0 travers le Canada, les partenaires du milieu, ainsi que d\u2019autres associations nationales et internationales, afin de progresser vers des objectifs communs et d&rsquo;am\u00e9liorer la capacit\u00e9 de chacun \u00e0 servir les membres.<\/p>\n<p>Plus d&rsquo;informations sur les organisations partenaires cl\u00e9s :<\/p>\n<ul class='dt-sc-fancy-list   rounded-arrow'>\n<li><a href=\"https:\/\/camrt.ca\/fr\/a-propos-de-actrm\/partenariats\/organismes-provinciaux\/\">Organismes provinciaux<\/a><\/li>\n<li><a href=\"https:\/\/camrt.ca\/fr\/a-propos-de-actrm\/partenariats\/rad-aid-international\/\">RAD-AID International<\/a><\/li>\n<\/ul>\n","protected":false},"excerpt":{"rendered":"<p>Les objectifs strat\u00e9giques de l\u2019ACTRM sont de renforcer l\u2019identit\u00e9, la position et la voix de la profession de technologue en radiation m\u00e9dicale et de parvenir \u00e0 un engagement efficace avec [&hellip;]<\/p>\n","protected":false},"author":30,"featured_media":0,"parent":47116,"menu_order":0,"comment_status":"closed","ping_status":"closed","template":"","meta":{"_monsterinsights_skip_tracking":false,"_monsterinsights_sitenote_active":false,"_monsterinsights_sitenote_note":"","_monsterinsights_sitenote_category":0,"footnotes":""},"class_list":["post-47019","page","type-page","status-publish","hentry"],"_links":{"self":[{"href":"https:\/\/camrt.ca\/fr\/wp-json\/wp\/v2\/pages\/47019","targetHints":{"allow":["GET"]}}],"collection":[{"href":"https:\/\/camrt.ca\/fr\/wp-json\/wp\/v2\/pages"}],"about":[{"href":"https:\/\/camrt.ca\/fr\/wp-json\/wp\/v2\/types\/page"}],"author":[{"embeddable":true,"href":"https:\/\/camrt.ca\/fr\/wp-json\/wp\/v2\/users\/30"}],"replies":[{"embeddable":true,"href":"https:\/\/camrt.ca\/fr\/wp-json\/wp\/v2\/comments?post=47019"}],"version-history":[{"count":0,"href":"https:\/\/camrt.ca\/fr\/wp-json\/wp\/v2\/pages\/47019\/revisions"}],"up":[{"embeddable":true,"href":"https:\/\/camrt.ca\/fr\/wp-json\/wp\/v2\/pages\/47116"}],"wp:attachment":[{"href":"https:\/\/camrt.ca\/fr\/wp-json\/wp\/v2\/media?parent=47019"}],"curies":[{"name":"wp","href":"https:\/\/api.w.org\/{rel}","templated":true}]}}