{"id":47017,"date":"2014-10-29T16:26:52","date_gmt":"2014-10-29T20:26:52","guid":{"rendered":"https:\/\/camrt.wpenginepowered.com\/?page_id=5132"},"modified":"2025-11-14T10:49:42","modified_gmt":"2025-11-14T15:49:42","slug":"gouvernance","status":"publish","type":"page","link":"https:\/\/camrt.ca\/fr\/a-propos-de-lactrm\/gouvernance\/","title":{"rendered":"Gouvernance"},"content":{"rendered":"<p>L\u2019ACTRM est un organisme sans but lucratif tenu par la loi d\u2019\u00eatre gouvern\u00e9 par un conseil d\u2019administration dont les membres sont \u00e9lus par les membres \u00e9ligibles de l\u2019association. Le conseil d\u2019administration est cependant davantage qu\u2019une exigence l\u00e9gale. Il assure un lien vital entre l\u2019organisation et la communaut\u00e9 \u00e9largie. Les membres du conseil d\u2019administration sont des gardiens au nom des membres. Leurs comp\u00e9tences, leurs liens, leur influence, leur leadership et leur volont\u00e9 de donner de leur temps sont essentiels pour l\u2019ACTRM.<\/p>\n<p>Les fonctions du conseil d\u2019administration peuvent \u00eatre regroup\u00e9es en six cat\u00e9gories principales\u00a0:<\/p>\n<ol class=\"dt-sc-fancy-list   decimal\">\n<li><span>Formulation des politiques<\/span><\/li>\n<li><span>Strat\u00e9gie<\/span><\/li>\n<li><span>Prise de d\u00e9cision<\/span><\/li>\n<li><span>D\u00e9l\u00e9gation<\/span><\/li>\n<li><span>Surveillance<\/span><\/li>\n<li><span>Imputabilit\u00e9<\/span><\/li>\n<\/ol>\n<p>Les responsabilit\u00e9s du conseil d\u2019administration de l\u2019ACTRM sont principalement \u00e9nonc\u00e9es dans le r\u00e8glement de l\u2019ACTRM.<\/p>\n<p>Le travail du conseil d\u2019administration est appuy\u00e9 par plusieurs comit\u00e9s dont les activit\u00e9s font progresser les objectifs strat\u00e9giques de l\u2019ACTRM et par un personnel professionnel dirig\u00e9 par le chef de la direction de l\u2019association.<\/p>\n<p>Vous souhaitez faire du b\u00e9n\u00e9volat au sein de l\u2019ACTRM?\u00a0Cliquez <a href=\"\/fr\/a-propos-de-actrm\/benevolat\/\">ici<\/a> pour afficher les possibilit\u00e9s actuelles.<\/p>\n<h2>R\u00e8glement<\/h2>\n<div class=\"dt-sc-info-box\"><a href=\"https:\/\/www.camrt.ca\/wp-content\/uploads\/2025\/06\/CAMRT-Bylaws-2025-05-FINAL-FR.pdf\">Cliquez ici<\/a> pour t\u00e9l\u00e9charger le r\u00e8glement en format PDF.<\/div>\n","protected":false},"excerpt":{"rendered":"<p>L\u2019ACTRM est un organisme sans but lucratif tenu par la loi d\u2019\u00eatre gouvern\u00e9 par un conseil d\u2019administration dont les membres sont \u00e9lus par les membres \u00e9ligibles de l\u2019association. Le conseil [&hellip;]<\/p>\n","protected":false},"author":30,"featured_media":0,"parent":47116,"menu_order":0,"comment_status":"closed","ping_status":"closed","template":"","meta":{"_monsterinsights_skip_tracking":false,"_monsterinsights_sitenote_active":false,"_monsterinsights_sitenote_note":"","_monsterinsights_sitenote_category":0,"footnotes":""},"class_list":["post-47017","page","type-page","status-publish","hentry"],"_links":{"self":[{"href":"https:\/\/camrt.ca\/fr\/wp-json\/wp\/v2\/pages\/47017","targetHints":{"allow":["GET"]}}],"collection":[{"href":"https:\/\/camrt.ca\/fr\/wp-json\/wp\/v2\/pages"}],"about":[{"href":"https:\/\/camrt.ca\/fr\/wp-json\/wp\/v2\/types\/page"}],"author":[{"embeddable":true,"href":"https:\/\/camrt.ca\/fr\/wp-json\/wp\/v2\/users\/30"}],"replies":[{"embeddable":true,"href":"https:\/\/camrt.ca\/fr\/wp-json\/wp\/v2\/comments?post=47017"}],"version-history":[{"count":0,"href":"https:\/\/camrt.ca\/fr\/wp-json\/wp\/v2\/pages\/47017\/revisions"}],"up":[{"embeddable":true,"href":"https:\/\/camrt.ca\/fr\/wp-json\/wp\/v2\/pages\/47116"}],"wp:attachment":[{"href":"https:\/\/camrt.ca\/fr\/wp-json\/wp\/v2\/media?parent=47017"}],"curies":[{"name":"wp","href":"https:\/\/api.w.org\/{rel}","templated":true}]}}