{"id":47016,"date":"2014-10-29T15:31:19","date_gmt":"2014-10-29T19:31:19","guid":{"rendered":"https:\/\/camrt.wpenginepowered.com\/?page_id=5118"},"modified":"2014-10-29T15:31:19","modified_gmt":"2014-10-29T19:31:19","slug":"orientation-strategique","status":"publish","type":"page","link":"https:\/\/camrt.ca\/fr\/a-propos-de-lactrm\/gouvernance\/orientation-strategique\/","title":{"rendered":"Orientation strat\u00e9gique"},"content":{"rendered":"<p>Le Plan strat\u00e9gique 2022-2026 de l\u2019Association canadienne des technologues en radiation m\u00e9dicale (ACTRM) servira \u00e0 fixer nos priorit\u00e9s des trois prochaines ann\u00e9es afin d\u2019accomplir notre mission et de r\u00e9aliser notre vision. Ces orientations strat\u00e9giques fa\u00e7onnent nos activit\u00e9s en nous orientant vers d\u2019importants virages obligatoires en mati\u00e8re de politique et d\u2019orientation et en renfor\u00e7ant l\u2019importance de certaines activit\u00e9s d\u00e9j\u00e0 en marche. Leurs objectifs nous guideront en mati\u00e8re de service aux membres, de PPC, d\u2019agr\u00e9ment, de formation, de soutien des pratiques exemplaires et de d\u00e9fense des int\u00e9r\u00eats, de communications et marketing, de prise de d\u00e9cisions organisationnelles et d\u2019activit\u00e9s en collaboration, afin que notre organisation et nos membres r\u00e9ussissent.<\/p>\n<p>&nbsp;<\/p>\n<h3>Plan strat\u00e9gique 2022-2026<\/h3>\n<div class=\"dt-sc-info-box\"><a href=\"https:\/\/camrt.ca\/wp-content\/uploads\/2022\/04\/CAMRT-StrategicPlan-2022-2026-FR.pdf\" target=\"_blank\" rel=\"noopener\">T\u00e9l\u00e9charger le Plan strat\u00e9gique complet en format PDF<\/a>\u00a0<\/div>\n<p>&nbsp;<\/p>\n<p><img loading=\"lazy\" decoding=\"async\" class=\"aligncenter wp-image-14461 \" src=\"https:\/\/camrt.ca\/wp-content\/uploads\/2022\/04\/Strat-Plan-Focus-Areas-Pie-FR-1024x791.png\" alt=\"\" width=\"725\" height=\"560\" srcset=\"https:\/\/camrt.ca\/wp-content\/uploads\/2022\/04\/Strat-Plan-Focus-Areas-Pie-FR-1024x791.png 1024w, https:\/\/camrt.ca\/wp-content\/uploads\/2022\/04\/Strat-Plan-Focus-Areas-Pie-FR-300x232.png 300w, https:\/\/camrt.ca\/wp-content\/uploads\/2022\/04\/Strat-Plan-Focus-Areas-Pie-FR-768x593.png 768w, https:\/\/camrt.ca\/wp-content\/uploads\/2022\/04\/Strat-Plan-Focus-Areas-Pie-FR-1536x1187.png 1536w, https:\/\/camrt.ca\/wp-content\/uploads\/2022\/04\/Strat-Plan-Focus-Areas-Pie-FR-2048x1583.png 2048w, https:\/\/camrt.ca\/wp-content\/uploads\/2022\/04\/Strat-Plan-Focus-Areas-Pie-FR-70x53.png 70w\" sizes=\"auto, (max-width: 725px) 100vw, 725px\" \/><\/p>\n","protected":false},"excerpt":{"rendered":"<p>Le Plan strat\u00e9gique 2022-2026 de l\u2019Association canadienne des technologues en radiation m\u00e9dicale (ACTRM) servira \u00e0 fixer nos priorit\u00e9s des trois prochaines ann\u00e9es afin d\u2019accomplir notre mission et de r\u00e9aliser notre [&hellip;]<\/p>\n","protected":false},"author":30,"featured_media":0,"parent":47017,"menu_order":0,"comment_status":"open","ping_status":"closed","template":"tpl-header2.php","meta":{"_monsterinsights_skip_tracking":false,"_monsterinsights_sitenote_active":false,"_monsterinsights_sitenote_note":"","_monsterinsights_sitenote_category":0,"footnotes":""},"class_list":["post-47016","page","type-page","status-publish","hentry"],"_links":{"self":[{"href":"https:\/\/camrt.ca\/fr\/wp-json\/wp\/v2\/pages\/47016","targetHints":{"allow":["GET"]}}],"collection":[{"href":"https:\/\/camrt.ca\/fr\/wp-json\/wp\/v2\/pages"}],"about":[{"href":"https:\/\/camrt.ca\/fr\/wp-json\/wp\/v2\/types\/page"}],"author":[{"embeddable":true,"href":"https:\/\/camrt.ca\/fr\/wp-json\/wp\/v2\/users\/30"}],"replies":[{"embeddable":true,"href":"https:\/\/camrt.ca\/fr\/wp-json\/wp\/v2\/comments?post=47016"}],"version-history":[{"count":0,"href":"https:\/\/camrt.ca\/fr\/wp-json\/wp\/v2\/pages\/47016\/revisions"}],"up":[{"embeddable":true,"href":"https:\/\/camrt.ca\/fr\/wp-json\/wp\/v2\/pages\/47017"}],"wp:attachment":[{"href":"https:\/\/camrt.ca\/fr\/wp-json\/wp\/v2\/media?parent=47016"}],"curies":[{"name":"wp","href":"https:\/\/api.w.org\/{rel}","templated":true}]}}