{"id":47015,"date":"2014-10-29T14:56:45","date_gmt":"2014-10-29T18:56:45","guid":{"rendered":"https:\/\/camrt.wpenginepowered.com\/?page_id=5102"},"modified":"2026-03-03T14:58:47","modified_gmt":"2026-03-03T19:58:47","slug":"direction-de-actrm","status":"publish","type":"page","link":"https:\/\/camrt.ca\/fr\/a-propos-de-lactrm\/gouvernance\/direction-de-actrm\/","title":{"rendered":"Direction de l\u2019ACTRM"},"content":{"rendered":"<h2>Rencontre avec la pr\u00e9sidente<\/h2>\n<p><img loading=\"lazy\" decoding=\"async\" class=\"size-medium wp-image-17530 alignleft\" src=\"https:\/\/camrt.ca\/fr\/wp-content\/uploads\/sites\/3\/2025\/06\/250501-CAMRT-Jasper-143255-300x200.jpg\" alt=\"\" width=\"300\" height=\"200\" \/>La pr\u00e9sidente de l&rsquo;Association canadienne des technologues en radiation m\u00e9dicale (ACTRM) est <strong>Jenna MacLaine<\/strong>.<\/p>\n<p>Jenna est technologue en radiologie et instructrice clinique pour le Red River College Polytechnic \u00e0 l&rsquo;H\u00f4pital g\u00e9n\u00e9ral de Thompson, au Manitoba.\u00a0 Elle a suivi une formation de TRM (technologie de radiologie) au Red River College Polytechnic et est titulaire d&rsquo;un baccalaur\u00e9at en sciences humaines de l&rsquo;Universit\u00e9 Athabasca et du certificat en imagerie par tomodensitom\u00e9trie (CTDM) de l&rsquo;ACTRM. Jenna est \u00e9galement devenue fellow de l&rsquo;ACTRM en 2022.<\/p>\n<p>Au fil des ans, Jenna a \u00e9t\u00e9 une contributrice et une b\u00e9n\u00e9vole prolifique pour la profession de TRM. Elle a assum\u00e9 de nombreux r\u00f4les b\u00e9n\u00e9voles au sein de l&rsquo;ACTRM et son b\u00e9n\u00e9volat \u00e0 l&rsquo;\u00e9chelle provinciale a culmin\u00e9 avec un mandat de quatre ans \u00e0 titre de pr\u00e9sidente de la MAMRT. Par la suite, Jenna a \u00e9t\u00e9 nomm\u00e9e et \u00e9lue au conseil d&rsquo;administration de l&rsquo;ACTRM en 2019, o\u00f9 elle si\u00e8ge depuis juillet 2020. Au cours de cette p\u00e9riode, elle a occup\u00e9 les postes de tr\u00e9sori\u00e8re et de vice-pr\u00e9sidente du conseil d&rsquo;administration de l&rsquo;ACTRM. Il convient \u00e9galement de noter les nombreux efforts b\u00e9n\u00e9voles de Jenna aupr\u00e8s de RAD-AID, notamment un voyage de sensibilisation en Tanzanie en 2020 et un r\u00f4le de gestionnaire de programme associ\u00e9e pour le programme d&rsquo;apprentissage international de RAD-AID depuis 2021.<\/p>\n<p>Jenna a particip\u00e9 \u00e0 l&rsquo;Institut de d\u00e9veloppement du leadership de l&rsquo;ACTRM, elle d\u00e9fend la Fondation de l&rsquo;ACTRM, elle a co\u00e9crit une publication pour le Journal de l&rsquo;imagerie m\u00e9dicale et des sciences de la radiation et a r\u00e9cemment co\u00e9crit un cours d&rsquo;autoformation rapide. Apprenante permanente, elle a particip\u00e9 \u00e0 diverses conf\u00e9rences provinciales, nationales et internationales, et elle est une b\u00e9n\u00e9vole d\u00e9vou\u00e9e \u00e0 la profession et \u00e0 sa communaut\u00e9.<\/p>\n<p><strong><a href=\"https:\/\/camrt.ca\/fr\/a-propos-de-actrm\/gouvernance\/direction-de-actrm\/actrm-anciens-presidents\/\" target=\"_blank\" rel=\"noopener\">Anciens pr\u00e9sidents de l&rsquo;ACTRM<\/a><\/strong><\/p>\n<h2><\/h2>\n<p>&nbsp;<\/p>\n<h2>Conseil d\u2019administration<\/h2>\n<h4>(1er juillet 2025 &#8211; 30 juin 2026)<\/h4>\n<p>&nbsp;<\/p>\n<table style=\"width: 97.5496%; height: 279px;\" border=\"0\" width=\"100%\" cellspacing=\"5\" cellpadding=\"3\">\n<tbody>\n<tr style=\"height: 23px;\">\n<td style=\"height: 23px; width: 43.7273%;\" valign=\"top\"><strong><span class=\"abouttext\">Pr\u00e9sidente du conseil<\/span><\/strong><\/td>\n<td style=\"height: 23px; width: 55.0399%;\" valign=\"top\">Jenna MacLaine, t.e.r., CTIC, FACTRM<\/td>\n<\/tr>\n<tr style=\"height: 23px;\">\n<td style=\"height: 23px; width: 43.7273%;\" valign=\"top\"><strong><strong><span class=\"abouttext\">Pr\u00e9sidente sortante<\/span><\/strong><\/strong><\/td>\n<td style=\"height: 23px; width: 55.0399%;\" valign=\"top\">Megan Brydon, t.e.m.n., FACTRM<\/td>\n<\/tr>\n<tr style=\"height: 23px;\">\n<td style=\"height: 23px; width: 43.7273%;\" valign=\"top\"><strong>Vice pr\u00e9sidente \/ Nouvelle-\u00c9cosse<\/strong><\/td>\n<td style=\"height: 23px; width: 55.0399%;\" valign=\"top\">Miranda Thomson, t.e.r., BHS<\/td>\n<\/tr>\n<tr style=\"height: 23px;\">\n<td style=\"height: 23px; width: 43.7273%;\" valign=\"top\"><strong>Tr\u00e9sori\u00e8re \/ Colombie-Britannique<\/strong><\/td>\n<td style=\"height: 23px; width: 55.0399%;\" valign=\"top\">Alexandra Melanson, t.e.r.<\/td>\n<\/tr>\n<tr style=\"height: 23px;\">\n<td style=\"width: 43.7273%; height: 24px;\"><strong>Alberta, <span data-olk-copy-source=\"MessageBody\">Directeur par int\u00e9rim<\/span><\/strong><\/td>\n<td style=\"width: 55.0399%; height: 24px;\"><span data-olk-copy-source=\"MessageBody\">Steve DeColle, t.e.r., t.e.m.n.<\/span><\/td>\n<\/tr>\n<tr style=\"height: 23px;\">\n<td style=\"height: 23px; width: 43.7273%;\" valign=\"top\"><strong>Saskatchewan<\/strong><\/td>\n<td style=\"height: 23px; width: 55.0399%;\" valign=\"top\">Janelle Hordos, t.e.t., CTRT<\/td>\n<\/tr>\n<tr style=\"height: 23px;\">\n<td style=\"width: 43.7273%; height: 24px;\"><strong>Manitoba<\/strong><\/td>\n<td style=\"width: 55.0399%;\" valign=\"top\">Tynnille Chomenchuk Bouchard, t.e.t., CTRT<\/td>\n<\/tr>\n<tr style=\"height: 23px;\">\n<td style=\"width: 43.7273%; height: 24px;\"><strong>Ontario<\/strong><\/td>\n<td style=\"width: 55.0399%; height: 24px;\">Brian Liszewski, t.e.t.<\/td>\n<\/tr>\n<tr>\n<td style=\"width: 43.7273%;\"><strong>Qu\u00e9bec, <span data-olk-copy-source=\"MessageBody\">Directrice par int\u00e9rim<\/span><\/strong><\/td>\n<td style=\"width: 55.0399%;\">Jennifer Tremblay, t.r.o.<\/td>\n<\/tr>\n<tr style=\"height: 23px;\">\n<td style=\"height: 23px; width: 43.7273%;\" valign=\"top\"><strong>Nouveau-Brunswick, <span data-olk-copy-source=\"MessageBody\">Directrice par int\u00e9rim<\/span><\/strong><\/td>\n<td style=\"height: 23px; width: 55.0399%;\" valign=\"top\">Jessica Cormier, t.e.r., t.e.m.n.<\/td>\n<\/tr>\n<tr style=\"height: 23px;\">\n<td style=\"height: 23px; width: 43.7273%;\"><strong>\u00cele-du-Prince-\u00c9douard<\/strong><\/td>\n<td style=\"height: 23px; width: 55.0399%;\">Tyler Ferrish, t.e.m.n., t.e.r.m., BSc, BHSc<\/td>\n<\/tr>\n<tr style=\"height: 23px;\">\n<td style=\"height: 23px; width: 43.7273%;\" valign=\"top\"><strong>Terre-Neuve-et-Labrador<\/strong><\/td>\n<td style=\"height: 23px; width: 55.0399%;\" valign=\"top\">Nicole Jenkins, t.e.r., t.e.r.m.<\/td>\n<\/tr>\n<tr style=\"height: 23px;\">\n<td style=\"height: 23px; width: 43.7273%;\"><strong>Yukon, Territoires du Nord-Ouest et Nunavut, <span data-olk-copy-source=\"MessageBody\">Directrice par int\u00e9rim<\/span><\/strong><\/td>\n<td style=\"height: 23px; width: 55.0399%;\">Cynthia Sutherland, t.e.t.<\/td>\n<\/tr>\n<\/tbody>\n<\/table>\n<h2><\/h2>\n<h2>Comit\u00e9s de l\u2019ACTRM<\/h2>\n<p>Le travail de l\u2019ACTRM s\u2019appuie sur un groupe appr\u00e9ci\u00e9 de b\u00e9n\u00e9voles engag\u00e9s qui donnent leur temps et leur expertise pour faire progresser la mission et les objectifs strat\u00e9giques de l\u2019Association.<\/p>\n<h3>Comit\u00e9s du conseil d\u2019administration<\/h3>\n<h3>Comit\u00e9s permanents<\/h3>\n<ul class='dt-sc-fancy-list   rounded-arrow'>\n<li>Comit\u00e9 ex\u00e9cutif<\/li>\n<li>Comit\u00e9 des finances<\/li>\n<li>Comit\u00e9 des mises en candidature<\/li>\n<\/ul>\n<h3>Autres comit\u00e9s<\/h3>\n<ul class='dt-sc-fancy-list   rounded-arrow'>\n<li><strong><em>Comit\u00e9s du conseil<\/em><\/strong>\n<ul class='dt-sc-fancy-list   rounded-arrow'>\n<li>Comit\u00e9 de l\u2019\u00e9ducation<\/li>\n<li>Comit\u00e9 directeur de la planification strat\u00e9gique<\/li>\n<li>Comit\u00e9 de gestion du rendement du chef de la direction<\/li>\n<li>Sous-comit\u00e9 des prix et r\u00e9compenses<\/li>\n<\/ul>\n<\/li>\n<li><em><strong>Comit\u00e9s op\u00e9rationnels<\/strong><\/em>\n<ul class='dt-sc-fancy-list   rounded-arrow'>\n<li><em>\u00c9ducation\n<\/em><\/p>\n<ul class='dt-sc-fancy-list   rounded-arrow'>\n<li>Conseil consultatif sur l\u2019\u00e9ducation<\/li>\n<li>Comit\u00e9 de validation d\u2019examen \u2013 R\u00e9sonance magn\u00e9tique<\/li>\n<li>Comit\u00e9 de validation d\u2019examen \u2013 M\u00e9decine nucl\u00e9aire<\/li>\n<li>Comit\u00e9 de validation d\u2019examen \u2013 Radioth\u00e9rapie<\/li>\n<li>Comit\u00e9 de validation d\u2019examen \u2013 Radiotechnologie<\/li>\n<li>Comit\u00e9 du certificat sp\u00e9cialis\u00e9 en imagerie du sein<\/li>\n<li>Comit\u00e9 du certificat sp\u00e9cialis\u00e9 en TDM<\/li>\n<li>Comit\u00e9 du certificat sp\u00e9cialis\u00e9 en dosim\u00e9trie<\/li>\n<li>Comit\u00e9 du certificat sp\u00e9cialis\u00e9 en radiologie interventionnelle<\/li>\n<li>Comit\u00e9 du fellowship<\/li>\n<\/ul>\n<\/li>\n<li><em>Exercice de la profession<\/em>\n<ul class='dt-sc-fancy-list   rounded-arrow'>\n<li>Comit\u00e9 des lignes directrices sur les pratiques exemplaires<\/li>\n<li>Comit\u00e9 du agr\u00e9ment de la pratique avanc\u00e9e en radioth\u00e9rapie<\/li>\n<li>Comit\u00e9 des subventions de recherche<\/li>\n<li>Conseil consultatif sur les normes professionnelles<\/li>\n<\/ul>\n<\/li>\n<li><em>Communications d\u00e9fense des int\u00e9r\u00eats<\/em>\n<ul class='dt-sc-fancy-list   rounded-arrow'>\n<li>Comit\u00e9 de r\u00e9daction du <em>Journal de l&rsquo;imagerie m\u00e9dicale et des sciences de la radiation<\/em><\/li>\n<li>Conseil consultatif sur la d\u00e9fense des int\u00e9r\u00eats<\/li>\n<\/ul>\n<\/li>\n<\/ul>\n<\/li>\n<li><strong><em>Comit\u00e9 d\u2019accueil de l\u2019assembl\u00e9e g\u00e9n\u00e9rale annuelle<\/em><\/strong><\/li>\n<li><strong><em>Comit\u00e9s sp\u00e9ciaux et groupes de travail<\/em><\/strong>\n<ul class='dt-sc-fancy-list   rounded-arrow'>\n<li>De temps \u00e0 autre, le conseil d\u2019administration peur mandater un groupe de b\u00e9n\u00e9voles pour entreprendre un projet d\u2019une dur\u00e9e limit\u00e9e.<\/li>\n<\/ul>\n<\/li>\n<li><strong><em>Repr\u00e9sentants aupr\u00e8s des organisations externes<\/em><\/strong>\n<ul class='dt-sc-fancy-list   rounded-arrow'>\n<li>American Association of Medical Dosimetrists (AAMD)<\/li>\n<li>Assembl\u00e9e des professions des sciences de la sant\u00e9 (APSS) \u2013 Association m\u00e9dicale canadienne (AMC)<\/li>\n<li>Associated Sciences Consortium (ASC)<\/li>\n<li>Initiative canadienne sur le cancer du sein (ICCS)<\/li>\n<li>Institut canadien de la s\u00e9curit\u00e9 du patient<\/li>\n<li>Groupe d\u2019intervention action sant\u00e9\u00a0(HEAL)<\/li>\n<li>Soci\u00e9t\u00e9 internationale des radiographes et des technologues de radiologie (SIRTR)<\/li>\n<\/ul>\n<\/li>\n<\/ul>\n<p>Vous souhaitez faire du b\u00e9n\u00e9volat au sein de l\u2019ACTRM?\u00a0Cliquez <a href=\"\/fr\/a-propos-de-actrm\/benevolat\/\">ici<\/a> pour afficher les possibilit\u00e9s actuelles.<\/p>\n","protected":false},"excerpt":{"rendered":"<p>Rencontre avec la pr\u00e9sidente La pr\u00e9sidente de l&rsquo;Association canadienne des technologues en radiation m\u00e9dicale (ACTRM) est Jenna MacLaine. Jenna est technologue en radiologie et instructrice clinique pour le Red River College Polytechnic \u00e0 l&rsquo;H\u00f4pital g\u00e9n\u00e9ral de Thompson, au Manitoba.\u00a0 Elle a suivi une formation de TRM (technologie de radiologie) au Red River College Polytechnic et [&hellip;]<\/p>\n","protected":false},"author":30,"featured_media":0,"parent":47017,"menu_order":0,"comment_status":"closed","ping_status":"closed","template":"","meta":{"_monsterinsights_skip_tracking":false,"_monsterinsights_sitenote_active":false,"_monsterinsights_sitenote_note":"","_monsterinsights_sitenote_category":0,"footnotes":""},"class_list":["post-47015","page","type-page","status-publish","hentry"],"_links":{"self":[{"href":"https:\/\/camrt.ca\/fr\/wp-json\/wp\/v2\/pages\/47015","targetHints":{"allow":["GET"]}}],"collection":[{"href":"https:\/\/camrt.ca\/fr\/wp-json\/wp\/v2\/pages"}],"about":[{"href":"https:\/\/camrt.ca\/fr\/wp-json\/wp\/v2\/types\/page"}],"author":[{"embeddable":true,"href":"https:\/\/camrt.ca\/fr\/wp-json\/wp\/v2\/users\/30"}],"replies":[{"embeddable":true,"href":"https:\/\/camrt.ca\/fr\/wp-json\/wp\/v2\/comments?post=47015"}],"version-history":[{"count":6,"href":"https:\/\/camrt.ca\/fr\/wp-json\/wp\/v2\/pages\/47015\/revisions"}],"predecessor-version":[{"id":60404,"href":"https:\/\/camrt.ca\/fr\/wp-json\/wp\/v2\/pages\/47015\/revisions\/60404"}],"up":[{"embeddable":true,"href":"https:\/\/camrt.ca\/fr\/wp-json\/wp\/v2\/pages\/47017"}],"wp:attachment":[{"href":"https:\/\/camrt.ca\/fr\/wp-json\/wp\/v2\/media?parent=47015"}],"curies":[{"name":"wp","href":"https:\/\/api.w.org\/{rel}","templated":true}]}}