{"id":47014,"date":"2014-10-28T16:19:22","date_gmt":"2014-10-28T20:19:22","guid":{"rendered":"https:\/\/camrt.wpenginepowered.com\/?page_id=5094"},"modified":"2025-12-02T15:27:44","modified_gmt":"2025-12-02T20:27:44","slug":"liste-du-personnel","status":"publish","type":"page","link":"https:\/\/camrt.ca\/fr\/a-propos-de-lactrm\/liste-du-personnel\/","title":{"rendered":"Liste du personnel"},"content":{"rendered":"<div class=\"dt-sc-toggle-frame\"><h5 class='dt-sc-toggle'><a href='#'>Bureau de la direction<\/a><\/h5><div class=\"dt-sc-toggle-content\" style=\"display: none;\"><div class=\"block\"><table style=\"width: 100%\" border=\"1\" width=\"100%\" cellspacing=\"0\" cellpadding=\"4\">\n<tbody>\n<tr>\n<td style=\"width: 39.799%\" valign=\"top\" height=\"22\">Chef de la direction<\/td>\n<td style=\"width: 42.2721%\" valign=\"top\"><a href=\"mailto:kmasotti@camrt.ca\">Kelly Masotti<\/a> (kmasotti@camrt.ca)<\/td>\n<td style=\"width: 13.7384%\" valign=\"top\">Poste 220<\/td>\n<\/tr>\n<tr>\n<td style=\"width: 39.799%\" valign=\"top\" height=\"22\">Coordonnatrice\u00a0de la direction<\/td>\n<td style=\"width: 42.2721%\" valign=\"top\"><a href=\"mailto:rdarroch@camrt.ca\">Rachel Darroch<\/a>\u00a0(rdarroch@camrt.ca)<\/td>\n<td style=\"width: 13.7384%\" valign=\"top\">Poste 241<\/td>\n<\/tr>\n<tr>\n<td style=\"width: 39.799%\">Gestionnaire, Administration de bases de donn\u00e9es et TI<\/td>\n<td style=\"width: 42.2721%;height: 22px\" valign=\"top\"><a href=\"mailto:rgordon@camrt.ca\">Robert Gordon<\/a> (rgordon@camrt.ca)<\/td>\n<td style=\"width: 13.7384%;height: 22px\" valign=\"top\">Poste 243<\/td>\n<\/tr>\n<\/tbody>\n<\/table><\/div><\/div><\/div>\n<div class=\"dt-sc-toggle-frame\"><h5 class='dt-sc-toggle'><a href='#'>D\u00e9fense des int\u00e9r\u00eats et communications<\/a><\/h5><div class=\"dt-sc-toggle-content\" style=\"display: none;\"><div class=\"block\"><table style=\"width: 100%\" border=\"1\" width=\"100%\" cellspacing=\"0\" cellpadding=\"4\">\n<tbody>\n<tr>\n<td style=\"width: 35.788%\" valign=\"top\" height=\"22\">Directeur<\/td>\n<td style=\"width: 34.6579%\" valign=\"top\"><a href=\"mailto:ctopham@camrt.ca\">Christopher Topham<\/a>\u00a0(ctopham@camrt.ca)<\/td>\n<td style=\"width: 10.5541%\" valign=\"top\">Poste 230<\/td>\n<\/tr>\n<tr>\n<td style=\"width: 35.788%\" valign=\"top\" height=\"22\">Gestionnaire des publications<\/td>\n<td style=\"width: 34.6579%\" valign=\"top\"><a href=\"mailto:cmccuaig@camrt.ca\">Carly McCuaig<\/a>\u00a0(cmccuaig@camrt.ca)<\/td>\n<td style=\"width: 10.5541%\" valign=\"top\">Poste 239<\/td>\n<\/tr>\n<tr>\n<td style=\"width: 35.788%\" valign=\"top\" height=\"22\">Coordonnatrice des communications<\/td>\n<td style=\"width: 34.6579%\"><a href=\"mailto:mailello@camrt.ca\">Malinda Aiello<\/a> (mailello@camrt.ca)<\/td>\n<td style=\"width: 10.5541%\" valign=\"top\">Poste 240<\/td>\n<\/tr>\n<tr>\n<td style=\"width: 35.788%\">Gestionnaire de la d\u00e9fense des int\u00e9r\u00eats nationaux<\/td>\n<td style=\"width: 34.6579%\"><a href=\"mailto:jcarey@camrt.ca\">Jennifer Carey<\/a> (jcarey@camrt.ca)<\/td>\n<td style=\"width: 10.5541%\">Poste 225<\/td>\n<\/tr>\n<\/tbody>\n<\/table><\/div><\/div><\/div>\n<div class=\"dt-sc-toggle-frame\"><h5 class='dt-sc-toggle'><a href='#'>\u00c9ducation<\/a><\/h5><div class=\"dt-sc-toggle-content\" style=\"display: none;\"><div class=\"block\"><table style=\"width: 100%;height: 115px\" border=\"1\" width=\"100%\" cellspacing=\"0\" cellpadding=\"4\">\n<tbody>\n<tr style=\"height: 23px\">\n<td style=\"width: 38.0603%;height: 23px\" valign=\"top\" height=\"22\">Directrice, \u00c9ducation<\/td>\n<td style=\"width: 36.9397%;height: 23px\" valign=\"top\"><a href=\"mailto:mcampbell@camrt.ca\">Mikki Campbell<\/a> (mcampbell@camrt.ca)<\/td>\n<td style=\"width: 11%;height: 23px\" valign=\"top\">Poste 227<\/td>\n<\/tr>\n<tr style=\"height: 23px\">\n<td style=\"width: 38.0603%;height: 23px\" valign=\"top\" height=\"22\">Gestionnaire de l&rsquo;agr\u00e9ment, administration<\/td>\n<td style=\"width: 36.9397%;height: 23px\" valign=\"top\"><a href=\"mailto:sdougan@camrt.ca\">Shelley Dougan<\/a> (sdougan@camrt.ca)<\/td>\n<td style=\"width: 11%;height: 23px\" valign=\"top\">Poste 245<\/td>\n<\/tr>\n<tr style=\"height: 23px\">\n<td style=\"width: 38.0603%;height: 23px\" valign=\"top\" height=\"22\">Gestionnaire de l&rsquo;agr\u00e9ment, d\u00e9veloppement<\/td>\n<td style=\"width: 36.9397%;height: 23px\" valign=\"top\"><a href=\"mailto:serdelyi@camrt.ca\">Sarah Erdelyi<\/a>\u00a0(serdelyi@camrt.ca)<\/td>\n<td style=\"width: 11%;height: 23px\" valign=\"top\">Poste 231<\/td>\n<\/tr>\n<tr style=\"height: 23px\">\n<td style=\"width: 38.0603%;height: 23px\" valign=\"top\" height=\"22\">Gestionnaire du perfectionnement professionnel continu<\/td>\n<td style=\"width: 36.9397%;height: 23px\" valign=\"top\"><a href=\"mailto:jgill@camrt.ca\">Justine Gill<\/a> (jgill@camrt.ca)<\/td>\n<td style=\"width: 11%;height: 23px\" valign=\"top\">Poste 226<\/td>\n<\/tr>\n<tr style=\"height: 23px\">\n<td style=\"width: 38.0603%;height: 23px\" valign=\"top\" height=\"22\">Agente de technologie \u00e9ducative<\/td>\n<td style=\"width: 36.9397%;height: 23px\" valign=\"top\"><a href=\"mailto:mpeneva@camrt.ca\">Mira Peneva<\/a>\u00a0(mpeneva@camrt.ca)<\/td>\n<td style=\"width: 11%;height: 23px\" valign=\"top\">Poste 237<\/td>\n<\/tr>\n<tr style=\"height: 23px\">\n<td style=\"width: 38.0603%;height: 23px\"><span class=\"ui-provider a b c d e f g h i j k l m n o p q r s t u v w x y z ab ac ae af ag ah ai aj ak\" dir=\"ltr\">Coordinatrice d&rsquo;agr\u00e9ment et du perfectionnement professionel continu<\/span><\/td>\n<td style=\"width: 36.9397%;height: 23px\"><a href=\"mstoyke@camrt.ca\">Mary Stoyke<\/a> (mstoyke@camrt.ca)<\/td>\n<td style=\"width: 11%;height: 23px\">Poste 228<\/td>\n<\/tr>\n<tr style=\"height: 37px\">\n<td style=\"width: 38.0603%;height: 24px\">Gestionnaire de projet, initiatives de TRM form\u00e9es \u00e0 l&rsquo;\u00e9tranger<\/td>\n<td style=\"width: 36.9397%;height: 24px\"><a href=\"aaftab@camrt.ca\">Anum Aftab<\/a> (aaftab@camrt.ca)<\/td>\n<td style=\"width: 11%;height: 24px\"><\/td>\n<\/tr>\n<tr style=\"height: 48px\">\n<td style=\"width: 38.0603%;height: 48px\">Agente de recherche et d&rsquo;\u00e9valuation,\nInitiatives de TRM form\u00e9s \u00e0 l&rsquo;\u00e9tranger<\/td>\n<td style=\"width: 36.9397%;height: 48px\"><a href=\"mailto:lwallace@camrt.ca\">Lisa Wallace<\/a> (lwallace@camrt.ca)<\/td>\n<td style=\"width: 11%;height: 48px\"><\/td>\n<\/tr>\n<\/tbody>\n<\/table><\/div><\/div><\/div>\n<div class=\"dt-sc-toggle-frame\"><h5 class='dt-sc-toggle'><a href='#'>Finances et administration<\/a><\/h5><div class=\"dt-sc-toggle-content\" style=\"display: none;\"><div class=\"block\"><table style=\"height: 88px;width: 100%\" border=\"1\" width=\"100%\" cellspacing=\"0\" cellpadding=\"4\">\n<tbody>\n<tr style=\"height: 22px\">\n<td style=\"width: 35%;height: 22px\" valign=\"top\" height=\"22\">Contr\u00f4leur, Finances<\/td>\n<td style=\"width: 34.4426%;height: 22px\" valign=\"top\"><a href=\"mailto:yzhao@camrt.ca\">Yun Zhao<\/a> (yzhao@camrt.ca)<\/td>\n<td style=\"width: 10.5574%;height: 22px\" valign=\"top\">Poste 246<\/td>\n<\/tr>\n<tr style=\"height: 22px\">\n<td style=\"width: 35%;height: 22px\" valign=\"top\" height=\"22\">Agente des finances<\/td>\n<td style=\"width: 34.4426%;height: 22px\" valign=\"top\"><a href=\"mailto:jancheta@camrt.ca\">Jane Ancheta<\/a> (jancheta@camrt.ca)<\/td>\n<td style=\"width: 10.5574%;height: 22px\" valign=\"top\">Poste 224<\/td>\n<\/tr>\n<tr>\n<td style=\"width: 35%\">Coordonnatrice<\/td>\n<td style=\"width: 34.4426%\"><a href=\"mailto:jmurphy@camrt.ca\">Jessica Murphy<\/a> (jmurphy@camrt.ca)<\/td>\n<td style=\"width: 10.5574%\">Poste 232<\/td>\n<\/tr>\n<\/tbody>\n<\/table><\/div><\/div><\/div>\n<div class=\"dt-sc-toggle-frame\"><h5 class='dt-sc-toggle'><a href='#'>Adh\u00e9sion et \u00e9v\u00e9nements<\/a><\/h5><div class=\"dt-sc-toggle-content\" style=\"display: none;\"><div class=\"block\"><table style=\"width: 100%;height: 132px\" border=\"1\" width=\"100%\" cellspacing=\"0\" cellpadding=\"4\">\n<tbody>\n<tr style=\"height: 48px\">\n<td style=\"width: 37.0203%;height: 32px\" valign=\"top\" height=\"22\">Directrice<\/td>\n<td style=\"width: 36.9797%;height: 32px\" valign=\"top\"><a href=\"mailto:kmorrison@camrt.ca\">Karen Morrison<\/a>\u00a0(kmorrison@camrt.ca)<\/td>\n<td style=\"width: 10%;height: 32px\" valign=\"top\">Poste 253<\/td>\n<\/tr>\n<tr style=\"height: 72px\">\n<td style=\"width: 37.0203%;height: 32px\" valign=\"top\" height=\"22\">Gestionnaire du marketing, adh\u00e9sions<\/td>\n<td style=\"width: 36.9797%;height: 32px\" valign=\"top\"><a href=\"mailto:estewart@camrt.ca\">Erica Stewart<\/a> (estewart@camrt.ca)<\/td>\n<td style=\"width: 10%;height: 32px\" valign=\"top\">Poste 223<\/td>\n<\/tr>\n<tr style=\"height: 48px\">\n<td style=\"width: 37.0203%;height: 36px\" valign=\"top\" height=\"22\">Gestionnaire de conf\u00e9rences et \u00e9v\u00e9nements<\/td>\n<td style=\"width: 36.9797%;height: 36px\" valign=\"top\"><\/td>\n<td style=\"width: 10%;height: 36px\" valign=\"top\">Poste 235<\/td>\n<\/tr>\n<tr style=\"height: 48px\">\n<td style=\"width: 37.0203%;height: 32px\" valign=\"top\" height=\"22\">Coordonnatrice, services aux membres et \u00e9v\u00e9nements<\/td>\n<td style=\"width: 36.9797%;height: 32px\" valign=\"top\"><a href=\"Knichol@camrt.ca\">Krista Nichol<\/a> (knichol@camrt.ca)<\/td>\n<td style=\"width: 10%;height: 32px\" valign=\"top\">Poste 255<\/td>\n<\/tr>\n<\/tbody>\n<\/table><\/div><\/div><\/div>\n<div class=\"dt-sc-toggle-frame\"><h5 class='dt-sc-toggle'><a href='#'>Pratique professionnelle et recherche<\/a><\/h5><div class=\"dt-sc-toggle-content\" style=\"display: none;\"><div class=\"block\"><table style=\"width: 99.5551%\" border=\"1\" cellspacing=\"0\" cellpadding=\"4\">\n<tbody>\n<tr>\n<td style=\"width: 38.1041%\" valign=\"top\" height=\"22\">Coordonnatrice<\/td>\n<td style=\"width: 36.0022%\" valign=\"top\"><a href=\"mailto:pwilliams@camrt.ca\">Phyllis Williams<\/a>\u00a0(pwilliams@camrt.ca)<\/td>\n<td style=\"width: 11.8937%\" valign=\"top\">Poste 222<\/td>\n<\/tr>\n<tr>\n<td style=\"width: 38.1041%\" valign=\"top\" height=\"22\">Gestionnaire<\/td>\n<td style=\"width: 36.0022%\" valign=\"top\"><a href=\"http:\/\/csong@camrt.ca\">Charlene Song<\/a> (csong@camrt.ca)<\/td>\n<td style=\"width: 11.8937%\" valign=\"top\">Poste 283<\/td>\n<\/tr>\n<\/tbody>\n<\/table><\/div><\/div><\/div>\n<div class=\"dt-sc-toggle-frame\"><h5 class='dt-sc-toggle'><a href='#'>Activit\u00e9s de l\u2019ACTRM<\/a><\/h5><div class=\"dt-sc-toggle-content\" style=\"display: none;\"><div class=\"block\"><table style=\"width: 100%;height: 525px\" border=\"1\" width=\"100%\" cellspacing=\"0\" cellpadding=\"4\">\n<tbody>\n<tr style=\"height: 24px\">\n<td style=\"width: 39.5387%;height: 10px\" valign=\"top\" height=\"22\">Agr\u00e9ment<\/td>\n<td style=\"width: 35.8507%;height: 10px\" valign=\"top\"><a href=\"mailto:mfoster@camrt.ca\">Monica Foster<\/a><\/td>\n<td style=\"width: 14.6106%;height: 10px\" valign=\"top\">Poste 245<\/td>\n<\/tr>\n<tr style=\"height: 24px\">\n<td style=\"width: 39.5387%;height: 24px\" valign=\"top\" height=\"22\">Assembl\u00e9e g\u00e9n\u00e9rale annuelle<\/td>\n<td style=\"width: 35.8507%;height: 24px\" valign=\"top\"><a href=\"mailto:rdarroch@camrt.ca\">Rachel Darroch<\/a><\/td>\n<td style=\"width: 14.6106%;height: 24px\" valign=\"top\">Poste 241<\/td>\n<\/tr>\n<tr style=\"height: 24px\">\n<td style=\"width: 39.5387%;height: 24px\" valign=\"top\" height=\"22\">Assurance de responsabilit\u00e9 professionnelle<\/td>\n<td style=\"width: 35.8507%;height: 24px\" valign=\"top\"><a href=\"mailto:estewart@camrt.ca\">Erica Stewart<\/a><\/td>\n<td style=\"width: 14.6106%;height: 24px\" valign=\"top\">Poste 223<\/td>\n<\/tr>\n<tr style=\"height: 24px\">\n<td style=\"width: 39.5387%;height: 24px\" valign=\"top\" height=\"22\">Certificats de sp\u00e9cialiste<\/td>\n<td style=\"width: 35.8507%;height: 24px\" valign=\"top\"><a href=\"mailto:jgill@camrt.ca\">Justine Gill<\/a><\/td>\n<td style=\"width: 14.6106%;height: 24px\" valign=\"top\">Poste 226<\/td>\n<\/tr>\n<tr style=\"height: 24px\">\n<td style=\"width: 39.5387%;height: 24px\" valign=\"top\" height=\"22\">Comptes payable<\/td>\n<td style=\"width: 35.8507%;height: 24px\" valign=\"top\"><a href=\"mailto:yzhao@camrt.ca\">Yun Zhao<\/a><\/td>\n<td style=\"width: 14.6106%;height: 24px\" valign=\"top\">Poste 246<\/td>\n<\/tr>\n<tr style=\"height: 24px\">\n<td style=\"width: 39.5387%;height: 24px\" valign=\"top\" height=\"22\">Conf\u00e9rences et \u00e9v\u00e9nements<\/td>\n<td style=\"width: 35.8507%;height: 24px\" valign=\"top\"><a href=\"mailto:kmorrison@camrt.ca\">Karen Morrison<\/a><\/td>\n<td style=\"width: 14.6106%;height: 24px\" valign=\"top\">Poste 253<\/td>\n<\/tr>\n<tr style=\"height: 24px\">\n<td style=\"width: 39.5387%;height: 24px\" valign=\"top\" height=\"22\">Cours de perfectionnement professionnel<\/td>\n<td style=\"width: 35.8507%;height: 24px\" valign=\"top\"><a href=\"mpeneva@camrt.ca\">Mira Peneva<\/a><\/td>\n<td style=\"width: 14.6106%;height: 24px\" valign=\"top\">Poste 237<\/td>\n<\/tr>\n<tr style=\"height: 24px\">\n<td style=\"width: 39.5387%;height: 24px\" valign=\"top\" height=\"22\">D\u00e9clarations de principe<\/td>\n<td style=\"width: 35.8507%;height: 24px\" valign=\"top\"><a href=\"mailto:ctopham@camrt.ca\">Christopher Topham<\/a><\/td>\n<td style=\"width: 14.6106%;height: 24px\" valign=\"top\">Poste 230<\/td>\n<\/tr>\n<tr style=\"height: 24px\">\n<td style=\"width: 39.5387%;height: 24px\">Demandes et mises \u00e0 jour concernant les membres<\/td>\n<td style=\"width: 35.8507%;height: 24px\"><a href=\"mailto:info@camrt.ca\">info@camrt.ca<\/a><\/td>\n<td style=\"width: 14.6106%;height: 24px\">Poste 223<\/td>\n<\/tr>\n<tr style=\"height: 24px\">\n<td style=\"width: 39.5387%;height: 24px\" valign=\"top\" height=\"22\">Fondation de l\u2019ACTRM<\/td>\n<td style=\"width: 35.8507%;height: 24px\" valign=\"top\"><a href=\"mailto:info@camrt.ca\">info@camrt.ca<\/a><\/td>\n<td style=\"width: 14.6106%;height: 24px\" valign=\"top\"><\/td>\n<\/tr>\n<tr style=\"height: 96px\">\n<td style=\"width: 39.5387%;height: 83px\" valign=\"top\" height=\"22\">Journal de l\u2019imagerie m\u00e9dicale et des sciences de la radiation<\/td>\n<td style=\"width: 35.8507%;height: 83px\" valign=\"top\"><a href=\"mailto:cmccuaig@camrt.ca\">Carly McCuaig<\/a><\/p>\n<p><a href=\"https:\/\/twitter.com\/JMIRS1\">Suivez @JMIRS1<\/a><\/td>\n<td style=\"width: 14.6106%;height: 83px\" valign=\"top\">Poste 239<\/td>\n<\/tr>\n<tr style=\"height: 24px\">\n<td style=\"width: 39.5387%;height: 24px\" valign=\"top\" height=\"22\">Publications<\/td>\n<td style=\"width: 35.8507%;height: 24px\" valign=\"top\"><a href=\"mailto:cmccuaig@camrt.ca\">Carly McCuaig<\/a><\/td>\n<td style=\"width: 14.6106%;height: 24px\" valign=\"top\">Poste 239<\/td>\n<\/tr>\n<tr style=\"height: 24px\">\n<td style=\"width: 39.5387%;height: 24px\" valign=\"top\" height=\"22\">Programme de Fellowship<\/td>\n<td style=\"width: 35.8507%;height: 24px\" valign=\"top\"><a href=\"mailto:pwilliams@camrt.ca\">Phyllis Williams<\/a><\/td>\n<td style=\"width: 14.6106%;height: 24px\" valign=\"top\">Poste 222<\/td>\n<\/tr>\n<tr style=\"height: 24px\">\n<td style=\"width: 39.5387%;height: 24px\" valign=\"top\" height=\"22\">Programme de bourses et prix<\/td>\n<td style=\"width: 35.8507%;height: 24px\" valign=\"top\"><a href=\"mailto:pwilliams@camrt.ca\">Phyllis Williams<\/a><\/td>\n<td style=\"width: 14.6106%;height: 24px\" valign=\"top\">Poste 222<\/td>\n<\/tr>\n<tr style=\"height: 24px\">\n<td style=\"width: 39.5387%;height: 24px\">Publicit\u00e9s &#8211; Banque d&#8217;emplois en ligne<\/td>\n<td style=\"width: 35.8507%;height: 24px\"><a href=\"mailto:info@camrt.ca\">info@camrt.ca<\/a><\/td>\n<td style=\"width: 14.6106%;height: 24px\">Poste 223<\/td>\n<\/tr>\n<tr style=\"height: 24px\">\n<td style=\"width: 39.5387%;height: 24px\" valign=\"top\" height=\"22\">Publicit\u00e9s dans les publications<\/td>\n<td style=\"width: 35.8507%;height: 24px\"><a href=\"mailto:mailello@camrt.ca\">Malinda Aiello<\/a><\/td>\n<td style=\"width: 14.6106%;height: 24px\" valign=\"top\">Poste 240<\/td>\n<\/tr>\n<tr style=\"height: 24px\">\n<td style=\"width: 39.5387%;height: 24px\" valign=\"top\" height=\"22\">Pratique professionnelle \u2013 enqu\u00eates<\/td>\n<td style=\"width: 35.8507%\"><a href=\"mailto:info@camrt.ca\">info@camrt.ca<\/a><\/td>\n<td style=\"width: 14.6106%\">Poste 223<\/td>\n<\/tr>\n<tr style=\"height: 24px\">\n<td style=\"width: 39.5387%;height: 24px\" valign=\"top\" height=\"22\">Programme d\u2019agr\u00e9ment des cr\u00e9dits de formation continue (PACFC)<\/td>\n<td style=\"width: 35.8507%;height: 24px\" valign=\"top\"><a href=\"mailto:jgill@camrt.ca\">Justine Gill<\/a><\/td>\n<td style=\"width: 14.6106%;height: 24px\" valign=\"top\">Poste 226<\/td>\n<\/tr>\n<tr style=\"height: 24px\">\n<td style=\"width: 39.5387%;height: 24px\" valign=\"top\" height=\"22\">Relations avec les m\u00e9dias<\/td>\n<td style=\"width: 35.8507%;height: 24px\" valign=\"top\"><a href=\"mailto:ctopham@camrt.ca\">Christopher Topham<\/a><\/td>\n<td style=\"width: 14.6106%;height: 24px\" valign=\"top\">Poste 230<\/td>\n<\/tr>\n<tr style=\"height: 24px\">\n<td style=\"width: 39.5387%;height: 24px\" valign=\"top\" height=\"22\">Semaine des TRM<\/td>\n<td style=\"width: 35.8507%;height: 24px\"><a href=\"mailto:mailello@camrt.ca\">Malinda Aiello<\/a><\/td>\n<td style=\"width: 14.6106%;height: 24px\" valign=\"top\">Poste 240<\/td>\n<\/tr>\n<\/tbody>\n<\/table><\/div><\/div><\/div>\n<div class=\"dt-sc-toggle-frame\"><h5 class='dt-sc-toggle'><a href='#'>CAMRT-BC<\/a><\/h5><div class=\"dt-sc-toggle-content\" style=\"display: none;\"><div class=\"block\"><table style=\"width: 100%\" border=\"1\" width=\"100%\" cellspacing=\"0\" cellpadding=\"4\">\n<tbody>\n<tr>\n<td style=\"width: 39.5817%\" valign=\"top\" height=\"22\">Gestionnaire provinciale<\/td>\n<td style=\"width: 37.4183%\" valign=\"top\"><a href=\"mailto:slellis@camrt.ca\">Lindsay Ellis<\/a> (lellis@camrt.ca)<\/td>\n<td style=\"width: 12%\" valign=\"top\">Poste<\/td>\n<\/tr>\n<\/tbody>\n<\/table><\/div><\/div><\/div>\n<div class=\"dt-sc-toggle-frame\"><h5 class='dt-sc-toggle'><a href='#'>CAMRT-AB<\/a><\/h5><div class=\"dt-sc-toggle-content\" style=\"display: none;\"><div class=\"block\"><table style=\"width: 100%\" border=\"1\" width=\"100%\" cellspacing=\"0\" cellpadding=\"4\">\n<tbody>\n<tr>\n<td style=\"width: 44.8424%\" valign=\"top\" height=\"22\">Gestionnaire provinciale<\/td>\n<td style=\"width: 41.0458%\" valign=\"top\"><a href=\"mailto:gmcrae@camrt.ca\">Gina McRae<\/a> (gmcrae@camrt.ca)<\/td>\n<td style=\"width: 13.9685%\" valign=\"top\">Poste 234<\/td>\n<\/tr>\n<\/tbody>\n<\/table><\/div><\/div><\/div>\n<div class=\"dt-sc-toggle-frame\"><h5 class='dt-sc-toggle'><a href='#'>CAMRT-SK<\/a><\/h5><div class=\"dt-sc-toggle-content\" style=\"display: none;\"><div class=\"block\"><table style=\"width: 100%\" border=\"1\" width=\"100%\" cellspacing=\"0\" cellpadding=\"4\">\n<tbody>\n<tr>\n<td style=\"width: 35.4029%\" valign=\"top\" height=\"22\">Gestionnaire provinciale<\/td>\n<td style=\"width: 51.255%\" valign=\"top\"><a href=\"mailto:mkasper@camrt.ca\">Mandy Kasper<\/a> (mkasper@camrt.ca)<\/td>\n<td style=\"width: 13.21%\" valign=\"top\">Poste 229<\/td>\n<\/tr>\n<\/tbody>\n<\/table><\/div><\/div><\/div>\n<div class=\"dt-sc-toggle-frame\"><h5 class='dt-sc-toggle'><a href='#'>CAMRT-MB<\/a><\/h5><div class=\"dt-sc-toggle-content\" style=\"display: none;\"><div class=\"block\"><table style=\"width: 100%\" border=\"1\" width=\"100%\" cellspacing=\"0\" cellpadding=\"4\">\n<tbody>\n<tr>\n<td style=\"width: 44.914%\" valign=\"top\" height=\"22\">Gestionnaire provinciale<\/td>\n<td style=\"width: 42.6218%\" valign=\"top\"><a href=\"mailto:dmctaggart@camrt.ca\">Dayna McTaggart<\/a> (dmctaggart@camrt.ca)<\/td>\n<td style=\"width: 12.2493%\" valign=\"top\">Poste 233<\/td>\n<\/tr>\n<\/tbody>\n<\/table><\/div><\/div><\/div>\n<div class=\"dt-sc-toggle-frame\"><h5 class='dt-sc-toggle'><a href='#'>CAMRT-ATL<\/a><\/h5><div class=\"dt-sc-toggle-content\" style=\"display: none;\"><div class=\"block\"><table style=\"width: 100%\" border=\"1\" width=\"100%\" cellspacing=\"0\" cellpadding=\"4\">\n<tbody>\n<tr>\n<td style=\"width: 45.2006%\" valign=\"top\" height=\"22\">Gestionnaire provinciale<\/td>\n<td style=\"width: 39.255%\" valign=\"top\"><a href=\"mailto:jcarey@camrt.ca\">Jennifer Carey<\/a> (jcarey@camrt.ca)<\/td>\n<td style=\"width: 15.4011%\" valign=\"top\">Poste 225<\/td>\n<\/tr>\n<\/tbody>\n<\/table><\/div><\/div><\/div>\n<p>&nbsp;<\/p>\n","protected":false},"excerpt":{"rendered":"<p>&nbsp;<\/p>\n","protected":false},"author":30,"featured_media":0,"parent":47116,"menu_order":0,"comment_status":"closed","ping_status":"closed","template":"","meta":{"_monsterinsights_skip_tracking":false,"_monsterinsights_sitenote_active":false,"_monsterinsights_sitenote_note":"","_monsterinsights_sitenote_category":0,"footnotes":""},"class_list":["post-47014","page","type-page","status-publish","hentry"],"_links":{"self":[{"href":"https:\/\/camrt.ca\/fr\/wp-json\/wp\/v2\/pages\/47014","targetHints":{"allow":["GET"]}}],"collection":[{"href":"https:\/\/camrt.ca\/fr\/wp-json\/wp\/v2\/pages"}],"about":[{"href":"https:\/\/camrt.ca\/fr\/wp-json\/wp\/v2\/types\/page"}],"author":[{"embeddable":true,"href":"https:\/\/camrt.ca\/fr\/wp-json\/wp\/v2\/users\/30"}],"replies":[{"embeddable":true,"href":"https:\/\/camrt.ca\/fr\/wp-json\/wp\/v2\/comments?post=47014"}],"version-history":[{"count":0,"href":"https:\/\/camrt.ca\/fr\/wp-json\/wp\/v2\/pages\/47014\/revisions"}],"up":[{"embeddable":true,"href":"https:\/\/camrt.ca\/fr\/wp-json\/wp\/v2\/pages\/47116"}],"wp:attachment":[{"href":"https:\/\/camrt.ca\/fr\/wp-json\/wp\/v2\/media?parent=47014"}],"curies":[{"name":"wp","href":"https:\/\/api.w.org\/{rel}","templated":true}]}}