{"id":47013,"date":"2014-10-28T16:12:25","date_gmt":"2014-10-28T20:12:25","guid":{"rendered":"https:\/\/camrt.wpenginepowered.com\/?page_id=5092"},"modified":"2025-10-25T22:17:35","modified_gmt":"2025-10-26T02:17:35","slug":"programmes-et-services","status":"publish","type":"page","link":"https:\/\/camrt.ca\/fr\/a-propos-de-lactrm\/programmes-et-services\/","title":{"rendered":"Programmes et services"},"content":{"rendered":"<p>L\u2019ACTRM offre une s\u00e9rie de programmes et de services visant \u00e0 faire progresser la profession de technologue en radiation m\u00e9dicale.<\/p>\n<ul class='dt-sc-fancy-list green  rounded-arrow'>\n<li><a href=\"https:\/\/camrt.ca\/fr\/a-propos-de-actrm\/defense-des-interets\/\">D\u00e9fense des droits<\/a><\/li>\n<li><a href=\"https:\/\/camrt.ca\/fr\/perfectionnement-professionnel\/\">Perfectionnement professionnel continu<\/a>, incluant les <a href=\"https:\/\/camrt.ca\/fr\/perfectionnement-professionnel\/programmes-de-certificats\/\">programmes de certificats <\/a>dans les secteurs de pratique sp\u00e9cialis\u00e9e<\/li>\n<li><a href=\"https:\/\/camrt.ca\/fr\/perfectionnement-professionnel\/inscriptions-avis-resultats-releves-notes\/\">Profils de comp\u00e9tences<\/a>, \u00e9tablissant les crit\u00e8res d\u2019acc\u00e8s \u00e0 la profession<\/li>\n<li><a href=\"https:\/\/camrt.ca\/fr\/agrement\/\">Agr\u00e9ment<\/a> pour l\u2019acc\u00e8s \u00e0 la profession<\/li>\n<li><a href=\"https:\/\/camrt.ca\/conferences\/fr\/\">Conf\u00e9rences<\/a><\/li>\n<li><a href=\"https:\/\/camrt.ca\/fr\/evenements\/institut-de-developpement-du-leadership\/\">Programme de d\u00e9veloppement du leadership<\/a><\/li>\n<li><a href=\"https:\/\/camrt.ca\/fr\/profession-de-trm\/reconnaissance-professionnelle\/\">Prix d\u2019excellence professionnelle<\/a><\/li>\n<li>Campagne de marque<a href=\"http:\/\/aucoeurdevotresante.ca\/\"> l\u2019Imagerie au c\u0153ur de votre sant\u00e9<\/a><\/li>\n<li><a href=\"https:\/\/camrt.ca\/fr\/adhesion\/avantages-pour-les-membres\/\">Privil\u00e8ges aux membres <\/a>sur des produits et services s\u00e9lectionn\u00e9s<\/li>\n<li><a href=\"http:\/\/pli.camrt.ca\/\">Programme d\u2019assurance responsabilit\u00e9 professionnelle<\/a><\/li>\n<li><a href=\"https:\/\/camrt-bpg.ca\/fr\/\">Lignes\u00a0directrices sur les pratiques exemplaires<\/a><\/li>\n<li><a href=\"https:\/\/camrt.ca\/fr\/profession-de-trm\/ressources-professionnelles\/\">Conseils et ressources en pratique professionnelle<\/a><\/li>\n<li>Publications\u00a0: le <a href=\"http:\/\/www.jmirs.org\/\"><em>Journal de l\u2019imagerie m\u00e9dicale et des sciences de la radiation<\/em> <\/a>(JIMSR) et le <em><a href=\"https:\/\/ww2.camrt.ca\/members\/mypublicationsfr\/bulletindelactrm\/\">Bulletin de l\u2019ACTRM<\/a><\/em><\/li>\n<li><a href=\"https:\/\/camrt.ca\/fr\/profession-de-trm\/ressources-professionnelles\/soutien-recherche\/\">Soutien \u00e0 la recherche<\/a><\/li>\n<\/ul>\n","protected":false},"excerpt":{"rendered":"<p>L\u2019ACTRM offre une s\u00e9rie de programmes et de services visant \u00e0 faire progresser la profession de technologue en radiation m\u00e9dicale.<\/p>\n","protected":false},"author":30,"featured_media":0,"parent":47116,"menu_order":0,"comment_status":"closed","ping_status":"closed","template":"","meta":{"_monsterinsights_skip_tracking":false,"_monsterinsights_sitenote_active":false,"_monsterinsights_sitenote_note":"","_monsterinsights_sitenote_category":0,"footnotes":""},"class_list":["post-47013","page","type-page","status-publish","hentry"],"_links":{"self":[{"href":"https:\/\/camrt.ca\/fr\/wp-json\/wp\/v2\/pages\/47013","targetHints":{"allow":["GET"]}}],"collection":[{"href":"https:\/\/camrt.ca\/fr\/wp-json\/wp\/v2\/pages"}],"about":[{"href":"https:\/\/camrt.ca\/fr\/wp-json\/wp\/v2\/types\/page"}],"author":[{"embeddable":true,"href":"https:\/\/camrt.ca\/fr\/wp-json\/wp\/v2\/users\/30"}],"replies":[{"embeddable":true,"href":"https:\/\/camrt.ca\/fr\/wp-json\/wp\/v2\/comments?post=47013"}],"version-history":[{"count":0,"href":"https:\/\/camrt.ca\/fr\/wp-json\/wp\/v2\/pages\/47013\/revisions"}],"up":[{"embeddable":true,"href":"https:\/\/camrt.ca\/fr\/wp-json\/wp\/v2\/pages\/47116"}],"wp:attachment":[{"href":"https:\/\/camrt.ca\/fr\/wp-json\/wp\/v2\/media?parent=47013"}],"curies":[{"name":"wp","href":"https:\/\/api.w.org\/{rel}","templated":true}]}}