{"id":47011,"date":"2014-09-17T19:00:12","date_gmt":"2014-09-17T19:00:12","guid":{"rendered":"https:\/\/camrt.wpenginepowered.com\/?page_id=4904"},"modified":"2014-09-17T19:00:12","modified_gmt":"2014-09-17T19:00:12","slug":"centre-de-ressources","status":"publish","type":"page","link":"https:\/\/camrt.ca\/fr\/centre-de-ressources\/","title":{"rendered":"Centre de ressources"},"content":{"rendered":"<div class='dt-sc-toggle-frame-set'><div class=\"dt-sc-toggle-frame\"><h5 class='dt-sc-toggle-accordion '><a href='#'>Pour les membres praticiens<\/a><\/h5><div class=\"dt-sc-toggle-content\" style=\"display: none;\"><div class=\"block\"><p>La vision de l\u2019ACTRM est la suivante\u00a0: demeurer \u00e0 la fine pointe de notre pratique dans un contexte d\u2019\u00e9volution rapide des technologies et d\u2019innovation. Notre vaste biblioth\u00e8que de rapports de recherche, de lignes directrices et d\u2019\u00e9tudes aide nos membres \u00e0 r\u00e9aliser leurs objectifs professionnels.<\/p><\/div><\/div><\/div>\n<div class=\"dt-sc-toggle-frame\"><h5 class='dt-sc-toggle-accordion '><a href='#'>Pour les \u00e9tudiants<\/a><\/h5><div class=\"dt-sc-toggle-content\" style=\"display: none;\"><div class=\"block\"><p>Nous mettons \u00e0 la disposition des personnes qui envisagent de faire carri\u00e8re dans l\u2019une des quatre disciplines de la technologie de la radiation m\u00e9dicale, ainsi que de celles qui ont d\u00e9j\u00e0 entam\u00e9 leurs \u00e9tudes, une foule d\u2019informations utiles pour atteindre leurs objectifs de formation et professionnels.<\/p><\/div><\/div><\/div>\n<div class=\"dt-sc-toggle-frame\"><h5 class='dt-sc-toggle-accordion '><a href='#'>Pour les formateurs<\/a><\/h5><div class=\"dt-sc-toggle-content\" style=\"display: none;\"><div class=\"block\"><p>L\u2019ACTRM offre un \u00e9ventail sans cesse croissant de ressources de recherche et d\u2019information aux formateurs qui participent \u00e0 l\u2019\u00e9laboration des programmes de formation et les enseignent aux personnes d\u00e9sireuses d\u2019obtenir leur certificat dans l\u2019une des disciplines de la technologie de la radiation m\u00e9dicale.<\/p><\/div><\/div><\/div>\n<div class=\"dt-sc-toggle-frame\"><h5 class='dt-sc-toggle-accordion '><a href='#'>Pour le public<\/a><\/h5><div class=\"dt-sc-toggle-content\" style=\"display: none;\"><div class=\"block\"><p>Afin d\u2019aider le public et en particulier les patients et leurs familles, l\u2019ACTRM fournit des liens vers les meilleures sources d\u2019information sur les proc\u00e9dures et les professionnels de l\u2019imagerie m\u00e9dicale et de la radio-oncologie.<\/p><\/div><\/div><\/div>\n<div class=\"dt-sc-toggle-frame\"><h5 class='dt-sc-toggle-accordion '><a href='#'>Pour les m\u00e9dias<\/a><\/h5><div class=\"dt-sc-toggle-content\" style=\"display: none;\"><div class=\"block\"><p>L\u2019ACTRM fait autorit\u00e9 en mati\u00e8re d\u2019imagerie m\u00e9dicale au Canada. D\u00e9couvrez ce qu\u2019elle a \u00e0 dire au sujet des enjeux \u00e9mergents qui touchent ses membres.<\/p><\/div><\/div><\/div><\/div>\n","protected":false},"excerpt":{"rendered":"","protected":false},"author":30,"featured_media":0,"parent":0,"menu_order":0,"comment_status":"open","ping_status":"open","template":"tpl-header2.php","meta":{"_monsterinsights_skip_tracking":false,"_monsterinsights_sitenote_active":false,"_monsterinsights_sitenote_note":"","_monsterinsights_sitenote_category":0,"footnotes":""},"class_list":["post-47011","page","type-page","status-publish","hentry"],"_links":{"self":[{"href":"https:\/\/camrt.ca\/fr\/wp-json\/wp\/v2\/pages\/47011","targetHints":{"allow":["GET"]}}],"collection":[{"href":"https:\/\/camrt.ca\/fr\/wp-json\/wp\/v2\/pages"}],"about":[{"href":"https:\/\/camrt.ca\/fr\/wp-json\/wp\/v2\/types\/page"}],"author":[{"embeddable":true,"href":"https:\/\/camrt.ca\/fr\/wp-json\/wp\/v2\/users\/30"}],"replies":[{"embeddable":true,"href":"https:\/\/camrt.ca\/fr\/wp-json\/wp\/v2\/comments?post=47011"}],"version-history":[{"count":0,"href":"https:\/\/camrt.ca\/fr\/wp-json\/wp\/v2\/pages\/47011\/revisions"}],"wp:attachment":[{"href":"https:\/\/camrt.ca\/fr\/wp-json\/wp\/v2\/media?parent=47011"}],"curies":[{"name":"wp","href":"https:\/\/api.w.org\/{rel}","templated":true}]}}