{"id":47010,"date":"2014-09-17T18:59:57","date_gmt":"2014-09-17T22:59:57","guid":{"rendered":"https:\/\/camrt.wpenginepowered.com\/?page_id=4902"},"modified":"2025-12-04T15:49:45","modified_gmt":"2025-12-04T20:49:45","slug":"adhesion","status":"publish","type":"page","link":"https:\/\/camrt.ca\/fr\/adhesion\/","title":{"rendered":"L\u2019adh\u00e9sion"},"content":{"rendered":"<h2>Pourquoi devenir membres?<\/h2>\n<p>En tant que TRM, l&rsquo;ACTRM est votre association professionnelle nationale. Nous existons pour vous soutenir et vous repr\u00e9senter, vous et la profession de TRM.<\/p>\n<p>En appartenant \u00e0 l&rsquo;ACTRM, vous rejoignez une communaut\u00e9 de plus de 11 000 TRM membres \u00e0 l&rsquo;\u00e9chelle nationale. Notre solide base de membres contribue \u00e0 renforcer la voix des TRM, \u00e0 rehausser le profil de la profession et \u00e0 faire en sorte que les TRM d\u00e9cident de l&rsquo;avenir de leur profession! <a href=\"https:\/\/camrt.wpenginepowered.com\/lesavantages\/story_html5.html\"><img loading=\"lazy\" decoding=\"async\" class=\"aligncenter wp-image-11296 size-large\" src=\"https:\/\/camrt.ca\/wp-content\/uploads\/2018\/08\/Thumbnail_Stronger-Together-FRENCH-1024x576.jpg\" alt=\"\" width=\"1024\" height=\"576\" srcset=\"https:\/\/camrt.ca\/wp-content\/uploads\/2018\/08\/Thumbnail_Stronger-Together-FRENCH-1024x576.jpg 1024w, https:\/\/camrt.ca\/wp-content\/uploads\/2018\/08\/Thumbnail_Stronger-Together-FRENCH-300x169.jpg 300w, https:\/\/camrt.ca\/wp-content\/uploads\/2018\/08\/Thumbnail_Stronger-Together-FRENCH-768x432.jpg 768w, https:\/\/camrt.ca\/wp-content\/uploads\/2018\/08\/Thumbnail_Stronger-Together-FRENCH.jpg 1280w\" sizes=\"auto, (max-width: 1024px) 100vw, 1024px\" \/><\/a><\/p>\n<p>&nbsp;<\/p>\n<h2>La valeur de l\u2019appartenance<\/h2>\n<p>L\u2019adh\u00e9sion \u00e0 l\u2019ACTRM constitue une ressource de grande valeur qui vous apporte de la <strong>cr\u00e9dibilit\u00e9<\/strong>, de la <strong>visibilit\u00e9<\/strong> et <strong>une voix<\/strong>, en plus des avantages suivants :<\/p>\n<ul class='dt-sc-fancy-list   rounded-arrow'>\n<li>un programme am\u00e9lior\u00e9 d\u2019assurance responsabilit\u00e9 professionnelle (ARP) sup\u00e9rieur \u00e0 ceux offerts par les employeurs;<\/li>\n<li>de nombreuses occasions de formation continue par des cours, des webinaires et une programmation virtuelle;<\/li>\n<li>des occasions de leadership et de r\u00e9seautage avec des coll\u00e8gues exp\u00e9riment\u00e9s au sein de la communaut\u00e9 des sciences de la radiation m\u00e9dicale;<\/li>\n<li>des abonnements gratuits \u00e0 diff\u00e9rentes publications professionnelles et bulletins d\u2019information en format imprim\u00e9 ou num\u00e9rique, publi\u00e9s par l\u2019ACTRM et la Society of Radiographers (SoR);<\/li>\n<li>en plus d\u2019autres \u00e9conomies \u00e0 valeur ajout\u00e9e sur des produits et des services comme les abonnements \u00e0 des centres de conditionnement physique, les forfaits mobiles, l&rsquo;assurance automobile et habitation, et plus encore.<\/li>\n<\/ul>\n<p>D\u00e9couvrez ce que peut vous apporter le fait d\u2019\u00eatre membre et tous les avantages conf\u00e9r\u00e9s par l\u2019adh\u00e9sion \u00e0 l\u2019ACTRM.<\/p>\n<a href='https:\/\/camrt.ca\/fr\/adhesion\/avantages\/' target='_top'  class='dt-sc-button   large  ' >Avantages pour les membres<\/a>\n<p>&nbsp;<\/p>\n<h2>Comment devenir membre<\/h2>\n<p>Obtenir l\u2019adh\u00e9sion \u00e0 l\u2019ACTRM est diff\u00e9rent selon la province dans laquelle vous travaillez. Apprenez-en davantage sur la fa\u00e7on de devenir membre de l&rsquo;ACTRM.<\/p>\n<a href='https:\/\/camrt.ca\/fr\/adhesion\/categories-adhesion-frais\/' target='_top'  class='dt-sc-button   large  ' >Devenir membre<\/a>\n<p>&nbsp;<\/p>\n<h4>Vous voulez en savoir davantage sur ce que signifie \u00eatre membre de l\u2019ACTRM?<\/h4>\n<p>Communiquez avec <a href=\"https:\/\/ww2.camrt.ca\/members_en\/joblistings.asp\">membership@camrt.ca<\/a> ou t\u00e9l\u00e9phonez au 1-800-463-9729.<\/p>\n<p>&nbsp;<\/p>\n","protected":false},"excerpt":{"rendered":"<p>Pourquoi devenir membres? En tant que TRM, l&rsquo;ACTRM est votre association professionnelle nationale. Nous existons pour vous soutenir et vous repr\u00e9senter, vous et la profession de TRM. En appartenant \u00e0 l&rsquo;ACTRM, vous rejoignez une communaut\u00e9 de plus de 11 000 TRM membres \u00e0 l&rsquo;\u00e9chelle nationale. Notre solide base de membres contribue \u00e0 renforcer la voix [&hellip;]<\/p>\n","protected":false},"author":30,"featured_media":0,"parent":0,"menu_order":0,"comment_status":"closed","ping_status":"closed","template":"","meta":{"_monsterinsights_skip_tracking":false,"_monsterinsights_sitenote_active":false,"_monsterinsights_sitenote_note":"","_monsterinsights_sitenote_category":0,"footnotes":""},"class_list":["post-47010","page","type-page","status-publish","hentry"],"_links":{"self":[{"href":"https:\/\/camrt.ca\/fr\/wp-json\/wp\/v2\/pages\/47010","targetHints":{"allow":["GET"]}}],"collection":[{"href":"https:\/\/camrt.ca\/fr\/wp-json\/wp\/v2\/pages"}],"about":[{"href":"https:\/\/camrt.ca\/fr\/wp-json\/wp\/v2\/types\/page"}],"author":[{"embeddable":true,"href":"https:\/\/camrt.ca\/fr\/wp-json\/wp\/v2\/users\/30"}],"replies":[{"embeddable":true,"href":"https:\/\/camrt.ca\/fr\/wp-json\/wp\/v2\/comments?post=47010"}],"version-history":[{"count":0,"href":"https:\/\/camrt.ca\/fr\/wp-json\/wp\/v2\/pages\/47010\/revisions"}],"wp:attachment":[{"href":"https:\/\/camrt.ca\/fr\/wp-json\/wp\/v2\/media?parent=47010"}],"curies":[{"name":"wp","href":"https:\/\/api.w.org\/{rel}","templated":true}]}}