{"id":47008,"date":"2014-09-17T18:59:33","date_gmt":"2014-09-17T22:59:33","guid":{"rendered":"https:\/\/camrt.wpenginepowered.com\/?page_id=4898"},"modified":"2014-09-17T18:59:33","modified_gmt":"2014-09-17T18:59:33","slug":"perfectionnement-professionnel","status":"publish","type":"page","link":"https:\/\/camrt.ca\/fr\/perfectionnement-professionnel\/","title":{"rendered":"Perfectionnement professionnel"},"content":{"rendered":"<h2>Perfectionnement professionnel continu<\/h2>\n<p>La tenue \u00e0 jour des comp\u00e9tences par le perfectionnement professionnel est importante dans l\u2019environnement dynamique de la technologie en radiation m\u00e9dicale.<\/p>\n<ul class='dt-sc-fancy-list   rounded-arrow'>\n<li>Am\u00e9liorer votre image professionnelle<\/li>\n<li>Augmenter votre cr\u00e9dibilit\u00e9<\/li>\n<li>Am\u00e9liorer les r\u00e9sultats pour le patient<\/li>\n<\/ul>\n<p>Le <strong><a href=\"https:\/\/camrt.force.com\/CPBase__store?site=a0a1a00000AMdCoAAL\" target=\"_blank\" rel=\"noopener noreferrer\">catalogue du PPC <\/a><\/strong>est votre guide complet pour \u00e9tablir et atteindre\u00a0vos objectifs en mati\u00e8re de PPC. Il contient le menu complet des cours de l&rsquo;ACTRM dans toutes les cat\u00e9gories et toutes les modalit\u00e9s .<\/p>\n<div  class='column dt-sc-one-half  space  '   ><div class=\"dt-sc-titled-box\"><h6 class=\"dt-sc-titled-box-title\" style=\"background-color:#00a651;border-color:#00a651;color:#ffffff;\"> Succ\u00e8s dans un monde en \u00e9volution<\/h6><div class=\"dt-sc-titled-box-content\"><p style=\"text-align: justify\">Nos <strong><a href=\"https:\/\/camrt.wpenginepowered.com\/fr\/perfectionnement-professionnel\/cours-complets\/\">Cours complets<\/a><\/strong> (offerts en anglais seulement) offrent un apprentissage qui peut s\u2019appliquer \u00e0 l\u2019environnement de travail dans toute une gamme de domaines reli\u00e9s \u00e0 la technologie en radiation m\u00e9dicale reli\u00e9s \u00e0 l\u2019exercice de la profession, \u00e0 la gestion du patient et au leadership.<\/p>\n<a href=\"https:\/\/camrt.wpenginepowered.com\/fr\/perfectionnement-professionnel\/cours-complets\/\" target=\"_top\" class=\"dt-sc-button   small\">Pour en savoir plus<\/a><\/div><\/div><\/div>\n<div  class='column dt-sc-one-half  space  '   ><div class=\"dt-sc-titled-box\"><h6 class=\"dt-sc-titled-box-title\" style=\"background-color:#F7941E;border-color:#F7941E;color:#ffffff;\"> Apprentissage commode et \u00e9conomique<\/h6><div class=\"dt-sc-titled-box-content\"><p style=\"text-align: justify\">Notre programmation virtuelle, comprenant <a href=\"https:\/\/camrt.wpenginepowered.com\/fr\/serie-classes-virtuelles\/\"><strong>la<\/strong> <strong>s\u00e9rie de Classes virtuelles<\/strong><\/a>, <strong><a href=\"https:\/\/camrt.wpenginepowered.com\/fr\/perfectionnement-professionnel\/programmation-virtuelle\/conference-virtuelle\/\">Conf\u00e9rences virtuelles<\/a><\/strong>\u00a0et <strong><a href=\"https:\/\/camrt.wpenginepowered.com\/fr\/perfectionnement-professionnel\/coup-doeil-sur-la-pratique-une-serie-de-webinaires\/\">la s\u00e9rie de webinaires Coup d\u2019\u0153il sur la pratique<\/a><\/strong> est une fa\u00e7on commode et \u00e9conomique d\u2019ajouter \u00e0 votre portfolio et \u00e0 l\u2019apprentissage continu.<\/p>\n<p style=\"text-align: justify\"><a href=\"https:\/\/camrt.wpenginepowered.com\/fr\/perfectionnement-professionnel\/programmation-virtuelle\/\" target=\"_top\" class=\"dt-sc-button   small\">Pour en savoir plus<\/a><\/div><\/div><\/div>\n<div  class='column dt-sc-one-half  space  '   ><div class=\"dt-sc-titled-box\"><h6 class=\"dt-sc-titled-box-title\" style=\"background-color:#1c9ad6;border-color:#1c9ad6;color:#ffffff;\"> Vous manquez de temps?<\/h6><div class=\"dt-sc-titled-box-content\"><p style=\"text-align: justify\">Pensez \u00e0 suivre l\u2019un de nos <strong><a href=\"https:\/\/camrt.wpenginepowered.com\/fr\/perfectionnement-professionnel\/autoformation-rapide\/\">Cours d&rsquo;autoformation rapide<\/a><\/strong>.<\/p>\n<p style=\"text-align: justify\">Ce sont des formations plus courtes qui exigent moins de temps et d\u2019engagement, sur des sujets qui augmenteront vos connaissances et auront une incidence sur votre pratique.<\/p>\n<a href=\"https:\/\/camrt.wpenginepowered.com\/fr\/perfectionnement-professionnel\/autoformations-rapides\/\" target=\"_top\" class=\"dt-sc-button   small\">Pour en savoir plus<\/a><\/div><\/div><\/div>\n<div  class='column dt-sc-one-half  space  '   ><div class=\"dt-sc-titled-box\"><h6 class=\"dt-sc-titled-box-title\" style=\"background-color:#c9252c;border-color:#c9252c;color:#ffffff;\"> Portez votre certification \u00e0 un niveau sup\u00e9rieur<\/h6><div class=\"dt-sc-titled-box-content\"><p style=\"text-align: justify\">Nos <a href=\"https:\/\/camrt.wpenginepowered.com\/fr\/perfectionnement-professionnel\/programmes-de-certificats\/\"><strong>programmes de certificats<\/strong><\/a>\u00a0(offerts en anglais seulement) sont une fa\u00e7on d\u2019obtenir une d\u00e9signation qui reconna\u00eet une expertise dans un secteur de pratique sp\u00e9cialis\u00e9. D\u00e9couvrez nos certificats de sp\u00e9cialiste en tomodensitom\u00e9rie, en imagerie du sein, en dosim\u00e9trie, et notre tout nouveau Certificat en radiographie interventionnelle.<\/p>\n<a href=\"https:\/\/camrt.wpenginepowered.com\/fr\/perfectionnement-professionnel\/programmes-de-certificats\/\" target=\"_top\" class=\"dt-sc-button   small\">Pour en savoir plus<\/a><\/div><\/div><\/div>\n<h3 style=\"text-align: justify\">Activit\u00e9s de PPC pour les TRM<\/h3>\n<p style=\"text-align: justify\">\u00cates-vous \u00e0 la recherche d\u2019occasions de PPC \u2013 en personne ou en ligne \u2013 dans un domaine sp\u00e9cialis\u00e9? Consultez <strong><a href=\"http:\/\/repository.camrt.ca\/fr\/\">le R\u00e9pertoire de PPC<\/a><\/strong> qui pr\u00e9sente une liste des activit\u00e9s \u00e9ducatives offertes aux TRM ou aux autres professionnels de la sant\u00e9.<\/p>\n<p style=\"text-align: justify\">Consulter <strong><a href=\"http:\/\/repository.camrt.ca\/fr\/\">le R\u00e9pertoire PPC<\/a>.<\/strong><\/p>\n","protected":false},"excerpt":{"rendered":"<p>Perfectionnement professionnel continu La tenue \u00e0 jour des comp\u00e9tences par le perfectionnement professionnel est importante dans l\u2019environnement dynamique de la technologie en radiation m\u00e9dicale. Le catalogue du PPC est votre guide complet pour \u00e9tablir et atteindre\u00a0vos objectifs en mati\u00e8re de PPC. Il contient le menu complet des cours de l&rsquo;ACTRM dans toutes les cat\u00e9gories et [&hellip;]<\/p>\n","protected":false},"author":30,"featured_media":0,"parent":0,"menu_order":0,"comment_status":"closed","ping_status":"closed","template":"","meta":{"_monsterinsights_skip_tracking":false,"_monsterinsights_sitenote_active":false,"_monsterinsights_sitenote_note":"","_monsterinsights_sitenote_category":0,"footnotes":""},"class_list":["post-47008","page","type-page","status-publish","hentry"],"_links":{"self":[{"href":"https:\/\/camrt.ca\/fr\/wp-json\/wp\/v2\/pages\/47008","targetHints":{"allow":["GET"]}}],"collection":[{"href":"https:\/\/camrt.ca\/fr\/wp-json\/wp\/v2\/pages"}],"about":[{"href":"https:\/\/camrt.ca\/fr\/wp-json\/wp\/v2\/types\/page"}],"author":[{"embeddable":true,"href":"https:\/\/camrt.ca\/fr\/wp-json\/wp\/v2\/users\/30"}],"replies":[{"embeddable":true,"href":"https:\/\/camrt.ca\/fr\/wp-json\/wp\/v2\/comments?post=47008"}],"version-history":[{"count":0,"href":"https:\/\/camrt.ca\/fr\/wp-json\/wp\/v2\/pages\/47008\/revisions"}],"wp:attachment":[{"href":"https:\/\/camrt.ca\/fr\/wp-json\/wp\/v2\/media?parent=47008"}],"curies":[{"name":"wp","href":"https:\/\/api.w.org\/{rel}","templated":true}]}}