{"id":46996,"date":"2014-01-25T07:20:32","date_gmt":"2014-01-25T07:20:32","guid":{"rendered":"http:\/\/wedesignthemes.com\/themes\/dt-super\/?page_id=11"},"modified":"2025-10-25T22:18:51","modified_gmt":"2025-10-26T02:18:51","slug":"a-propos-de-actrm","status":"publish","type":"page","link":"https:\/\/camrt.ca\/fr\/a-propos-de-actrm\/","title":{"rendered":"\u00c0 propos de l\u2019ACTRM"},"content":{"rendered":"<p>L\u2019Association canadienne des technologues en radiation m\u00e9dicale (ACTRM) est l\u2019association nationale canadienne et l\u2019organisme d\u2019agr\u00e9ment des technologues en radiologie, en m\u00e9decine nucl\u00e9aire, en r\u00e9sonance magn\u00e9tique et des radioth\u00e9rapeutes. Reconnue au Canada et \u00e0 l\u2019\u00e9tranger comme une voix de premier plan dans la d\u00e9fense des int\u00e9r\u00eats de la profession de la technologie de radiation m\u00e9dicale, l\u2019ACTRM fait autorit\u00e9 sur les questions cruciales qui affectent ses membres et leur pratique. \u00c9tablie en 1942, l&rsquo;ACTRM compte aujourd&rsquo;hui environ 11 000 membres.<\/p>\n","protected":false},"excerpt":{"rendered":"<p>L\u2019Association canadienne des technologues en radiation m\u00e9dicale (ACTRM) est l\u2019association nationale canadienne et l\u2019organisme d\u2019agr\u00e9ment des technologues en radiologie, en m\u00e9decine nucl\u00e9aire, en r\u00e9sonance magn\u00e9tique et des radioth\u00e9rapeutes. Reconnue au Canada et \u00e0 l\u2019\u00e9tranger comme une voix de premier plan dans la d\u00e9fense des int\u00e9r\u00eats de la profession de la technologie de radiation m\u00e9dicale, l\u2019ACTRM [&hellip;]<\/p>\n","protected":false},"author":30,"featured_media":0,"parent":0,"menu_order":0,"comment_status":"closed","ping_status":"closed","template":"tpl-header2.php","meta":{"_monsterinsights_skip_tracking":false,"_monsterinsights_sitenote_active":false,"_monsterinsights_sitenote_note":"","_monsterinsights_sitenote_category":0,"footnotes":""},"class_list":["post-46996","page","type-page","status-publish","hentry"],"_links":{"self":[{"href":"https:\/\/camrt.ca\/fr\/wp-json\/wp\/v2\/pages\/46996","targetHints":{"allow":["GET"]}}],"collection":[{"href":"https:\/\/camrt.ca\/fr\/wp-json\/wp\/v2\/pages"}],"about":[{"href":"https:\/\/camrt.ca\/fr\/wp-json\/wp\/v2\/types\/page"}],"author":[{"embeddable":true,"href":"https:\/\/camrt.ca\/fr\/wp-json\/wp\/v2\/users\/30"}],"replies":[{"embeddable":true,"href":"https:\/\/camrt.ca\/fr\/wp-json\/wp\/v2\/comments?post=46996"}],"version-history":[{"count":0,"href":"https:\/\/camrt.ca\/fr\/wp-json\/wp\/v2\/pages\/46996\/revisions"}],"wp:attachment":[{"href":"https:\/\/camrt.ca\/fr\/wp-json\/wp\/v2\/media?parent=46996"}],"curies":[{"name":"wp","href":"https:\/\/api.w.org\/{rel}","templated":true}]}}