{"id":46984,"date":"2014-12-20T13:15:25","date_gmt":"2014-12-20T18:15:25","guid":{"rendered":"https:\/\/camrt.wpenginepowered.com\/fr\/?page_id=5293"},"modified":"2025-04-14T10:09:16","modified_gmt":"2025-04-14T14:09:16","slug":"technologues-formes-etranger","status":"publish","type":"page","link":"https:\/\/camrt.ca\/fr\/agrement\/technologues-formes-etranger\/","title":{"rendered":"Technologues en radiation m\u00e9dicale form\u00e9s \u00e0 l\u2019\u00e9tranger (Ancien)"},"content":{"rendered":"<p>Prendre la d\u00e9cision de vivre et de travailler au Canada est une exp\u00e9rience qui change la vie des technologues en radiation m\u00e9dicale form\u00e9s \u00e0 l\u2019\u00e9tranger (TRMFE). L\u2019ACTRM met \u00e0 leur disposition un environnement virtuel convivial qui leur permet d\u2019acc\u00e9der \u00e0 une vaste s\u00e9lection de ressources et d\u2019outils en ligne pour les guider, depuis l\u2019\u00e9valuation de leur formation jusqu\u2019\u00e0 l\u2019examen d\u2019agr\u00e9ment de l\u2019ACTRM et l\u2019obtention de l\u2019agr\u00e9ment dans la discipline de leur choix.<\/p>\n<ul class='dt-sc-fancy-list   rounded-arrow'>\n<li><a href=\"https:\/\/camrt.wpenginepowered.com\/fr\/agrement\/technologues-formes-etranger\/prendre-decision-de-vivre-et-travailler-au-canada\/\">Prendre la d\u00e9cision de vivre et de travailler au Canada<\/a><\/li>\n<li><a href=\"https:\/\/camrt.wpenginepowered.com\/fr\/agrement\/technologues-formes-etranger\/pratique-en-technologie-de-radiation-medicale-au-canada\/\">Pratique en technologie de radiation m\u00e9dicale au Canada<\/a><\/li>\n<li><a href=\"https:\/\/camrt.wpenginepowered.com\/fr\/agrement\/technologues-formes-etranger\/exigences-maitrise-de-langue\/\">Exigences li\u00e9es \u00e0 la ma\u00eetrise de la langue<\/a><\/li>\n<li><a href=\"https:\/\/camrt.wpenginepowered.com\/fr\/agrement\/technologues-formes-etranger\/programmes-de-transition\/\">Programmes de transition<\/a><\/li>\n<li><a href=\"https:\/\/camrt.wpenginepowered.com\/fr\/agrement\/technologues-formes-etranger\/cours-preparatoires-examen\/\">Cours pr\u00e9paratoires \u00e0 l\u2019examen<\/a><\/li>\n<li><a href=\"https:\/\/camrt.wpenginepowered.com\/fr\/agrement\/programmes-etudes-canadiens-agree\/preparation-examen-agrement\/\">Pr\u00e9paration \u00e0 l\u2019examen d\u2019agr\u00e9ment<\/a><\/li>\n<li><a href=\"https:\/\/camrt.wpenginepowered.com\/fr\/agrement\/technologues-formes-etranger\/processus-evaluation-pour-trm-formes-etranger\/\">Processus d\u2019\u00e9valuation<\/a><\/li>\n<li><a href=\"https:\/\/camrt.wpenginepowered.com\/fr\/agrement\/programmes-etudes-canadiens-agree\/prochaines-etapes\/\">Prochaines \u00e9tapes<\/a><\/li>\n<\/ul>\n<p title=\"Preparing to Write the Certification Exam\">\n","protected":false},"excerpt":{"rendered":"<p>Prendre la d\u00e9cision de vivre et de travailler au Canada est une exp\u00e9rience qui change la vie des technologues en radiation m\u00e9dicale form\u00e9s \u00e0 l\u2019\u00e9tranger (TRMFE). L\u2019ACTRM met \u00e0 leur [&hellip;]<\/p>\n","protected":false},"author":30,"featured_media":0,"parent":46978,"menu_order":0,"comment_status":"open","ping_status":"closed","template":"tpl-header2.php","meta":{"_monsterinsights_skip_tracking":false,"_monsterinsights_sitenote_active":false,"_monsterinsights_sitenote_note":"","_monsterinsights_sitenote_category":0,"footnotes":""},"class_list":["post-46984","page","type-page","status-publish","hentry"],"_links":{"self":[{"href":"https:\/\/camrt.ca\/fr\/wp-json\/wp\/v2\/pages\/46984","targetHints":{"allow":["GET"]}}],"collection":[{"href":"https:\/\/camrt.ca\/fr\/wp-json\/wp\/v2\/pages"}],"about":[{"href":"https:\/\/camrt.ca\/fr\/wp-json\/wp\/v2\/types\/page"}],"author":[{"embeddable":true,"href":"https:\/\/camrt.ca\/fr\/wp-json\/wp\/v2\/users\/30"}],"replies":[{"embeddable":true,"href":"https:\/\/camrt.ca\/fr\/wp-json\/wp\/v2\/comments?post=46984"}],"version-history":[{"count":0,"href":"https:\/\/camrt.ca\/fr\/wp-json\/wp\/v2\/pages\/46984\/revisions"}],"up":[{"embeddable":true,"href":"https:\/\/camrt.ca\/fr\/wp-json\/wp\/v2\/pages\/46978"}],"wp:attachment":[{"href":"https:\/\/camrt.ca\/fr\/wp-json\/wp\/v2\/media?parent=46984"}],"curies":[{"name":"wp","href":"https:\/\/api.w.org\/{rel}","templated":true}]}}