{"id":46983,"date":"2014-12-20T13:14:12","date_gmt":"2014-12-20T18:14:12","guid":{"rendered":"https:\/\/camrt.wpenginepowered.com\/fr\/?page_id=5291"},"modified":"2025-04-14T10:07:59","modified_gmt":"2025-04-14T14:07:59","slug":"prochaines-etapes","status":"publish","type":"page","link":"https:\/\/camrt.ca\/fr\/agrement\/programmes-etudes-canadiens-agree\/prochaines-etapes\/","title":{"rendered":"Prochaines \u00e9tapes (Ancien)"},"content":{"rendered":"<p>&nbsp;<\/p>\n<div class=\"dt-sc-toggle-frame\"><h5 class='dt-sc-toggle'><a href='#'>Certificat et d\u00e9signation professionnelle<\/a><\/h5><div class=\"dt-sc-toggle-content\" style=\"display: none;\"><div class=\"block\"><p>Tous les candidats qui r\u00e9ussissent l\u2019examen re\u00e7oivent un certificat de l\u2019ACTRM. Le certificat indiquera la date de l\u2019examen, \u00e0 condition que toutes les exigences d\u2019agr\u00e9ment aient \u00e9t\u00e9 satisfaites; dans le cas contraire, le certificat portera la date \u00e0 laquelle toutes les exigences restantes auront \u00e9t\u00e9 satisfaites.<\/p>\n<p>Apr\u00e8s avoir satisfait \u00e0 l\u2019ensemble des exigences d\u2019agr\u00e9ment, les candidats obtiennent le droit d\u2019ajouter \u00e0 leur nom les initiales correspondant \u00e0 la d\u00e9signation professionnelle propre \u00e0 leur discipline\u00a0:<\/p>\n<ul class='dt-sc-fancy-list   rounded-arrow'>\n<li>Technologue agr\u00e9\u00e9 en r\u00e9sonance m\u00e9dicale, t.e.r.m.<\/li>\n<li>Technologue agr\u00e9\u00e9 en m\u00e9decine nucl\u00e9aire, t.e.m.n.<\/li>\n<li>Technologue agr\u00e9\u00e9 en radioth\u00e9rapie, t.e.t.<\/li>\n<li>Technologue agr\u00e9\u00e9 en radiologie, t.e.r.<\/li>\n<\/ul><\/div><\/div><\/div>\n<div class=\"dt-sc-toggle-frame\"><h5 class='dt-sc-toggle'><a href='#'>Adh\u00e9sion \u00e0 l\u2019ACTRM<\/a><\/h5><div class=\"dt-sc-toggle-content\" style=\"display: none;\"><div class=\"block\"><p>Les technologues d\u00e9tenant un titre professionnel peuvent faire une demande d\u2019adh\u00e9sion aupr\u00e8s de leur association provinciale membre, devenant ainsi automatiquement membre de l\u2019ACTRM. L\u2019adh\u00e9sion est renouvelable annuellement sur versement de la cotisation \u00e0 l\u2019association provinciale membre.<\/p>\n<p>Les technologues d\u00e9tenant un titre professionnel et qui ne r\u00e9sident pas dans l\u2019une des provinces r\u00e9gies par une association provinciale peuvent faire une demande d\u2019adh\u00e9sion directement aupr\u00e8s de l\u2019ACTRM. L\u2019adh\u00e9sion est renouvelable annuellement sur versement de la cotisation.<\/p><\/div><\/div><\/div>\n<div class=\"dt-sc-toggle-frame\"><h5 class='dt-sc-toggle'><a href='#'>Pr\u00e9paration de la reprise d\u2019examen<\/a><\/h5><div class=\"dt-sc-toggle-content\" style=\"display: none;\"><div class=\"block\"><p>Le profil de rendement \u00e0 l\u2019examen des candidats qui n\u2019ont pas obtenu la note de passage appara\u00eet sur leur page personnelle de r\u00e9sultats d\u2019examen. La r\u00e9partition par module permettra au candidat de savoir o\u00f9 se trouvent ses faiblesses. Cette information est donn\u00e9e afin de permettre au candidat de corriger ses faiblesses en pr\u00e9vision de la reprise d\u2019examen.<\/p><\/div><\/div><\/div>\n<div class=\"dt-sc-toggle-frame\"><h5 class='dt-sc-toggle'><a href='#'>Reprise d\u2019examen<\/a><\/h5><div class=\"dt-sc-toggle-content\" style=\"display: none;\"><div class=\"block\"><p>Les candidats admissibles ont <strong>quatre chances*<\/strong> de r\u00e9ussir l\u2019examen d\u2019agr\u00e9ment (l\u2019examen initial et trois reprises) dans un d\u00e9lai de cinq ans.<\/p>\n<ul class='dt-sc-fancy-list   rounded-arrow'>\n<li>Les dipl\u00f4m\u00e9s d\u2019une programme de formation canadien dans l\u2019une des disciplines de la technologie de radiation m\u00e9dicale agr\u00e9\u00e9s par Agr\u00e9ment Canada doivent compl\u00e9ter les quatre tentatives de passage de l\u2019examen dans les cinq ans qui suivent la date \u00e0 laquelle ils ont termin\u00e9 leurs \u00e9tudes avec succ\u00e8s ou avant la date d\u00e9termin\u00e9e par un organisme de r\u00e9glementation.<\/li>\n<li>Les dipl\u00f4m\u00e9s d\u2019un programme de formation \u00e0 l\u2019ext\u00e9rieur du Canada (technologues en radiation m\u00e9dicale form\u00e9s \u00e0 l\u2019\u00e9tranger ou TRMFE) doivent compl\u00e9ter les quatre tentatives de passage de l\u2019examen dans un d\u00e9lai de cinq ans suivant la derni\u00e8re date de pratique en technologie de radiation m\u00e9dicale ou la premi\u00e8re tentative de passage de l\u2019examen d\u2019agr\u00e9ment, ou avant la date d\u00e9termin\u00e9e par un organisme de r\u00e9glementation.<\/li>\n<\/ul>\n<p>Si un candidat n\u2019a toujours pas r\u00e9ussi l\u2019examen d\u2019agr\u00e9ment apr\u00e8s quatre tentatives ou dans les d\u00e9lais prescrits, il devra suivre un programme de formation agr\u00e9\u00e9 par Agr\u00e9ment Canada dans l\u2019une des disciplines de la technologie de radiation m\u00e9dicale avant de se pr\u00e9senter \u00e0 nouveau \u00e0 l\u2019examen.<\/p>\n<p><strong>* Les candidats qui ont acc\u00e8s aux deux examens d\u2019agr\u00e9ment (l&rsquo;examen de l\u2019ACTRM ou l\u2019examen du Qu\u00e9bec\/OTIMROEPMQ) ont un total combin\u00e9 de quatre (4) tentatives.<\/strong><\/p><\/div><\/div><\/div>\n<div class=\"dt-sc-toggle-frame\"><h5 class='dt-sc-toggle'><a href='#'>Politique d\u2019appel pour circonstances att\u00e9nuantes<\/a><\/h5><div class=\"dt-sc-toggle-content\" style=\"display: none;\"><div class=\"block\"><p>Les candidats sont vivement encourag\u00e9s \u00e0 se retirer avant l&rsquo;examen ou \u00e0 faire transfrer leur examen \u00e0 la prochaine date d&rsquo;examen s&rsquo;ils ont des circonstances personnelles pouvant affecter leur performance le jour de l&rsquo;examen (y compris, mais sans s&rsquo;y limiter: deuil, urgence familiale ou \u00e9tat de sant\u00e9 chronique).<\/p>\n<p><strong>Date limite pour les pr\u00e9sentations d\u2019appel<\/strong><\/p>\n<ul>\n<li>Les circonstances att\u00e9nuantes justifiant l\u2019appel doivent \u00eatre pr\u00e9sent\u00e9es par \u00e9crit et parvenir au gestionnaire de l\u2019agr\u00e9ment au bureau de l\u2019ACTRM au plus tard 15\u00a0jours ouvrables apr\u00e8s l\u2019obtention de vos r\u00e9sultats d\u2019examen.<\/li>\n<\/ul>\n<p><strong>Frais d\u2019appel<\/strong><\/p>\n<ul>\n<li>Les frais d\u2019appel sont de 250\u00a0$ et doivent \u00eatre joints \u00e0 la demande d\u2019appel et \u00e0 la documentation.<\/li>\n<\/ul>\n<p><strong>Comit\u00e9 d\u2019appel<\/strong><\/p>\n<ul>\n<li>La demande sera \u00e9tudi\u00e9e par un comit\u00e9 d\u2019appel form\u00e9 de la directrice de l\u2019\u00c9ducation, d\u2019un membre du Conseil consultatif sur l\u2019\u00c9ducation, du pr\u00e9sident d\u2019un Comit\u00e9 de validation des examens, et du gestionnaire de l\u2019agr\u00e9ment. Si le candidat est connu d\u2019un membre du comit\u00e9 d\u2019appel, une autre personne poss\u00e9dant des qualifications similaires sera d\u00e9sign\u00e9e pour cet appel. Le comit\u00e9 d\u2019appel peut demander des renseignements suppl\u00e9mentaires avant de rendre sa d\u00e9cision.<\/li>\n<\/ul>\n<p><strong>D\u00e9cision<\/strong><\/p>\n<ul>\n<li>La d\u00e9cision du Comit\u00e9 d\u2019appel d\u00e9pendra des circonstances de chaque individu et sera communiqu\u00e9e au candidat dans les 25 jours ouvrables suivant la r\u00e9ception de tous les documents li\u00e9s \u00e0 l\u2019appel.<\/li>\n<\/ul>\n<p>La d\u00e9cision du comit\u00e9 d\u2019appel est finale.<\/p><\/div><\/div><\/div>\n<p>&nbsp;<\/p>\n<p>&nbsp;<\/p>\n<p>&nbsp;<\/p>\n","protected":false},"excerpt":{"rendered":"<p>&nbsp; &nbsp; &nbsp; &nbsp;<\/p>\n","protected":false},"author":30,"featured_media":0,"parent":46980,"menu_order":0,"comment_status":"open","ping_status":"closed","template":"tpl-header2.php","meta":{"_monsterinsights_skip_tracking":false,"_monsterinsights_sitenote_active":false,"_monsterinsights_sitenote_note":"","_monsterinsights_sitenote_category":0,"footnotes":""},"class_list":["post-46983","page","type-page","status-publish","hentry"],"_links":{"self":[{"href":"https:\/\/camrt.ca\/fr\/wp-json\/wp\/v2\/pages\/46983","targetHints":{"allow":["GET"]}}],"collection":[{"href":"https:\/\/camrt.ca\/fr\/wp-json\/wp\/v2\/pages"}],"about":[{"href":"https:\/\/camrt.ca\/fr\/wp-json\/wp\/v2\/types\/page"}],"author":[{"embeddable":true,"href":"https:\/\/camrt.ca\/fr\/wp-json\/wp\/v2\/users\/30"}],"replies":[{"embeddable":true,"href":"https:\/\/camrt.ca\/fr\/wp-json\/wp\/v2\/comments?post=46983"}],"version-history":[{"count":0,"href":"https:\/\/camrt.ca\/fr\/wp-json\/wp\/v2\/pages\/46983\/revisions"}],"up":[{"embeddable":true,"href":"https:\/\/camrt.ca\/fr\/wp-json\/wp\/v2\/pages\/46980"}],"wp:attachment":[{"href":"https:\/\/camrt.ca\/fr\/wp-json\/wp\/v2\/media?parent=46983"}],"curies":[{"name":"wp","href":"https:\/\/api.w.org\/{rel}","templated":true}]}}