{"id":46982,"date":"2014-12-20T13:13:21","date_gmt":"2014-12-20T18:13:21","guid":{"rendered":"https:\/\/camrt.wpenginepowered.com\/fr\/?page_id=5289"},"modified":"2025-04-14T10:07:26","modified_gmt":"2025-04-14T14:07:26","slug":"examen-agrement","status":"publish","type":"page","link":"https:\/\/camrt.ca\/fr\/agrement\/programmes-etudes-canadiens-agree\/examen-agrement\/","title":{"rendered":"Examen d\u2019agr\u00e9ment (Ancien)"},"content":{"rendered":"<p>L\u2019examen d\u2019agr\u00e9ment est offert trois fois par ann\u00e9e. Les s\u00e9ances d\u2019examen sont pr\u00e9vues en janvier, mai et septembre. L\u2019examen est offert sur deux jours lors de chaque session afin d\u2019accommoder tous les candidats. L\u2019examen de l\u2019ACTRM est un examen informatis\u00e9 pr\u00e9sent\u00e9 dans les centres d\u2019examen Yardstick approuv\u00e9s \u00e0 travers le Canada. La dur\u00e9e de l\u2019examen est de 4 heures pour 185 questions.<\/p>\n<p>L\u2019inscription \u00e0 l\u2019examen se d\u00e9roule en deux phases :<\/p>\n<ol>\n<li>inscription \u00e0 l\u2019examen sur le site Web de l\u2019ACTRM et paiement des droits;<\/li>\n<li>s\u00e9lection d\u2019un site pour r\u00e9servation d\u2019une place et paiement des frais du centre d\u2019examen sur le site Web de Yardstick.<\/li>\n<\/ol>\n<div class=\"dt-sc-info-box\"><p><strong>IMPORTANT:<\/strong> Toutes les dates limites doivent \u00eatre respect\u00e9es. Sinon, vous perdrez votre chance d&rsquo;\u00e9crire l&rsquo;examen \u00e0 la s\u00e9ance de votre choix.<\/p><\/div>\n<p>Les candidats doivent prendre connaissance de tous les renseignements contenus dans le <strong><a href=\"https:\/\/camrt.wpenginepowered.com\/fr\/wp-content\/uploads\/sites\/3\/2019\/10\/Certification-Prep-Guide-septembre-2019_f.pdf\">Guide de pr\u00e9paration \u00e0 l\u2019examen d\u2019agr\u00e9ment<\/a><\/strong> avant de s\u2019inscrire \u00e0 l\u2019examen.<\/p>\n<p>Si vous \u00eates membre \u00e9tudiant de l\u2019ACTRM, vous avez d\u00e9j\u00e0 un compte d\u2019utilisateur. Vous pouvez \u00e9galement <strong><a href=\"https:\/\/ww2.camrt.ca\/authentication\/index.php?lang=FR\">r\u00e9cup\u00e9rer votre num\u00e9ro de membre<\/a><\/strong> et votre mot de passe avant de pr\u00e9senter votre demande en ligne. Si vous n\u2019\u00eates pas membre de l\u2019ACTRM et ne vous \u00eates jamais inscrit \u00e0 un examen d\u2019agr\u00e9ment ou \u00e0 un cours de perfectionnement professionnel continu de l\u2019ACTRM, vous devez <strong><a href=\"https:\/\/ww2.camrt.ca\/authentication\/index.php?lang=FR\">cr\u00e9er un compte<\/a><\/strong> avant de pouvoir pr\u00e9senter une demande.<\/p>\n<p>Veuillez vous rendre sur le site Web et remplir le <strong><a href=\"https:\/\/ww2.camrt.ca\/authentication\/index.php?page=login&amp;nextpage=\/certification\">formulaire de demande d\u2019admission \u00e0 l\u2019examen<\/a><\/strong>. Une fois le paiement des droits trait\u00e9, tous les candidats inscrits recevront un courriel de confirmation avec des instructions pour le choix d\u2019un centre d\u2019examen pour la r\u00e9servation d\u2019une place et un lien vers l\u2019examen mod\u00e8le. Les dates limites pour l\u2019inscription sont fermes. Les candidats qui ne se sont pas inscrits aupr\u00e8s de l\u2019ACTRM et de Yardstick avant la date limite devront attendre la prochaine s\u00e9ance d\u2019examen.<\/p>\n<div class=\"dt-sc-toggle-frame\"><h5 class='dt-sc-toggle'><a href='#'>Dates d\u2019examen, droits et frais<\/a><\/h5><div class=\"dt-sc-toggle-content\" style=\"display: none;\"><div class=\"block\"><table style=\"height: 240px;width: 98.7107%\" width=\"1372\">\n<tbody>\n<tr style=\"height: 24px\">\n<td style=\"width: 19.2674%;height: 24px\"><strong>Session d\u2019examen<\/strong><\/td>\n<td style=\"width: 20.1465%;height: 24px\"><strong>P\u00e9riode d\u2019inscription<\/strong><\/td>\n<td style=\"width: 19.7802%;height: 24px\"><strong>Droits de l\u2019examen d\u2019agr\u00e9ment<\/strong><\/td>\n<td style=\"width: 19.5604%;height: 24px\"><strong>Frais du centre d\u2019examen<\/strong><\/td>\n<td style=\"width: 20.2198%;height: 24px\"><strong>Frais du centre d\u2019examen international (Doha et Dubai)<\/strong><\/td>\n<\/tr>\n<tr style=\"height: 48px\">\n<td style=\"width: 19.2674%;height: 48px\">13-14 janvier 2020<\/td>\n<td style=\"width: 20.1465%;height: 48px\">25 septembre\u00a0\u2013 30 octobre\u00a02019<\/td>\n<td style=\"width: 19.7802%;height: 48px\">840 $ &#8211; inclut acc\u00e8s au mod\u00e8le d\u2019examen<\/td>\n<td style=\"width: 19.5604%;height: 48px\">161.12 $ + GST\/HST<\/td>\n<td style=\"width: 20.2198%;height: 48px\">250.15 $<\/td>\n<\/tr>\n<tr style=\"height: 48px\">\n<td style=\"width: 19.2674%;height: 48px\">11-12 mai 2020<\/td>\n<td style=\"width: 20.1465%;height: 48px\">20\u00a0janvier \u2013 26 f\u00e9vrier 2020<\/td>\n<td style=\"width: 19.7802%;height: 48px\">840 $ &#8211; inclut acc\u00e8s au mod\u00e8le d\u2019examen<\/td>\n<td style=\"width: 19.5604%;height: 48px\">161.12 $ + GST\/HST<\/td>\n<td style=\"width: 20.2198%;height: 48px\">250.15 $<\/td>\n<\/tr>\n<tr style=\"height: 48px\">\n<td style=\"width: 19.2674%;height: 48px\">8-9 septembre 2020<\/td>\n<td style=\"width: 20.1465%;height: 48px\">19\u00a0mai \u2013\u00a024 juin 2020<\/td>\n<td style=\"width: 19.7802%;height: 48px\">840 $ &#8211; inclut acc\u00e8s au mod\u00e8le d\u2019examen<\/td>\n<td style=\"width: 19.5604%;height: 48px\">161.12 $ + GST\/HST<\/td>\n<td style=\"width: 20.2198%;height: 48px\">250.15 $<\/td>\n<\/tr>\n<tr style=\"height: 48px\">\n<td style=\"width: 19.2674%;height: 48px\">11-12 janvier 2021<\/td>\n<td style=\"width: 20.1465%;height: 48px\">21 septembre \u2013 28 octobre 2020<\/td>\n<td style=\"width: 19.7802%;height: 48px\">840 $ &#8211; inclut acc\u00e8s au mod\u00e8le d\u2019examen<\/td>\n<td style=\"width: 19.5604%;height: 48px\">161.12 $ + GST\/HST<\/td>\n<td style=\"width: 20.2198%;height: 48px\">250.15 $<\/td>\n<\/tr>\n<tr style=\"height: 48px\">\n<td style=\"width: 19.2674%;height: 48px\">17-18 mai 2021<\/td>\n<td style=\"width: 20.1465%;height: 48px\">18 janvier \u2013 24 f\u00e9vrier 2021<\/td>\n<td style=\"width: 19.7802%;height: 48px\">840 $ &#8211; inclut acc\u00e8s au mod\u00e8le d\u2019examen<\/td>\n<td style=\"width: 19.5604%;height: 48px\">161.12 $ + GST\/HST<\/td>\n<td style=\"width: 20.2198%;height: 48px\">250.15 $<\/td>\n<\/tr>\n<tr style=\"height: 48px\">\n<td style=\"width: 19.2674%;height: 48px\">13-14 septembre 2021<\/td>\n<td style=\"width: 20.1465%;height: 48px\">17 mai \u2013 23 juin 2021<\/td>\n<td style=\"width: 19.7802%;height: 48px\">840 $ &#8211; inclut acc\u00e8s au mod\u00e8le d\u2019examen<\/td>\n<td style=\"width: 19.5604%;height: 48px\">161.12 $ + GST\/HST<\/td>\n<td style=\"width: 20.2198%;height: 48px\">250.15 $<\/td>\n<\/tr>\n<\/tbody>\n<\/table>\n<p>Les droits et les frais sont tous indiqu\u00e9s en dollars canadiens et sont sujets \u00e0 changement sans pr\u00e9avis.<\/p>\n<p>Une fois le paiement trait\u00e9, tous les candidats inscrits recevront un courriel de confirmation.<\/p>\n<p><strong>IMPORTANT:<\/strong> <strong>Toutes les dates limites doivent \u00eatre respect\u00e9es. Sinon, vous perdrez votre chance d&rsquo;\u00e9crire l&rsquo;examen \u00e0 la s\u00e9ance de votre choix.<\/strong><\/p>\n<p>Toute communication avec les candidats \u00e0 l&rsquo;examen est par courriel. Il est imp\u00e9ratif que vous v\u00e9rifiez r\u00e9guli\u00e8rement les courriels en ce moment. Dans le cas contraire, communiquer avec l&rsquo;ACTRM.<\/div><\/div><\/div>\n<div class=\"dt-sc-toggle-frame\"><h5 class='dt-sc-toggle'><a href='#'>Commentaires sur l\u2019examen<\/a><\/h5><div class=\"dt-sc-toggle-content\" style=\"display: none;\"><div class=\"block\"><p>L\u2019ACTRM recevra les commentaires sur l\u2019examen d\u2019agr\u00e9ment au cours des deux semaines qui suivront la tenue de celui-ci. Veuillez faire parvenir vos commentaires \u00e0\u00a0<a href=\"mailto:examcomments@camrt.ca\">examcomments@camrt.ca<\/a><\/p><\/div><\/div><\/div>\n<div class=\"dt-sc-toggle-frame\"><h5 class='dt-sc-toggle'><a href='#'>Mesures d\u2019accomodement pour l&#039;examen<\/a><\/h5><div class=\"dt-sc-toggle-content\" style=\"display: none;\"><div class=\"block\"><p><strong>\u00c0 PR\u00c9SENTER AVANT LA DATE LIMITE D&rsquo;INSCRIPTION POUR L\u2019EXAMEN<\/strong><\/p>\n<p>Dans le cas o\u00f9 un handicap ou une d\u00e9ficience limite les principales activit\u00e9s de la vie d\u2019une personne, une demande \u00e9crite de mesures d\u2019accomodement pour l&rsquo;examen\u00a0\u00a0doit \u00eatre pr\u00e9sent\u00e9e \u00e0 l\u2019ACTRM avant la date limite d&rsquo;inscription pour l&rsquo;examen. Toutes les demandes sont trait\u00e9es de mani\u00e8re confidentielle et sur une base individuelle.<\/p>\n<p>Les candidates et les candidats doivent pr\u00e9senter leur demande \u00e9crite au gestionnaire de l\u2019agr\u00e9ment de l\u2019ACTRM en m\u00eame temps quand ils s\u2019inscrivent en ligne pour l\u2019examen.<\/p>\n<p>Les documents suivants doivent aussi \u00eatre fournis :<\/p>\n<ul class='dt-sc-fancy-list   rounded-arrow'>\n<li>un \u00e9nonc\u00e9 clair de la nature du handicap ou de la d\u00e9ficience indiquant sa gravit\u00e9;<\/li>\n<li>une description claire et concise de la mesure ou des mesures d\u2019accomodement demand\u00e9es;<\/li>\n<li>un ou des documents indiquant qu\u2019une mesure ou des mesures d\u2019accomodement comparables ont \u00e9t\u00e9 consenties \u00e0 la candidate ou au candidat durant ses \u00e9tudes;<\/li>\n<li>un ou des documents fournis par un professionnel de la sant\u00e9 ou en counseling\u00a0:\n<ul class='dt-sc-fancy-list   rounded-arrow'>\n<li>attestant que le cas de la candidate ou du candidat a fait l\u2019objet d\u2019une \u00e9valuation;<\/li>\n<li>donnant des d\u00e9tails sur le handicap ou la d\u00e9ficience, incluant un diagnostic;<\/li>\n<li>d\u00e9crivant la limitation fonctionnelle courante;<\/li>\n<li>appuyant la demande concernant les mesures d\u2019accomodement\u00a0sp\u00e9cifiques pr\u00e9sent\u00e9es par la candidate ou le candidat.<\/li>\n<\/ul>\n<\/li>\n<\/ul>\n<p>Veuillez imprimer une copie du <a href=\"https:\/\/camrt.wpenginepowered.com\/fr\/wp-content\/uploads\/sites\/3\/2019\/06\/Formulaire-de-demande-d\u2019accomodement-pour-l\u2019examen.pdf\">formulaire de demande d\u2019accomodement pour l&rsquo;examen<\/a>. Veuillez remplir et envoyer le formulaire avec les documents qui doivent aussi \u00eatre fournis\u00a0\u00a0au gestionnaire de l\u2019agr\u00e9ment de l\u2019ACTRM au moins 90 jours avant l\u2019examen.<\/p>\n<p>Nota :<\/p>\n<p>L\u2019ACTRM assure la confidentialit\u00e9 de tous les documents fournis par un professionnel de la sant\u00e9 ou en counseling et s\u2019en sert dans le but de d\u00e9terminer quelles mesures d\u2019accomodement appropri\u00e9es doivent \u00eatre prises pour la candidate ou le candidat, s\u2019il y a lieu.<\/p>\n<p>Tous les documents fournis par un professionnel de la sant\u00e9 ou en counseling doivent \u00eatre \u00e0 jour dans <em>les six (6) mois<\/em> de la date de la demande d\u2019admission \u00e0 l\u2019examen. Si un ou des documents fournis (rapports ou lettres) ne sont pas \u00e0 jour dans les six (6) mois de la date de la demande d\u2019admission \u00e0 l\u2019examen, la candidate ou le candidat doit inclure une lettre d\u2019un professionnel de la sant\u00e9 ou en counseling indiquant qu\u2019il a examin\u00e9 les documents \u00e0 l\u2019appui et qu\u2019il est d\u2019accord que la ou les mesures d\u2019accomodement indiqu\u00e9es dans ces documents demeurent valides pour la candidate ou le candidat aux fins de l\u2019examen d\u2019agr\u00e9ment de l\u2019ACTRM \u00e0 la date propos\u00e9e pour cet examen.<\/p>\n<p>La d\u00e9cision finale concernant les demandes de mesures d&rsquo;accomodement pour l&rsquo;examen revient \u00e0 la directrice de l\u2019\u00c9ducation de l\u2019ACTRM, de concert avec le gestionnaire de l\u2019agr\u00e9ment de l\u2019ACTRM. En prenant la d\u00e9cision, l\u2019ACTRM doit s\u2019assurer que le fait d\u2019acquiescer \u00e0 la demande de mesure(s) d\u2019adaptation n\u2019affecte pas la validit\u00e9 et l\u2019int\u00e9grit\u00e9 de l\u2019examen d\u2019agr\u00e9ment.<\/p><\/div><\/div><\/div>\n<div class=\"dt-sc-toggle-frame\"><h5 class='dt-sc-toggle'><a href='#'>Autres frais administratifs<\/a><\/h5><div class=\"dt-sc-toggle-content\" style=\"display: none;\"><div class=\"block\"><table>\n<tbody>\n<tr>\n<td><strong>Frais de transfert \u00e0 une autre session d\u2019examen<\/strong><\/td>\n<td>50 $<\/td>\n<\/tr>\n<\/tbody>\n<\/table>\n<p>Les candidats peuvent demander un transfert pour passer l\u2019examen lors d\u2019une session ult\u00e9rieure. Les frais d\u2019inscription \u00e0 l\u2019examen vers\u00e9s \u00e0 l\u2019ACTRM seront appliqu\u00e9s \u00e0 la session choisie. Cliquez ici pour t\u00e9l\u00e9charger une <strong><a href=\"https:\/\/camrt.wpenginepowered.com\/fr\/wp-content\/uploads\/sites\/3\/2017\/09\/CAMRT-Exam-transfer-form-fr.pdf\">demande de changement de session d\u2019examen<\/a><\/strong> et envoyez le formulaire rempli \u00e0 <strong><a href=\"mailto:certification@camrt.ca\">certification@camrt.ca<\/a><\/strong>.<\/p>\n<p>Toutes les demandes de transfert doivent \u00eatre re\u00e7ues avant la fin de la p\u00e9riode d\u2019inscription pour la session d\u2019examen choisie.<\/p>\n<p>Les frais de r\u00e9servation vers\u00e9s \u00e0 Yardstick pour le choix d\u2019un centre d\u2019examen et la r\u00e9servation d\u2019un si\u00e8ge ne peuvent \u00eatre transf\u00e9r\u00e9s. La r\u00e9servation doit \u00eatre annul\u00e9e et une nouvelle r\u00e9servation doit \u00eatre faite pour la session d\u2019examen choisie. Yardstick n\u2019accepte les annulations avec un remboursement que dix (10)\u00a0 jours ouvrables avant la date d&rsquo;examen. Apr\u00e8s ce d<span style=\"float: none;background-color: #ffffff;color: #333333;cursor: text;font-family: Georgia,'Times New Roman','Bitstream Charter',Times,serif;font-size: 16px;font-style: normal;font-variant: normal;font-weight: 400;letter-spacing: normal;text-align: left;text-decoration: none;text-indent: 0px;text-transform: none\">\u00e9lais<\/span>, les frais de reservation ne seront pas rembours\u00e9s.<\/p>\n<table>\n<tbody>\n<tr>\n<td><strong>Remboursement des frais d\u2019examen<\/strong><\/td>\n<td>100 $<\/td>\n<\/tr>\n<\/tbody>\n<\/table>\n<p>Les candidats qui souhaitent se retirer de l\u2019examen d\u2019agr\u00e9ment de l\u2019ACTRM peuvent\u00a0 demander le remboursement des frais d\u2019examen. Des frais a&rsquo;dministration s&rsquo;appliquent. Les demandes de remboursement doivent \u00eatre faites par \u00e9crit \u00e0 <strong><a href=\"mailto:certification@camrt.ca\">certification@camrt.ca<\/a><\/strong>.<\/p>\n<p>Le d\u00e9faut de demander un transfert \u00e0 une autre session d\u2019examen ou un remboursement des frais d\u2019examen dans un d\u00e9lai de deux (2) ans \u00e0 compter de la date d\u2019examen initiale entra\u00eenera le forfait du montant total des frais d\u2019examen.<\/p><\/div><\/div><\/div>\n<div class=\"dt-sc-toggle-frame\"><h5 class='dt-sc-toggle'><a href='#'>Obtention de vos r\u00e9sultats d\u2019examen<\/a><\/h5><div class=\"dt-sc-toggle-content\" style=\"display: none;\"><div class=\"block\"><p>&nbsp;<\/p>\n<p>Les r\u00e9sultats de l\u2019examen sont publi\u00e9s dans les 20 jours ouvrables suivant la date de l\u2019examen. Les candidats sont avis\u00e9s par courriel lorsque les r\u00e9sultats sont affich\u00e9s sur leur profil en ligne sur le site de l\u2019ACTRM. Le r\u00e9sultat de l\u2019examen n\u2019est PAS communiqu\u00e9 par t\u00e9l\u00e9phone ou par courriel.<\/p>\n<p>Les candidats qui ont r\u00e9ussi l\u2019examen re\u00e7oivent la mention \u00ab r\u00e9ussi \u00bb. Aucune note num\u00e9rique n\u2019est donn\u00e9e aux candidats \u00e0 l\u2019examen d\u2019agr\u00e9ment qui ont r\u00e9ussi l\u2019examen.<\/p>\n<p>Les candidats qui n\u2019ont pas r\u00e9ussi re\u00e7oivent une analyse de leur rendement \u00e0 l\u2019examen d\u2019agr\u00e9ment environ 5 jours apr\u00e8s la publication des r\u00e9sultats. Le Profil de rendement ventile les r\u00e9sultats par module du Profil de comp\u00e9tences, afin de favoriser la pr\u00e9paration corrective. La pr\u00e9paration corrective est fortement recommand\u00e9e \u00e0 tous les candidats qui ont \u00e9chou\u00e9 \u00e0 l\u2019examen d\u2019agr\u00e9ment.<\/p>\n<p>Le r\u00e9sultat de l&rsquo;examen est d\u00e9finitif. Les r\u00e9sultats des examens ne sont en aucun cas donn\u00e9s ou discut\u00e9s par t\u00e9l\u00e9phone.<\/p><\/div><\/div><\/div>\n<p>&nbsp;<\/p>\n","protected":false},"excerpt":{"rendered":"<p>L\u2019examen d\u2019agr\u00e9ment est offert trois fois par ann\u00e9e. Les s\u00e9ances d\u2019examen sont pr\u00e9vues en janvier, mai et septembre. L\u2019examen est offert sur deux jours lors de chaque session afin d\u2019accommoder [&hellip;]<\/p>\n","protected":false},"author":30,"featured_media":0,"parent":46980,"menu_order":0,"comment_status":"open","ping_status":"closed","template":"tpl-header2.php","meta":{"_monsterinsights_skip_tracking":false,"_monsterinsights_sitenote_active":false,"_monsterinsights_sitenote_note":"","_monsterinsights_sitenote_category":0,"footnotes":""},"class_list":["post-46982","page","type-page","status-publish","hentry"],"_links":{"self":[{"href":"https:\/\/camrt.ca\/fr\/wp-json\/wp\/v2\/pages\/46982","targetHints":{"allow":["GET"]}}],"collection":[{"href":"https:\/\/camrt.ca\/fr\/wp-json\/wp\/v2\/pages"}],"about":[{"href":"https:\/\/camrt.ca\/fr\/wp-json\/wp\/v2\/types\/page"}],"author":[{"embeddable":true,"href":"https:\/\/camrt.ca\/fr\/wp-json\/wp\/v2\/users\/30"}],"replies":[{"embeddable":true,"href":"https:\/\/camrt.ca\/fr\/wp-json\/wp\/v2\/comments?post=46982"}],"version-history":[{"count":0,"href":"https:\/\/camrt.ca\/fr\/wp-json\/wp\/v2\/pages\/46982\/revisions"}],"up":[{"embeddable":true,"href":"https:\/\/camrt.ca\/fr\/wp-json\/wp\/v2\/pages\/46980"}],"wp:attachment":[{"href":"https:\/\/camrt.ca\/fr\/wp-json\/wp\/v2\/media?parent=46982"}],"curies":[{"name":"wp","href":"https:\/\/api.w.org\/{rel}","templated":true}]}}