{"id":46981,"date":"2014-12-20T13:11:04","date_gmt":"2014-12-20T18:11:04","guid":{"rendered":"https:\/\/camrt.wpenginepowered.com\/fr\/?page_id=5287"},"modified":"2025-04-14T10:06:35","modified_gmt":"2025-04-14T14:06:35","slug":"preparation-examen-agrement","status":"publish","type":"page","link":"https:\/\/camrt.ca\/fr\/agrement\/programmes-etudes-canadiens-agree\/preparation-examen-agrement\/","title":{"rendered":"Pr\u00e9paration \u00e0 l\u2019examen d\u2019agr\u00e9ment (Ancien)"},"content":{"rendered":"<p>L\u2019examen d\u2019acc\u00e8s \u00e0 la pratique de l\u2019ACTRM est un examen bas\u00e9 sur les comp\u00e9tences. L\u2019accent est mis sur l\u2019application des connaissances dans l\u2019environnement pratique et les questions de l\u2019examen sont formul\u00e9es en cons\u00e9quence. Pour aider les candidats \u00e0 se pr\u00e9parer \u00e0 cet examen difficile, l\u2019ACTRM offre les ressources suivantes\u00a0:<\/p>\n<div class=\"dt-sc-toggle-frame\"><h5 class='dt-sc-toggle'><a href='#'>Guide de pr\u00e9paration<\/a><\/h5><div class=\"dt-sc-toggle-content\" style=\"display: none;\"><div class=\"block\"><p>Le Guide de pr\u00e9paration \u00e0 l\u2019examen d\u2019agr\u00e9ment a \u00e9t\u00e9 con\u00e7u par l\u2019Association canadienne des technologues en radiation m\u00e9dicale pour aider les candidats \u00e0 se pr\u00e9parer \u00e0 l\u2019examen national d\u2019agr\u00e9ment en m\u00e9dicine nucl\u00e9aire, en radioth\u00e9rapie, en radiologie et en r\u00e9sonance magn\u00e9tique. Le Guide pr\u00e9sente de l\u2019information sur le processus d\u2019agr\u00e9ment.<\/p>\n<p><a href=\"https:\/\/camrt.wpenginepowered.com\/fr\/wp-content\/uploads\/sites\/3\/2019\/12\/Certification-Prep-Guide-septembre-2019_f.pdf\">Guide de pr\u00e9paration<\/a><\/p>\n<p>Veuillez prendre note qu&rsquo;\u00e0 compter des examens en janvier 2016, le nombre de questions changera \u00e0 185 questions \u00e0 choix multiples. La dur\u00e9e de l&rsquo;examen sera de 4 heures.<\/p><\/div><\/div><\/div>\n<div class=\"dt-sc-toggle-frame\"><h5 class='dt-sc-toggle'><a href='#'>Plans d\u2019examen<\/a><\/h5><div class=\"dt-sc-toggle-content\" style=\"display: none;\"><div class=\"block\"><p><strong>Plans d&rsquo;examen &#8211; \u00e0 partir des examens d\u2019agr\u00e9ment de mai 2018<\/strong><\/p>\n<p style=\"text-align: justify\">Les plans d\u2019examen \u00e0 utiliser \u00e0 partir des examens d\u2019agr\u00e9ment de mai 2018 ont \u00e9t\u00e9 cr\u00e9\u00e9s dans un format diff\u00e9rent.\nIls ne r\u00e9pertorient que les comp\u00e9tences qui seront test\u00e9s lors des examens, poss\u00e8de un syst\u00e8me de codage qui est diff\u00e9rent de celui des profils de comp\u00e9tences et fournissent un pourcentage de pond\u00e9ration des questions pour chaque domaine sp\u00e9cifique.\nN\u2019utilisez pas le codes dans les plan d\u2019examen pour faire r\u00e9f\u00e9rence aux programmes universitaires. Le codage des plans d\u2019examens est con\u00e7u pour coder les question d\u2019examen.<\/p>\n<p style=\"text-align: justify\"><strong>Veuillez utiliser le codage des profils de comp\u00e9tences pour faire r\u00e9f\u00e9rence aux programmes universitaires.<\/strong><\/p>\n<ul class='dt-sc-fancy-list   rounded-arrow'>\n<li><a href=\"https:\/\/camrt.wpenginepowered.com\/fr\/wp-content\/uploads\/sites\/3\/2017\/04\/MR-EB-2018-FRENCH.pdf\">R\u00e9sonance magn\u00e9tique<\/a><\/li>\n<li><a href=\"https:\/\/camrt.wpenginepowered.com\/fr\/wp-content\/uploads\/sites\/3\/2017\/04\/NM-EB-2018-French.pdf\">M\u00e9decine nucl\u00e9aire<\/a><\/li>\n<li><a href=\"https:\/\/camrt.wpenginepowered.com\/fr\/wp-content\/uploads\/sites\/3\/2017\/04\/Rad-Th-EB-FRENCH-2018.pdf\">Radioth\u00e9rapie<\/a><\/li>\n<li><a href=\"https:\/\/camrt.wpenginepowered.com\/fr\/wp-content\/uploads\/sites\/3\/2017\/04\/RD-EB-French-2018.pdf\">Technologie de la radiologie<\/a><\/li>\n<\/ul><\/div><\/div><\/div>\n<div class=\"dt-sc-toggle-frame\"><h5 class='dt-sc-toggle'><a href='#'>Glossaires et abr\u00e9viations<\/a><\/h5><div class=\"dt-sc-toggle-content\" style=\"display: none;\"><div class=\"block\"><p>Ci-dessous, glossaires et abr\u00e9viations de chaque de discipline.<\/p>\n<ul class='dt-sc-fancy-list   rounded-arrow'>\n<li><a href=\"https:\/\/camrt.wpenginepowered.com\/fr\/wp-content\/uploads\/sites\/3\/2019\/03\/MR-Glossary-March-2019-FR.pdf\">R\u00e9sonance magn\u00e9tique<\/a><\/li>\n<li><a href=\"https:\/\/camrt.wpenginepowered.com\/fr\/wp-content\/uploads\/sites\/3\/2019\/03\/NM-Glossary-March-2019.pdf\">M\u00e9decine nucl\u00e9aire<\/a>\u00a0(en anglais)<\/li>\n<li><a href=\"https:\/\/camrt.wpenginepowered.com\/fr\/wp-content\/uploads\/sites\/3\/2019\/03\/TH-Glossary-March-2019.pdf\">Radioth\u00e9rapie<\/a>\u00a0(en anglais)<\/li>\n<li><a href=\"https:\/\/camrt.wpenginepowered.com\/fr\/wp-content\/uploads\/sites\/3\/2019\/03\/RTR-Glossary-March-2019-FR.pdf\">Technologie de la radiologie<\/a><\/li>\n<\/ul><\/div><\/div><\/div>\n<div class=\"dt-sc-toggle-frame\"><h5 class='dt-sc-toggle'><a href='#'>Comment passer un examen bas\u00e9 sur les comp\u00e9tences<\/a><\/h5><div class=\"dt-sc-toggle-content\" style=\"display: none;\"><div class=\"block\"><p>L\u2019examen d\u2019acc\u00e8s \u00e0 la pratique de l\u2019ACTRM est un examen bas\u00e9 sur les comp\u00e9tences. L\u2019accent est mis sur l\u2019application des connaissances dans l\u2019environnement pratique et les questions de l\u2019examen sont formul\u00e9es en cons\u00e9quence.<\/p>\n<p>Un <a href=\"https:\/\/camrt.wpenginepowered.com\/examen_base_sur_les_competences\/story.html\">module interactif<\/a> en ligne a \u00e9t\u00e9 produit afin de fournir un nouvel outil permettant aux candidats de mieux comprendre les examens bas\u00e9s sur les comp\u00e9tences. \u00a0Le module pr\u00e9sente les renseignements suivants\u00a0:<\/p>\n<ul class='dt-sc-fancy-list   rounded-arrow'>\n<li>L\u2019admission \u00e0 la pratique au Canada<\/li>\n<li>L\u2019enseignement et l\u2019\u00e9valuation bas\u00e9s sur les comp\u00e9tences<\/li>\n<li>La valeur de l\u2019apprentissage bas\u00e9 sur les comp\u00e9tences comme mod\u00e8le permettant de r\u00e9pondre aux besoins du milieu du travail<\/li>\n<li>Exemples de questions d\u2019examen comparant les questions bas\u00e9es sur les connaissances et les questions bas\u00e9es sur les comp\u00e9tences<\/li>\n<li>La pr\u00e9paration et la notation des examens d\u2019agr\u00e9ment nationaux<\/li>\n<li>Conseils et strat\u00e9gies pour passer l\u2019examen<\/li>\n<li>\u00c9valuation du module<\/li>\n<\/ul>\n<p><strong>Veuillez noter que ce module est en cours de mise \u00e0 jour.<\/strong><\/p>\n<p>Lorsque le module a \u00e9t\u00e9 cr\u00e9\u00e9, il \u00e9tait li\u00e9 \u00e0 une ancienne version des profils de comp\u00e9tences et des plans d&rsquo;examen de l&rsquo;ACTRM. Depuis mai 2018, l&rsquo;examen d\u2019agr\u00e9ment de l&rsquo;ACTRM ne comprend plus des \u00e9tudes de cas. L&rsquo;examen d\u2019agr\u00e9ment actuellement comprend 185 questions ind\u00e9pendantes \u00e0 choix multiple. Les nouveaux profils de comp\u00e9tences et plans d\u2019examen ont \u00e9t\u00e9 mis en \u0153uvre en mai 2018 et peuvent \u00eatre trouv\u00e9s <a href=\"https:\/\/camrt.wpenginepowered.com\/fr\/agrement\/profils-de-competences-2\/\">ici<\/a>.<\/p><\/div><\/div><\/div>\n<div class=\"dt-sc-toggle-frame\"><h5 class='dt-sc-toggle'><a href='#'>Examens de pratique<\/a><\/h5><div class=\"dt-sc-toggle-content\" style=\"display: none;\"><div class=\"block\"><p>Les examens de pratique de 100 questions pour chaque discipline sont d\u00e9velopp\u00e9s par l&rsquo;ACTRM comme un <strong>outil de pr\u00e9paration \u00e0 l\u2019examen<\/strong> pour aider les candidats qui ont l&rsquo;intention d\u2019\u00e9crire l&rsquo;examen d\u2019agr\u00e9ment dans les disciplines de la m\u00e9decine nucl\u00e9aire, de la radioth\u00e9rapie, de la technologie de radiologie et de la r\u00e9sonance magn\u00e9tique.\u00a0Un acc\u00e8s illimit\u00e9 \u00e0 l\u2019examen de pratique est inclus dans les frais d\u2019inscription \u00e0 l\u2019examen d\u2019agr\u00e9ment.<\/p>\n<p>Veuillez noter que les examens de pratique sont optimis\u00e9s pour les ordinateurs de bureau\/ordinateurs portables uniquement.<\/p>\n<p>NOTE: Nous apportons actuellement des r\u00e9visions \u00e0 l\u2019examen de pratique. <strong>Veuillez noter que les examens de pratique actuels sont bas\u00e9s sur une version ant\u00e9rieure du profil de comp\u00e9tences.<\/strong><\/p>\n<p>\u00c0 ce titre, veuillez prendre note de ce qui suit\u00a0:<\/p>\n<ul>\n<li>il existe un nouveau plan d\u2019examen et par cons\u00e9quent la pond\u00e9ration des questions d\u2019examen pour chacun des modules du profil de comp\u00e9tences a chang\u00e9;<\/li>\n<li>certaines questions de l\u2019examen de pratique peuvent \u00eatre associ\u00e9es \u00e0 une comp\u00e9tence de l\u2019ancien profil qui n\u2019est plus mati\u00e8re d\u2019examen dans la version la plus r\u00e9cente du plan d\u2019examen d\u2019agr\u00e9ment de l\u2019ACTRM;<\/li>\n<li>l\u2019examen de pratique pr\u00e9sente un \u00e9chantillon du type de questions et du contenu que vous pourriez rencontrer dans l\u2019examen d\u2019agr\u00e9ment et ne couvre pas de fa\u00e7on exhaustive l\u2019ensemble des comp\u00e9tences sujettes \u00e0 examen ou qui se trouvent dans le plan d\u2019examen. Les candidat(e)s \u00e0 l\u2019examen devraient utiliser la version la plus \u00e0 jour du profil de comp\u00e9tences et du plan d\u2019examen, qui sont disponibles ici\u00a0: <a href=\"https:\/\/camrt.wpenginepowered.com\/fr\/agrement\/programmes-etudes-canadiens-agree\/preparation-examen-agrement\/\">https:\/\/camrt.wpenginepowered.com\/fr\/agrement\/programmes-etudes-canadiens-agree\/preparation-examen-agrement\/<\/a>, pour se guider dans leurs \u00e9tudes.<\/li>\n<\/ul><\/div><\/div><\/div>\n<div class=\"dt-sc-toggle-frame\"><h5 class='dt-sc-toggle'><a href='#'>Manuels recommand\u00e9s<\/a><\/h5><div class=\"dt-sc-toggle-content\" style=\"display: none;\"><div class=\"block\"><p>L\u2019ACTRM fournit une liste de manuels recommand\u00e9s pour chaque discipline. Ce sont les manuels qui servent \u00e0 la r\u00e9daction des questions de l\u2019examen d\u2019agr\u00e9ment.<\/p>\n<p>Liste de manuels recommand\u00e9s :<\/p>\n<ul class='dt-sc-fancy-list   rounded-arrow'>\n<li><a href=\"https:\/\/camrt.wpenginepowered.com\/fr\/wp-content\/uploads\/sites\/3\/2019\/08\/Recommended-texts-MR-July-2019.pdf\">R\u00e9sonance magn\u00e9tique<\/a>\u00a0(en anglais)<\/li>\n<li><a href=\"https:\/\/camrt.wpenginepowered.com\/fr\/wp-content\/uploads\/sites\/3\/2019\/08\/Recommended-texts-NM-July-2019.pdf\">M\u00e9decine nucl\u00e9aire<\/a>\u00a0(en anglais)<\/li>\n<li><a href=\"https:\/\/camrt.wpenginepowered.com\/fr\/wp-content\/uploads\/sites\/3\/2019\/08\/Recommended-texts-TH-July-2019.pdf\">Radioth\u00e9rapie<\/a>\u00a0(en anglais)<\/li>\n<li><a href=\"https:\/\/camrt.wpenginepowered.com\/fr\/wp-content\/uploads\/sites\/3\/2019\/08\/Recommended-texts-RTR-July-2019.pdf\">Technologie de la radiologie<\/a>\u00a0(en anglais)<\/li>\n<\/ul><\/div><\/div><\/div>\n<div class=\"dt-sc-toggle-frame\"><h5 class='dt-sc-toggle'><a href='#'>Pratique en technologie de radiation m\u00e9dicale au Canada<\/a><\/h5><div class=\"dt-sc-toggle-content\" style=\"display: none;\"><div class=\"block\"><p>Le but de ce module est de fournir des informations sur la pratique en technologie de radiation m\u00e9dicale dans un environnement de soins de sant\u00e9 canadien. Le module offre de l\u2019information sur la r\u00e9glementation, la pratique professionnelle , s\u00e9curit\u00e9 des patients et TRM , la diversit\u00e9 , l&rsquo;importance d&rsquo;une communication efficace et la valeur de l&rsquo;adh\u00e9sion \u00e0 l&rsquo;ACTRM.<\/p>\n<p><a href=\"https:\/\/camrt.wpenginepowered.com\/exercice-de-la-technologie-de-la-radiation-medicale-au-canada\/story.html\">Pratique en technologie de radiation m\u00e9dicale au Canada<\/a><\/p><\/div><\/div><\/div>\n","protected":false},"excerpt":{"rendered":"<p>L\u2019examen d\u2019acc\u00e8s \u00e0 la pratique de l\u2019ACTRM est un examen bas\u00e9 sur les comp\u00e9tences. L\u2019accent est mis sur l\u2019application des connaissances dans l\u2019environnement pratique et les questions de l\u2019examen sont [&hellip;]<\/p>\n","protected":false},"author":30,"featured_media":0,"parent":46980,"menu_order":0,"comment_status":"open","ping_status":"closed","template":"tpl-header2.php","meta":{"_monsterinsights_skip_tracking":false,"_monsterinsights_sitenote_active":false,"_monsterinsights_sitenote_note":"","_monsterinsights_sitenote_category":0,"footnotes":""},"class_list":["post-46981","page","type-page","status-publish","hentry"],"_links":{"self":[{"href":"https:\/\/camrt.ca\/fr\/wp-json\/wp\/v2\/pages\/46981","targetHints":{"allow":["GET"]}}],"collection":[{"href":"https:\/\/camrt.ca\/fr\/wp-json\/wp\/v2\/pages"}],"about":[{"href":"https:\/\/camrt.ca\/fr\/wp-json\/wp\/v2\/types\/page"}],"author":[{"embeddable":true,"href":"https:\/\/camrt.ca\/fr\/wp-json\/wp\/v2\/users\/30"}],"replies":[{"embeddable":true,"href":"https:\/\/camrt.ca\/fr\/wp-json\/wp\/v2\/comments?post=46981"}],"version-history":[{"count":0,"href":"https:\/\/camrt.ca\/fr\/wp-json\/wp\/v2\/pages\/46981\/revisions"}],"up":[{"embeddable":true,"href":"https:\/\/camrt.ca\/fr\/wp-json\/wp\/v2\/pages\/46980"}],"wp:attachment":[{"href":"https:\/\/camrt.ca\/fr\/wp-json\/wp\/v2\/media?parent=46981"}],"curies":[{"name":"wp","href":"https:\/\/api.w.org\/{rel}","templated":true}]}}