{"id":46980,"date":"2014-12-20T13:10:15","date_gmt":"2014-12-20T18:10:15","guid":{"rendered":"https:\/\/camrt.wpenginepowered.com\/fr\/?page_id=5284"},"modified":"2025-04-14T10:05:30","modified_gmt":"2025-04-14T14:05:30","slug":"programmes-etudes-canadiens-agree","status":"publish","type":"page","link":"https:\/\/camrt.ca\/fr\/agrement\/programmes-etudes-canadiens-agree\/","title":{"rendered":"Dipl\u00f4m\u00e9s de programmes d\u2019\u00e9tudes canadiens agr\u00e9\u00e9s (Ancien)"},"content":{"rendered":"<h2>Programmes\u00a0canadiens\u00a0agr\u00e9\u00e9s par Agr\u00e9ment Canada offerts dans les disciplines suivantes :<\/h2>\n<ul class=\"dt-sc-fancy-list rounded-arrow\">\n<li><a title=\"R\u00e9sonance magn\u00e9tique\" href=\"https:\/\/camrt.wpenginepowered.com\/fr\/resonance-magnetique\/\">R\u00e9sonance magn\u00e9tique<\/a><\/li>\n<li><a title=\"M\u00e9decine nucl\u00e9aire\" href=\"https:\/\/camrt.wpenginepowered.com\/fr\/medecine-nucleaire\/\">M\u00e9decine nucl\u00e9aire<\/a><\/li>\n<li><a title=\"Radio-oncologie\" href=\"https:\/\/camrt.wpenginepowered.com\/fr\/radio-oncologie\/\">Radio-oncologie<\/a><\/li>\n<li><a title=\"Technologie de radiologie\" href=\"https:\/\/camrt.wpenginepowered.com\/fr\/technologie-de-radiologie\/\">Technologie de radiologie<\/a><\/li>\n<\/ul>\n<p>Pour vous guider tout au long du chemin qui vous m\u00e8nera de la formation syst\u00e9matique \u00e0 la r\u00e9ussite de votre examen d\u2019agr\u00e9ment, l\u2019ACTRM a mis au point un vaste \u00e9ventail de ressources en ligne qui vous aideront \u00e0 bien vous pr\u00e9parer.<\/p>\n<ul class='dt-sc-fancy-list   rounded-arrow'>\n<li><a href=\"https:\/\/camrt.wpenginepowered.com\/fr\/agrement\/programmes-etudes-canadiens-agree\/preparation-examen-agrement\/\">Pr\u00e9paration \u00e0 l\u2019examen d\u2019agr\u00e9ment<\/a><\/li>\n<li><a title=\"Examen d\u2019agr\u00e9ment\" href=\"\/fr\/agrement\/programmes-etudes-canadiens-agree\/examen-agrement\/\">Examen d\u2019agr\u00e9ment<\/a><\/li>\n<li><a title=\"Prochaines \u00e9tapes\" href=\"\/fr\/agrement\/programmes-etudes-canadiens-agree\/prochaines-etapes\/\">Prochaines \u00e9tapes<\/a><\/li>\n<\/ul>\n<p title=\"Pr\u00e9paration \u00e0 l\u2019examen d\u2019agr\u00e9ment\">\n","protected":false},"excerpt":{"rendered":"<p>Programmes\u00a0canadiens\u00a0agr\u00e9\u00e9s par Agr\u00e9ment Canada offerts dans les disciplines suivantes : R\u00e9sonance magn\u00e9tique M\u00e9decine nucl\u00e9aire Radio-oncologie Technologie de radiologie Pour vous guider tout au long du chemin qui vous m\u00e8nera de [&hellip;]<\/p>\n","protected":false},"author":30,"featured_media":0,"parent":46978,"menu_order":0,"comment_status":"open","ping_status":"closed","template":"tpl-header2.php","meta":{"_monsterinsights_skip_tracking":false,"_monsterinsights_sitenote_active":false,"_monsterinsights_sitenote_note":"","_monsterinsights_sitenote_category":0,"footnotes":""},"class_list":["post-46980","page","type-page","status-publish","hentry"],"_links":{"self":[{"href":"https:\/\/camrt.ca\/fr\/wp-json\/wp\/v2\/pages\/46980","targetHints":{"allow":["GET"]}}],"collection":[{"href":"https:\/\/camrt.ca\/fr\/wp-json\/wp\/v2\/pages"}],"about":[{"href":"https:\/\/camrt.ca\/fr\/wp-json\/wp\/v2\/types\/page"}],"author":[{"embeddable":true,"href":"https:\/\/camrt.ca\/fr\/wp-json\/wp\/v2\/users\/30"}],"replies":[{"embeddable":true,"href":"https:\/\/camrt.ca\/fr\/wp-json\/wp\/v2\/comments?post=46980"}],"version-history":[{"count":0,"href":"https:\/\/camrt.ca\/fr\/wp-json\/wp\/v2\/pages\/46980\/revisions"}],"up":[{"embeddable":true,"href":"https:\/\/camrt.ca\/fr\/wp-json\/wp\/v2\/pages\/46978"}],"wp:attachment":[{"href":"https:\/\/camrt.ca\/fr\/wp-json\/wp\/v2\/media?parent=46980"}],"curies":[{"name":"wp","href":"https:\/\/api.w.org\/{rel}","templated":true}]}}