{"id":46978,"date":"2014-09-16T14:00:15","date_gmt":"2014-09-16T18:00:15","guid":{"rendered":"https:\/\/camrt.wpenginepowered.com\/?page_id=2"},"modified":"2025-04-14T10:02:30","modified_gmt":"2025-04-14T14:02:30","slug":"agrement","status":"publish","type":"page","link":"https:\/\/camrt.ca\/fr\/agrement\/","title":{"rendered":"Agr\u00e9ment (Ancien)"},"content":{"rendered":"<p>L\u2019obtention de l\u2019agr\u00e9ment \u00e0 titre de technologue en radiation m\u00e9dicale vous ouvre les portes d\u2019une carri\u00e8re stimulante au sein du syst\u00e8me de sant\u00e9 canadien, o\u00f9 vous jouerez un r\u00f4le unique et vital. Les TRM sont un maillon essentiel entre les soins aux patients et les technologies d\u2019imagerie et de traitement les plus sophistiqu\u00e9es.<\/p>\n<h2>Conditions d\u2019admissibilit\u00e9 \u00e0 la r\u00e9daction de l\u2019examen d\u2019agr\u00e9ment de l\u2019ACTRM<\/h2>\n<p>Pour <span lang=\"fr\">\u00eatre admissible \u00e0 l&rsquo;examen:<\/span><\/p>\n<ol>\n<li style=\"list-style-type: none\">\n<ol>\n<li><span lang=\"fr\">Le candidat canadien doit \u00eatre un dipl\u00f4m\u00e9 d&rsquo;un programme canadien de TRM\u00a0agr\u00e9\u00e9 par Agr\u00e9ment Canada.<\/span><\/li>\n<li><span lang=\"fr\">Le candidat international doit se soumettre \u00e0\u00a0une \u00e9valuation des dipl\u00f4mes, de la langue et de l&rsquo;exp\u00e9rience de travail.<\/span><\/li>\n<\/ol>\n<\/li>\n<\/ol>\n<div class=\"tw-swapa\"><\/div>\n<div class=\"oSioSc\">\n<div id=\"tw-target\"><\/div>\n<\/div>\n<h2>Programmes canadiens agr\u00e9\u00e9s par Agr\u00e9ment Canada offerts\u00a0dans\u00a0chaque discipline:<\/h2>\n<ul class='dt-sc-fancy-list   rounded-arrow'>\n<li><a title=\"R\u00e9sonance magn\u00e9tique\" href=\"\/fr\/resonance-magnetique\/\">R\u00e9sonance magn\u00e9tique<\/a><\/li>\n<li><a title=\"M\u00e9decine nucl\u00e9aire\" href=\"\/fr\/medecine-nucleaire\/\">M\u00e9decine nucl\u00e9aire<\/a><\/li>\n<li><a title=\"Radio-oncologie\" href=\"\/fr\/radio-oncologie\/\">Radio-oncologie<\/a><\/li>\n<li><a title=\"Technologie de radiologie\" href=\"\/fr\/technologie-de-radiologie\/\">Technologie de radiologie<\/a><\/li>\n<\/ul>\n<p>&nbsp;<\/p>\n","protected":false},"excerpt":{"rendered":"<p>L\u2019obtention de l\u2019agr\u00e9ment \u00e0 titre de technologue en radiation m\u00e9dicale vous ouvre les portes d\u2019une carri\u00e8re stimulante au sein du syst\u00e8me de sant\u00e9 canadien, o\u00f9 vous jouerez un r\u00f4le unique et vital. Les TRM sont un maillon essentiel entre les soins aux patients et les technologies d\u2019imagerie et de traitement les plus sophistiqu\u00e9es. Conditions d\u2019admissibilit\u00e9 [&hellip;]<\/p>\n","protected":false},"author":30,"featured_media":0,"parent":0,"menu_order":0,"comment_status":"open","ping_status":"closed","template":"tpl-header2.php","meta":{"_monsterinsights_skip_tracking":false,"_monsterinsights_sitenote_active":false,"_monsterinsights_sitenote_note":"","_monsterinsights_sitenote_category":0,"footnotes":""},"class_list":["post-46978","page","type-page","status-publish","hentry"],"_links":{"self":[{"href":"https:\/\/camrt.ca\/fr\/wp-json\/wp\/v2\/pages\/46978","targetHints":{"allow":["GET"]}}],"collection":[{"href":"https:\/\/camrt.ca\/fr\/wp-json\/wp\/v2\/pages"}],"about":[{"href":"https:\/\/camrt.ca\/fr\/wp-json\/wp\/v2\/types\/page"}],"author":[{"embeddable":true,"href":"https:\/\/camrt.ca\/fr\/wp-json\/wp\/v2\/users\/30"}],"replies":[{"embeddable":true,"href":"https:\/\/camrt.ca\/fr\/wp-json\/wp\/v2\/comments?post=46978"}],"version-history":[{"count":0,"href":"https:\/\/camrt.ca\/fr\/wp-json\/wp\/v2\/pages\/46978\/revisions"}],"wp:attachment":[{"href":"https:\/\/camrt.ca\/fr\/wp-json\/wp\/v2\/media?parent=46978"}],"curies":[{"name":"wp","href":"https:\/\/api.w.org\/{rel}","templated":true}]}}