{"id":241,"date":"2019-03-26T11:51:56","date_gmt":"2019-03-26T15:51:56","guid":{"rendered":"https:\/\/camrt.wpenginepowered.com\/conferences\/homepage\/?lang=fr"},"modified":"2025-10-28T11:12:11","modified_gmt":"2025-10-28T15:12:11","slug":"conferences","status":"publish","type":"page","link":"https:\/\/camrt.ca\/fr\/conferences\/","title":{"rendered":"Conf\u00e9rences et \u00e9v\u00e9nements &#8211; old"},"content":{"rendered":"<h3><strong>Une exp\u00e9rience d\u2019apprentissage personnalis\u00e9<\/strong><\/h3>\n<p>Il serait impossible de d\u00e9velopper un seul v\u00e9hicule permettant de respecter l\u2019ensemble des exigences et crit\u00e8res. Nous avons plut\u00f4t choisi de tirer parti des solides partenariats nationaux et provinciaux de l\u2019ACTRM (ainsi que des possibilit\u00e9s toujours croissantes offertes par les plateformes de collaboration virtuelles) pour \u00e9tendre nos activit\u00e9s et offrir des occasions de r\u00e9seautages et d\u2019apprentissage de la plus haute qualit\u00e9 au plus grand nombre de membres possible tout en r\u00e9duisant les obstacles en mati\u00e8re de temps et d\u2019argent. \u00c0 compter de 2018, les membres auront la possibilit\u00e9 de personnaliser leur exp\u00e9rience d\u2019apprentissage et d\u2019acc\u00e9der au contenu le plus pertinent pour leur r\u00e9alit\u00e9 professionnelle, et ce, dans un format qui r\u00e9pond \u00e0 leurs besoins personnels et professionnels.<\/p>\n<p><strong>Quatre principaux types d\u2019\u00e9v\u00e9nements seront mis en place pour vous aider \u00e0 rester \u00e0 jour, \u00e0 cr\u00e9er de solides r\u00e9seaux professionnels et \u00e0 exceller dans votre carri\u00e8re :<\/strong><\/p>\n<p>(Cliquez sur la partie de l\u2019image pour laquelle vous aimeriez en savoir davantage)<\/p>\n<p>&nbsp;<\/p>\n<map name=\"2018EventMap\">\n<area coords=\"165,65,360,180\" shape=\"rect\" href=\"https:\/\/camrt.wpenginepowered.com\/conferences\/fr\/specialites\/\" \/>\n<area coords=\"170,240,320,360\" shape=\"rect\" href=\"https:\/\/camrt.wpenginepowered.com\/conferences\/fr\/virtuelles\/\" \/>\n<area coords=\"30,300,165,450\" shape=\"rect\" href=\"https:\/\/camrt.wpenginepowered.com\/conferences\/fr\/regionales\/\" \/>\n<area coords=\"350,300,480,430\" shape=\"rect\" href=\"https:\/\/camrt.wpenginepowered.com\/conferences\/fr\/forum\/\" \/> <\/map>\n<p><img loading=\"lazy\" decoding=\"async\" src=\"https:\/\/camrt.wpenginepowered.com\/agc\/fr\/wp-content\/uploads\/sites\/3\/2017\/09\/2018-Model-FRE.jpg\" alt=\"\" usemap=\"#2018EventMap\" width=\"504\" height=\"482\" \/><\/p>\n<p>&nbsp;<\/p>\n","protected":false},"excerpt":{"rendered":"<p>Une exp\u00e9rience d\u2019apprentissage personnalis\u00e9 Il serait impossible de d\u00e9velopper un seul v\u00e9hicule permettant de respecter l\u2019ensemble des exigences et crit\u00e8res. Nous avons plut\u00f4t choisi de tirer parti des solides partenariats nationaux et provinciaux de l\u2019ACTRM (ainsi que des possibilit\u00e9s toujours croissantes offertes par les plateformes de collaboration virtuelles) pour \u00e9tendre nos activit\u00e9s et offrir des [&hellip;]<\/p>\n","protected":false},"author":30,"featured_media":0,"parent":0,"menu_order":0,"comment_status":"closed","ping_status":"closed","template":"","meta":{"_monsterinsights_skip_tracking":false,"_monsterinsights_sitenote_active":false,"_monsterinsights_sitenote_note":"","_monsterinsights_sitenote_category":0,"footnotes":""},"class_list":["post-241","page","type-page","status-publish","hentry"],"_links":{"self":[{"href":"https:\/\/camrt.ca\/fr\/wp-json\/wp\/v2\/pages\/241","targetHints":{"allow":["GET"]}}],"collection":[{"href":"https:\/\/camrt.ca\/fr\/wp-json\/wp\/v2\/pages"}],"about":[{"href":"https:\/\/camrt.ca\/fr\/wp-json\/wp\/v2\/types\/page"}],"author":[{"embeddable":true,"href":"https:\/\/camrt.ca\/fr\/wp-json\/wp\/v2\/users\/30"}],"replies":[{"embeddable":true,"href":"https:\/\/camrt.ca\/fr\/wp-json\/wp\/v2\/comments?post=241"}],"version-history":[{"count":0,"href":"https:\/\/camrt.ca\/fr\/wp-json\/wp\/v2\/pages\/241\/revisions"}],"wp:attachment":[{"href":"https:\/\/camrt.ca\/fr\/wp-json\/wp\/v2\/media?parent=241"}],"curies":[{"name":"wp","href":"https:\/\/api.w.org\/{rel}","templated":true}]}}