{"id":17129,"date":"2024-08-02T09:26:44","date_gmt":"2024-08-02T13:26:44","guid":{"rendered":"https:\/\/camrt.wpenginepowered.com\/fr\/?page_id=17129"},"modified":"2026-03-30T16:47:49","modified_gmt":"2026-03-30T20:47:49","slug":"https-www-camrt-ca-fr-https-www-camrt-ca-fr-agrement-2","status":"publish","type":"page","link":"https:\/\/camrt.ca\/fr\/https-www-camrt-ca-fr-https-www-camrt-ca-fr-agrement-2\/","title":{"rendered":"Agr\u00e9ment pour acc\u00e9s \u00e0 la pratique: g\u00e9n\u00e9ral"},"content":{"rendered":"\n\n\t<h2 class='border-title  '>Agr\u00e9ment pour acc\u00e9s \u00e0 la pratique<span><\/span><\/h2>\n<p>&nbsp;<\/p>\n<div  class='column dt-sc-one-half  space  first'    ><div class='dt-sc-titled-box '><h6 class='dt-sc-titled-box-title'  style=\"background-color:#00a651;border-color:#00a651;color:#ffffff;\">  Examen d'agr\u00e9ment de l'ACTRM<\/h6><div class='dt-sc-titled-box-content'><ul class='dt-sc-fancy-list   decimal'>\n<li><a href=\"https:\/\/camrt.wpenginepowered.com\/fr\/agrement-2\/agrement-pour-acces-a-la-pratique\/programmes-detudes-canadiens-agrees\/\">Dipl\u00f4m\u00e9s des programmes d&rsquo;\u00e9tudes canadiens agr\u00e9\u00e9s.<\/a><\/li>\n<li><a href=\"https:\/\/camrt.wpenginepowered.com\/fr\/agrement-2\/agrement-pour-acces-a-la-pratique\/technologues-en-radiation-medicale-formes-a-letranger-trmfe\/\">Technologues en radiation m\u00e9dicale form\u00e9s \u00e0 l&rsquo;\u00e9tranger.<\/a><\/li>\n<\/ul>\n<p>&nbsp;<\/p>\n<p>&nbsp;<\/p>\n<p>&nbsp;<\/p>\n<p>&nbsp;<\/p><\/div><\/div><\/div>\n<div  class='column dt-sc-one-half  space  '    ><div class='dt-sc-titled-box '><h6 class='dt-sc-titled-box-title'  style=\"background-color:#00a651;border-color:#00a651;color:#ffffff;\">  PROFILS DE COMP\u00c9TENCES<\/h6><div class='dt-sc-titled-box-content'><p>Le profil de comp\u00e9tences d\u00e9crit les r\u00e9sultats requis pour l&rsquo;admission \u00e0 la profession et constitue le fondement pour l&rsquo;\u00e9laboration de l&rsquo;examen.<\/p>\n<ul class='dt-sc-fancy-list   decimal'>\n<li><a href=\"https:\/\/camrt.wpenginepowered.com\/fr\/wp-content\/uploads\/sites\/3\/2020\/02\/Modified-MR-profile-FRENCH.pdf\">R\u00e9sonance magn\u00e9tique<\/a><\/li>\n<li><a href=\"https:\/\/camrt.wpenginepowered.com\/fr\/wp-content\/uploads\/sites\/3\/2020\/02\/Modified-NM-Profile-FRENCH.pdf\">M\u00e9decine nucl\u00e9aire<\/a><\/li>\n<li><a href=\"https:\/\/camrt.wpenginepowered.com\/fr\/wp-content\/uploads\/sites\/3\/2020\/02\/Modified-Therapy-profile-French.pdf\">Radioth\u00e9rapie<\/a><\/li>\n<li><a href=\"https:\/\/camrt.wpenginepowered.com\/fr\/wp-content\/uploads\/sites\/3\/2020\/02\/Modified-Rad-Tech-Profile-FRENCH.pdf\">Technologie de la radiologie<\/a><\/li>\n<\/ul><\/div><\/div><\/div>\n<div  class='column dt-sc-one-half  space  first'    ><div class='dt-sc-titled-box '><h6 class='dt-sc-titled-box-title'  style=\"background-color:#00a651;border-color:#00a651;color:#ffffff;\">  Programmes d'\u00e9tudes canadiennes agr\u00e9\u00e9s :<\/h6><div class='dt-sc-titled-box-content'><ul class='dt-sc-fancy-list   decimal'>\n<li><a href=\"https:\/\/camrt.wpenginepowered.com\/fr\/agrement\/resonance-magnetique\/\">R\u00e9sonance magn\u00e9tique<\/a><\/li>\n<li><a href=\"https:\/\/camrt.wpenginepowered.com\/fr\/agrement\/medecine-nucleaire\/\">M\u00e9decine nucl\u00e9aire<\/a><\/li>\n<li><a href=\"https:\/\/camrt.wpenginepowered.com\/fr\/agrement\/radio-oncologie\/\">Radioth\u00e9rapie<\/a><\/li>\n<li><a href=\"https:\/\/camrt.wpenginepowered.com\/fr\/agrement\/technologie-de-radiologie\/\">Technologie de la radiologie<\/a><\/li>\n<\/ul>\n<p><strong>Agr\u00e9ment Canada<\/strong> est la source la plus \u00e0 jour concernant le statut d&rsquo;agr\u00e9ment des programmes. Pour obtenir les informations les plus r\u00e9centes sur le statut d&rsquo;agr\u00e9ment des programmes, veuillez <a href=\"https:\/\/accreditation.ca\/ca-fr\/programmes-evaluation\/agrement-de-leducation-en-sante\/programmes-deducation\/?acref=self\" target=\"_blank\" rel=\"noopener\">cliquer ici<\/a><\/p><\/div><\/div><\/div>\n<div  class='column dt-sc-one-half  space  '    ><div class='dt-sc-titled-box '><h6 class='dt-sc-titled-box-title'  style=\"background-color:#00a651;border-color:#00a651;color:#ffffff;\">  RESSOURCES D'EXAMEN<\/h6><div class='dt-sc-titled-box-content'><p>&nbsp;<\/p>\n<ul class='dt-sc-fancy-list   decimal'>\n<li><a href=\"https:\/\/camrt.wpenginepowered.com\/fr\/agrement-2\/plans-dexamen\/\">Plans d&rsquo;examen<\/a> le plan d&rsquo;examen d\u00e9crit le plan pour l&rsquo;examen d&rsquo;agr\u00e9ment.<\/li>\n<li><a href=\"https:\/\/camrt.wpenginepowered.com\/fr\/agrement-2\/programmes-detudes-canadiens-agrees\/preparation-a-lexamen-dagrement\/\">Pr\u00e9paration \u00e0 l&rsquo;examen d&rsquo;agr\u00e9ment<\/a><\/li>\n<li><a href=\"https:\/\/camrt.wpenginepowered.com\/fr\/agrement-2\/programmes-detudes-canadiens-agrees\/examen-dagrement-dentree-a-la-pratique\/\">Examen d&rsquo;agr\u00e9ment d&rsquo;entr\u00e9e \u00e0 la pratique<\/a><\/li>\n<li><a href=\"https:\/\/camrt.wpenginepowered.com\/fr\/agrement-2\/programmes-detudes-canadiens-agrees\/prochaines-etapes\/\">Prochaines \u00e9tapes<\/a><\/li>\n<\/ul>\n<p>&nbsp;<\/p><\/div><\/div><\/div>\n<p>&nbsp;<\/p>\n<p>&nbsp;<\/p>\n<h2 class='border-title  '>Agr\u00e9ment de la pratique avanc\u00e9e<span><\/span><\/h2>\n<div  class='column dt-sc-one-half  space  first'    ><div class='dt-sc-titled-box '><h6 class='dt-sc-titled-box-title'  style=\"background-color:#c9252c;border-color:#c9252c;color:#ffffff;\">  Agr\u00e9ment de la pratique avanc\u00e9e en radioth\u00e9rapie (APRT(T))<\/h6><div class='dt-sc-titled-box-content'><ul class='dt-sc-fancy-list   decimal'>\n<li><a href=\"https:\/\/camrt.wpenginepowered.com\/fr\/profession-de-trm\/pratique-avancee\/aprtt-cert\/\">Page d&rsquo;accueil pour l&rsquo;agr\u00e9ment des APRT(T)<\/a><\/li>\n<li><a href=\"https:\/\/camrt.wpenginepowered.com\/fr\/profession-de-trm\/pratique-avancee\/aprtt-cert\/manuels-et-guides\/\">Manuels et guides<\/a><\/li>\n<\/ul><\/div><\/div><\/div>\n\n","protected":false},"excerpt":{"rendered":"<p>&nbsp; &nbsp; &nbsp;<\/p>\n","protected":false},"author":30,"featured_media":0,"parent":0,"menu_order":0,"comment_status":"closed","ping_status":"closed","template":"","meta":{"_monsterinsights_skip_tracking":false,"_monsterinsights_sitenote_active":false,"_monsterinsights_sitenote_note":"","_monsterinsights_sitenote_category":0,"footnotes":""},"class_list":["post-17129","page","type-page","status-publish","hentry"],"_links":{"self":[{"href":"https:\/\/camrt.ca\/fr\/wp-json\/wp\/v2\/pages\/17129","targetHints":{"allow":["GET"]}}],"collection":[{"href":"https:\/\/camrt.ca\/fr\/wp-json\/wp\/v2\/pages"}],"about":[{"href":"https:\/\/camrt.ca\/fr\/wp-json\/wp\/v2\/types\/page"}],"author":[{"embeddable":true,"href":"https:\/\/camrt.ca\/fr\/wp-json\/wp\/v2\/users\/30"}],"replies":[{"embeddable":true,"href":"https:\/\/camrt.ca\/fr\/wp-json\/wp\/v2\/comments?post=17129"}],"version-history":[{"count":4,"href":"https:\/\/camrt.ca\/fr\/wp-json\/wp\/v2\/pages\/17129\/revisions"}],"predecessor-version":[{"id":61577,"href":"https:\/\/camrt.ca\/fr\/wp-json\/wp\/v2\/pages\/17129\/revisions\/61577"}],"wp:attachment":[{"href":"https:\/\/camrt.ca\/fr\/wp-json\/wp\/v2\/media?parent=17129"}],"curies":[{"name":"wp","href":"https:\/\/api.w.org\/{rel}","templated":true}]}}