{"id":15651,"date":"2024-03-01T12:19:07","date_gmt":"2024-03-01T17:19:07","guid":{"rendered":"https:\/\/camrt.wpenginepowered.com\/fr\/?page_id=15651"},"modified":"2024-03-01T12:19:07","modified_gmt":"2024-03-01T17:19:07","slug":"sommaire-des-competences-cliniques-resonance-magnetique-en-radiotherapie","status":"publish","type":"page","link":"https:\/\/camrt.ca\/fr\/agrement-2\/sommaire-des-competences-cliniques-resonance-magnetique-en-radiotherapie\/","title":{"rendered":"Recommandations pour soutenir l&rsquo;\u00e9laboration de profils de comp\u00e9tences"},"content":{"rendered":"<p>En tant qu&rsquo;association professionnelle nationale et organisme d&rsquo;agr\u00e9ment, l&rsquo;ACTRM s&rsquo;engage \u00e0 soutenir la profession et \u00e0 s&rsquo;assurer que les TRM poss\u00e8dent les connaissances et les comp\u00e9tences n\u00e9cessaires pour exercer leur profession de fa\u00e7on s\u00e9curitaire et efficace. Nous reconnaissons que l&rsquo;exercice de la profession de TRM \u00e9volue continuellement et que les TRM doivent en faire autant. Au fur et \u00e0 mesure que de nouvelles technologies \u00e9mergent et fa\u00e7onnent la pratique de diff\u00e9rentes fa\u00e7ons, les TRM doivent s&rsquo;adapter et continuellement mettre \u00e0 jour et maintenir leur comp\u00e9tence.<\/p>\n<p>Vous trouverez ci-apr\u00e8s des <strong>recommandations<\/strong> \u00e9tablies, valid\u00e9es et surveill\u00e9es par des comit\u00e9s et des groupes de travail <strong>nationaux<\/strong> afin de soutenir le d\u00e9veloppement des comp\u00e9tences dans les nouveaux domaines d&rsquo;exercice et\/ou de soutenir le d\u00e9veloppement am\u00e9lior\u00e9 des comp\u00e9tences au-del\u00e0 de l&rsquo;acc\u00e8s \u00e0 la pratique.<\/p>\n<h5 class='dt-sc-toggle'><a href='#'>Sommaire des comp\u00e9tences cliniques : R\u00e9sonance magn\u00e9tique en radioth\u00e9rapie<\/a><\/h5><div class=\"dt-sc-toggle-content\" style=\"display: none;\"><div class=\"block\"><p>Le <em>Sommaire des comp\u00e9tences cliniques (SCC) pour l\u2019IRM en radioth\u00e9rapie<\/em> \u00e9tablit une norme nationale pour l&rsquo;utilisation s\u00e9curitaire et efficace de l\u2019IRM dans la prestation de services de radioth\u00e9rapie.<\/p>\n<p>L&rsquo;objectif de cette \u00e9tude et de la tenue d&rsquo;un groupe de travail national \u00e9tait d&rsquo;identifier les comp\u00e9tences suppl\u00e9mentaires requises par les TRO pour l\u2019utilisation ad\u00e9quate des outils de planification et d&rsquo;ex\u00e9cution de la radioth\u00e9rapie. <strong>Le pr\u00e9sent document n&rsquo;est pas un programme de certificat de l&rsquo;ACTRM et ne constitue pas une condition d&rsquo;admission \u00e0 la pratique.<\/strong> Pour plus de d\u00e9tails sur l&rsquo;objectif et l&rsquo;utilisation de ce document, voir p. 2, section 2.<\/p>\n<a href=\"https:\/\/camrt.wpenginepowered.com\/fr\/wp-content\/uploads\/sites\/3\/2024\/03\/MRgRT-SoCC_FR_FINAL.pdf\" target=\"_blank\" class=\"dt-sc-button   medium\">T\u00e9l\u00e9charger le sommaire des comp\u00e9tences cliniques<\/a>\n<p>&nbsp;<\/p>\n<p>Le document d&rsquo;accompagnement est une ressource suppl\u00e9mentaire qui vise \u00e0 fournir des d\u00e9tails additionnels \u00e0 l&rsquo;appui des comp\u00e9tences d\u00e9crites dans le <em>Sommaire des comp\u00e9tences cliniques pour l\u2019IRM en radioth\u00e9rapie 2023<\/em>, et \u00e0 fournir des indications suppl\u00e9mentaires pour le contenu des programmes \u00e9ducatifs li\u00e9s \u00e0 l\u2019IRM en radioth\u00e9rapie.<\/p>\n<a href=\"https:\/\/camrt.wpenginepowered.com\/fr\/wp-content\/uploads\/sites\/3\/2024\/03\/Companion-Document_FR-FINAL.-docx.pdf\" target=\"_blank\" class=\"dt-sc-button   medium\">T\u00e9l\u00e9charger le document d&rsquo;accompagnement<\/a><\/div><\/div>\n","protected":false},"excerpt":{"rendered":"<p>En tant qu&rsquo;association professionnelle nationale et organisme d&rsquo;agr\u00e9ment, l&rsquo;ACTRM s&rsquo;engage \u00e0 soutenir la profession et \u00e0 s&rsquo;assurer que les TRM poss\u00e8dent les connaissances et les comp\u00e9tences n\u00e9cessaires pour exercer leur [&hellip;]<\/p>\n","protected":false},"author":30,"featured_media":0,"parent":10730,"menu_order":0,"comment_status":"closed","ping_status":"closed","template":"","meta":{"_monsterinsights_skip_tracking":false,"_monsterinsights_sitenote_active":false,"_monsterinsights_sitenote_note":"","_monsterinsights_sitenote_category":0,"footnotes":""},"class_list":["post-15651","page","type-page","status-publish","hentry"],"_links":{"self":[{"href":"https:\/\/camrt.ca\/fr\/wp-json\/wp\/v2\/pages\/15651","targetHints":{"allow":["GET"]}}],"collection":[{"href":"https:\/\/camrt.ca\/fr\/wp-json\/wp\/v2\/pages"}],"about":[{"href":"https:\/\/camrt.ca\/fr\/wp-json\/wp\/v2\/types\/page"}],"author":[{"embeddable":true,"href":"https:\/\/camrt.ca\/fr\/wp-json\/wp\/v2\/users\/30"}],"replies":[{"embeddable":true,"href":"https:\/\/camrt.ca\/fr\/wp-json\/wp\/v2\/comments?post=15651"}],"version-history":[{"count":0,"href":"https:\/\/camrt.ca\/fr\/wp-json\/wp\/v2\/pages\/15651\/revisions"}],"up":[{"embeddable":true,"href":"https:\/\/camrt.ca\/fr\/wp-json\/wp\/v2\/pages\/10730"}],"wp:attachment":[{"href":"https:\/\/camrt.ca\/fr\/wp-json\/wp\/v2\/media?parent=15651"}],"curies":[{"name":"wp","href":"https:\/\/api.w.org\/{rel}","templated":true}]}}