{"id":15281,"date":"2023-07-19T08:29:02","date_gmt":"2023-07-19T12:29:02","guid":{"rendered":"https:\/\/camrt.wpenginepowered.com\/fr\/?page_id=15281"},"modified":"2025-12-16T16:11:55","modified_gmt":"2025-12-16T21:11:55","slug":"provinces","status":"publish","type":"page","link":"https:\/\/camrt.ca\/fr\/defense-des-interets\/provinces\/","title":{"rendered":"D\u00e9fense des int\u00e9r\u00eats de l&rsquo;ACTRM au niveau provincial"},"content":{"rendered":"<p>Les membres de sept provinces canadiennes ont donn\u00e9 \u00e0 l&rsquo;ACTRM le mandat de d\u00e9fendre leurs int\u00e9r\u00eats \u00e0 l&rsquo;\u00e9chelle provinciale et nationale. Dans ces provinces, l&rsquo;ACTRM travaille par l&rsquo;entremise de ses sections provinciales pour d\u00e9fendre les int\u00e9r\u00eats des TRM qui vivent et travaillent dans ces provinces.<\/p>\n<p>Pour voir les initiatives de d\u00e9fense des int\u00e9r\u00eats au niveau provincial, veuillez visiter les pages de d\u00e9fense des int\u00e9r\u00eats des sections provinciales de l&rsquo;ACTRM :<\/p>\n<ul class='dt-sc-fancy-list   rounded-arrow'>\n<li><a href=\"https:\/\/camrt.ca\/bc\/provincial-advocacy\/\" target=\"_blank\" rel=\"noopener\"><strong>CAMRT-BC<\/strong><\/a> (Colombie-Britannique)<\/li>\n<li><a href=\"https:\/\/camrt.ca\/alberta\/advocacy\/\" target=\"_blank\" rel=\"noopener\"><strong>CAMRT-AB<\/strong><\/a> (Alberta)<\/li>\n<li><a href=\"https:\/\/camrt.ca\/saskatchewan\/camrt-sk-advocacy\/\" target=\"_blank\" rel=\"noopener\"><strong>CAMRT-SK<\/strong><\/a> (Saskatchewan)<\/li>\n<li><a href=\"https:\/\/camrt.ca\/manitoba\/advocacy\/\" target=\"_blank\" rel=\"noopener\"><strong>CAMRT-MB<\/strong><\/a> (Manitoba)<\/li>\n<li><a href=\"https:\/\/camrt.ca\/fr\/actrm-atl-defense-des-interets\/\" target=\"_blank\" rel=\"noopener\"><strong>ACTRM-ATL<\/strong><\/a> (Nouvelle-\u00c9cosse Nouveau-Brunswick, \u00cele-du-Prince-\u00c9douard &amp; Terre-Neuve et Labrador)<\/li>\n<\/ul>\n","protected":false},"excerpt":{"rendered":"<p>Les membres de sept provinces canadiennes ont donn\u00e9 \u00e0 l&rsquo;ACTRM le mandat de d\u00e9fendre leurs int\u00e9r\u00eats \u00e0 l&rsquo;\u00e9chelle provinciale et nationale. Dans ces provinces, l&rsquo;ACTRM travaille par l&rsquo;entremise de ses sections provinciales pour d\u00e9fendre les int\u00e9r\u00eats des TRM qui vivent et travaillent dans ces provinces. Pour voir les initiatives de d\u00e9fense des int\u00e9r\u00eats au niveau [&hellip;]<\/p>\n","protected":false},"author":30,"featured_media":0,"parent":5799,"menu_order":0,"comment_status":"closed","ping_status":"closed","template":"","meta":{"_monsterinsights_skip_tracking":false,"_monsterinsights_sitenote_active":false,"_monsterinsights_sitenote_note":"","_monsterinsights_sitenote_category":0,"footnotes":""},"class_list":["post-15281","page","type-page","status-publish","hentry"],"_links":{"self":[{"href":"https:\/\/camrt.ca\/fr\/wp-json\/wp\/v2\/pages\/15281","targetHints":{"allow":["GET"]}}],"collection":[{"href":"https:\/\/camrt.ca\/fr\/wp-json\/wp\/v2\/pages"}],"about":[{"href":"https:\/\/camrt.ca\/fr\/wp-json\/wp\/v2\/types\/page"}],"author":[{"embeddable":true,"href":"https:\/\/camrt.ca\/fr\/wp-json\/wp\/v2\/users\/30"}],"replies":[{"embeddable":true,"href":"https:\/\/camrt.ca\/fr\/wp-json\/wp\/v2\/comments?post=15281"}],"version-history":[{"count":0,"href":"https:\/\/camrt.ca\/fr\/wp-json\/wp\/v2\/pages\/15281\/revisions"}],"up":[{"embeddable":true,"href":"https:\/\/camrt.ca\/fr\/wp-json\/wp\/v2\/pages\/5799"}],"wp:attachment":[{"href":"https:\/\/camrt.ca\/fr\/wp-json\/wp\/v2\/media?parent=15281"}],"curies":[{"name":"wp","href":"https:\/\/api.w.org\/{rel}","templated":true}]}}