{"id":14639,"date":"2022-07-13T11:46:46","date_gmt":"2022-07-13T15:46:46","guid":{"rendered":"https:\/\/camrt.wpenginepowered.com\/fr\/?page_id=14639"},"modified":"2022-07-13T11:46:46","modified_gmt":"2022-07-13T15:46:46","slug":"services-provinciaux","status":"publish","type":"page","link":"https:\/\/camrt.ca\/fr\/services-provinciaux\/","title":{"rendered":"Services provinciaux de l&rsquo;ACTRM"},"content":{"rendered":"<p>L&rsquo;ACTRM a \u00e9t\u00e9 mandat\u00e9e par les membres des provinces suivantes pour offrir des services d&rsquo;association au niveau provincial. Ces branches provinciales de l&rsquo;ACTRM repr\u00e9sentent un ensemble suppl\u00e9mentaire de programmes, de services et de d\u00e9fense des int\u00e9r\u00eats provinciaux en plus de votre adh\u00e9sion \u00e0 l&rsquo;ACTRM.<\/p>\n<h4><strong><span style=\"text-decoration: underline\"><a href=\"https:\/\/camrt.wpenginepowered.com\/bc\/\">CAMRT-BC<\/a><\/span> <\/strong> (Colombie-Britannique)<\/h4>\n<p>&nbsp;<\/p>\n<h4><strong><a href=\"https:\/\/camrt.wpenginepowered.com\/alberta\"><span style=\"text-decoration: underline\">CAMRT-AB<\/span><\/a> <\/strong>(Alberta)<\/h4>\n<p>&nbsp;<\/p>\n<h4><strong><a href=\"https:\/\/camrt.wpenginepowered.com\/saskatchewan\"><span style=\"text-decoration: underline\">CAMRT-SK<\/span><\/a> <\/strong>(Saskatchewan)<\/h4>\n<p>&nbsp;<\/p>\n<h4><strong><span style=\"text-decoration: underline\"><a href=\"https:\/\/camrt.wpenginepowered.com\/manitoba\">CAMRT-MB<\/a><\/span><\/strong> (Manitoba)<\/h4>\n<p>&nbsp;<\/p>\n<h4><strong><span style=\"text-decoration: underline\"><a href=\"https:\/\/camrt.wpenginepowered.com\/fr\/atlantique\/\">ACTRM-ATL<\/a><\/span> <\/strong> (Provinces de l&rsquo;Atlantique: Nouvelle-\u00c9cosse, Terre-Neuve-et-Labrador, Nouveau-Brunswick, \u00cele-du-Prince-\u00c9douard)<\/h4>\n","protected":false},"excerpt":{"rendered":"<p>L&rsquo;ACTRM a \u00e9t\u00e9 mandat\u00e9e par les membres des provinces suivantes pour offrir des services d&rsquo;association au niveau provincial. Ces branches provinciales de l&rsquo;ACTRM repr\u00e9sentent un ensemble suppl\u00e9mentaire de programmes, de services et de d\u00e9fense des int\u00e9r\u00eats provinciaux en plus de votre adh\u00e9sion \u00e0 l&rsquo;ACTRM. CAMRT-BC (Colombie-Britannique) &nbsp; CAMRT-AB (Alberta) &nbsp; CAMRT-SK (Saskatchewan) &nbsp; CAMRT-MB (Manitoba) [&hellip;]<\/p>\n","protected":false},"author":30,"featured_media":0,"parent":0,"menu_order":0,"comment_status":"closed","ping_status":"closed","template":"","meta":{"_monsterinsights_skip_tracking":false,"_monsterinsights_sitenote_active":false,"_monsterinsights_sitenote_note":"","_monsterinsights_sitenote_category":0,"footnotes":""},"class_list":["post-14639","page","type-page","status-publish","hentry"],"_links":{"self":[{"href":"https:\/\/camrt.ca\/fr\/wp-json\/wp\/v2\/pages\/14639","targetHints":{"allow":["GET"]}}],"collection":[{"href":"https:\/\/camrt.ca\/fr\/wp-json\/wp\/v2\/pages"}],"about":[{"href":"https:\/\/camrt.ca\/fr\/wp-json\/wp\/v2\/types\/page"}],"author":[{"embeddable":true,"href":"https:\/\/camrt.ca\/fr\/wp-json\/wp\/v2\/users\/30"}],"replies":[{"embeddable":true,"href":"https:\/\/camrt.ca\/fr\/wp-json\/wp\/v2\/comments?post=14639"}],"version-history":[{"count":0,"href":"https:\/\/camrt.ca\/fr\/wp-json\/wp\/v2\/pages\/14639\/revisions"}],"wp:attachment":[{"href":"https:\/\/camrt.ca\/fr\/wp-json\/wp\/v2\/media?parent=14639"}],"curies":[{"name":"wp","href":"https:\/\/api.w.org\/{rel}","templated":true}]}}