{"id":14534,"date":"2022-06-13T10:06:50","date_gmt":"2022-06-13T14:06:50","guid":{"rendered":"https:\/\/camrt.wpenginepowered.com\/fr\/?page_id=14534"},"modified":"2022-06-13T10:06:50","modified_gmt":"2022-06-13T14:06:50","slug":"reconnaissance-des-membres-actrm-atl","status":"publish","type":"page","link":"https:\/\/camrt.ca\/fr\/atlantique\/reconnaissance-des-membres-actrm-atl\/","title":{"rendered":"Reconnaissance des membres ACTRM-ATL"},"content":{"rendered":"<p><img loading=\"lazy\" decoding=\"async\" class=\"alignnone  wp-image-14896 aligncenter\" src=\"https:\/\/camrt.ca\/wp-content\/uploads\/2022\/12\/Member-Recognation-e1671721894405-1024x202.png\" alt=\"\" width=\"1110\" height=\"219\" srcset=\"https:\/\/camrt.ca\/wp-content\/uploads\/2022\/12\/Member-Recognation-e1671721894405-1024x202.png 1024w, https:\/\/camrt.ca\/wp-content\/uploads\/2022\/12\/Member-Recognation-e1671721894405-300x59.png 300w, https:\/\/camrt.ca\/wp-content\/uploads\/2022\/12\/Member-Recognation-e1671721894405-768x152.png 768w, https:\/\/camrt.ca\/wp-content\/uploads\/2022\/12\/Member-Recognation-e1671721894405-1536x303.png 1536w, https:\/\/camrt.ca\/wp-content\/uploads\/2022\/12\/Member-Recognation-e1671721894405-2048x404.png 2048w\" sizes=\"auto, (max-width: 1110px) 100vw, 1110px\" \/><\/p>\n<p>&nbsp;<\/p>\n<p>&nbsp;<\/p>\n<p>Le programme de prix a \u00e9t\u00e9 \u00e9tabli par ACTRM-ATL pour mettre en valeur le talent et le professionnalisme des membres de l&rsquo;ACTRM-ATL et des \u00e9tudiants inscrits \u00e0 des programmes accr\u00e9dit\u00e9s de formation en technologie en radiation m\u00e9dicale.<\/p>\n<p>&nbsp;<\/p>\n<h2>Le Programme des prix de l\u2019ACTRM<\/h2>\n<h4><strong>Prix des soins prodigu\u00e9s avec compassion de l\u2019ACTRM-ATL<\/strong><\/h4>\n<p>D\u00e9cern\u00e9 \u00e0 une ou un TRM qui fait preuve d&rsquo;un d\u00e9vouement exceptionnel aux soins des patients. Le ou la candidat(e) doit \u00eatre membre de l&rsquo;ACTRM-ATL.<\/p>\n<p>Pour \u00eatre consid\u00e9r\u00e9 pour ce prix, le ou la candidat(e) doit avoir d\u00e9montr\u00e9 des comp\u00e9tences en soins aux patients dans les domaines suivants :<\/p>\n<ul class='dt-sc-fancy-list   rounded-arrow'>\n<li>Faire preuve d&#8217;empathie, de compassion, de gentillesse et de patience exceptionnelles envers les personnes dont il a la charge;<\/li>\n<li>Promouvoir et soutenir le respect, le traitement \u00e9quitable et les soins, par le biais d&rsquo;un environnement impartial et sans obstacles sur son lieu de travail;<\/li>\n<li>\u00c9couter activement les patients et leurs familles, en prenant le temps de r\u00e9pondre \u00e0 toutes leurs questions;<\/li>\n<li>Inspirer la confiance des patients;<\/li>\n<li>\u00c9lever les normes de soins aux patients sur son lieu de travail;<\/li>\n<li>Influencer ses coll\u00e8gues pour qu&rsquo;ils fixent des normes plus \u00e9lev\u00e9es en mati\u00e8re de soins aux patients;<\/li>\n<li>Promouvoir et soutenir des soins culturellement s\u00fbrs et empreints de compassion;<\/li>\n<li>Cr\u00e9er une culture d&rsquo;ouverture;<\/li>\n<li>Faire preuve d&rsquo;une attention exemplaire envers la s\u00e9curit\u00e9 et \u00e0 la confidentialit\u00e9 des patients.<\/li>\n<\/ul>\n<p><a href=\"https:\/\/airtable.com\/shrLDV1A9fUs5U7bp\" target=\"_blank\" rel=\"noopener\"><strong>Proposez une candidature d\u00e8s maintenant!<\/strong><\/a><\/p>\n<div class='dt-sc-hr-invisible-small'><\/div>\n<h4><strong>Prix de mentorat de l\u2019ACTRM-ATL<\/strong><\/h4>\n<p>Pr\u00e9sent\u00e9 \u00e0 un ou une TRM qui incarne la capacit\u00e9 de favoriser les relations avec les coll\u00e8gues et les \u00e9tudiants, et qui inspire l&rsquo;excellence professionnelle par son exemple personnel et ses activit\u00e9s professionnelles. Le ou la candidat(e) doit \u00eatre membre de l&rsquo;ACTRM-ATL.<\/p>\n<p>Pour \u00eatre consid\u00e9r\u00e9(e) pour ce prix, le ou la candidat(e) devra avoir d\u00e9montr\u00e9 des comp\u00e9tences en mentorat dans les domaines suivants :<\/p>\n<ul class='dt-sc-fancy-list   rounded-arrow'>\n<li>Servir de mod\u00e8le en maintenant des normes \u00e9lev\u00e9es d&rsquo;excellence au sein de sa propre discipline;<\/li>\n<li>D\u00e9montrer un engagement envers le d\u00e9veloppement personnel et professionnel;<\/li>\n<li>Valoriser des perspectives diverses;<\/li>\n<li>Cr\u00e9er une relation positive et de confiance entre coll\u00e8gues;<\/li>\n<li>Partager g\u00e9n\u00e9reusement son temps pour d\u00e9velopper les autres en les guidant et en les instruisant;<\/li>\n<li>Fournir une r\u00e9troaction objective et honn\u00eate lorsqu&rsquo;on le lui demande;<\/li>\n<li>Se faire le champion des contributions et de la valeur de ses coll\u00e8gues<\/li>\n<li>Encourager l&rsquo;apprentissage de nouvelles comp\u00e9tences, l&rsquo;augmentation de la confiance et l&rsquo;am\u00e9lioration de la prise de d\u00e9cision<\/li>\n<\/ul>\n<p><a href=\"https:\/\/airtable.com\/shrLDV1A9fUs5U7bp\" target=\"_blank\" rel=\"noopener\"><strong>Proposez une candidature d\u00e8s maintenant!<\/strong><\/a><\/p>\n<div class='dt-sc-hr-invisible-small'><\/div>\n<h4><strong>Prix\u00a0de la r\u00e9ussite professionnelle pr\u00e9coce de l\u2019ACTRM-ATL<\/strong><\/h4>\n<p>Le prix de la r\u00e9ussite professionnelle pr\u00e9coce est d\u00e9cern\u00e9 \u00e0 une ou un TRM qui a fait preuve de d\u00e9vouement, de leadership et de professionnalisme \u00e0 un stade pr\u00e9coce de sa carri\u00e8re. Le ou la candidat(e) doit \u00eatre membre de l&rsquo;ACTRM-ATL. Le candidat doit \u00eatre membre de l&rsquo;ACTRM-ATL.<\/p>\n<p>Pour \u00eatre consid\u00e9r\u00e9 pour ce prix, le ou la candidat(e)doit avoir d\u00e9montr\u00e9 sa contribution professionnelle dans les domaines suivants :<\/p>\n<ul class='dt-sc-fancy-list   rounded-arrow'>\n<li>Exercer une influence positive dans son milieu de travail;<\/li>\n<li>Faire preuve de fiert\u00e9 professionnelle et d\u00e9fendre la profession;<\/li>\n<li>Faire preuve d&rsquo;un haut niveau de leadership dans la profession pour son niveau d&rsquo;exp\u00e9rience;<\/li>\n<li>Faire preuve d&rsquo;une volont\u00e9 d&rsquo;apprendre et de participer \u00e0 la formation continue;<\/li>\n<li>Faire preuve d&rsquo;un \u00e9tat d&rsquo;esprit positif;<\/li>\n<li>S&rsquo;investir dans la profession et dans les opportunit\u00e9s de b\u00e9n\u00e9volat professionnel;<\/li>\n<li>Faire preuve d&rsquo;un enthousiasme qui donne du pouvoir et inspire les autres;<\/li>\n<li>Promouvoir et d\u00e9velopper des pratiques innovantes au sein de la profession.<\/li>\n<\/ul>\n<p><a href=\"https:\/\/airtable.com\/shrLDV1A9fUs5U7bp\" target=\"_blank\" rel=\"noopener\"><strong>Proposez une candidature d\u00e8s maintenant!<\/strong><\/a><\/p>\n<div class='dt-sc-hr-invisible-small'><\/div>\n<h4><strong>Bourse d\u2019\u00e9tudes de l\u2019ACTRM-ATL<a href=\"https:\/\/www.higginsinsurance.ca\/\" target=\"_blank\" rel=\"noopener\"><img loading=\"lazy\" decoding=\"async\" class=\"alignnone size-medium wp-image-14547\" src=\"https:\/\/camrt.ca\/wp-content\/uploads\/2022\/06\/Higgins-1-300x114.jpg\" alt=\"\" width=\"300\" height=\"114\" srcset=\"https:\/\/camrt.ca\/wp-content\/uploads\/2022\/06\/Higgins-1-300x114.jpg 300w, https:\/\/camrt.ca\/wp-content\/uploads\/2022\/06\/Higgins-1.jpg 321w\" sizes=\"auto, (max-width: 300px) 100vw, 300px\" \/><\/a><\/strong><\/h4>\n<p>Commandit\u00e9e par Higgins Insurance, la bourse d&rsquo;\u00e9tudes de l&rsquo;ACTRM-ATL est offerte \u00e0 tout \u00e9tudiant ou \u00e9tudiante, en derni\u00e8re ann\u00e9e de son programme, qui a re\u00e7u une formation didactique ou clinique au Canada atlantique. Pour \u00eatre admissible, l&rsquo;\u00e9tudiant(e) doit \u00eatre membre \u00e9tudiant de l\u2019ACTRM et fournir une preuve de formation didactique ou clinique de l&rsquo;\u00e9tablissement d&rsquo;enseignement agr\u00e9\u00e9. Le ou la r\u00e9cipiendaire sera choisi(e) au hasard.<\/p>\n<p><strong><a href=\"https:\/\/airtable.com\/shrWVgZNa0CELbv8B\">Postulez pour une bourse d\u00e8s aujourd\u2019hui<\/a><\/strong><\/p>\n<div class='dt-sc-hr-invisible-small'><\/div>\n<h4><strong>Prix de r\u00e9ussite professionnelle et d&rsquo;excellence de carri\u00e8re de l\u2019ACTRM-ATL<\/strong><\/h4>\n<p>Le prix de r\u00e9ussite professionnelle et d&rsquo;excellence de carri\u00e8re est d\u00e9cern\u00e9 \u00e0 un ou une TRM qui a fait preuve d&rsquo;un v\u00e9ritable d\u00e9vouement envers sa profession tout au long de sa carri\u00e8re. Le ou la candidat(e) doit \u00eatre membre de l&rsquo;ACTRM-ATL.<br \/>\nPour \u00eatre consid\u00e9r\u00e9 pour ce prix, le ou la candidat(e) doit avoir fait preuve d&rsquo;excellence dans sa carri\u00e8re dans les domaines suivants :<\/p>\n<ul class='dt-sc-fancy-list   rounded-arrow'>\n<li>S&rsquo;\u00eatre engag\u00e9(e) dans des r\u00f4les b\u00e9n\u00e9voles li\u00e9s \u00e0 la profession \u00e0 l&rsquo;\u00e9chelle provinciale et\/ou nationale;<\/li>\n<li>Incarner le respect, l&rsquo;int\u00e9grit\u00e9 et le professionnalisme;<\/li>\n<li>Avoir d\u00e9montr\u00e9 une passion pour la profession tout au long de sa carri\u00e8re;<\/li>\n<li>Avoir contribu\u00e9 \u00e0 l&rsquo;avancement de la profession;<\/li>\n<li>Avoir agi comme mentor aupr\u00e8s d&rsquo;autres leaders de la profession;<\/li>\n<li>Avoir motiv\u00e9 d\u2019autres personnes par son leadership;<\/li>\n<li>Avoir d\u00e9montr\u00e9 un engagement durable envers la d\u00e9fense de la profession de TRM.<\/li>\n<\/ul>\n<p><a href=\"https:\/\/airtable.com\/shrLDV1A9fUs5U7bp\" target=\"_blank\" rel=\"noopener\"><strong>Proposez une candidature d\u00e8s maintenant!<\/strong><\/a><\/p>\n","protected":false},"excerpt":{"rendered":"<p>&nbsp; &nbsp; Le programme de prix a \u00e9t\u00e9 \u00e9tabli par ACTRM-ATL pour mettre en valeur le talent et le professionnalisme des membres de l&rsquo;ACTRM-ATL et des \u00e9tudiants inscrits \u00e0 des [&hellip;]<\/p>\n","protected":false},"author":30,"featured_media":0,"parent":13690,"menu_order":0,"comment_status":"closed","ping_status":"closed","template":"","meta":{"_monsterinsights_skip_tracking":false,"_monsterinsights_sitenote_active":false,"_monsterinsights_sitenote_note":"","_monsterinsights_sitenote_category":0,"footnotes":""},"class_list":["post-14534","page","type-page","status-publish","hentry"],"_links":{"self":[{"href":"https:\/\/camrt.ca\/fr\/wp-json\/wp\/v2\/pages\/14534","targetHints":{"allow":["GET"]}}],"collection":[{"href":"https:\/\/camrt.ca\/fr\/wp-json\/wp\/v2\/pages"}],"about":[{"href":"https:\/\/camrt.ca\/fr\/wp-json\/wp\/v2\/types\/page"}],"author":[{"embeddable":true,"href":"https:\/\/camrt.ca\/fr\/wp-json\/wp\/v2\/users\/30"}],"replies":[{"embeddable":true,"href":"https:\/\/camrt.ca\/fr\/wp-json\/wp\/v2\/comments?post=14534"}],"version-history":[{"count":0,"href":"https:\/\/camrt.ca\/fr\/wp-json\/wp\/v2\/pages\/14534\/revisions"}],"up":[{"embeddable":true,"href":"https:\/\/camrt.ca\/fr\/wp-json\/wp\/v2\/pages\/13690"}],"wp:attachment":[{"href":"https:\/\/camrt.ca\/fr\/wp-json\/wp\/v2\/media?parent=14534"}],"curies":[{"name":"wp","href":"https:\/\/api.w.org\/{rel}","templated":true}]}}