{"id":13998,"date":"2021-07-29T14:14:31","date_gmt":"2021-07-29T18:14:31","guid":{"rendered":"https:\/\/camrt.wpenginepowered.com\/fr\/?page_id=13998"},"modified":"2026-03-11T10:19:39","modified_gmt":"2026-03-11T14:19:39","slug":"bourse-de-recherche","status":"publish","type":"page","link":"https:\/\/camrt.ca\/fr\/profession-de-trm\/ressources-professionnelles\/subvention-de-recherche\/bourse-de-recherche\/","title":{"rendered":"Bourse de recherche"},"content":{"rendered":"<h1>Programme de Bourse de recherche<\/h1>\n<p>Le programme de Bourse de recherche de l&rsquo;ACTRM est le principal programme de financement de la recherche de l&rsquo;association. Il est con\u00e7u pour soutenir les chercheurs et chercheuses \u00e9tablis en TRM qui entreprennent des projets d&rsquo;importance nationale qui font progresser les sciences de la radiologie m\u00e9dicale et la profession dans son ensemble.<\/p>\n<p>La bourse met l&rsquo;accent sur le temps r\u00e9serv\u00e9 \u00e0 la recherche, l&rsquo;engagement soutenu dans le domaine universitaire, le mentorat et la production de connaissances \u00e0 l&rsquo;\u00e9chelle nationale qui \u00e9clairent la pratique, l&rsquo;\u00e9ducation et l&rsquo;innovation au niveau syst\u00e9mique en TRM partout au Canada.<\/p>\n<h4>\u00c0 qui s\u2019adresse ce programme?<\/h4>\n<p>Ce programme s&rsquo;adresse aux chercheurs et chercheuses \u00e9tablis en TRM qui recherchent du temps r\u00e9serv\u00e9 et un financement pour mener une initiative de recherche d&rsquo;une dur\u00e9e d&rsquo;un an ayant une pertinence nationale, une incidence professionnelle et une contribution claire \u00e0 l&rsquo;avancement de la pratique de la TRM.<\/p>\n<p><em>Vous recherchez du financement pour une \u00e9tude fond\u00e9e sur un projet ou une \u00e9tude de premier niveau?<\/em><br \/>\n<em>Apprenez-en davantage sur le <a href=\"https:\/\/camrt.ca\/fr\/profession-de-trm\/ressources-professionnelles\/subvention-de-recherche\/programme-de-subvention-de-recherche\/\" target=\"_blank\" rel=\"noopener\">Programme de subvention de recherche<\/a><\/em><\/p>\n<h3>Aper\u00e7u de la Bourse de recherche<\/h3>\n<ul class='dt-sc-fancy-list   rounded-arrow'>\n<li><strong>Valeur et dur\u00e9e<\/strong> : 30 000 $ pour un an<\/li>\n<li><strong>Nombre disponible<\/strong> : une bourse par cycle de concours<\/li>\n<li><strong>Type de concours<\/strong> : national<\/li>\n<li><strong>Date limite de candidature<\/strong> : 31 mars (chaque ann\u00e9e)<\/li>\n<li><strong>Soumission<\/strong> :\u00a0<a href=\"mailto:professionalpractice@camrt.ca\">professionalpractice@camrt.ca<\/a><\/li>\n<\/ul>\n<h4>Avant de postuler<\/h4>\n<p>Les personnes int\u00e9ress\u00e9es \u00e0 pr\u00e9senter une demande sont vivement encourag\u00e9es \u00e0 lire attentivement les documents suivants avant de soumettre leur candidature :<br \/>\n<ul class='dt-sc-fancy-list   rounded-arrow'>\n<li><strong><a href=\"https:\/\/camrt.ca\/wp-content\/uploads\/2026\/03\/RFG-Application-Guidelines_2026_final-French.pdf\" target=\"_blank\" rel=\"noopener\">Directives sur la pr\u00e9sentation d&rsquo;une demande de Bourse de recherche<\/a><\/strong> <em>(comprend les crit\u00e8res admissibilit\u00e9, les d\u00e9penses admissibles et non admissibles, les directives budg\u00e9taires, le temps consacr\u00e9, attendu les exigences en mati\u00e8re de supervision, les crit\u00e8res d&rsquo;\u00e9valuation et les conditions de financement)<\/em><\/li>\n<li><strong><a href=\"https:\/\/camrt.ca\/wp-content\/uploads\/2026\/03\/RFG-Conditions-of-Funding-Agreement-2026_final-French.pdf\" target=\"_blank\" rel=\"noopener\">Accord sur les conditions de financement de la Bourse de recherche<\/a><\/strong> <em>(comprend les conditions de d\u00e9blocage des fonds, les obligations en mati\u00e8re de rapports, la responsabilit\u00e9 financi\u00e8re, les exigences de conformit\u00e9 et les exigences relatives au remboursement des fonds inutilis\u00e9s ou non d\u00e9pens\u00e9s)<\/em><\/li>\n<\/ul>\n<h4>But et port\u00e9e<\/h4>\n<p>La Bourse de recherche soutient des travaux qui :<br \/>\n<ul class='dt-sc-fancy-list   rounded-arrow'>\n<li>abordent des questions d&rsquo;importance g\u00e9n\u00e9rale et pr\u00e9sentant un int\u00e9r\u00eat g\u00e9n\u00e9ral pour la pratique de la TRM;<\/li>\n<li>favorisent l&rsquo;innovation, le d\u00e9veloppement professionnel ou l&rsquo;am\u00e9lioration du syst\u00e8me;<\/li>\n<li>contribuent \u00e0 la pratique fond\u00e9e sur des preuves, \u00e0 l&rsquo;\u00e9ducation ou \u00e0 la p\u00e9rennit\u00e9 de la main-d&rsquo;\u0153uvre\/li&gt;<\/li>\n<li>sont r\u00e9alisables dans un d\u00e9lai d&rsquo;un an; et<\/li>\n<li>sont conformes \u00e0 l\u2019<strong><a href=\"https:\/\/camrt.ca\/fr\/a-propos-de-lactrm\/gouvernance\/orientation-strategique\/\" target=\"_blank\" rel=\"noopener\">Orientation strat\u00e9gique<\/a><\/strong> et aux priorit\u00e9s de recherche de l\u2019ACTRM, pr\u00e9sent\u00e9es plus bas.<\/li>\n<\/ul>\nEn plus d&rsquo;un financement comp\u00e9titif, la Bourse de recherche de l\u2019ACTRM offre une valeur non financi\u00e8re gr\u00e2ce \u00e0 la visibilit\u00e9, au r\u00e9seautage professionnel, aux possibilit\u00e9s de mentorat et au soutien \u00e0 la mobilisation des connaissances.<\/p>\n<h4>Priorit\u00e9s de recherche de l\u2019ACTRM<\/h4>\n<p>Les propositions doivent correspondre \u00e0 <strong>au moins une<\/strong> des priorit\u00e9s de recherche de l&rsquo;ACTRM :<br \/>\n<ul class='dt-sc-fancy-list   rounded-arrow'>\n<li>Pratique avanc\u00e9e et \u00e9volution des r\u00f4les des TRM<\/li>\n<li>Intelligence artificielle et innovation num\u00e9rique<\/li>\n<li>Durabilit\u00e9 de la main-d&rsquo;\u0153uvre et mod\u00e8les de soins<\/li>\n<li>\u00c9ducation, d\u00e9veloppement des comp\u00e9tences et apprentissage tout au long de la vie<\/li>\n<li>\u00c9quit\u00e9, diversit\u00e9 et inclusion, et s\u00e9curit\u00e9 culturelle<\/li>\n<li>Acc\u00e8s aux soins et prestation de services dans les communaut\u00e9s mal desservies<\/li>\n<li>Sant\u00e9 physique et mentale, et bien-\u00eatre des TRM<\/li>\n<li>Partenariats avec les patients, d\u00e9fense des droits et soins centr\u00e9s sur la personne<\/li>\n<\/ul>\n<h4>Admissibilit\u00e9 des demandeurs<\/h4>\n<p>Les demandeurs doivent :<br \/>\n<ul class='dt-sc-fancy-list   rounded-arrow'>\n<li>\u00eatre agr\u00e9\u00e9s par l\u2019ACTRM ou de l\u2019OTIMROEPMQ;<\/li>\n<li>\u00eatre des TRM \u00e9tablis ayant une exp\u00e9rience confirm\u00e9e en recherche;<\/li>\n<li>occuper actuellement un poste en TRM au Canada; et<\/li>\n<li>\u00eatre membres en r\u00e8gle de l\u2019ACTRM.<\/li>\n<\/ul>\nLes exigences d\u2019admissibilit\u00e9 compl\u00e8tes sont pr\u00e9sent\u00e9es dans les <a href=\"https:\/\/camrt.ca\/wp-content\/uploads\/2026\/03\/RFG-Application-Guidelines_2026_final-French.pdf\" target=\"_blank\" rel=\"noopener\">Directives sur la pr\u00e9sentation d&rsquo;une demande de Bourse de recherche<\/a>.<\/p>\n<h4>Attentes face aux boursiers<\/h4>\n<p>On attend des chercheurs boursiers qu\u2019ils ou elles :<br \/>\n<ul class='dt-sc-fancy-list   rounded-arrow'>\n<li>dirigent et g\u00e9rer le projet de recherche approuv\u00e9;<\/li>\n<li>travaillent avec un superviseur et des collaborateurs de recherche;<\/li>\n<li>assurent le mentorat d&rsquo;au moins un \u00e9tudiant en TRM ou un TRM en d\u00e9but de carri\u00e8re;<\/li>\n<li>fournissent r\u00e9guli\u00e8rement des mises \u00e0 jour sur l&rsquo;avancement du projet; et<\/li>\n<li>diffusent les r\u00e9sultats par le biais de publications et\/ou de pr\u00e9sentations.<\/li>\n<\/ul>\nLes attentes d\u00e9taill\u00e9es et les exigences en mati\u00e8re de rapport sont pr\u00e9sent\u00e9es dans les Directives de pr\u00e9sentation d\u2019une demande de Bourse de recherche et dans l\u2019<a href=\"https:\/\/camrt.ca\/wp-content\/uploads\/2026\/03\/RFG-Conditions-of-Funding-Agreement-2026_final-French.pdf\" target=\"_blank\" rel=\"noopener\">Accord sur les conditions de financement de la Bourse de recherche<\/a>.<\/p>\n<h4>Processus de pr\u00e9sentation et d\u2019\u00e9valuation des demandes<\/h4>\n<p>Les demandes sont \u00e9valu\u00e9es par des pairs et class\u00e9es par le comit\u00e9 d&rsquo;attribution des subventions de recherche de l&rsquo;ACTRM. Des \u00e9valuateurs externes peuvent \u00eatre consult\u00e9s lorsque des comp\u00e9tences sp\u00e9cialis\u00e9es sont requises. Les d\u00e9cisions de financement sont sans appel.<br \/>\n<ul class='dt-sc-fancy-list   rounded-arrow'>\n<li><strong><a href=\"https:\/\/camrt.ca\/wp-content\/uploads\/2026\/03\/CAMRT-Research-Fellowship-Grant-Application-FR-2023.pdf\" target=\"_blank\" rel=\"noopener\">Demande de bourse de recherche de l\u2019ACTRM<\/a><\/strong> <em>[Formulaire \u00e0 t\u00e9l\u00e9charger]<\/em><\/li>\n<li><a href=\"https:\/\/camrt.ca\/wp-content\/uploads\/2021\/09\/3.-Research-Fellow-Supervisor-Agreement-French.docx\" target=\"_blank\" rel=\"noopener\">Entente entre le boursier et le superviseur<\/a> <em>[Document Word \u00e0 t\u00e9l\u00e9charger]<\/em><\/li>\n<\/ul>\n<h4>En savoir plus<\/h4>\n<p>Les exigences d\u00e9taill\u00e9es en mati\u00e8re d\u2019admissibilit\u00e9 et de pr\u00e9sentation de la demande, les crit\u00e8res d\u2019\u00e9valuation et les conditions de financement se trouvent dans les documents suivants :<br \/>\n<ul class='dt-sc-fancy-list   rounded-arrow'>\n<li><strong><a href=\"https:\/\/camrt.ca\/wp-content\/uploads\/2026\/03\/RFG-Application-Guidelines_2026_final-French.pdf\" target=\"_blank\" rel=\"noopener\">Directives sur la pr\u00e9sentation d&rsquo;une demande de Bourse de recherche<\/a><\/strong><\/li>\n<li><strong><a href=\"https:\/\/camrt.ca\/wp-content\/uploads\/2026\/03\/RFG-Conditions-of-Funding-Agreement-2026_final-French.pdf\" target=\"_blank\" rel=\"noopener\">Accord sur les conditions de financement de la Bourse de recherche<\/a><\/strong><\/li>\n<\/ul>\n<p>Ressources suppl\u00e9mentaires :<br \/>\n<ul class='dt-sc-fancy-list   rounded-arrow'>\n<li><a href=\"https:\/\/camrt.ca\/wp-content\/uploads\/2021\/09\/2.-Position-Description-Research-Fellow-French.pdf\" target=\"_blank\" rel=\"noopener\">Description de poste, Chercheur boursier<\/a><\/li>\n<li><a href=\"https:\/\/camrt.ca\/wp-content\/uploads\/2021\/09\/4.-Position-Description-Research-Assistant-French.pdf\" target=\"_blank\" rel=\"noopener\">Description de poste, Assistant de recherche<\/a><\/li>\n<\/ul>\n<p>Pour toute question concernant le programme de Bourse de recherche de l\u2019ACTRM, veuillez communiquer avec <a href=\"mailto:professionalpractice@camrt.ca\">professionalpractice@camrt.ca<\/a><\/p>\n<p>&nbsp;<\/p>\n<div class=\"dt-sc-toggle-frame\"><h5 class='dt-sc-toggle'><a href='#'>Anciens b\u00e9n\u00e9ficiaires de bourses de recherche<\/a><\/h5><div class=\"dt-sc-toggle-content\" style=\"display: none;\"><div class=\"block\"><p>2025 \u2013 PI: Caitlin Gillan; Establishing and Piloting a Fit-For-Purpose Radiation Therapy Costing Model to Support Changing Radiation Therapist Workflow Models<\/p>\n<p>2024 \u2013 PI: Michael Velec; Team members: Brian Liszewski, Amanda Caissie; Reirradation Practices of Radiation Therapists (RePoRT)<\/p>\n<p>2023 \u2013 PI: Winnie Li; Team member: Patricia Lindsay, Peter Chung; A Pan-Canadian Assessment of Image Guided Adaptive Radiation Therapy: Role of the Radiation Therapist and Recommendations for Advanced Practice Roles<\/p>\n<p>2021 \u2013 PI: Sheena Chung; Team members: Corwin Burton, Sandeep Ghai; Advanced Practice in Medical Imaging: A Pilot Medical Radiation Technologist Role<\/p>\n<p>2021 \u2013 PI: Kari Osmar; Team members: Kayla Fitzpatrick, Tracey Lundstrom; Investigating cultural safety for Indigenous radiation therapy patients and improving radiation therapy student\u2019s cultural competency using Elder-led workshops<\/p>\n<p>2021 \u2013 PI: Jacqueline Turley; Team members: Cole Frandsen, Nicolette Sinclair; Investigation of Advanced Practice in Interventional Radiology<\/p><\/div><\/div><\/div>\n","protected":false},"excerpt":{"rendered":"<p>Programme de Bourse de recherche Le programme de Bourse de recherche de l&rsquo;ACTRM est le principal programme de financement de la recherche de l&rsquo;association. Il est con\u00e7u pour soutenir les [&hellip;]<\/p>\n","protected":false},"author":30,"featured_media":0,"parent":47043,"menu_order":0,"comment_status":"closed","ping_status":"closed","template":"","meta":{"_monsterinsights_skip_tracking":false,"_monsterinsights_sitenote_active":false,"_monsterinsights_sitenote_note":"","_monsterinsights_sitenote_category":0,"footnotes":""},"class_list":["post-13998","page","type-page","status-publish","hentry"],"_links":{"self":[{"href":"https:\/\/camrt.ca\/fr\/wp-json\/wp\/v2\/pages\/13998","targetHints":{"allow":["GET"]}}],"collection":[{"href":"https:\/\/camrt.ca\/fr\/wp-json\/wp\/v2\/pages"}],"about":[{"href":"https:\/\/camrt.ca\/fr\/wp-json\/wp\/v2\/types\/page"}],"author":[{"embeddable":true,"href":"https:\/\/camrt.ca\/fr\/wp-json\/wp\/v2\/users\/30"}],"replies":[{"embeddable":true,"href":"https:\/\/camrt.ca\/fr\/wp-json\/wp\/v2\/comments?post=13998"}],"version-history":[{"count":5,"href":"https:\/\/camrt.ca\/fr\/wp-json\/wp\/v2\/pages\/13998\/revisions"}],"predecessor-version":[{"id":60584,"href":"https:\/\/camrt.ca\/fr\/wp-json\/wp\/v2\/pages\/13998\/revisions\/60584"}],"up":[{"embeddable":true,"href":"https:\/\/camrt.ca\/fr\/wp-json\/wp\/v2\/pages\/47043"}],"wp:attachment":[{"href":"https:\/\/camrt.ca\/fr\/wp-json\/wp\/v2\/media?parent=13998"}],"curies":[{"name":"wp","href":"https:\/\/api.w.org\/{rel}","templated":true}]}}