{"id":13739,"date":"2021-04-22T11:58:42","date_gmt":"2021-04-22T15:58:42","guid":{"rendered":"https:\/\/camrt.wpenginepowered.com\/fr\/?page_id=13739"},"modified":"2026-02-25T16:03:00","modified_gmt":"2026-02-25T21:03:00","slug":"lidentite-est-importante-education-lgbtq2s-pour-les-trm","status":"publish","type":"page","link":"https:\/\/camrt.ca\/fr\/lidentite-est-importante-education-lgbtq2s-pour-les-trm\/","title":{"rendered":"L\u2019identit\u00e9 est importante : \u00c9ducation LGBTQ2S+ pour les TRM"},"content":{"rendered":"<p>Une s\u00e9rie de quatre modules d&rsquo;apprentissage (disponibles en anglais seulement) sur divers sujets relatifs \u00e0 la communaut\u00e9 LGBTQ2S+ et \u00e0 l&rsquo;environnement de TRM, identifiant l&rsquo;apprentissage qui favorise des environnements de soins et de travail s\u00fbrs, affirmatifs, \u00e9quitables et inclusifs.<\/p>\n<p><strong>Crit\u00e8res d\u2019obtention du badge de reconnaissance sp\u00e9ciale<a href=\"https:\/\/camrt.ca\/wp-content\/uploads\/2021\/05\/SpecialRecog_LGBTQ2S-Badge.png\"><img loading=\"lazy\" decoding=\"async\" class=\"alignright size-full wp-image-13741\" src=\"https:\/\/camrt.ca\/wp-content\/uploads\/2021\/05\/SpecialRecog_LGBTQ2S-Badge.png\" alt=\"\" width=\"100\" height=\"100\" \/><\/a><\/strong><\/p>\n<p>Le badge num\u00e9rique de reconnaissance sp\u00e9ciale L\u2019identit\u00e9 est importante : \u00c9ducation LGBTQ2S+ pour les TRM de l\u2019ACTRM est offert aux technologues en radiation m\u00e9dicale et autres travailleurs et travailleuses de la sant\u00e9 au Canada et ailleurs dans le monde.<\/p>\n<p><strong>Apprentissage didactique<\/strong><\/p>\n<ul class='dt-sc-fancy-list   rounded-arrow'>\n<li>R\u00e9ussite du module <a href=\"https:\/\/camrt.my.site.com\/CPBase__item?id=a105G00000lD2MlQAK\"><strong>LGBTQ2S+ Background &amp; History (Module 1)<\/strong><\/a> de l\u2019ACTRM avec une note minimale de 75 %.<\/li>\n<li>R\u00e9ussite du module <a href=\"https:\/\/camrt.my.site.com\/CPBase__item?id=a105G00000lD2MnQAK\"><strong>LGBTQ2S+ Experiences in Healthcare (Module 2)<\/strong><\/a><a href=\"https:\/\/camrt.force.com\/CPBase__item?id=a102L000005NcSSQA0\">\u00a0<\/a>de l\u2019ACTRM avec une note minimale de 75 %.<\/li>\n<li>R\u00e9ussite du module <a href=\"https:\/\/camrt.my.site.com\/CPBase__item?id=a105G00000lD2MpQAK\"><strong>Creating LGBTQ2S+ Affirming Healthcare Environments (Module 3)<\/strong><\/a>\u00a0de l\u2019ACTRM avec une note minimale de 75 %.<\/li>\n<li>R\u00e9ussite du module <a href=\"https:\/\/camrt.my.site.com\/CPBase__item?id=a105G00000lD2MrQAK\"><strong>Allyship for LGBTQ2S+ People (Module 4)<\/strong><\/a> de l\u2019ACTRM avec une note minimale de 75 %.<\/li>\n<\/ul>\n<p><em>* Pour acheter les quatre modules du programme LGBTQ2S+ avec un prix d\u2019ensemble, cliquez <a href=\"https:\/\/camrt.my.site.com\/CPBase__item?id=a105G00000mC2lhQAC\"><strong>ici<\/strong><\/a>.<\/em><\/p>\n<p>Une fois les quatre modules termin\u00e9s avec succ\u00e8s, les technologues recevront le <strong>badge de reconnaissance sp\u00e9ciale<\/strong> <em>L\u2019identit\u00e9 est importante : \u00c9ducation LGBTQ2S+ pour les TRM.<\/em><\/p>\n<p>Pour plus d\u2019information sur cette s\u00e9rie de modules, veuillez communiquer avec <strong>cpd@camrt.ca<\/strong>.<\/p>\n<a href=\"https:\/\/camrt.ca\/fr\/badges-numeriques\/\" target=\"_top\" class=\"dt-sc-button   medium\">Plus d&rsquo;information sur les badges num\u00e9riques<\/a>\n","protected":false},"excerpt":{"rendered":"<p>Une s\u00e9rie de quatre modules d&rsquo;apprentissage (disponibles en anglais seulement) sur divers sujets relatifs \u00e0 la communaut\u00e9 LGBTQ2S+ et \u00e0 l&rsquo;environnement de TRM, identifiant l&rsquo;apprentissage qui favorise des environnements de soins et de travail s\u00fbrs, affirmatifs, \u00e9quitables et inclusifs. Crit\u00e8res d\u2019obtention du badge de reconnaissance sp\u00e9ciale Le badge num\u00e9rique de reconnaissance sp\u00e9ciale L\u2019identit\u00e9 est importante [&hellip;]<\/p>\n","protected":false},"author":30,"featured_media":0,"parent":0,"menu_order":0,"comment_status":"closed","ping_status":"closed","template":"","meta":{"_monsterinsights_skip_tracking":false,"_monsterinsights_sitenote_active":false,"_monsterinsights_sitenote_note":"","_monsterinsights_sitenote_category":0,"footnotes":""},"class_list":["post-13739","page","type-page","status-publish","hentry"],"_links":{"self":[{"href":"https:\/\/camrt.ca\/fr\/wp-json\/wp\/v2\/pages\/13739","targetHints":{"allow":["GET"]}}],"collection":[{"href":"https:\/\/camrt.ca\/fr\/wp-json\/wp\/v2\/pages"}],"about":[{"href":"https:\/\/camrt.ca\/fr\/wp-json\/wp\/v2\/types\/page"}],"author":[{"embeddable":true,"href":"https:\/\/camrt.ca\/fr\/wp-json\/wp\/v2\/users\/30"}],"replies":[{"embeddable":true,"href":"https:\/\/camrt.ca\/fr\/wp-json\/wp\/v2\/comments?post=13739"}],"version-history":[{"count":3,"href":"https:\/\/camrt.ca\/fr\/wp-json\/wp\/v2\/pages\/13739\/revisions"}],"predecessor-version":[{"id":60254,"href":"https:\/\/camrt.ca\/fr\/wp-json\/wp\/v2\/pages\/13739\/revisions\/60254"}],"wp:attachment":[{"href":"https:\/\/camrt.ca\/fr\/wp-json\/wp\/v2\/media?parent=13739"}],"curies":[{"name":"wp","href":"https:\/\/api.w.org\/{rel}","templated":true}]}}