{"id":13690,"date":"2021-04-21T09:45:41","date_gmt":"2021-04-21T13:45:41","guid":{"rendered":"https:\/\/camrt.wpenginepowered.com\/fr\/?page_id=13690"},"modified":"2021-04-21T09:45:41","modified_gmt":"2021-04-21T13:45:41","slug":"atlantique","status":"publish","type":"page","link":"https:\/\/camrt.ca\/fr\/atlantique\/","title":{"rendered":"ACTRM-ATL"},"content":{"rendered":"<h5><\/h5>\n<h3 style=\"text-align: center\"><strong><a href=\"https:\/\/camrt.ca\/wp-content\/uploads\/2022\/01\/ACTRM-ATL_Logo-FR-Colour-RGB-Web_JPG-scaled-1.jpg\"><img loading=\"lazy\" decoding=\"async\" class=\"alignnone wp-image-14284\" src=\"https:\/\/camrt.wpenginepowered.com\/fr\/wp-content\/uploads\/sites\/3\/2022\/01\/ACTRM-ATL_Logo-FR-Colour-RGB-Web_JPG-300x112.jpg\" alt=\"\" width=\"694\" height=\"259\" \/><\/a><\/strong><\/h3>\n<h1 style=\"text-align: center\"><strong>Bienvenue \u00e0 l\u2019ACTRM-ATL<\/strong><\/h1>\n<h3 style=\"text-align: center\"><strong>Votre foyer pour les services d\u2019association provinciale au Canada atlantique.<\/strong><\/h3>\n<p>&nbsp;<\/p>\n<p>L&rsquo;ACTRM-ATL est le foyer des services d&rsquo;association provinciale des TRM du Canada atlantique. L&rsquo;association offre une gamme de services \u00e0 ses membres, y compris la communication avec les gouvernements provinciaux, l&rsquo;organisation d&rsquo;\u00e9v\u00e9nements \u00e9ducatifs locaux et l&rsquo;expansion de notre r\u00e9seau de b\u00e9n\u00e9voles par le biais du programme des ambassadeurs de site. De plus, la gestionnaire provinciale visite les sites de la province pour fournir des mises \u00e0 jour et rencontrer les membres.<\/p>\n<h3><strong>Formation<\/strong><\/h3>\n<p>En raison du changement de statut r\u00e9glementaire des TRM dans toutes les provinces de l&rsquo;Atlantique, les services d&rsquo;association risquaient de dispara\u00eetre. Les dirigeants des quatre associations provinciales ont approch\u00e9 l&rsquo;ACTRM pour savoir si un mod\u00e8le comme l&rsquo;ACTRM-BC pourrait fonctionner au Canada atlantique. Apr\u00e8s de nombreuses discussions, un mod\u00e8le de l&rsquo;ACTRM-ATL a \u00e9t\u00e9 cr\u00e9\u00e9 et pr\u00e9sent\u00e9 aux membres des TRM de l&rsquo;Atlantique. Du 14 au 27 juin 2021, les TRM du Nouveau-Brunswick, de la Nouvelle-\u00c9cosse, de l&rsquo;\u00cele-du-Prince-\u00c9douard et de Terre-Neuve-et-Labrador ont vot\u00e9 sur la mise en \u0153uvre d&rsquo;un nouveau mod\u00e8le de services d&rsquo;association provinciale, l&rsquo;ACTRM-ATL. Les r\u00e9sultats ont \u00e9t\u00e9 un OUI retentissant en faveur de la mise en \u0153uvre du mod\u00e8le de l&rsquo;ACTRM-Atlantique.<\/p>\n<h3><strong>Avantages<\/strong><\/h3>\n<p>Avec l&rsquo;ACTRM-ATL, les membres b\u00e9n\u00e9ficient d&rsquo;une vari\u00e9t\u00e9 d&rsquo;avantages, notamment une voix provinciale, un rayonnement accru, la reconnaissance et la formation<\/p>\n<h5><\/h5>\n<p>&nbsp;<\/p>\n<p><img loading=\"lazy\" decoding=\"async\" class=\"wp-image-13846 aligncenter\" src=\"https:\/\/camrt.ca\/wp-content\/uploads\/2021\/06\/CAMRT-Atlantic-Visual-Box-FR-e1623264186871-1024x1021.png\" alt=\"\" width=\"490\" height=\"489\" \/><\/p>\n<h3><strong>Participez \u00e0 l\u2019ACTRM-ATL<\/strong><\/h3>\n<p>L&rsquo;ACTRM-ATL est toujours \u00e0 la recherche de b\u00e9n\u00e9voles pour devenir des ambassadeurs de site dans leur site clinique. Le programme des ambassadeurs de site est un r\u00e9seau de technologues en radiation m\u00e9dicale qui partagent le d\u00e9sir d&rsquo;informer et d&rsquo;engager les membres par des activit\u00e9s et des discussions locales. Les ambassadeurs jouent un r\u00f4le essentiel en tant que contact cl\u00e9 entre la gestionnaire provinciale et les membres de l&rsquo;ACTRM-ATL. Votre participation \u00e0 titre d&rsquo;ambassadeur de site sera enrichissante sur le plan personnel et professionnel et contribuera \u00e0 renforcer l&rsquo;effectif des TRM au Canada atlantique. Pour en savoir plus, consultez le <a href=\"https:\/\/camrt.ca\/wp-content\/uploads\/2021\/09\/Site-Ambassador-Network_Terms-of-Reference-FR.pdf\" target=\"_blank\" rel=\"noopener\">Mandat du r\u00e9seau des ambassadeurs de site<\/a>.<\/p>\n<h3><strong>Coordonn\u00e9es<\/strong><\/h3>\n<p>Pour communiquer avec l\u2019ACTRM-ATL, peu importe le sujet, utilisez les coordonn\u00e9es t\u00e9l\u00e9phoniques et \u00e9lectroniques ci-dessous.<\/p>\n<p>Renseignements g\u00e9n\u00e9raux\u00a0: 1-800-463-9729 (sans frais au Canada)<\/p>\n<p><a href=\"https:\/\/camrt.wpenginepowered.com\/fr\/a-propos-de-actrm\/liste-du-personnel\/\" target=\"_blank\" rel=\"noopener\">Bottin du personnel de l&rsquo;ACTRM<\/a><\/p>\n<p>Gestionnaire provinciale, ACTRM-ATL\u00a0: Jennifer Carey <a href=\"mailto:jcarey@camrt.ca\">jcarey@camrt.ca<\/a><\/p>\n<p>\u00c0 propos de l\u2019ACTRM-ATL<\/p>\n<p>&nbsp;<\/p>\n<p>&nbsp;<\/p>\n<p>&nbsp;<\/p>\n<p>&nbsp;<\/p>\n<p>&nbsp;<\/p>\n<p>&nbsp;<\/p>\n<p>&nbsp;<\/p>\n<p>&nbsp;<\/p>\n<p>&nbsp;<\/p>\n<p>&nbsp;<\/p>\n<p>&nbsp;<\/p>\n<p>&nbsp;<\/p>\n<p>&nbsp;<\/p>\n<p>&nbsp;<\/p>\n<p>&nbsp;<\/p>\n<p>&nbsp;<\/p>\n","protected":false},"excerpt":{"rendered":"<p>Bienvenue \u00e0 l\u2019ACTRM-ATL Votre foyer pour les services d\u2019association provinciale au Canada atlantique. &nbsp; L&rsquo;ACTRM-ATL est le foyer des services d&rsquo;association provinciale des TRM du Canada atlantique. L&rsquo;association offre une gamme de services \u00e0 ses membres, y compris la communication avec les gouvernements provinciaux, l&rsquo;organisation d&rsquo;\u00e9v\u00e9nements \u00e9ducatifs locaux et l&rsquo;expansion de notre r\u00e9seau de b\u00e9n\u00e9voles [&hellip;]<\/p>\n","protected":false},"author":30,"featured_media":0,"parent":0,"menu_order":0,"comment_status":"closed","ping_status":"closed","template":"","meta":{"_monsterinsights_skip_tracking":false,"_monsterinsights_sitenote_active":false,"_monsterinsights_sitenote_note":"","_monsterinsights_sitenote_category":0,"footnotes":""},"class_list":["post-13690","page","type-page","status-publish","hentry"],"_links":{"self":[{"href":"https:\/\/camrt.ca\/fr\/wp-json\/wp\/v2\/pages\/13690","targetHints":{"allow":["GET"]}}],"collection":[{"href":"https:\/\/camrt.ca\/fr\/wp-json\/wp\/v2\/pages"}],"about":[{"href":"https:\/\/camrt.ca\/fr\/wp-json\/wp\/v2\/types\/page"}],"author":[{"embeddable":true,"href":"https:\/\/camrt.ca\/fr\/wp-json\/wp\/v2\/users\/30"}],"replies":[{"embeddable":true,"href":"https:\/\/camrt.ca\/fr\/wp-json\/wp\/v2\/comments?post=13690"}],"version-history":[{"count":0,"href":"https:\/\/camrt.ca\/fr\/wp-json\/wp\/v2\/pages\/13690\/revisions"}],"wp:attachment":[{"href":"https:\/\/camrt.ca\/fr\/wp-json\/wp\/v2\/media?parent=13690"}],"curies":[{"name":"wp","href":"https:\/\/api.w.org\/{rel}","templated":true}]}}