{"id":13011,"date":"2020-04-27T14:31:17","date_gmt":"2020-04-27T18:31:17","guid":{"rendered":"https:\/\/camrt.wpenginepowered.com\/fr\/?page_id=13011"},"modified":"2020-04-27T14:31:17","modified_gmt":"2020-04-27T18:31:17","slug":"session-dexamen-supplementaire-pour-lete-2020","status":"publish","type":"page","link":"https:\/\/camrt.ca\/fr\/session-dexamen-supplementaire-pour-lete-2020\/","title":{"rendered":"SESSION D&rsquo;EXAMEN SUPPL\u00c9MENTAIRE POUR L&rsquo;\u00c9T\u00c9"},"content":{"rendered":"<h5 style=\"text-align: center\"><strong>SESSION D&rsquo;EXAMEN SUPPL\u00c9MENTAIRE POUR L&rsquo;\u00c9T\u00c9<\/strong><\/h5>\n<table style=\"height: 102px\" width=\"1375\">\n<tbody>\n<tr style=\"height: 15px\">\n<td style=\"width: 1235.11px;height: 15px\">Date limite d\u2019inscription (23\u00a0h\u00a059 heure de l\u2019Est)<\/td>\n<td style=\"width: 124.205px;height: 15px\">30 juin 2024<\/td>\n<\/tr>\n<tr style=\"height: 15px\">\n<td style=\"width: 1235.11px;height: 15px\">Date d\u2019examen d&rsquo;\u00e9t\u00e9<\/p>\n<p>Fen\u00eatre d\u2019examen: 10:30 \u2013 16:30 heure de l\u2019EstLes candidats devraient calculer le calendrier d\u2019examen pour leur fuseau horaire \u00e0 partir des heures indiqu\u00e9es ci-dessus. Pour convertir cette fen\u00eatre d\u2019examen dans votre fuseau horaire, vous pouvez consulter <a href=\"https:\/\/www.timeanddate.com\/worldclock\/fixedtime.html?msg=CPD+Exam+Session+Summer+2023&amp;iso=20230708T1030&amp;p1=188&amp;ah=6\">ce convertisseur de fuseau horaire<\/a>.<\/td>\n<td style=\"width: 124.205px;height: 15px\">6 juillet 2024<\/td>\n<\/tr>\n<\/tbody>\n<\/table>\n<p><em><strong>En raison de la collaboration avec un tiers fournisseur pour la session d&rsquo;examen, l&rsquo;ACTRM ne permettra pas de modifier la date ou la fen\u00eatre de l&rsquo;examen.<\/strong><\/em><\/p>\n<p><img loading=\"lazy\" decoding=\"async\" class=\"alignnone wp-image-14558 size-full\" src=\"https:\/\/camrt.ca\/wp-content\/uploads\/2022\/06\/Summer-2022-Exam-list-FR-scaled-1.jpg\" alt=\"\" width=\"2560\" height=\"768\" srcset=\"https:\/\/camrt.ca\/wp-content\/uploads\/2022\/06\/Summer-2022-Exam-list-FR-scaled-1.jpg 2560w, https:\/\/camrt.ca\/wp-content\/uploads\/2022\/06\/Summer-2022-Exam-list-FR-scaled-1-300x90.jpg 300w, https:\/\/camrt.ca\/wp-content\/uploads\/2022\/06\/Summer-2022-Exam-list-FR-scaled-1-1024x307.jpg 1024w, https:\/\/camrt.ca\/wp-content\/uploads\/2022\/06\/Summer-2022-Exam-list-FR-scaled-1-768x230.jpg 768w, https:\/\/camrt.ca\/wp-content\/uploads\/2022\/06\/Summer-2022-Exam-list-FR-scaled-1-1536x461.jpg 1536w, https:\/\/camrt.ca\/wp-content\/uploads\/2022\/06\/Summer-2022-Exam-list-FR-scaled-1-2048x614.jpg 2048w\" sizes=\"auto, (max-width: 2560px) 100vw, 2560px\" \/><\/p>\n<p style=\"text-align: center\"><a href=\"https:\/\/camrt.my.site.com\/CPBase__store?site=a0a1a00000AMdCoAAL&#038;catalog=a0p2L0000061fsq\" target=\"_top\" class=\"dt-sc-button   medium\">S&rsquo;inscrire<\/a>\n<h5><strong>Frais d\u2019inscription:<\/strong><\/h5>\n<p><strong>Membres \u00e0 part enti\u00e8re, membres en exercice limit\u00e9, membres temporaires, membres adh\u00e9rents, membres \u00e9tudiants et membres retrait\u00e9s<\/strong><\/p>\n<table width=\"100%\">\n<tbody>\n<tr>\n<td>Examen pr\u00e9alable et examens de reconnaissance des acquis<\/td>\n<td>150.00 $<\/td>\n<\/tr>\n<tr>\n<td>Reprise d\u2019examen, incluant examens bas\u00e9s sur les comp\u00e9tences<\/td>\n<td>150.00 $<\/td>\n<\/tr>\n<\/tbody>\n<\/table>\n<p><strong>Non membres<\/strong><\/p>\n<table width=\"100%\">\n<tbody>\n<tr>\n<td>Examen pr\u00e9alable et examens de reconnaissance des acquis<\/td>\n<td>300.00 $<\/td>\n<\/tr>\n<tr>\n<td>Reprise d\u2019examen, incluant examens bas\u00e9s sur les comp\u00e9tences<\/td>\n<td>300.00 $<\/td>\n<\/tr>\n<\/tbody>\n<\/table>\n<p>&nbsp;<\/p>\n","protected":false},"excerpt":{"rendered":"<p>SESSION D&rsquo;EXAMEN SUPPL\u00c9MENTAIRE POUR L&rsquo;\u00c9T\u00c9 Date limite d\u2019inscription (23\u00a0h\u00a059 heure de l\u2019Est) 30 juin 2024 Date d\u2019examen d&rsquo;\u00e9t\u00e9 Fen\u00eatre d\u2019examen: 10:30 \u2013 16:30 heure de l\u2019EstLes candidats devraient calculer le calendrier d\u2019examen pour leur fuseau horaire \u00e0 partir des heures indiqu\u00e9es ci-dessus. Pour convertir cette fen\u00eatre d\u2019examen dans votre fuseau horaire, vous pouvez consulter ce [&hellip;]<\/p>\n","protected":false},"author":30,"featured_media":0,"parent":0,"menu_order":0,"comment_status":"closed","ping_status":"closed","template":"","meta":{"_monsterinsights_skip_tracking":false,"_monsterinsights_sitenote_active":false,"_monsterinsights_sitenote_note":"","_monsterinsights_sitenote_category":0,"footnotes":""},"class_list":["post-13011","page","type-page","status-publish","hentry"],"_links":{"self":[{"href":"https:\/\/camrt.ca\/fr\/wp-json\/wp\/v2\/pages\/13011","targetHints":{"allow":["GET"]}}],"collection":[{"href":"https:\/\/camrt.ca\/fr\/wp-json\/wp\/v2\/pages"}],"about":[{"href":"https:\/\/camrt.ca\/fr\/wp-json\/wp\/v2\/types\/page"}],"author":[{"embeddable":true,"href":"https:\/\/camrt.ca\/fr\/wp-json\/wp\/v2\/users\/30"}],"replies":[{"embeddable":true,"href":"https:\/\/camrt.ca\/fr\/wp-json\/wp\/v2\/comments?post=13011"}],"version-history":[{"count":0,"href":"https:\/\/camrt.ca\/fr\/wp-json\/wp\/v2\/pages\/13011\/revisions"}],"wp:attachment":[{"href":"https:\/\/camrt.ca\/fr\/wp-json\/wp\/v2\/media?parent=13011"}],"curies":[{"name":"wp","href":"https:\/\/api.w.org\/{rel}","templated":true}]}}