{"id":12956,"date":"2020-04-09T16:22:10","date_gmt":"2020-04-09T20:22:10","guid":{"rendered":"https:\/\/camrt.wpenginepowered.com\/fr\/?page_id=12956"},"modified":"2020-04-09T16:22:10","modified_gmt":"2020-04-09T20:22:10","slug":"centre-de-ressources-sur-la-sante-mentale","status":"publish","type":"page","link":"https:\/\/camrt.ca\/fr\/profession-de-trm\/ressources-professionnelles\/centre-de-ressources-sur-la-sante-mentale\/","title":{"rendered":"Centre de ressources sur la sant\u00e9 mentale"},"content":{"rendered":"<h3 style=\"text-align: left\"><strong>Prendre soin de soi-m\u00eame pendant le COVID-19<\/strong><\/h3>\n<p style=\"text-align: left\">La situation que nous vivons est situation sans pr\u00e9c\u00e9dent. En tant que travailleurs essentiels, beaucoup d\u2019entre vous n\u2019ont pas la possibilit\u00e9 de rester chez eux, ce qui suscite encore plus d\u2019inqui\u00e9tudes, car vous vous souciez de vous prot\u00e9ger, ainsi que vos proches et vos patients. <strong>Les informations contenues dans cette ressource ne remplacent pas les conseils et les soins d&rsquo;un professionnel de la sant\u00e9 mentale. Si vous \u00eates confront\u00e9 \u00e0 une urgence en mati\u00e8re de sant\u00e9 mentale, veuillez vous rendre au service des urgences de votre r\u00e9gion, appeler le 911 ou contacter la ligne d&rsquo;assistance t\u00e9l\u00e9phonique locale.<\/strong><\/p>\n<div class='dt-sc-hr-invisible-medium'><\/div>\n<h4><b><h3 class='border-title  '><\/b>Services psychologiques gratuits <b><span><\/span><\/h3>\n<\/b><\/h4>\n<p>La soci\u00e9t\u00e9 canadienne de psychologie (SCP) a rassembl\u00e9 une liste de psychologues pr\u00eats \u00e0 donner de leur temps pour aider les travailleurs de la sant\u00e9 de premi\u00e8re ligne en cette p\u00e9riode de crise. Visitez la page de la SCP pour savoir comment contacter un psychologue dans votre province.<\/p>\n<a href=\"https:\/\/cpa.ca\/fr\/corona-virus\/psychservices\/\" target=\"_blank\" class=\"dt-sc-button   small  blue\">Trouver un psychologue par l&rsquo;interm\u00e9diaire de la SCP<\/a>\n<p>&nbsp;<\/p>\n<p style=\"text-align: center\"><a href=\"https:\/\/www.forthefrontlines.org\/\"><em>For the Frontlines<\/em><\/a> fournit des conseils rapides et gratuits aux professionnels de la sant\u00e9 et aux travailleurs essentiels pour faire face \u00e0 l&rsquo;anxi\u00e9t\u00e9, au stress, \u00e0 la peur, \u00e0 l&rsquo;isolement ou \u00e0 d&rsquo;autres \u00e9motions difficiles pendant la pand\u00e9mie de coronavirus <strong>(au Canada textez 741741)<\/strong>.<\/p>\n<p>&nbsp;<\/p>\n<div class='dt-sc-hr-invisible-medium'><\/div>\n<h4><b><h3 class='border-title  '>Sondage National Sant\u00e9 Mentale 2021 de l&rsquo;ACTRM<\/b><b><span><\/span><\/h3><\/b><\/h4>\n<h5><a href=\"https:\/\/camrt.ca\/wp-content\/uploads\/2021\/10\/ACTRM-Sondage-National-Sante-Mentale-2021.pdf\">Sondage National Sant\u00e9 Mentale (2021)<\/a><\/h5>\n<h5><a href=\"https:\/\/camrt.wpenginepowered.com\/fr\/wp-content\/uploads\/sites\/3\/2021\/12\/ACTRM-EC-SCLMS-Declaration-conjointe-sur-la-crise-de-sante-mentale.pdf\">ACTRM \u00c9C SCLMS D\u00e9claration conjointe sur la crise de sant\u00e9 mentale<\/a><\/h5>\n<p>&nbsp;<\/p>\n<div class='dt-sc-hr-invisible-medium'><\/div>\n<h4><b><h3 class='border-title  '><\/b>Conseils pour maintenir une sant\u00e9 mentale positive pendant la pand\u00e9mie du COVID-19<b><span><\/span><\/h3><\/b><\/h4>\n<h5 class='dt-sc-toggle'><a href='#'>Gouvernment du Canada<\/a><\/h5><div class=\"dt-sc-toggle-content\" style=\"display: none;\"><div class=\"block\"><p><a href=\"https:\/\/ca.portal.gs\/?lang=fr-ca\" target=\"_blank\" rel=\"noopener noreferrer\">Espace mieux-\u00eatre Canada<\/a> \u2013 Une ressource financ\u00e9e par le gouvernement du Canada pour r\u00e9pondre \u00e0 la hausse fulgurante de cas de d\u00e9tresse mentale caus\u00e9e par la pand\u00e9mie de COVID-19<\/p><\/div><\/div>\n<h5 class='dt-sc-toggle'><a href='#'>Organisation mondiale de la sant\u00e9<\/a><\/h5><div class=\"dt-sc-toggle-content\" style=\"display: none;\"><div class=\"block\"><p><a href=\"https:\/\/www.who.int\/fr\/publications\/i\/item\/WHO-2019-nCoV-MentalHealth-2020.1\" target=\"_blank\" rel=\"noopener noreferrer\">Consid\u00e9rations li\u00e9es \u00e0 la sant\u00e9 mentale et au soutien psychosocial pendant la pand\u00e9mie de COVID-19<\/a> -Messages destin\u00e9s aux travailleurs de la sant\u00e9, aux chefs d&rsquo;\u00e9quipe ou aux responsables des \u00e9tablissements de sant\u00e9, aux personnes s&rsquo;occupant d&rsquo;enfants, de personnes \u00e2g\u00e9es, de personnes souffrant de maladies sous-jacentes et de leurs soignants, ainsi qu&rsquo;aux personnes isol\u00e9es.<\/p><\/div><\/div>\n<h5 class='dt-sc-toggle'><a href='#'>Association canadienne pour la sant\u00e9 mentale<\/a><\/h5><div class=\"dt-sc-toggle-content\" style=\"display: none;\"><div class=\"block\"><p><a href=\"https:\/\/cmha.ca\/fr\/news\/6-conseils-pour-repondre-a-lanxiete-des-employes-reliee-a-la-covid-19\/\" target=\"_blank\" rel=\"noopener noreferrer\">6 conseils pour r\u00e9pondre \u00e0 l\u2019anxi\u00e9t\u00e9 des employ\u00e9s reli\u00e9e \u00e0 la COVID-19<\/a><\/p><\/div><\/div>\n<h5 class='dt-sc-toggle'><a href='#'>Soci\u00e9t\u00e9 canadienne de psychologie<\/a><\/h5><div class=\"dt-sc-toggle-content\" style=\"display: none;\"><div class=\"block\"><p><a href=\"https:\/\/cpa.ca\/docs\/File\/COVID\/Guide%20d'aide%20psychologique%20pour%20travailleurs%20de%20la%20sante_COVID-19_2020.pdf\" target=\"_blank\" rel=\"noopener noreferrer\">Premiers soins psychologiques pour les travailleurs de la sant\u00e9 de premi\u00e8re ligne durant la COVID-19 : Un guide simple pour le bien-\u00eatre<\/a> &#8211; un manuel et un guide de bien-\u00eatre d\u00e9velopp\u00e9 par la Dre M\u00e9lanie Joanisse, psychologue clinicienne et de la sant\u00e9<\/p>\n<p><a href=\"https:\/\/cpa.ca\/fr\/lapsychologiepeutvousaider\/\" target=\"_blank\" rel=\"noopener noreferrer\">La psychologie peut vous aider<\/a> est une rubrique con\u00e7ue pour informer sur une vari\u00e9t\u00e9 de sujets li\u00e9s \u00e0 la sant\u00e9 mentale<\/p><\/div><\/div>\n<h5 class='dt-sc-toggle'><a href='#'>Centre for Addiction and Mental Health (CAMH)<\/a><\/h5><div class=\"dt-sc-toggle-content\" style=\"display: none;\"><div class=\"block\"><p><a href=\"https:\/\/www.camh.ca\/fr\/info-sante\/mental-health-and-covid-19\" target=\"_blank\" rel=\"noopener noreferrer\">La sant\u00e9 mentale et la pand\u00e9mie de COVID-19<\/a> &#8211; Faire face au stress et \u00e0 l&rsquo;anxi\u00e9t\u00e9 ; \u00e9valuer votre niveau de stress et d&rsquo;anxi\u00e9t\u00e9 ; faire face \u00e0 la quarantaine et \u00e0 l&rsquo;isolement. Contient des ressources pour les travailleurs de la sant\u00e9, y compris des informations sur <a href=\"https:\/\/www.camh.ca\/fr\/info-sante\/mental-health-and-covid-19\/information-for-professionals\/self-care\" target=\"_blank\" rel=\"noopener noreferrer\">les soins de soi<\/a> et une liste num\u00e9rique de<a href=\"https:\/\/www.camh.ca\/fr\/info-sante\/mental-health-and-covid-19\/information-for-professionals\" target=\"_blank\" rel=\"noopener noreferrer\"> ressources <\/a>COVID-19 et de sant\u00e9 mentale.<\/p><\/div><\/div>\n<h5 class='dt-sc-toggle'><a href='#'>Anxiety Canada<\/a><\/h5><div class=\"dt-sc-toggle-content\" style=\"display: none;\"><div class=\"block\"><p><a href=\"https:\/\/www.anxietycanada.com\/articles\/helping-health-care-workers-cope-with-covid-19-related-trauma\/\" target=\"_blank\" rel=\"noopener noreferrer\">Helping Health Care Workers Cope with COVID-19 Related Trauma<\/a><\/p><\/div><\/div>\n<h5 class='dt-sc-toggle'><a href='#'>Sunnybrook Health Sciences Centre<\/a><\/h5><div class=\"dt-sc-toggle-content\" style=\"display: none;\"><div class=\"block\"><p><a href=\"http:\/\/health.sunnybrook.ca\/covid-19-coronavirus\/tips-health-care-workers-coping-work-home\/\" target=\"_blank\" rel=\"noopener noreferrer\">Tips for healthcare workers: Coping at work and at home during COVID-19<\/a><\/p><\/div><\/div>\n<h5 class='dt-sc-toggle'><a href='#'>Soutien aux personnes confin\u00e9es<\/a><\/h5><div class=\"dt-sc-toggle-content\" style=\"display: none;\"><div class=\"block\"><p>Ce site du site du\u00a0 <a href=\"https:\/\/thepwc.ca\/managing-your-mental-health-during-self-isolation\/\" target=\"_blank\" rel=\"noopener noreferrer\"><em>Pain and Wellness Centre<\/em><\/a> offre des conseils sur la gestion de la sant\u00e9 mentale pendant le confinement.<\/p>\n<p><a href=\"https:\/\/youngminds.org.uk\/blog\/looking-after-your-mental-health-while-self-isolating\/\" target=\"_blank\" rel=\"noopener noreferrer\">Looking after your mental health while self isolating<\/a> -ce site britannique de Young Minds est destin\u00e9 aux jeunes adultes en confinement.<\/p><\/div><\/div>\n<h5 class='dt-sc-toggle'><a href='#'>Bay Psychology: Comprendre la d\u00e9tresse \u00e9motionnelle et apprendre \u00e0 s&#039;\u00e9panouir<\/a><\/h5><div class=\"dt-sc-toggle-content\" style=\"display: none;\"><div class=\"block\"><p><a href=\"https:\/\/camrt.wpenginepowered.com\/wp-content\/uploads\/2022\/02\/Tolerance_for_Uncertainty_Covid-19.pdf\" target=\"_blank\" rel=\"noopener\">Tolerance for Uncertainty: A COVID-19 Workbook<\/a><\/p><\/div><\/div>\n<h4><b><br \/>\n<h3 class='border-title  '>Les programmes et ressources nationaux sur la sant\u00e9 mentale <\/b><b><span><\/span><\/h3><\/b><\/h4>\n<h5 class='dt-sc-toggle'><a href='#'>Canadian Mental Health Association (CMHA)<\/a><\/h5><div class=\"dt-sc-toggle-content\" style=\"display: none;\"><div class=\"block\"><ul>\n<li><a href=\"https:\/\/cmha.ca\/fr\/evaluateur-de-sante-mentale\" target=\"_blank\" rel=\"noopener noreferrer\">\u00c9valuateur de sant\u00e9 mentale<\/a> \u2013 Cet outil d&rsquo;auto-\u00e9valuation aidera l&rsquo;utilisateur \u00e0 comprendre les caract\u00e9ristiques de sa sant\u00e9 mentale.<\/li>\n<li><a href=\"https:\/\/bounceback.cmha.ca\/fr\/\" target=\"_blank\" rel=\"noopener noreferrer\">Retrouver son entrain<\/a> \u2013 Un programme gratuit qui aide les participants \u00e0 d\u00e9velopper des comp\u00e9tences pour am\u00e9liorer leur sant\u00e9 mentale. Con\u00e7u pour les adultes et les jeunes de 15 ans ou plus, il permet de g\u00e9rer la d\u00e9prime, la d\u00e9pression l\u00e9g\u00e8re \u00e0 mod\u00e9r\u00e9e, l&rsquo;anxi\u00e9t\u00e9, le stress ou l&rsquo;inqui\u00e9tude. Ce programme est gratuit pour les participants qui travailleront avec un coach form\u00e9 et des cahiers d&rsquo;exercices pour d\u00e9velopper des comp\u00e9tences afin d&rsquo;am\u00e9liorer leur sant\u00e9 mentale. Les participants doivent avoir un fournisseur de soins primaires et travailleront avec des fournisseurs de soins primaires dans le cadre de cliniques sans rendez-vous. Dur\u00e9e recommand\u00e9e : s\u00e9ances de 20 \u00e0 30 minutes, deux \u00e0 trois fois par semaine (sur une p\u00e9riode de 3 \u00e0 6\u00a0mois) Le coaching et les manuels sont disponibles en fran\u00e7ais et en anglais.<\/li>\n<li><a href=\"https:\/\/cavapasaujourdhui.ca\/fr\/\" target=\"_blank\" rel=\"noopener noreferrer\">\u00c7a va pas aujourd&rsquo;hui<\/a> \u2013 Une initiative de sant\u00e9 mentale sur le lieu de travail con\u00e7ue pour aider les employeurs \u00e0 cr\u00e9er des lieux de travail sains sur le plan mental. Contient un ensemble d&rsquo;activit\u00e9s et de ressources pr\u00eates \u00e0 \u00eatre mises en \u0153uvre.<\/li>\n<li><a href=\"https:\/\/www.mentalhealthworks.ca\/\" target=\"_blank\" rel=\"noopener noreferrer\">Mental Health Works<\/a> \u2013 un programme d&rsquo;ateliers, de webinaires et de pr\u00e9sentations fond\u00e9s sur des donn\u00e9es probantes et visant \u00e0 renforcer la sensibilisation \u00e0 la sant\u00e9 mentale et \u00e0 enseigner aux participants comment r\u00e9agir dans des situations difficiles. (Ce programme national est une entreprise de l&rsquo;Association canadienne pour la sant\u00e9 mentale &#8211; division de l&rsquo;Ontario.)<\/li>\n<li>L\u2019ACSM offre \u00e9galement <a href=\"https:\/\/cmha.ca\/recovery-college\/courses\" target=\"_blank\" rel=\"noopener noreferrer\">des cours<\/a> \u00e0 diff\u00e9rents endroits au Canada.<\/li>\n<\/ul><\/div><\/div>\n<h5 class='dt-sc-toggle'><a href='#'>La trousse Bell Cause pour la cause<\/a><\/h5><div class=\"dt-sc-toggle-content\" style=\"display: none;\"><div class=\"block\"><p>Cette <a href=\"https:\/\/cause.bell.ca\/fr\/trousse\" target=\"_blank\" rel=\"noopener noreferrer\">trousse<\/a> contient des outils et des ressources permettant d&rsquo;entamer le dialogue sur la sant\u00e9 mentale et le bien-\u00eatre au sein de votre organisation et avec d&rsquo;autres.<\/p><\/div><\/div>\n<h5 class='dt-sc-toggle'><a href='#'>Soci\u00e9t\u00e9 canadienne des sciences de laboratoire m\u00e9dical (SCSLM)<\/a><\/h5><div class=\"dt-sc-toggle-content\" style=\"display: none;\"><div class=\"block\"><p><a href=\"https:\/\/mentalhealth.csmls.org\/fr\/\" target=\"_blank\" rel=\"noopener noreferrer\">Prendre des mesures pour g\u00e9rer votre sant\u00e9 mentale<\/a> &#8211; Journal de suivi du stress et de l&rsquo;anxi\u00e9t\u00e9; guide d&rsquo;activit\u00e9 physique; Guide alimentaire canadien, un outil de planification des repas en ligne; activit\u00e9s de pause sant\u00e9; exercices de respiration pour la <a href=\"https:\/\/play.google.com\/store\/apps\/details?id=org.t2health.breathe2relax&amp;hl=en\" target=\"_blank\" rel=\"noopener noreferrer\">relaxation<\/a>; et des applications de relaxation et de <a href=\"https:\/\/apps.apple.com\/app\/headspace-on-the-go\/id493145008?utm_campaign=app_page&amp;utm_medium=weblink&amp;utm_source=headspace\" target=\"_blank\" rel=\"noopener noreferrer\">m\u00e9ditation<\/a> pour votre t\u00e9l\u00e9phone.<\/p><\/div><\/div>\n<h5 class='dt-sc-toggle'><a href='#'>Association canadienne des travailleurs sociaux<\/a><\/h5><div class=\"dt-sc-toggle-content\" style=\"display: none;\"><div class=\"block\"><p><a href=\"https:\/\/www.casw-acts.ca\/fr\/ressources-de-violence-conjugale\" target=\"_blank\" rel=\"noopener noreferrer\">Ce site<\/a> comprend des ressources sur la violence familiale pour ceux qui cherchent de l&rsquo;aide ou pour ceux qui connaissent quelqu&rsquo;un qui en cherche.<\/p><\/div><\/div>\n<p>&nbsp;<\/p>\n<h3 class='border-title  '>Programmes et ressources de sant\u00e9 mentale sp\u00e9cifiques au lieu de travail pour les employeurs et les employ\u00e9s<span><\/span><\/h3>\n<h5 class='dt-sc-toggle'><a href='#'>Coll\u00e8ge canadien des leaders en sant\u00e9<\/a><\/h5><div class=\"dt-sc-toggle-content\" style=\"display: none;\"><div class=\"block\"><p><a href=\"https:\/\/www.youtube.com\/watch?v=_IeKVwF81FU&amp;feature=youtu.be\" target=\"_blank\" rel=\"noopener noreferrer\">Supporting the Well-Being of Healthcare Workers on the Front Line of the Covid-19 Crisis<\/a> (Un <a href=\"https:\/\/cchl-ccls.ca\/company\/roster\/companyRosterDetails.html?language=fr_FR&amp;companyId=23661&amp;companyRosterId=90\" target=\"_blank\" rel=\"noopener noreferrer\">r\u00e9sum\u00e9<\/a> du webinaire en fran\u00e7ais est aussi disponible.)<\/p><\/div><\/div>\n<h5 class='dt-sc-toggle'><a href='#'>Coll\u00e8ge royal des m\u00e9decins et chirurgiens du Canada<\/a><\/h5><div class=\"dt-sc-toggle-content\" style=\"display: none;\"><div class=\"block\"><p><a href=\"https:\/\/www.pause4providers.com\/\" target=\"_blank\" rel=\"noopener noreferrer\">Pause4Providers<\/a> \u2013 S\u00e9ances quotidiennes anonymes de 30 minutes. Chaque session propose de courtes pratiques de pleine conscience pour aider les participants \u00e0 se d\u00e9tendre, \u00e0 se revitaliser et \u00e0 apprendre \u00e0 trouver le calme au milieu de la pand\u00e9mie. Le programme est ouvert \u00e0 tous les prestataires de soins de sant\u00e9, aux stagiaires, aux travailleurs hospitaliers, aux dirigeants et aux chercheurs.<\/p><\/div><\/div>\n<h5 class='dt-sc-toggle'><a href='#'>R\u00e9seau canadien des personnels de sant\u00e9 (RCPS)<\/a><\/h5><div class=\"dt-sc-toggle-content\" style=\"display: none;\"><div class=\"block\"><p><a href=\"https:\/\/www.hhr-rhs.ca\/en\/covid-19\/innovations-db\/list\/1.html\" target=\"_blank\" rel=\"noopener noreferrer\">Le R\u00e9seau canadien des personnels de sant\u00e9 (RCPS)<\/a> s&rsquo;est associ\u00e9 \u00e0 la Fondation canadienne pour l&rsquo;am\u00e9lioration des soins de sant\u00e9 (FCSH) pour d\u00e9velopper cette base de donn\u00e9es des innovations en mati\u00e8re de personnel de sant\u00e9 en r\u00e9ponse \u00e0 la pand\u00e9mie de COVID-19<\/p><\/div><\/div>\n<h5 class='dt-sc-toggle'><a href='#'>Association canadienne pour la sant\u00e9 mentale<\/a><\/h5><div class=\"dt-sc-toggle-content\" style=\"display: none;\"><div class=\"block\"><ul>\n<li>Division de l\u2019Ontario : <a href=\"https:\/\/ontario.cmha.ca\/programs-services\/mental-health-works\/mental-health-in-the-workplace-an-accommodation-guide-for-managers-and-staff\/\" target=\"_blank\" rel=\"noopener noreferrer\">Mental Health in the Workplace: An Accommodation Guide for Managers and Staff\u00a0<\/a><\/li>\n<li>Division Manitoba et Winnipeg : <a href=\"https:\/\/mbwpg.cmha.ca\/programs-services\/community-and-workplace-education\/\" target=\"_blank\" rel=\"noopener noreferrer\">Community and Workplace Education<\/a><\/li>\n<li>Division de l\u2019Alberta : <a href=\"https:\/\/alberta.cmha.ca\/types-programs-services\/workplacetraining\/\" target=\"_blank\" rel=\"noopener noreferrer\">Workplace training resources<\/a><\/li>\n<li>Division de la Colombie-Britannique : <a href=\"https:\/\/cmha.bc.ca\/types-programs-services\/workplace\/\" target=\"_blank\" rel=\"noopener noreferrer\">Workplace programs<\/a><\/li>\n<\/ul><\/div><\/div>\n<h5 class='dt-sc-toggle'><a href='#'>Centers for Disease Control and Prevention (CDC), \u00c9tats-Unis<\/a><\/h5><div class=\"dt-sc-toggle-content\" style=\"display: none;\"><div class=\"block\"><p><a href=\"https:\/\/emergency.cdc.gov\/coping\/responders.asp\" target=\"_blank\" rel=\"noopener noreferrer\">Emergency Responders: Tips for taking care of yourself<\/a> \u2013 Comprendre et identifier l&rsquo;\u00e9puisement professionnel et le stress traumatique secondaire ; techniques d&rsquo;autosoins pour les intervenants ; apr\u00e8s l&rsquo;intervention : famille et vie professionnelle<\/p><\/div><\/div>\n<p>&nbsp;<\/p>\n<h3 class='border-title  '>Ressources en sant\u00e9 mentale pour les \u00e9tudiants et les enseignants en TRM<span><\/span><\/h3>\n<h5 class='dt-sc-toggle'><a href='#'>Centre d\u2019innovation en sant\u00e9 mentale sur les campus<\/a><\/h5><div class=\"dt-sc-toggle-content\" style=\"display: none;\"><div class=\"block\"><p><a href=\"https:\/\/campusmentalhealth.ca\/fr\/\" target=\"_blank\" rel=\"noopener noreferrer\">Centre d\u2019innovation en sant\u00e9 mentale sur les campus<\/a>\u00a0: un partenariat bas\u00e9 en Ontario dont l&rsquo;objectif est de soutenir les coll\u00e8ges et universit\u00e9s de l&rsquo;Ontario dans leur engagement en faveur de la sant\u00e9 mentale et du bien-\u00eatre de leurs \u00e9tudiants.<\/p>\n<p><a href=\"https:\/\/campusmentalhealth.ca\/resource\/a-guide-to-supporting-students-in-distress\/\" target=\"_blank\" rel=\"noopener noreferrer\">Guide to Supporting Students in Distress<\/a><\/p><\/div><\/div>\n<h5 class='dt-sc-toggle'><a href='#'>Centre d\u2019excellence en enseignement de l\u2019Universit\u00e9 de Waterloo<\/a><\/h5><div class=\"dt-sc-toggle-content\" style=\"display: none;\"><div class=\"block\"><p><a href=\"https:\/\/uwaterloo.ca\/centre-for-teaching-excellence\/teaching-resources\/teaching-tips\/teaching-tips-planning-courses-and-assignments\/supporting-students-mental-wellbeing-instructional\" target=\"_blank\" rel=\"noopener noreferrer\">Supporting Students\u2019 Wellbeing \u2013 Instructional Strategies<\/a><\/p><\/div><\/div>\n<h5 class='dt-sc-toggle'><a href='#'>Universit\u00e9 de la Colombie-Britannique<\/a><\/h5><div class=\"dt-sc-toggle-content\" style=\"display: none;\"><div class=\"block\"><p><a href=\"http:\/\/blogs.ubc.ca\/teachingandwellbeing\/files\/2016\/12\/TLEF_Handout_Round2_v2.pdf\" target=\"_blank\" rel=\"noopener noreferrer\">Teaching Practices that Support Student Wellbeing \u2013 A Tool for Educators\u00a0<\/a>\nAssociation canadienne pour la sant\u00e9 mentale et Services aux \u00e9tudiants de l\u2019Association des coll\u00e8ges et universit\u00e9 du Canada<\/p>\n<p><a href=\"https:\/\/healthycampuses.ca\/wp-content\/uploads\/2014\/09\/The-National-Guide.pdf\" target=\"_blank\" rel=\"noopener noreferrer\">\u202fPost-Secondary Student Mental Health: Guide to a Systemic Approach<\/a><\/p><\/div><\/div>\n<h5 class='dt-sc-toggle'><a href='#'>Universit\u00e9 Ryerson<\/a><\/h5><div class=\"dt-sc-toggle-content\" style=\"display: none;\"><div class=\"block\"><p><a href=\"https:\/\/www.ryerson.ca\/thriveru\/\" target=\"_blank\" rel=\"noopener noreferrer\">ThriveRU program<\/a> (contient une biblioth\u00e8que de ressources pour soutenir la r\u00e9silience des \u00e9tudiants), incluant <a href=\"https:\/\/www.ryerson.ca\/thriveru\/resources\/10-tips-for-resilience\/\" target=\"_blank\" rel=\"noopener noreferrer\">Ten Tips for Resilience\u00a0<\/a><\/p><\/div><\/div>\n<p>&nbsp;<\/p>\n<h3 class='border-title  '>Ressources sur le chagrin et le deuil<span><\/span><\/h3>\n<h5 class='dt-sc-toggle'><a href='#'>Care for caregivers<\/a><\/h5><div class=\"dt-sc-toggle-content\" style=\"display: none;\"><div class=\"block\"><p><a href=\"https:\/\/www.careforcaregivers.ca\/campaigns\/bereavement-and-grief\/\" target=\"_blank\" rel=\"noopener noreferrer\">Coping with Grief\u00a0<\/a><\/p><\/div><\/div>\n<h5 class='dt-sc-toggle'><a href='#'>Soci\u00e9t\u00e9 canadienne du cancer<\/a><\/h5><div class=\"dt-sc-toggle-content\" style=\"display: none;\"><div class=\"block\"><p><a href=\"https:\/\/www.cancer.gov\/about-cancer\/advanced-cancer\/caregivers\/planning\/bereavement-hp-pdq\" target=\"_blank\" rel=\"noopener noreferrer\">Grief, Bereavement, and Coping with Loss (version pour les professionnels de la sant\u00e9)<\/a><\/p><\/div><\/div>\n<h5 class='dt-sc-toggle'><a href='#'>Canadian Virtual Hospice<\/a><\/h5><div class=\"dt-sc-toggle-content\" style=\"display: none;\"><div class=\"block\"><p><a href=\"https:\/\/mondeuil.ca\/\" target=\"_blank\" rel=\"noopener noreferrer\">S\u00e9rie de webinaires<\/a> sur le chagrin et le deuil<\/p><\/div><\/div>\n<h5 class='dt-sc-toggle'><a href='#'>Hospice Palliative Care Ontario<\/a><\/h5><div class=\"dt-sc-toggle-content\" style=\"display: none;\"><div class=\"block\"><p><a href=\"https:\/\/www.hpco.ca\/grief-and-bereavement-supports-for-health-care-workers\/\" target=\"_blank\" rel=\"noopener noreferrer\">Grief and Bereavement Supports for Health Care Workers<\/a><\/p><\/div><\/div>\n<h5 class='dt-sc-toggle'><a href='#'>D\u00e9partement de la Sant\u00e9 et des Services humains des \u00c9tats-Unis<\/a><\/h5><div class=\"dt-sc-toggle-content\" style=\"display: none;\"><div class=\"block\"><p><a href=\"https:\/\/files.asprtracie.hhs.gov\/documents\/grief-following-patient-deaths-during-covid-19.pdf\" target=\"_blank\" rel=\"noopener noreferrer\">Grief Following Patient Deaths During COVID-19<\/a><\/p><\/div><\/div>\n<p>&nbsp;<\/p>\n<h4><b><h3 class='border-title  '><\/b>Programmes d&rsquo;aide aux employ\u00e9s<b><span><\/span><\/h3><\/b><\/h4>\n<p>De nombreux employeurs offrent des programmes d&rsquo;aide aux employ\u00e9s (PAE) qui comprennent un service de counseling confidentiel \u00e0 court terme, des programmes de soutien financier, des ressources de soutien familial, etc. Ces services sont gratuits pour les employ\u00e9s et totalement confidentiels. Demandez \u00e0 un responsable ou \u00e0 votre employeur si ce service est disponible dans votre lieu de travail.<\/p>\n<div class='dt-sc-hr-invisible-medium'><\/div>\n<p>&nbsp;<\/p>\n","protected":false},"excerpt":{"rendered":"<p>Prendre soin de soi-m\u00eame pendant le COVID-19 La situation que nous vivons est situation sans pr\u00e9c\u00e9dent. En tant que travailleurs essentiels, beaucoup d\u2019entre vous n\u2019ont pas la possibilit\u00e9 de rester chez eux, ce qui suscite encore plus d\u2019inqui\u00e9tudes, car vous vous souciez de vous prot\u00e9ger, ainsi que vos proches et vos patients. Les informations contenues [&hellip;]<\/p>\n","protected":false},"author":30,"featured_media":0,"parent":47036,"menu_order":0,"comment_status":"closed","ping_status":"closed","template":"","meta":{"_monsterinsights_skip_tracking":false,"_monsterinsights_sitenote_active":false,"_monsterinsights_sitenote_note":"","_monsterinsights_sitenote_category":0,"footnotes":""},"class_list":["post-12956","page","type-page","status-publish","hentry"],"_links":{"self":[{"href":"https:\/\/camrt.ca\/fr\/wp-json\/wp\/v2\/pages\/12956","targetHints":{"allow":["GET"]}}],"collection":[{"href":"https:\/\/camrt.ca\/fr\/wp-json\/wp\/v2\/pages"}],"about":[{"href":"https:\/\/camrt.ca\/fr\/wp-json\/wp\/v2\/types\/page"}],"author":[{"embeddable":true,"href":"https:\/\/camrt.ca\/fr\/wp-json\/wp\/v2\/users\/30"}],"replies":[{"embeddable":true,"href":"https:\/\/camrt.ca\/fr\/wp-json\/wp\/v2\/comments?post=12956"}],"version-history":[{"count":0,"href":"https:\/\/camrt.ca\/fr\/wp-json\/wp\/v2\/pages\/12956\/revisions"}],"up":[{"embeddable":true,"href":"https:\/\/camrt.ca\/fr\/wp-json\/wp\/v2\/pages\/47036"}],"wp:attachment":[{"href":"https:\/\/camrt.ca\/fr\/wp-json\/wp\/v2\/media?parent=12956"}],"curies":[{"name":"wp","href":"https:\/\/api.w.org\/{rel}","templated":true}]}}