{"id":12830,"date":"2020-03-09T16:02:01","date_gmt":"2020-03-09T20:02:01","guid":{"rendered":"https:\/\/camrt.wpenginepowered.com\/fr\/?page_id=12830"},"modified":"2020-03-09T16:02:01","modified_gmt":"2020-03-09T20:02:01","slug":"recus-aux-fins-dimpot","status":"publish","type":"page","link":"https:\/\/camrt.ca\/fr\/recus-aux-fins-dimpot\/","title":{"rendered":"Re\u00e7us aux fins d\u2019imp\u00f4t"},"content":{"rendered":"<p style=\"text-align: center\"><strong>\u00c0 compter de l\u2019ann\u00e9e d\u2019imposition 2019, l\u2019Agence de revenu du Canada (ARC) exige que tous les \u00e9tablissements d\u2019enseignement agr\u00e9\u00e9s au Canada recueillent les num\u00e9ros d\u2019assurance sociale (NAS) des candidats sur le formulaire T2201 (anciennement T2202A).<\/strong><\/p>\n<p>Les certificats T2202 ne seront \u00e9mis qu\u2019aux candidats qui ach\u00e8tent des <span style=\"text-decoration: underline\">cours complets<\/span> ou des <span style=\"text-decoration: underline\">cours d\u2019autoformation rapide<\/span> d\u2019une valeur de 100 $* ou plus, pendant l\u2019ann\u00e9e d\u2019imposition en question. Les T2202 ne seront pas \u00e9mis pour tout autre type de cours, ind\u00e9pendamment du montant cumulatif d\u00e9bours\u00e9.<\/p>\n<p><em><small>*Les frais d\u2019administration et de traitement ne constituent pas des frais de scolarit\u00e9 admissibles.<\/small><\/em><\/p>\n<h6><strong>Collecte des num\u00e9ros d\u2019assurance sociale (NAS)<\/strong><\/h6>\n<p>L\u2019ACTRM communiquera avec les candidats admissibles annuellement avant la collecte des NAS, aupr\u00e8s de ceux auxquels un T2202 sera \u00e9mis. L\u2019ACTRM prend au s\u00e9rieux la s\u00e9curit\u00e9 de vos renseignements personnels \u2013 votre NAS sera stock\u00e9 confidentiellement et en toute s\u00e9curit\u00e9 dans un champ encrypt\u00e9 dans votre profil et sera retir\u00e9 de notre syst\u00e8me lorsque tous les re\u00e7us auront \u00e9t\u00e9 \u00e9mis.<\/p>\n<h6><strong>Distribution des certificats T2202<\/strong><\/h6>\n<p>Les T2202 contenant des NAS seront distribu\u00e9s <strong>exclusivement<\/strong> par Postel de Poste Canada. Les T2202 seront distribu\u00e9s en f\u00e9vrier de chaque ann\u00e9e<\/p>\n<p><strong><em>Pour les questions relatives \u00e0 l\u2019imp\u00f4t sur le revenu et aux d\u00e9ductions pour frais d\u2019\u00e9tudes, veuillez communiquer avec l\u2019<a href=\"https:\/\/www.canada.ca\/fr\/agence-revenu\/organisation\/coordonnees.html\">Agence du revenu du Canada<\/a>.<\/em><\/strong><\/p>\n","protected":false},"excerpt":{"rendered":"<p>\u00c0 compter de l\u2019ann\u00e9e d\u2019imposition 2019, l\u2019Agence de revenu du Canada (ARC) exige que tous les \u00e9tablissements d\u2019enseignement agr\u00e9\u00e9s au Canada recueillent les num\u00e9ros d\u2019assurance sociale (NAS) des candidats sur le formulaire T2201 (anciennement T2202A). Les certificats T2202 ne seront \u00e9mis qu\u2019aux candidats qui ach\u00e8tent des cours complets ou des cours d\u2019autoformation rapide d\u2019une valeur [&hellip;]<\/p>\n","protected":false},"author":30,"featured_media":0,"parent":0,"menu_order":0,"comment_status":"closed","ping_status":"closed","template":"","meta":{"_monsterinsights_skip_tracking":false,"_monsterinsights_sitenote_active":false,"_monsterinsights_sitenote_note":"","_monsterinsights_sitenote_category":0,"footnotes":""},"class_list":["post-12830","page","type-page","status-publish","hentry"],"_links":{"self":[{"href":"https:\/\/camrt.ca\/fr\/wp-json\/wp\/v2\/pages\/12830","targetHints":{"allow":["GET"]}}],"collection":[{"href":"https:\/\/camrt.ca\/fr\/wp-json\/wp\/v2\/pages"}],"about":[{"href":"https:\/\/camrt.ca\/fr\/wp-json\/wp\/v2\/types\/page"}],"author":[{"embeddable":true,"href":"https:\/\/camrt.ca\/fr\/wp-json\/wp\/v2\/users\/30"}],"replies":[{"embeddable":true,"href":"https:\/\/camrt.ca\/fr\/wp-json\/wp\/v2\/comments?post=12830"}],"version-history":[{"count":0,"href":"https:\/\/camrt.ca\/fr\/wp-json\/wp\/v2\/pages\/12830\/revisions"}],"wp:attachment":[{"href":"https:\/\/camrt.ca\/fr\/wp-json\/wp\/v2\/media?parent=12830"}],"curies":[{"name":"wp","href":"https:\/\/api.w.org\/{rel}","templated":true}]}}