{"id":12586,"date":"2019-12-19T10:58:09","date_gmt":"2019-12-19T15:58:09","guid":{"rendered":"https:\/\/camrt.wpenginepowered.com\/fr\/?page_id=12586"},"modified":"2019-12-19T10:58:09","modified_gmt":"2019-12-19T15:58:09","slug":"plans-dexamen","status":"publish","type":"page","link":"https:\/\/camrt.ca\/fr\/agrement-2\/plans-dexamen\/","title":{"rendered":"Plans d&rsquo;examen"},"content":{"rendered":"<div class=\"dt-sc-titled-box\"><h6 class=\"dt-sc-titled-box-title\" style=\"background-color:#1c9ad6;border-color:#1c9ad6;color:#ffffff;\"> Plans d&#039;examen<\/h6><div class=\"dt-sc-titled-box-content\"><p>Le plan d&rsquo;examen pour l&rsquo;examen d&rsquo;agr\u00e9ment national de l&rsquo;ACTRM donne un aper\u00e7u du contenu \u00e0 couvrir et du nombre pr\u00e9vu de questions par cat\u00e9gorie de comp\u00e9tences.<\/p>\n<p>Date d&rsquo;entr\u00e9e en vigueur : <strong>mai 2024<\/strong><\/p>\n<ul class='dt-sc-fancy-list   rounded-arrow'>\n<li><a href=\"https:\/\/camrt.ca\/wp-content\/uploads\/2023\/06\/Plan-dexamen-2024_RM-1.pdf\">R\u00e9sonance magn\u00e9tique<\/a><\/li>\n<li><a href=\"https:\/\/camrt.ca\/wp-content\/uploads\/2023\/06\/Plan-dexamen-2024_MN-1.pdf\">M\u00e9decine nucl\u00e9aire<\/a><\/li>\n<li><a href=\"https:\/\/camrt.ca\/wp-content\/uploads\/2023\/06\/Plan-dexamen-2024_RT-1.pdf\">Radioth\u00e9rapie<\/a><\/li>\n<li><a href=\"https:\/\/camrt.ca\/wp-content\/uploads\/2023\/06\/Plan-dexamen-2024_RD-1.pdf\">Technologie de la radiologie<\/a><\/li>\n<\/ul><\/div><\/div>\n","protected":false},"excerpt":{"rendered":"","protected":false},"author":30,"featured_media":0,"parent":10730,"menu_order":0,"comment_status":"closed","ping_status":"closed","template":"","meta":{"_monsterinsights_skip_tracking":false,"_monsterinsights_sitenote_active":false,"_monsterinsights_sitenote_note":"","_monsterinsights_sitenote_category":0,"footnotes":""},"class_list":["post-12586","page","type-page","status-publish","hentry"],"_links":{"self":[{"href":"https:\/\/camrt.ca\/fr\/wp-json\/wp\/v2\/pages\/12586","targetHints":{"allow":["GET"]}}],"collection":[{"href":"https:\/\/camrt.ca\/fr\/wp-json\/wp\/v2\/pages"}],"about":[{"href":"https:\/\/camrt.ca\/fr\/wp-json\/wp\/v2\/types\/page"}],"author":[{"embeddable":true,"href":"https:\/\/camrt.ca\/fr\/wp-json\/wp\/v2\/users\/30"}],"replies":[{"embeddable":true,"href":"https:\/\/camrt.ca\/fr\/wp-json\/wp\/v2\/comments?post=12586"}],"version-history":[{"count":0,"href":"https:\/\/camrt.ca\/fr\/wp-json\/wp\/v2\/pages\/12586\/revisions"}],"up":[{"embeddable":true,"href":"https:\/\/camrt.ca\/fr\/wp-json\/wp\/v2\/pages\/10730"}],"wp:attachment":[{"href":"https:\/\/camrt.ca\/fr\/wp-json\/wp\/v2\/media?parent=12586"}],"curies":[{"name":"wp","href":"https:\/\/api.w.org\/{rel}","templated":true}]}}