{"id":12569,"date":"2019-12-18T13:19:59","date_gmt":"2019-12-18T18:19:59","guid":{"rendered":"https:\/\/camrt.wpenginepowered.com\/fr\/?page_id=12569"},"modified":"2026-02-09T11:30:40","modified_gmt":"2026-02-09T16:30:40","slug":"preparation-a-lexamen-dagrement","status":"publish","type":"page","link":"https:\/\/camrt.ca\/fr\/agrement-2\/programmes-detudes-canadiens-agrees\/preparation-a-lexamen-dagrement\/","title":{"rendered":"Pr\u00e9paration \u00e0 l\u2019examen d\u2019agr\u00e9ment"},"content":{"rendered":"<p>Pour des informations sur les d&rsquo;accommodement pour l&rsquo;examen, veuillez <a href=\"https:\/\/camrt.wpenginepowered.com\/fr\/agrement-2\/programmes-detudes-canadiens-agrees\/examen-dagrement-dentree-a-la-pratique\/politique-dadaptation-aux-besoins-particuliers\/\">cliquer ici.<\/a><\/p>\n<p>Pour aider les \u00e9tudiants \u00e0 pr\u00e9parer pour l\u2019examen d\u2019agr\u00e9ment, l\u2019ACTRM offre les ressources suivantes :<\/p>\n<ul class='dt-sc-fancy-list   rounded-arrow'>\n<li><a href=\"https:\/\/camrt.ca\/fr\/agrement-2\/programmes-detudes-canadiens-agrees\/preparation-a-lexamen-dagrement\/guide-de-preparation-a-lexamen\/\">Guide de pr\u00e9paration<\/a><\/li>\n<li><a href=\"https:\/\/camrt.wpenginepowered.com\/fr\/agrement-2\/profils-de-competences-2\/\">Profils de comp\u00e9tence<\/a><\/li>\n<li><a href=\"https:\/\/camrt.wpenginepowered.com\/fr\/agrement-2\/plans-dexamen\/\">Plans d\u2019examen<\/a><\/li>\n<li><a href=\"https:\/\/camrt.wpenginepowered.com\/fr\/agrement-2\/programmes-detudes-canadiens-agrees\/preparation-a-lexamen-dagrement\/glossaires-et-abreviations\/\">Glossaires et abr\u00e9viations<\/a><\/li>\n<li><a href=\"https:\/\/camrt.wpenginepowered.com\/fr\/agrement-2\/programmes-detudes-canadiens-agrees\/preparation-a-lexamen-dagrement\/comment-passer-un-examen-base-sur-les-competences\/\">Comment passer un examen bas\u00e9 sur les comp\u00e9tences<\/a><\/li>\n<li><a href=\"https:\/\/camrt.wpenginepowered.com\/fr\/agrement-2\/programmes-detudes-canadiens-agrees\/preparation-a-lexamen-dagrement\/examens-de-pratique\/\">Examens de pratique<\/a><\/li>\n<li><a href=\"https:\/\/camrt.wpenginepowered.com\/fr\/agrement-2\/programmes-detudes-canadiens-agrees\/preparation-a-lexamen-dagrement\/manuels-recommandes\/\">Manuels recommand\u00e9<\/a><\/li>\n<li><a href=\"https:\/\/camrt.wpenginepowered.com\/fr\/agrement-2\/programmes-detudes-canadiens-agrees\/preparation-a-lexamen-dagrement\/pratique-en-technologie-de-radiologie-medicale-au-canada\/\">Pratique en technologie de radiologie m\u00e9dicale au Canada<\/a><\/li>\n<li><a href=\"https:\/\/camrt.ca\/wp-content\/uploads\/2024\/11\/CandidateStatementofUnderstanding-1.pdf\">D\u00e9claration d\u2019adh\u00e9sion<\/a><\/li>\n<\/ul>\n<p>&nbsp;<\/p>\n","protected":false},"excerpt":{"rendered":"<p>Pour des informations sur les d&rsquo;accommodement pour l&rsquo;examen, veuillez cliquer ici. Pour aider les \u00e9tudiants \u00e0 pr\u00e9parer pour l\u2019examen d\u2019agr\u00e9ment, l\u2019ACTRM offre les ressources suivantes : &nbsp;<\/p>\n","protected":false},"author":30,"featured_media":0,"parent":47090,"menu_order":0,"comment_status":"closed","ping_status":"closed","template":"","meta":{"_monsterinsights_skip_tracking":false,"_monsterinsights_sitenote_active":false,"_monsterinsights_sitenote_note":"","_monsterinsights_sitenote_category":0,"footnotes":""},"class_list":["post-12569","page","type-page","status-publish","hentry"],"_links":{"self":[{"href":"https:\/\/camrt.ca\/fr\/wp-json\/wp\/v2\/pages\/12569","targetHints":{"allow":["GET"]}}],"collection":[{"href":"https:\/\/camrt.ca\/fr\/wp-json\/wp\/v2\/pages"}],"about":[{"href":"https:\/\/camrt.ca\/fr\/wp-json\/wp\/v2\/types\/page"}],"author":[{"embeddable":true,"href":"https:\/\/camrt.ca\/fr\/wp-json\/wp\/v2\/users\/30"}],"replies":[{"embeddable":true,"href":"https:\/\/camrt.ca\/fr\/wp-json\/wp\/v2\/comments?post=12569"}],"version-history":[{"count":0,"href":"https:\/\/camrt.ca\/fr\/wp-json\/wp\/v2\/pages\/12569\/revisions"}],"up":[{"embeddable":true,"href":"https:\/\/camrt.ca\/fr\/wp-json\/wp\/v2\/pages\/47090"}],"wp:attachment":[{"href":"https:\/\/camrt.ca\/fr\/wp-json\/wp\/v2\/media?parent=12569"}],"curies":[{"name":"wp","href":"https:\/\/api.w.org\/{rel}","templated":true}]}}