{"id":10827,"date":"2018-03-28T15:00:25","date_gmt":"2018-03-28T19:00:25","guid":{"rendered":"https:\/\/camrt.wpenginepowered.com\/fr\/?page_id=10827"},"modified":"2018-03-28T15:00:25","modified_gmt":"2018-03-28T19:00:25","slug":"cours-preparatoires-a-lexamen","status":"publish","type":"page","link":"https:\/\/camrt.ca\/fr\/agrement-2\/technologues-en-radiation-medicale-formes-a-letranger-trmfe\/cours-preparatoires-a-lexamen\/","title":{"rendered":"Cours pr\u00e9paratoires \u00e0 l\u2019examen"},"content":{"rendered":"<p>L\u2019ACTRM a produit trois cours pr\u00e9paratoires en ligne (en anglais seulement) visant \u00e0 permettre aux TRMFE de se pr\u00e9parer \u00e0 l\u2019examen d\u2019agr\u00e9ment national.<\/p>\n<ul class='dt-sc-fancy-list   rounded-arrow'>\n<li>Cours pr\u00e9paratoire \u00e0 l\u2019examen 1\u00a0: Proc\u00e9dures en radiographie et pathologie<\/li>\n<li>Cours pr\u00e9paratoire \u00e0 l\u2019examen 2 : Gestion du patient<\/li>\n<li>Cours pr\u00e9paratoire \u00e0 l\u2019examen 3\u00a0: \u00c9quipement radiographique et imagerie<\/li>\n<\/ul>\n<p>Les frais de cours sont de 350\u00a0$ par cours. Ouvrez une session dans la page <a href=\"https:\/\/camrt.force.com\/I2C_My_Certification\">Agr\u00e9ment<\/a> pour obtenir plus d\u2019information et vous inscrire aux cours.<\/p>\n","protected":false},"excerpt":{"rendered":"<p>L\u2019ACTRM a produit trois cours pr\u00e9paratoires en ligne (en anglais seulement) visant \u00e0 permettre aux TRMFE de se pr\u00e9parer \u00e0 l\u2019examen d\u2019agr\u00e9ment national. Les frais de cours sont de 350\u00a0$ par cours. Ouvrez une session dans la page Agr\u00e9ment pour obtenir plus d\u2019information et vous inscrire aux cours.<\/p>\n","protected":false},"author":30,"featured_media":0,"parent":10814,"menu_order":0,"comment_status":"closed","ping_status":"closed","template":"","meta":{"_monsterinsights_skip_tracking":false,"_monsterinsights_sitenote_active":false,"_monsterinsights_sitenote_note":"","_monsterinsights_sitenote_category":0,"footnotes":""},"class_list":["post-10827","page","type-page","status-publish","hentry"],"_links":{"self":[{"href":"https:\/\/camrt.ca\/fr\/wp-json\/wp\/v2\/pages\/10827","targetHints":{"allow":["GET"]}}],"collection":[{"href":"https:\/\/camrt.ca\/fr\/wp-json\/wp\/v2\/pages"}],"about":[{"href":"https:\/\/camrt.ca\/fr\/wp-json\/wp\/v2\/types\/page"}],"author":[{"embeddable":true,"href":"https:\/\/camrt.ca\/fr\/wp-json\/wp\/v2\/users\/30"}],"replies":[{"embeddable":true,"href":"https:\/\/camrt.ca\/fr\/wp-json\/wp\/v2\/comments?post=10827"}],"version-history":[{"count":0,"href":"https:\/\/camrt.ca\/fr\/wp-json\/wp\/v2\/pages\/10827\/revisions"}],"up":[{"embeddable":true,"href":"https:\/\/camrt.ca\/fr\/wp-json\/wp\/v2\/pages\/10814"}],"wp:attachment":[{"href":"https:\/\/camrt.ca\/fr\/wp-json\/wp\/v2\/media?parent=10827"}],"curies":[{"name":"wp","href":"https:\/\/api.w.org\/{rel}","templated":true}]}}