{"id":10825,"date":"2018-03-28T14:58:10","date_gmt":"2018-03-28T18:58:10","guid":{"rendered":"https:\/\/camrt.wpenginepowered.com\/fr\/?page_id=10825"},"modified":"2018-03-28T14:58:10","modified_gmt":"2018-03-28T18:58:10","slug":"programmes-de-transition","status":"publish","type":"page","link":"https:\/\/camrt.ca\/fr\/agrement-2\/technologues-en-radiation-medicale-formes-a-letranger-trmfe\/programmes-de-transition\/","title":{"rendered":"Programmes de transition au Canada"},"content":{"rendered":"<div  class='column dt-sc-one-half  space  first'    ><div class='dt-sc-titled-box '><h6 class='dt-sc-titled-box-title'  style=\"background-color:#F7941E;border-color:#F7941E;color:#ffffff;\">  Programme de transition en technologie de radiologie - Michener Institute, Toronto, ON<\/h6><div class='dt-sc-titled-box-content'><p style=\"text-align: justify\">Ce cours a \u00e9t\u00e9 sp\u00e9cifiquement con\u00e7u pour aider \u00e0 pr\u00e9parer les technologues en radiologie m\u00e9dicale (rayons X) form\u00e9s \u00e0 l&rsquo;\u00e9tranger pour l&rsquo;examen d\u2019agr\u00e9ment.<\/p>\n<p>T\u00e9l : 416-596-3101 ext. 3178 ou 3147<\/p>\n<p>Courriel :\u00a0<a href=\"mailto:bridging@michener.ca\">bridging@michener.ca<\/a><\/p>\n<p>Site web : <a href=\"https:\/\/michener.ca\/program\/bpra\/\">https:\/\/michener.ca\/program\/bpra\/<\/a><\/p><\/div><\/div><\/div>\n<div  class='column dt-sc-one-half  space  '    ><div class='dt-sc-titled-box '><h6 class='dt-sc-titled-box-title'  style=\"background-color:#00a651;border-color:#00a651;color:#ffffff;\">  Programmes de transition en technologie de radiologie de NAIT \u2013 Edmonton, AB<\/h6><div class='dt-sc-titled-box-content'><ul class='dt-sc-fancy-list   rounded-arrow'>\n<li><a href=\"http:\/\/www.nait.ca\/program_home_40277.htm\">Medical Radiological Technology Bridging<\/a><\/li>\n<\/ul><\/div><\/div><\/div>\n","protected":false},"excerpt":{"rendered":"","protected":false},"author":30,"featured_media":0,"parent":10814,"menu_order":0,"comment_status":"closed","ping_status":"closed","template":"","meta":{"_monsterinsights_skip_tracking":false,"_monsterinsights_sitenote_active":false,"_monsterinsights_sitenote_note":"","_monsterinsights_sitenote_category":0,"footnotes":""},"class_list":["post-10825","page","type-page","status-publish","hentry"],"_links":{"self":[{"href":"https:\/\/camrt.ca\/fr\/wp-json\/wp\/v2\/pages\/10825","targetHints":{"allow":["GET"]}}],"collection":[{"href":"https:\/\/camrt.ca\/fr\/wp-json\/wp\/v2\/pages"}],"about":[{"href":"https:\/\/camrt.ca\/fr\/wp-json\/wp\/v2\/types\/page"}],"author":[{"embeddable":true,"href":"https:\/\/camrt.ca\/fr\/wp-json\/wp\/v2\/users\/30"}],"replies":[{"embeddable":true,"href":"https:\/\/camrt.ca\/fr\/wp-json\/wp\/v2\/comments?post=10825"}],"version-history":[{"count":0,"href":"https:\/\/camrt.ca\/fr\/wp-json\/wp\/v2\/pages\/10825\/revisions"}],"up":[{"embeddable":true,"href":"https:\/\/camrt.ca\/fr\/wp-json\/wp\/v2\/pages\/10814"}],"wp:attachment":[{"href":"https:\/\/camrt.ca\/fr\/wp-json\/wp\/v2\/media?parent=10825"}],"curies":[{"name":"wp","href":"https:\/\/api.w.org\/{rel}","templated":true}]}}