{"id":10823,"date":"2018-03-28T14:50:52","date_gmt":"2018-03-28T18:50:52","guid":{"rendered":"https:\/\/camrt.wpenginepowered.com\/fr\/?page_id=10823"},"modified":"2018-03-28T14:50:52","modified_gmt":"2018-03-28T18:50:52","slug":"exigences-liees-a-la-maitrise-de-la-langue","status":"publish","type":"page","link":"https:\/\/camrt.ca\/fr\/agrement-2\/technologues-en-radiation-medicale-formes-a-letranger-trmfe\/exigences-liees-a-la-maitrise-de-la-langue\/","title":{"rendered":"Exigences li\u00e9es \u00e0 la ma\u00eetrise de la langue"},"content":{"rendered":"<p>Pour l\u2019\u00e9valuation des technologues en radiation m\u00e9dicale form\u00e9s \u00e0 l\u2019\u00e9tranger qui souhaitent acc\u00e9der \u00e0 l\u2019examen d\u2019agr\u00e9ment de l\u2019ACTRM, le technologue doit fournir\u00a0:<\/p>\n<ul class='dt-sc-fancy-list   rounded-arrow'>\n<li>Une attestation de l\u2019institution d\u2019enseignement o\u00f9 le candidat a re\u00e7u sa formation professionnelle indiquant que la langue d\u2019enseignement et d\u2019\u00e9valuation dans le programme de technologie de radiation m\u00e9dicale \u00e9tait l\u2019anglais ou le fran\u00e7ais,<\/li>\n<\/ul>\n<p><strong>OU<\/strong><\/p>\n<ul class='dt-sc-fancy-list   rounded-arrow'>\n<li>une preuve valide que le candidat a r\u00e9ussi l\u2019un des examens suivants\u00a0:<\/li>\n<\/ul>\n<ol>\n<li>le test <strong>TOEFL<\/strong> (Test of English as a Foreign Language) <strong>en ligne<\/strong> avec une note globale minimum de 73 et une note minimum de 21 \u00e0 l\u2019oral;<\/li>\n<li>le test <strong>TOEFL<\/strong> <strong>sur papier<\/strong> avec une note minimum de 500, et le test TSE avec une note minimum de 40;<\/li>\n<li>le test <strong>IELTS<\/strong> (International English Language Testing System) \u2014 formation universitaire (AC) avec une note globale minimum de 6 et une note minimum de 6 \u00e0 l\u2019oral;<\/li>\n<li>le test <strong>IELTS<\/strong> (International English Language Testing System) \u2014 formation g\u00e9n\u00e9rale (GT) avec une note globale minimum de 6 et une note minimum de 6 \u00e0 l\u2019oral;<\/li>\n<li>le test <strong>MELA<\/strong> (Michener English Language Assessment) avec une note minimum de 8 en lecture, en compr\u00e9hension auditive et \u00e0 l\u2019oral et une note minimum de 7 \u00e0 l\u2019\u00e9crit.<\/li>\n<\/ol>\n","protected":false},"excerpt":{"rendered":"<p>Pour l\u2019\u00e9valuation des technologues en radiation m\u00e9dicale form\u00e9s \u00e0 l\u2019\u00e9tranger qui souhaitent acc\u00e9der \u00e0 l\u2019examen d\u2019agr\u00e9ment de l\u2019ACTRM, le technologue doit fournir\u00a0:<\/p>\n","protected":false},"author":30,"featured_media":0,"parent":10814,"menu_order":0,"comment_status":"closed","ping_status":"closed","template":"","meta":{"_monsterinsights_skip_tracking":false,"_monsterinsights_sitenote_active":false,"_monsterinsights_sitenote_note":"","_monsterinsights_sitenote_category":0,"footnotes":""},"class_list":["post-10823","page","type-page","status-publish","hentry"],"_links":{"self":[{"href":"https:\/\/camrt.ca\/fr\/wp-json\/wp\/v2\/pages\/10823","targetHints":{"allow":["GET"]}}],"collection":[{"href":"https:\/\/camrt.ca\/fr\/wp-json\/wp\/v2\/pages"}],"about":[{"href":"https:\/\/camrt.ca\/fr\/wp-json\/wp\/v2\/types\/page"}],"author":[{"embeddable":true,"href":"https:\/\/camrt.ca\/fr\/wp-json\/wp\/v2\/users\/30"}],"replies":[{"embeddable":true,"href":"https:\/\/camrt.ca\/fr\/wp-json\/wp\/v2\/comments?post=10823"}],"version-history":[{"count":0,"href":"https:\/\/camrt.ca\/fr\/wp-json\/wp\/v2\/pages\/10823\/revisions"}],"up":[{"embeddable":true,"href":"https:\/\/camrt.ca\/fr\/wp-json\/wp\/v2\/pages\/10814"}],"wp:attachment":[{"href":"https:\/\/camrt.ca\/fr\/wp-json\/wp\/v2\/media?parent=10823"}],"curies":[{"name":"wp","href":"https:\/\/api.w.org\/{rel}","templated":true}]}}