{"id":10821,"date":"2018-03-27T16:35:26","date_gmt":"2018-03-27T20:35:26","guid":{"rendered":"https:\/\/camrt.wpenginepowered.com\/fr\/?page_id=10821"},"modified":"2026-04-01T14:57:41","modified_gmt":"2026-04-01T18:57:41","slug":"processus-devaluation","status":"publish","type":"page","link":"https:\/\/camrt.ca\/fr\/agrement-2\/technologues-en-radiation-medicale-formes-a-letranger-trmfe\/processus-devaluation\/","title":{"rendered":"Processus d\u2019\u00e9valuation"},"content":{"rendered":"<p style=\"text-align: justify;\">Les technologues en radiation m\u00e9dicale form\u00e9s \u00e0 l\u2019\u00e9tranger doivent subir une \u00e9valuation afin de d\u00e9terminer leur ma\u00eetrise de la langue, la similarit\u00e9 importante de leurs comp\u00e9tences et leur exp\u00e9rience de travail par rapport \u00e0 l\u2019exp\u00e9rience canadienne avant de se pr\u00e9senter \u00e0 l\u2019examen d\u2019agr\u00e9ment de l\u2019ACTRM.<\/p>\n<p>Le TRMFE doit d\u2019abord d\u00e9terminer dans quelle province il souhaite exercer.<\/p>\n<ul class='dt-sc-fancy-list   rounded-arrow'>\n<li>Les TRMFE qui souhaitent exercer leur profession en <a href=\"https:\/\/www.cmrito.org\/applicants\/international-applicants\/\">Ontario<\/a>, en <a href=\"https:\/\/acmdtt.com\/applicants\/mrt\/internationally-educated-mrt-applicants\/\">Alberta<\/a> ou au <a href=\"https:\/\/otimroepmq.ca\/devenir-membre\/diplomes-a-linternational\/\">Qu\u00e9bec<\/a> doivent \u00eatre \u00e9valu\u00e9s par l\u2019organisme de r\u00e9glementation de ces provinces.<\/li>\n<li>Les TRMFE qui souhaitent pratiquer dans la province de Saskatchewan doivent d\u2019abord poser leur candidature aupr\u00e8s du bureau de CMRIPS, afin de d\u00e9terminer leur admissibilit\u00e9 \u00e0 l\u2019\u00e9valuation de leurs titres de comp\u00e9tences par l\u2019ACTRM. Veuillez visiter le site web de <a href=\"https:\/\/samrt.org\/https:\/\/samrt.org\/registration\/international-applicants\">CMRIPS<\/a>.<\/li>\n<li>Les TRMFE qui souhaitent pratiquer dans la province de Nouvelle-\u00c9cosse doivent d\u2019abord poser leur candidature aupr\u00e8s du bureau de NSCMIRTP, afin de d\u00e9terminer leur admissibilit\u00e9 \u00e0 l\u2019\u00e9valuation de leurs titres de comp\u00e9tences par l\u2019ACTRM. Veuillez visiter le site web de <a href=\"https:\/\/nscmirtp.ca\/applicants\/internationally-educated-new-applicants\">NSCMIRTP<\/a>.<\/li>\n<li>Les TRMFE qui souhaitent exercer leur profession en Colombie-Britannique, au Manitoba, au Nouveau-Brunswick, \u00e0 l\u2019\u00cele-du-Prince-\u00c9douard, \u00e0 Terre-Neuve-et-Labrador ou dans les Territoires du Nord doivent pr\u00e9senter une demande d\u2019\u00e9valuation de leurs titres de comp\u00e9tence \u00e0 l\u2019ACTRM.<\/li>\n<\/ul>\n<p><strong>Frais et documents exig\u00e9s<\/strong><\/p>\n<p><span style=\"color: #ff0000;\"><strong>Veuillez envoyer vos documents\u00a0en format PDF par courriel \u00e0 <a style=\"color: #ff0000;\" href=\"mailto:iemrt@camrt.ca\">iemrt@camrt.ca<\/a>.<\/strong><\/span><\/p>\n<p style=\"text-align: justify;\">Les documents suivants doivent \u00eatre joints \u00e0 votre demande d\u2019\u00e9valuation. L\u2019ACTRM ne retourne pas les documents ; s\u2019il vous pla\u00eet, ne pas envoyer d\u2019originaux.<\/p>\n<p style=\"text-align: justify;\"><ol style=\"text-align: justify;\">\n<li>Formulaire \u00ab <a href=\"https:\/\/camrt.ca\/wp-content\/uploads\/2025\/10\/Application-Assessment-IEMRT-Oct2025-version-FR.pdf\">Demande d\u2019\u00e9valuation<\/a> \u00bb rempli. <strong>Nom du document : 1_APPL_nom de famille <\/strong>et <a href=\"https:\/\/camrt.ca\/wp-content\/uploads\/2026\/03\/Liste-de-controle-pour-les-candidats-a-lIEMRT.pdf\">IEMRT-Liste de contr\u00f4le des documents du candidat<\/a> <strong>Nom du document : 1_IEMRTChecklist_nom de famille<\/strong><\/li>\n<li>Confirmation de la r\u00e9ussite d\u2019un programme d\u2019\u00e9tudes en technologie de radiation m\u00e9dicale dans l\u2019une des disciplines suivantes : technologie de la radiologie, technologie de m\u00e9decine nucl\u00e9aire, r\u00e9sonance magn\u00e9tique, radioth\u00e9rapie. Dipl\u00f4me ou certificat (copie notari\u00e9e). <strong>Nom du document : 2_DIPL_nom de famille<\/strong><\/li>\n<li>Un relev\u00e9 de notes officiel de votre programme d\u2019enseignement de la technologie de la radiation m\u00e9dicale (copie notari\u00e9e). <strong>Nom du document : 3_TRAN_nom de famille<\/strong><\/li>\n<li>Un aper\u00e7u du programme ou des cours de votre programme de technologie de la radiation m\u00e9dicale indiquant le temps consacr\u00e9 aux volets th\u00e9oriques et cliniques de votre programme. Les documents relatifs au programme d&rsquo;\u00e9tudes et aux programmes de cours doivent correspondre aux ann\u00e9es pendant lesquelles vous avez suivi votre formation. Les intitul\u00e9s et les codes des cours doivent correspondre exactement \u00e0 ceux figurant sur votre relev\u00e9 de notes. <strong>Nom du document : 4_CURR_nom de famille\n<p><\/strong>L\u2019aper\u00e7u du programme ou du cours doit comprendre :<strong>\n<\/strong><\/p>\n<ul class='dt-sc-fancy-list   rounded-arrow'>\n<li style=\"list-style-type: none;\">\n<ul class='dt-sc-fancy-list   rounded-arrow'>\n<li>une liste d\u00e9taill\u00e9e des cours et une description du contenu de chaque cours (photocopie du plan de cours de l\u2019\u00e9tablissement d\u2019enseignement)<\/li>\n<li>une description du mode d\u2019\u00e9valuation des \u00e9l\u00e9ments th\u00e9oriques et cliniques du programme<\/li>\n<\/ul>\n<\/li>\n<\/ul>\n<\/li>\n<li>Liste de contr\u00f4le pour l&rsquo;\u00e9valuation Clinique: Une liste de v\u00e9rification de l\u2019exp\u00e9rience de travail apr\u00e8s l\u2019obtention d\u2019un dipl\u00f4me de programme d\u2019\u00e9tudes. L\u2019exp\u00e9rience de travail doit porter sur les cinq derni\u00e8res ann\u00e9es dans la discipline pour laquelle vous faites une demande. <strong>Nom du document : 5_CAC_nom de famille<\/strong>\n<ul class='dt-sc-fancy-list   rounded-arrow'>\n<li><a href=\"https:\/\/camrt.ca\/fr\/wp-content\/uploads\/sites\/3\/2017\/08\/ResonanceMagnetique_FormFillable.pdf\">R\u00e9sonance magn\u00e9tique<\/a><\/li>\n<li><a href=\"https:\/\/camrt.ca\/fr\/wp-content\/uploads\/sites\/3\/2017\/08\/TechMedecineNucleaire_FormFillable.pdf\">Technologie de m\u00e9decine nucl\u00e9aire<\/a><\/li>\n<li><a href=\"https:\/\/camrt.ca\/fr\/wp-content\/uploads\/sites\/3\/2017\/08\/Radiotherapie_FormFillable.pdf\">Radioth\u00e9rapie<\/a><\/li>\n<li><a href=\"https:\/\/camrt.ca\/fr\/wp-content\/uploads\/sites\/3\/2017\/08\/TechRadiologieDiagnostique_FormFillable.pdf\">Technologie de la radiologie<\/a><\/li>\n<\/ul>\n<\/li>\n<li>Une lettre de confirmation d\u2019emploi de votre employeur actuel ou le plus r\u00e9cent. Cette lettre doit \u00eatre \u00e9crite sur papier \u00e0 en-t\u00eate de l\u2019\u00e9tablissement et doit confirmer votre derni\u00e8re date d\u2019emploi, le nombre d\u2019heures de pratique et une recommandation relativement \u00e0 l\u2019exercice de votre profession en tant que technologue en radiation m\u00e9dicale. La lettre doit indiquer les coordonn\u00e9es de l\u2019employeur ; courriel ou copie papier accept\u00e9s. Si vous \u00eates un dipl\u00f4m\u00e9 r\u00e9cent avec peu ou aucune exp\u00e9rience de travail et vous ne pouvez pas fournir une lettre d\u2019emploi, votre demande d\u2019\u00e9valuation sera prise en compte pour admissibilit\u00e9 \u00e0 l\u2019examen de l\u2019ACTRM dans les 5 ans \u00e0 compter de la date d\u2019obtention de votre dipl\u00f4me. Une offre d&#8217;emploi n&rsquo;est pas consid\u00e9r\u00e9e comme un justificatif suffisant.<strong> \u00a0Nom du document : 6_COE_nom de famille\u00a0<\/strong><\/li>\n<li>Une lettre de recommandation attestant de votre bonne r\u00e9putation de la part d\u2019une personne qui vous conna\u00eet depuis au moins deux ans. L\u2019auteur de cette lettre doit la signer, \u00e9crire son nom en lettres d\u2019imprimerie et fournir ses coordonn\u00e9es. <strong>Nom du document : 7_REF_nom de famille<\/strong><\/li>\n<li>Une preuve de <a href=\"https:\/\/camrt.ca\/fr\/agrement\/technologues-formes-etranger\/exigences-maitrise-de-langue\/\">ma\u00eetrise de la langue<\/a> si l\u2019ensemble du programme d\u2019\u00e9tudes en technologie de radiation m\u00e9dicale, soit les volets th\u00e9oriques et pratiques, n\u2019a pas \u00e9t\u00e9 donn\u00e9 en anglais ou en fran\u00e7ais. <strong>Nom du document : 8_LANG_ nom de famille<\/strong>\n<ul class='dt-sc-fancy-list   rounded-arrow'>\n<li><a href=\"https:\/\/camrt.ca\/fr\/agrement-2\/technologues-en-radiation-medicale-formes-a-letranger-trmfe\/exigences-liees-a-la-maitrise-de-la-langue\/\">Voir les exigences en mati\u00e8re de ma\u00eetrise linguistique<\/a>.<\/li>\n<\/ul>\n<\/li>\n<li>Une preuve d\u2019adh\u00e9sion \u00e0 une association, une soci\u00e9t\u00e9, un organisme de r\u00e9glementation pour la discipline sp\u00e9cifique, s\u2019il y a lieu. (Non obligatoire) <strong>Nom du document : 9_REG_ nom de famille<\/strong><\/li>\n<li>Une preuve pertinente d\u2019activit\u00e9s de perfectionnement professionnel continu. (Non obligatoire) <strong><strong>Nom du document : 10_CPD_ nom de famille<\/strong><\/strong>Des frais d&rsquo;\u00e9valuation non remboursables de 375,00 $ CAD seront factur\u00e9s apr\u00e8s que nous aurons effectu\u00e9 un examen pr\u00e9liminaire des documents que vous avez soumis et que ceux-ci seront complets.<\/li>\n<\/ol>\n<p style=\"text-align: justify;\">\n<p style=\"text-align: justify;\"><strong>Processus d\u2019examen<\/strong><\/p>\n<p style=\"text-align: justify;\"><ol style=\"text-align: justify;\">\n<li>Le gestionnaire de l\u2019agr\u00e9ment de l\u2019ACTRM ou l\u2019autorit\u00e9 provinciale, s\u2019il y a lieu, examinera votre demande d\u2019\u00e9valuation afin de v\u00e9rifier si tous les documents exig\u00e9s ont \u00e9t\u00e9 joints. S\u2019il en manque, nous communiquerons avec vous et vous demanderons de nous faire parvenir les renseignements manquants, ce qui pourrait ralentir le processus d\u2019\u00e9valuation.<\/li>\n<li>Lorsque le gestionnaire aura v\u00e9rifi\u00e9 tous les documents soumis, votre demande d\u2019\u00e9valuation compl\u00e8te sera envoy\u00e9e \u00e0 un r\u00e9viseur sp\u00e9cialis\u00e9 dans la discipline pour laquelle vous faites la demande.<\/li>\n<li>Le r\u00e9viseur sp\u00e9cialis\u00e9 d\u00e9terminera si :\n<ul class='dt-sc-fancy-list   rounded-arrow'>\n<li><strong>vous \u00eates admissible<\/strong> \u00e0 faire une demande pour vous pr\u00e9senter \u00e0 l\u2019examen d\u2019agr\u00e9ment et vous pouvez continuer et remplir la demande \u00e0 cette fin ; OU<\/li>\n<li><strong>vous ne r\u00e9pondez pas aux exigences d\u2019admissibilit\u00e9<\/strong>. Les raisons justifiant cette d\u00e9cision vous seront transmises.<\/li>\n<\/ul>\n<\/li>\n<li>Le gestionnaire de l\u2019agr\u00e9ment vous fera part de la d\u00e9cision.<\/li>\n<li><span class=\"Y2IQFc\" lang=\"fr\">Si l&rsquo;\u00e9ligibilit\u00e9 vous est refus\u00e9e lors de votre premi\u00e8re demande, vous pouvez collecter des pi\u00e8ces justificatives suppl\u00e9mentaires pour une nouvelle soumission avec frais d\u2019\u00e9valuation non remboursables de 120 $ CAN.\n<\/span><\/li>\n<\/ol>\n<p><strong>Calendrier<\/strong><\/p>\n<p style=\"text-align: justify;\"><ul class='dt-sc-fancy-list   rounded-arrow'>\n<li>Afin d\u2019\u00eatre admissible \u00e0 vous pr\u00e9senter \u00e0 l\u2019examen de l\u2019ACTRM \u00e0 la date de votre choix, vous devez soumettre votre demande d\u2019\u00e9valuation au moins trois (3) mois avant la date limite d\u2019enregistrement.<\/li>\n<li><span class=\"Y2IQFc\" lang=\"fr\"><span class=\"Y2IQFc\" lang=\"fr\">Vous aurez acc\u00e8s \u00e0 l&rsquo;examen pendant cinq ans \u00e0 compter de la derni\u00e8re date connue de votre emploi. S<\/span><\/span><span class=\"Y2IQFc\" lang=\"fr\">i vous approchez de la date d&rsquo;expiration et souhaitez une prolongation, veuillez envoyer un e-mail<\/span><span class=\"Y2IQFc\" lang=\"fr\"> <a href=\"mailto:iemrt@camrt.ca\">iemrt@camrt.ca<\/a>. Frais d\u2019\u00e9valuation non remboursables de 120 $ CAN.\n<\/span><\/li>\n<\/ul>\n<p style=\"text-align: justify;\">\n<p style=\"text-align: justify;\"><a href=\"https:\/\/camrt.ca\/fr\/agrement-2\/programmes-detudes-canadiens-agrees\/examen-dagrement-dentree-a-la-pratique\/dates-dexamen-droits-et-frais\/\">Dates d\u2019examen, droits et frais.<\/a><\/p>\n<p style=\"text-align: justify;\"><ul class='dt-sc-fancy-list   rounded-arrow'>\n<li>Pour obtenir des pr\u00e9cisions ou des renseignements suppl\u00e9mentaires relativement au processus de demande d\u2019\u00e9valuation, veuillez communiquer avec le gestionnaire de l\u2019agr\u00e9ment de l\u2019ACTRM \u00e0 <a href=\"mailto:iemrt@camrt.ca\">iemrt@camrt.ca<\/a>.<\/li>\n<\/ul>\n<p style=\"text-align: justify;\">\n","protected":false},"excerpt":{"rendered":"<p>Les technologues en radiation m\u00e9dicale form\u00e9s \u00e0 l\u2019\u00e9tranger doivent subir une \u00e9valuation afin de d\u00e9terminer leur ma\u00eetrise de la langue, la similarit\u00e9 importante de leurs comp\u00e9tences et leur exp\u00e9rience de travail par rapport \u00e0 l\u2019exp\u00e9rience canadienne avant de se pr\u00e9senter \u00e0 l\u2019examen d\u2019agr\u00e9ment de l\u2019ACTRM. Le TRMFE doit d\u2019abord d\u00e9terminer dans quelle province il souhaite [&hellip;]<\/p>\n","protected":false},"author":30,"featured_media":0,"parent":10814,"menu_order":0,"comment_status":"closed","ping_status":"closed","template":"","meta":{"_monsterinsights_skip_tracking":false,"_monsterinsights_sitenote_active":false,"_monsterinsights_sitenote_note":"","_monsterinsights_sitenote_category":0,"footnotes":""},"class_list":["post-10821","page","type-page","status-publish","hentry"],"_links":{"self":[{"href":"https:\/\/camrt.ca\/fr\/wp-json\/wp\/v2\/pages\/10821","targetHints":{"allow":["GET"]}}],"collection":[{"href":"https:\/\/camrt.ca\/fr\/wp-json\/wp\/v2\/pages"}],"about":[{"href":"https:\/\/camrt.ca\/fr\/wp-json\/wp\/v2\/types\/page"}],"author":[{"embeddable":true,"href":"https:\/\/camrt.ca\/fr\/wp-json\/wp\/v2\/users\/30"}],"replies":[{"embeddable":true,"href":"https:\/\/camrt.ca\/fr\/wp-json\/wp\/v2\/comments?post=10821"}],"version-history":[{"count":5,"href":"https:\/\/camrt.ca\/fr\/wp-json\/wp\/v2\/pages\/10821\/revisions"}],"predecessor-version":[{"id":61604,"href":"https:\/\/camrt.ca\/fr\/wp-json\/wp\/v2\/pages\/10821\/revisions\/61604"}],"up":[{"embeddable":true,"href":"https:\/\/camrt.ca\/fr\/wp-json\/wp\/v2\/pages\/10814"}],"wp:attachment":[{"href":"https:\/\/camrt.ca\/fr\/wp-json\/wp\/v2\/media?parent=10821"}],"curies":[{"name":"wp","href":"https:\/\/api.w.org\/{rel}","templated":true}]}}