{"id":10819,"date":"2018-03-28T14:23:59","date_gmt":"2018-03-28T18:23:59","guid":{"rendered":"https:\/\/camrt.wpenginepowered.com\/fr\/?page_id=10819"},"modified":"2018-03-28T14:23:59","modified_gmt":"2018-03-28T18:23:59","slug":"cours-dorientation-iehp-au-systeme-de-soins-de-sante-culture-et-contexte-canadiens-pour-les-professionnels-de-la-sante-formes-a-letranger","status":"publish","type":"page","link":"https:\/\/camrt.ca\/fr\/agrement-2\/technologues-en-radiation-medicale-formes-a-letranger-trmfe\/cours-dorientation-iehp-au-systeme-de-soins-de-sante-culture-et-contexte-canadiens-pour-les-professionnels-de-la-sante-formes-a-letranger\/","title":{"rendered":"Cours d\u2019orientation au syst\u00e8me de soins de sant\u00e9, culture et contexte canadiens pour les professionnels de la sant\u00e9 form\u00e9s \u00e0 l\u2019\u00e9tranger  (PSFE)"},"content":{"rendered":"<ul class='dt-sc-fancy-list   rounded-arrow'>\n<li><strong>Le cours d\u2019orientation au syst\u00e8me de soins de sant\u00e9, \u00e0 la culture et au contexte canadien<\/strong> est con\u00e7u \u00e0 l\u2019intention des professionnels de la sant\u00e9 form\u00e9s \u00e0 l\u2019\u00e9tranger qui envisagent d\u2019obtenir un permis d\u2019exercice canadien.<\/li>\n<li><strong>Offert en anglais uniquement<\/strong> par l&rsquo;Universit\u00e9 de Toronto \u00e0 ceux qui viennent d\u2019arriver au Canada et \u00e0 ceux qui ne sont pas encore ici.<\/li>\n<li>Fournir aux apprenants les attentes des patients canadiens envers leurs travailleurs de la sant\u00e9.<\/li>\n<li>Permets d&rsquo;interagir avec d&rsquo;autres professionnels de la sant\u00e9 form\u00e9s \u00e0 l&rsquo;\u00e9tranger.<\/li>\n<\/ul>\n<p>Ce n&rsquo;est pas un programme de transition.<\/p>\n<p>Pour en savoir plus, visitez <strong>https:\/\/learn.utoronto.ca\/programs-courses\/courses\/3645-canadian-health-care-system-culture-and-context-internationally<\/strong><\/p>\n","protected":false},"excerpt":{"rendered":"<p>Ce n&rsquo;est pas un programme de transition. Pour en savoir plus, visitez https:\/\/learn.utoronto.ca\/programs-courses\/courses\/3645-canadian-health-care-system-culture-and-context-internationally<\/p>\n","protected":false},"author":30,"featured_media":0,"parent":10814,"menu_order":0,"comment_status":"closed","ping_status":"closed","template":"","meta":{"_monsterinsights_skip_tracking":false,"_monsterinsights_sitenote_active":false,"_monsterinsights_sitenote_note":"","_monsterinsights_sitenote_category":0,"footnotes":""},"class_list":["post-10819","page","type-page","status-publish","hentry"],"_links":{"self":[{"href":"https:\/\/camrt.ca\/fr\/wp-json\/wp\/v2\/pages\/10819","targetHints":{"allow":["GET"]}}],"collection":[{"href":"https:\/\/camrt.ca\/fr\/wp-json\/wp\/v2\/pages"}],"about":[{"href":"https:\/\/camrt.ca\/fr\/wp-json\/wp\/v2\/types\/page"}],"author":[{"embeddable":true,"href":"https:\/\/camrt.ca\/fr\/wp-json\/wp\/v2\/users\/30"}],"replies":[{"embeddable":true,"href":"https:\/\/camrt.ca\/fr\/wp-json\/wp\/v2\/comments?post=10819"}],"version-history":[{"count":0,"href":"https:\/\/camrt.ca\/fr\/wp-json\/wp\/v2\/pages\/10819\/revisions"}],"up":[{"embeddable":true,"href":"https:\/\/camrt.ca\/fr\/wp-json\/wp\/v2\/pages\/10814"}],"wp:attachment":[{"href":"https:\/\/camrt.ca\/fr\/wp-json\/wp\/v2\/media?parent=10819"}],"curies":[{"name":"wp","href":"https:\/\/api.w.org\/{rel}","templated":true}]}}