{"id":10814,"date":"2018-03-27T15:34:11","date_gmt":"2018-03-27T19:34:11","guid":{"rendered":"https:\/\/camrt.wpenginepowered.com\/fr\/?page_id=10814"},"modified":"2018-03-28T14:14:39","modified_gmt":"2018-03-28T18:14:39","slug":"technologues-en-radiation-medicale-formes-a-letranger-trmfe","status":"publish","type":"page","link":"https:\/\/camrt.ca\/fr\/agrement-2\/technologues-en-radiation-medicale-formes-a-letranger-trmfe\/","title":{"rendered":"Agr\u00e9ment pour acc\u00e8s \u00e0 la pratique : technologues en radiation m\u00e9dicale form\u00e9s \u00e0 l\u2019\u00e9tranger (TRMFE)"},"content":{"rendered":"<p style=\"text-align: justify\">L\u2019ACTRM fournit une vaste s\u00e9lection d&rsquo;informations et de ressources pour aider les technologues en radiation m\u00e9dicale form\u00e9s \u00e0 l&rsquo;\u00e9tranger \u00e0 se pr\u00e9parer \u00e0 l&rsquo;examen de l\u2019agr\u00e9ment.<\/p>\n<ul class='dt-sc-fancy-list   rounded-arrow'>\n<li><a href=\"https:\/\/iehpcanada.utoronto.ca\/learn\/course\/index.php?categoryid=2\">Cours d\u2019orientation au syst\u00e8me de soins de sant\u00e9, culture et contexte canadiens pour les professionnels de la sant\u00e9 form\u00e9s \u00e0 l\u2019\u00e9tranger (en anglais)\u00a0 &#8211; <\/a><a href=\"https:\/\/iehpcanada.utoronto.ca\/learn\/course\/index.php?categoryid=2\">actuellement non disponible<\/a><\/li>\n<li><a href=\"https:\/\/camrt.wpenginepowered.com\/fr\/agrement-2\/programmes-detudes-canadiens-agrees\/preparation-a-lexamen-dagrement\/pratique-en-technologie-de-radiation-medicale-au-canada\/\">Pratique de technologie en radiation m\u00e9dicale au Canada<\/a><\/li>\n<li><a href=\"https:\/\/camrt.wpenginepowered.com\/fr\/agrement-2\/technologues-en-radiation-medicale-formes-a-letranger-trmfe\/processus-devaluation\/\">Processus d\u2019\u00e9valuation<\/a><\/li>\n<li><a href=\"https:\/\/camrt.wpenginepowered.com\/fr\/agrement-2\/technologues-en-radiation-medicale-formes-a-letranger-trmfe\/exigences-liees-a-la-maitrise-de-la-langue\/\">Exigences li\u00e9es \u00e0 la ma\u00eetrise de la langue<\/a><\/li>\n<li><a href=\"https:\/\/camrt.wpenginepowered.com\/fr\/agrement-2\/technologues-en-radiation-medicale-formes-a-letranger-trmfe\/programmes-de-transition\/\">Programmes de transition (en anglais)<\/a><\/li>\n<li><a href=\"https:\/\/camrt.wpenginepowered.com\/fr\/agrement-2\/technologues-en-radiation-medicale-formes-a-letranger-trmfe\/cours-preparatoires-a-lexamen\/\">Cours pr\u00e9paratoires \u00e0 l\u2019examen (en anglais)<\/a><\/li>\n<\/ul>\n<p>&nbsp;<\/p>\n<h3><strong>Examen d\u2019agr\u00e9ment d\u2019entr\u00e9e \u00e0 la pratique<\/strong><\/h3>\n<ul class='dt-sc-fancy-list   rounded-arrow'>\n<li><a href=\"https:\/\/camrt.wpenginepowered.com\/fr\/agrement-2\/programmes-detudes-canadiens-agrees\/examen-dagrement-dentree-a-la-pratique\/inscription-a-lexamen-dagrement-dentree-a-la-pratique-de-lactrm\/\">Inscription pour l\u2019examen d\u2019agr\u00e9ment<\/a><\/li>\n<li><a href=\"https:\/\/camrt.wpenginepowered.com\/fr\/agrement-2\/programmes-detudes-canadiens-agrees\/examen-dagrement-dentree-a-la-pratique\/dates-dexamen-droits-et-frais\/\">Dates d\u2019examen, droits et frais<\/a><\/li>\n<li><a href=\"https:\/\/camrt.wpenginepowered.com\/fr\/agrement-2\/programmes-detudes-canadiens-agrees\/examen-dagrement-dentree-a-la-pratique\/politique-dadaptation-aux-besoins-particuliers\/\">Mesures d&rsquo;accommodement pour l&rsquo;examen<\/a><\/li>\n<li><a href=\"https:\/\/camrt.wpenginepowered.com\/fr\/agrement-2\/programmes-detudes-canadiens-agrees\/examen-dagrement-dentree-a-la-pratique\/transfer-a-une-autre-session\/\">Transferts vers d&rsquo;autres sessions d\u2019examen\u00a0<\/a><\/li>\n<li><a href=\"https:\/\/camrt.wpenginepowered.com\/fr\/agrement-2\/programmes-detudes-canadiens-agrees\/examen-dagrement-dentree-a-la-pratique\/annulation-et-remboursement\/\">Annulation et remboursement<\/a><\/li>\n<li><a href=\"https:\/\/camrt.wpenginepowered.com\/fr\/agrement-2\/programmes-detudes-canadiens-agrees\/examen-dagrement-dentree-a-la-pratique\/obtention-de-vos-resultats-dexamen\/\">Obtention de vos r\u00e9sultats d\u2019examen<\/a><\/li>\n<li><a href=\"https:\/\/camrt.wpenginepowered.com\/fr\/agrement-2\/programmes-detudes-canadiens-agrees\/examen-dagrement-dentree-a-la-pratique\/politique-dappel-pour-circonstances-attenuantes\/\">Politique d\u2019appel pour circonstances att\u00e9nuantes<\/a><\/li>\n<\/ul>\n<h3><strong>Pr\u00e9paration \u00e0 l\u2019examen d\u2019agr\u00e9ment<\/strong><\/h3>\n<p>Pour aider les \u00e9tudiants \u00e0 pr\u00e9parer pour l\u2019examen d\u2019agr\u00e9ment, l\u2019ACTRM offre les ressources suivantes :<\/p>\n<ul class='dt-sc-fancy-list   rounded-arrow'>\n<li><a href=\"https:\/\/camrt.wpenginepowered.com\/fr\/agrement-2\/programmes-detudes-canadiens-agrees\/preparation-a-lexamen-dagrement\/guide-de-preparation-a-lexamen\/\">Guide de pr\u00e9paration<\/a><\/li>\n<li><a href=\"https:\/\/camrt.wpenginepowered.com\/fr\/agrement-2\/profils-de-competences-2\/\">Profils de comp\u00e9tence<\/a><\/li>\n<li><a href=\"https:\/\/camrt.wpenginepowered.com\/fr\/agrement-2\/plans-dexamen\/\">Plans d\u2019examen<\/a><\/li>\n<li><a href=\"https:\/\/camrt.wpenginepowered.com\/fr\/agrement-2\/programmes-detudes-canadiens-agrees\/preparation-a-lexamen-dagrement\/glossaires-et-abreviations\/\">Glossaires et abr\u00e9viations<\/a><\/li>\n<li><a href=\"https:\/\/camrt.wpenginepowered.com\/fr\/agrement-2\/programmes-detudes-canadiens-agrees\/preparation-a-lexamen-dagrement\/comment-passer-un-examen-base-sur-les-competences\/\">Comment passer un examen bas\u00e9 sur les comp\u00e9tences<\/a><\/li>\n<li><a href=\"https:\/\/camrt.wpenginepowered.com\/fr\/agrement-2\/programmes-detudes-canadiens-agrees\/preparation-a-lexamen-dagrement\/examens-de-pratique\/\">Examens de pratique<\/a><\/li>\n<li><a href=\"https:\/\/camrt.wpenginepowered.com\/fr\/agrement-2\/programmes-detudes-canadiens-agrees\/preparation-a-lexamen-dagrement\/manuels-recommandes\/\">Manuels recommand\u00e9<\/a><\/li>\n<li><a href=\"https:\/\/camrt.wpenginepowered.com\/fr\/agrement-2\/programmes-detudes-canadiens-agrees\/preparation-a-lexamen-dagrement\/pratique-en-technologie-de-radiologie-medicale-au-canada\/\">Pratique en technologie de radiologie m\u00e9dicale au Canada<\/a><\/li>\n<\/ul>\n<h3><strong>Prochaines \u00e9tapes<\/strong><\/h3>\n<ul class='dt-sc-fancy-list   rounded-arrow'>\n<li><a href=\"https:\/\/camrt.wpenginepowered.com\/fr\/agrement-2\/programmes-detudes-canadiens-agrees\/examen-dagrement-dentree-a-la-pratique\/obtention-de-vos-resultats-dexamen\/\">Obtention de vos r\u00e9sultats d\u2019examen<\/a><\/li>\n<li><a href=\"https:\/\/camrt.wpenginepowered.com\/fr\/agrement-2\/programmes-detudes-canadiens-agrees\/examen-dagrement-dentree-a-la-pratique\/politique-dappel-pour-circonstances-attenuantes\/\">Politique d\u2019appel pour circonstances att\u00e9nuantes<\/a><\/li>\n<li><a href=\"https:\/\/camrt.wpenginepowered.com\/fr\/agrement-2\/programmes-detudes-canadiens-agrees\/prochaines-etapes\/certificat-et-designation-professionnelle\/\">Certificat et d\u00e9signation professionnelle<\/a><\/li>\n<li><a href=\"https:\/\/camrt.wpenginepowered.com\/fr\/agrement-2\/programmes-detudes-canadiens-agrees\/prochaines-etapes\/adhesion-a-lactrm\/\">Adh\u00e9sion \u00e0 l\u2019ACTRM<\/a><\/li>\n<li><a href=\"https:\/\/camrt.wpenginepowered.com\/fr\/agrement-2\/programmes-detudes-canadiens-agrees\/prochaines-etapes\/reprise-dexamen\/\">Reprise d\u2019examen<\/a><\/li>\n<li><a href=\"https:\/\/camrt.wpenginepowered.com\/fr\/profession-de-trm\/ressources-professionnelles\/\">Ressources professionnelles et soutien \u00e0 la pratique pour les TRM<\/a><\/li>\n<\/ul>\n<p>&nbsp;<\/p>\n","protected":false},"excerpt":{"rendered":"<p>L\u2019ACTRM fournit une vaste s\u00e9lection d&rsquo;informations et de ressources pour aider les technologues en radiation m\u00e9dicale form\u00e9s \u00e0 l&rsquo;\u00e9tranger \u00e0 se pr\u00e9parer \u00e0 l&rsquo;examen de l\u2019agr\u00e9ment. &nbsp; Examen d\u2019agr\u00e9ment d\u2019entr\u00e9e \u00e0 la pratique Pr\u00e9paration \u00e0 l\u2019examen d\u2019agr\u00e9ment Pour aider les \u00e9tudiants \u00e0 pr\u00e9parer pour l\u2019examen d\u2019agr\u00e9ment, l\u2019ACTRM offre les ressources suivantes : Prochaines \u00e9tapes &nbsp;<\/p>\n","protected":false},"author":30,"featured_media":0,"parent":10730,"menu_order":0,"comment_status":"closed","ping_status":"closed","template":"","meta":{"_monsterinsights_skip_tracking":false,"_monsterinsights_sitenote_active":false,"_monsterinsights_sitenote_note":"","_monsterinsights_sitenote_category":0,"footnotes":""},"class_list":["post-10814","page","type-page","status-publish","hentry"],"_links":{"self":[{"href":"https:\/\/camrt.ca\/fr\/wp-json\/wp\/v2\/pages\/10814","targetHints":{"allow":["GET"]}}],"collection":[{"href":"https:\/\/camrt.ca\/fr\/wp-json\/wp\/v2\/pages"}],"about":[{"href":"https:\/\/camrt.ca\/fr\/wp-json\/wp\/v2\/types\/page"}],"author":[{"embeddable":true,"href":"https:\/\/camrt.ca\/fr\/wp-json\/wp\/v2\/users\/30"}],"replies":[{"embeddable":true,"href":"https:\/\/camrt.ca\/fr\/wp-json\/wp\/v2\/comments?post=10814"}],"version-history":[{"count":0,"href":"https:\/\/camrt.ca\/fr\/wp-json\/wp\/v2\/pages\/10814\/revisions"}],"up":[{"embeddable":true,"href":"https:\/\/camrt.ca\/fr\/wp-json\/wp\/v2\/pages\/10730"}],"wp:attachment":[{"href":"https:\/\/camrt.ca\/fr\/wp-json\/wp\/v2\/media?parent=10814"}],"curies":[{"name":"wp","href":"https:\/\/api.w.org\/{rel}","templated":true}]}}