{"id":10801,"date":"2018-03-27T16:02:40","date_gmt":"2018-03-27T20:02:40","guid":{"rendered":"https:\/\/camrt.wpenginepowered.com\/fr\/?page_id=10801"},"modified":"2026-03-03T14:49:52","modified_gmt":"2026-03-03T19:49:52","slug":"manuels-recommandes","status":"publish","type":"page","link":"https:\/\/camrt.ca\/fr\/agrement-2\/programmes-detudes-canadiens-agrees\/preparation-a-lexamen-dagrement\/manuels-recommandes\/","title":{"rendered":"Manuels recommand\u00e9s"},"content":{"rendered":"<p style=\"text-align: justify;\">L\u2019ACTRM fournit une liste de manuels recommand\u00e9s pour chaque discipline. Ce sont les manuels qui servent \u00e0 la r\u00e9daction des questions de l\u2019examen d\u2019agr\u00e9ment.<\/p>\n<p>Liste de manuels recommand\u00e9s :<\/p>\n<ul class='dt-sc-fancy-list   rounded-arrow'>\n<li><a href=\"https:\/\/camrt.ca\/wp-content\/uploads\/2026\/03\/Recommended_Textbooks_RTMR_Feb2026.pdf\">R\u00e9sonance magn\u00e9tique<\/a>\u00a0(en anglais)<\/li>\n<li><a href=\"https:\/\/camrt.ca\/wp-content\/uploads\/2026\/03\/Recommended_Textbooks_RTNM_Feb2026.pdf\">M\u00e9decine nucl\u00e9aire<\/a>\u00a0(en anglais)<\/li>\n<li><a href=\"https:\/\/camrt.ca\/wp-content\/uploads\/2026\/03\/Recommended_Textbooks_RTT_Feb2026.pdf\">Radioth\u00e9rapie<\/a>\u00a0(en anglais)<\/li>\n<li><a href=\"https:\/\/camrt.ca\/wp-content\/uploads\/2026\/03\/Recommended_Textbooks_RTR_Feb2026.pdf\">Technologie de la radiologie<\/a>\u00a0(en anglais)<\/li>\n<\/ul>\n","protected":false},"excerpt":{"rendered":"<p>L\u2019ACTRM fournit une liste de manuels recommand\u00e9s pour chaque discipline. Ce sont les manuels qui servent \u00e0 la r\u00e9daction des questions de l\u2019examen d\u2019agr\u00e9ment.<\/p>\n","protected":false},"author":30,"featured_media":0,"parent":12569,"menu_order":0,"comment_status":"closed","ping_status":"closed","template":"","meta":{"_monsterinsights_skip_tracking":false,"_monsterinsights_sitenote_active":false,"_monsterinsights_sitenote_note":"","_monsterinsights_sitenote_category":0,"footnotes":""},"class_list":["post-10801","page","type-page","status-publish","hentry"],"_links":{"self":[{"href":"https:\/\/camrt.ca\/fr\/wp-json\/wp\/v2\/pages\/10801","targetHints":{"allow":["GET"]}}],"collection":[{"href":"https:\/\/camrt.ca\/fr\/wp-json\/wp\/v2\/pages"}],"about":[{"href":"https:\/\/camrt.ca\/fr\/wp-json\/wp\/v2\/types\/page"}],"author":[{"embeddable":true,"href":"https:\/\/camrt.ca\/fr\/wp-json\/wp\/v2\/users\/30"}],"replies":[{"embeddable":true,"href":"https:\/\/camrt.ca\/fr\/wp-json\/wp\/v2\/comments?post=10801"}],"version-history":[{"count":2,"href":"https:\/\/camrt.ca\/fr\/wp-json\/wp\/v2\/pages\/10801\/revisions"}],"predecessor-version":[{"id":60402,"href":"https:\/\/camrt.ca\/fr\/wp-json\/wp\/v2\/pages\/10801\/revisions\/60402"}],"up":[{"embeddable":true,"href":"https:\/\/camrt.ca\/fr\/wp-json\/wp\/v2\/pages\/12569"}],"wp:attachment":[{"href":"https:\/\/camrt.ca\/fr\/wp-json\/wp\/v2\/media?parent=10801"}],"curies":[{"name":"wp","href":"https:\/\/api.w.org\/{rel}","templated":true}]}}