{"id":10798,"date":"2018-03-27T16:02:01","date_gmt":"2018-03-27T20:02:01","guid":{"rendered":"https:\/\/camrt.wpenginepowered.com\/fr\/?page_id=10798"},"modified":"2025-10-31T11:43:49","modified_gmt":"2025-10-31T15:43:49","slug":"examens-de-pratique","status":"publish","type":"page","link":"https:\/\/camrt.ca\/fr\/agrement-2\/programmes-detudes-canadiens-agrees\/preparation-a-lexamen-dagrement\/examens-de-pratique\/","title":{"rendered":"Examens de pratique"},"content":{"rendered":"<p><strong>L\u2019examen de pratique ACTRM est maintenant disponible<\/strong><\/p>\n<p>Des examens de pratique sont disponibles dans chacune des quatre sp\u00e9cialit\u00e9s (technologie radiologique, r\u00e9sonance magn\u00e9tique, m\u00e9decine nucl\u00e9aire et radioth\u00e9rapie) pour aider les candidats \u00e0 se pr\u00e9parer \u00e0 l&rsquo;examen d&rsquo;agr\u00e9ment de l&rsquo;ACTRM. L&rsquo;examen de pratique donne aux candidats l&rsquo;occasion de r\u00e9pondre \u00e0 des questions semblables \u00e0 celles de l&rsquo;examen d&rsquo;agr\u00e9ment.<\/p>\n<p>Les frais d&rsquo;inscription \u00e0 l&rsquo;examen pratique sont de 75 $, ce qui donne aux candidats l&rsquo;acc\u00e8s \u00e0 environ 100\u00a0questions \u00e0 choix multiple et \u00e0 3 essais de l&rsquo;examen pratique. Vous avez droit \u00e0 une p\u00e9riode de 4\u00a0heures pour compl\u00e9ter chaque essai.<\/p>\n<p>L&rsquo;examen pratique est pr\u00e9sent\u00e9 en ligne sur la plateforme d&rsquo;administration d&rsquo;examen Yardstick &#8211; exactement la m\u00eame plateforme que celle sur laquelle les candidats passeront l\u2019examen d\u2019agr\u00e9ment r\u00e9el.<\/p>\n<p><strong>Comment puis-je m\u2019inscrire pour l\u2019examen de pratique de l\u2019ACTRM?<\/strong><\/p>\n<p>Pour acc\u00e9der \u00e0 l\u2019examen de pratique, rendez-vous sur <a href=\"https:\/\/camrtprep.ysasecure.com\/\">https:\/\/camrtprep.ysasecure.com\/<\/a> et cliquez sur \u00ab\u00a0Signup\u00a0\u00bb pour cr\u00e9er un compte et vous inscrire \u00e0 l\u2019examen de pratique.<\/p>\n<p><strong>Important\u00a0<\/strong><strong>:<\/strong> cette adresse URL sert uniquement \u00e0 l&rsquo;inscription \u00e0 l&rsquo;examen de pratique; il ne s&rsquo;agit pas de l&rsquo;adresse URL pour la r\u00e9servation de places \u00e0 l&rsquo;examen d&rsquo;agr\u00e9ment de l&rsquo;ACTRM<\/p>\n<p><strong>Pourquoi s\u2019inscrire \u00e0 l\u2019examen de pratique de l\u2019ACTRM? <\/strong><\/p>\n<ul class='dt-sc-fancy-list   rounded-arrow'>\n<li>L&rsquo;examen de pratique peut \u00eatre un outil utile pour \u00e9valuer la pr\u00e9paration \u00e0 l&rsquo;examen.<\/li>\n<li>Il est propos\u00e9 exactement sur la m\u00eame plateforme o\u00f9 les candidats passeront leur examen d&rsquo;agr\u00e9ment r\u00e9el. Cela permettra aux candidats de vivre une exp\u00e9rience pratique plus authentique et de d\u00e9couvrir les types de questions de l&rsquo;examen d&rsquo;agr\u00e9ment et la plateforme d&rsquo;examen avant le jour de l&rsquo;examen.<\/li>\n<li>Les personnes qui s&rsquo;inscrivent recevront des commentaires sur leur performance \u00e0 l&rsquo;examen de pratique, y compris les r\u00e9sultats globaux, un rapport des r\u00e9ponses correctes\/incorrectes et les justifications des bonnes r\u00e9ponses, ce qui peut \u00e9galement aider \u00e0 guider la pr\u00e9paration.<\/li>\n<\/ul>\n<p><strong>\u00a0<\/strong><strong>Puis-je acheter une version diff\u00e9rente de l\u2019examen de pratique pour un co\u00fbt suppl\u00e9mentaire?<\/strong><\/p>\n<p>Non. Nous n&rsquo;avons qu&rsquo;un seul examen de pratique par discipline. Les questions seront les m\u00eames chaque fois que vous (ou quelqu&rsquo;un d&rsquo;autre) passerez cet examen de pratique.<\/p>\n<p><strong>Annulation et remboursement <\/strong><\/p>\n<ul class='dt-sc-fancy-list   rounded-arrow'>\n<li>Aucun remboursement ne sera accord\u00e9 si le contenu de l&rsquo;examen est vu pendant plus de 2 minutes. Aucune exception.<\/li>\n<\/ul>\n<ul class='dt-sc-fancy-list   rounded-arrow'>\n<li>La demande de remboursement doit \u00eatre faite par \u00e9crit \u00e0 certification@camrt.ca<\/li>\n<\/ul>\n<p><strong>D\u00e9claration de droits d\u2019auteur<\/strong><\/p>\n<p>\u00a9 Le contenu des examens de pratique de l&rsquo;ACTRM est prot\u00e9g\u00e9 par la loi canadienne sur le droit d&rsquo;auteur.<\/p>\n<p>Il est strictement interdit \u00e0 quiconque de transmettre (sous quelque forme ou par quelque moyen que ce soit), dupliquer, reproduire, photocopier, \u00e9diter, publier, pr\u00e9senter, rendre disponible, partager ou diffuser tout contenu des examens de pratique &#8211; en tout ou en partie.<\/p>\n","protected":false},"excerpt":{"rendered":"","protected":false},"author":30,"featured_media":0,"parent":12569,"menu_order":0,"comment_status":"closed","ping_status":"closed","template":"","meta":{"_monsterinsights_skip_tracking":false,"_monsterinsights_sitenote_active":false,"_monsterinsights_sitenote_note":"","_monsterinsights_sitenote_category":0,"footnotes":""},"class_list":["post-10798","page","type-page","status-publish","hentry"],"_links":{"self":[{"href":"https:\/\/camrt.ca\/fr\/wp-json\/wp\/v2\/pages\/10798","targetHints":{"allow":["GET"]}}],"collection":[{"href":"https:\/\/camrt.ca\/fr\/wp-json\/wp\/v2\/pages"}],"about":[{"href":"https:\/\/camrt.ca\/fr\/wp-json\/wp\/v2\/types\/page"}],"author":[{"embeddable":true,"href":"https:\/\/camrt.ca\/fr\/wp-json\/wp\/v2\/users\/30"}],"replies":[{"embeddable":true,"href":"https:\/\/camrt.ca\/fr\/wp-json\/wp\/v2\/comments?post=10798"}],"version-history":[{"count":0,"href":"https:\/\/camrt.ca\/fr\/wp-json\/wp\/v2\/pages\/10798\/revisions"}],"up":[{"embeddable":true,"href":"https:\/\/camrt.ca\/fr\/wp-json\/wp\/v2\/pages\/12569"}],"wp:attachment":[{"href":"https:\/\/camrt.ca\/fr\/wp-json\/wp\/v2\/media?parent=10798"}],"curies":[{"name":"wp","href":"https:\/\/api.w.org\/{rel}","templated":true}]}}