{"id":10789,"date":"2018-03-27T16:24:15","date_gmt":"2018-03-27T20:24:15","guid":{"rendered":"https:\/\/camrt.wpenginepowered.com\/fr\/?page_id=10789"},"modified":"2026-04-13T15:20:24","modified_gmt":"2026-04-13T19:20:24","slug":"guide-de-preparation-a-lexamen","status":"publish","type":"page","link":"https:\/\/camrt.ca\/fr\/agrement-2\/programmes-detudes-canadiens-agrees\/preparation-a-lexamen-dagrement\/guide-de-preparation-a-lexamen\/","title":{"rendered":"Guide de pr\u00e9paration \u00e0 l\u2019examen"},"content":{"rendered":"<table style=\"width: 99.1418%;\">\n<tbody>\n<tr>\n<td style=\"width: 67.9754%;\">\n<h6><strong>Pr\u00e9paration pour l&rsquo;examen d&rsquo;agr\u00e9ment de L&rsquo;ACTRM : Une pr\u00e9sentation<\/strong><strong> \u00a0\u00a0 <\/strong><a href=\"https:\/\/camrt.ca\/wp-content\/uploads\/2026\/04\/Slide-Deck-CAMRT_Certification_Exam-Prep_Webinar_FR-May-2026.pdf\" target=\"_blank\" rel=\"noopener\"><strong><em><a href=\"https:\/\/camrt.ca\/wp-content\/uploads\/2026\/04\/Slide-Deck-CAMRT_Certification_Exam-Prep_Webinar_FR-May-2026.pdf\" target=\"_blank\" class=\"dt-sc-button   small\" style=\"background-color:#ffffff;border-color:#ffffff;color:#034f96;\">Presentation<\/a> \u00a0<\/em><\/strong><\/a><\/h6>\n<\/td>\n<\/tr>\n<\/tbody>\n<\/table>\n<p><strong>Objet<\/strong> : Pr\u00e9parer les candidats \u00e0 l&rsquo;examen de l&rsquo;ACTRM<\/p>\n<p><strong>\u00a0 \u00a0 \u00a0 \u00a0 \u00a0 \u00a0 \u00a0 \u00a0 \u00a0\u00a0\u00a0 <\/strong><\/p>\n<p>L&rsquo;ACTRM a \u00e9labor\u00e9 des guides de pr\u00e9paration \u00e0 l&rsquo;examen pour aider les candidats qui ont l&rsquo;intention de se pr\u00e9senter \u00e0 l&rsquo;examen d&rsquo;agr\u00e9ment national d&rsquo;acc\u00e8s \u00e0 la pratique. Tous les guides sont con\u00e7us pour \u00eatre utilis\u00e9s par tous les candidats \u00e0 l&rsquo;examen : les dipl\u00f4m\u00e9s de programmes canadiens agr\u00e9\u00e9s et les technologues en radiation m\u00e9dicale form\u00e9s \u00e0 l&rsquo;\u00e9tranger (TRMFE).<\/p>\n<p>&nbsp;<\/p>\n<table style=\"width: 98.4213%;height: 215px\">\n<tbody>\n<tr>\n<td style=\"width: 57.5758%\"><a href=\"https:\/\/camrt.ca\/fr\/wp-content\/uploads\/sites\/3\/2024\/01\/Exam-Prep-Guide_General_v4_Jan2024_FR.pdf\" target=\"_blank\" rel=\"noopener\"><strong><a href=\"https:\/\/camrt.ca\/fr\/wp-content\/uploads\/sites\/3\/2024\/01\/Exam-Prep-Guide_General_v4_Jan2024_FR.pdf\" target=\"_blank\" class=\"dt-sc-button   small\" style=\"background-color:#ffffff;border-color:#ffffff;color:#034f96;\">Informations sur l&rsquo;examen<\/a> <\/strong><\/a><\/td>\n<td style=\"width: 52.4019%\">Le Guide g\u00e9n\u00e9ral de pr\u00e9paration \u00e0 l&rsquo;examen fournit des renseignements sur le processus de d\u00e9veloppement de l&rsquo;examen d&rsquo;agr\u00e9ment, l&rsquo;admissibilit\u00e9 \u00e0 l&rsquo;examen, les ressources pour la pr\u00e9paration \u00e0 l&rsquo;examen, la diffusion des r\u00e9sultats et le processus d&rsquo;appel.<\/td>\n<\/tr>\n<tr>\n<td style=\"width: 57.5758%\"><a href=\"https:\/\/camrt.ca\/fr\/wp-content\/uploads\/sites\/3\/2024\/01\/Exam-Prep-Guide_General_v4_Jan2024_FR.pdf\" target=\"_blank\" rel=\"noopener\"><strong><a href=\"https:\/\/camrt.ca\/fr\/wp-content\/uploads\/sites\/3\/2024\/01\/Exam-Prep-Guide_General_v4_Jan2024_FR.pdf\" target=\"_blank\" class=\"dt-sc-button   small\" style=\"background-color:#ffffff;border-color:#ffffff;color:#034f96;\">D\u00e9claration d\u2019adh\u00e9sion<\/a> <\/strong><\/a><\/td>\n<td style=\"width: 52.4019%\">Cette d\u00e9claration sera envoy\u00e9e par courriel \u00e0 tous les candidats une semaine avant leur date d&rsquo;examen pour r\u00e9vision. Tous les candidats recevront cette d\u00e9claration et devront ensuite la lire et l&rsquo;approuver avant de commencer leur examen le jour de l&rsquo;\u00e9preuve.<\/td>\n<\/tr>\n<\/tbody>\n<\/table>\n<h3>Formats d&rsquo;examen<\/h3>\n<table style=\"width: 98.6627%\">\n<tbody>\n<tr>\n<td style=\"width: 56.6865%\"><a href=\"https:\/\/camrt.ca\/wp-content\/uploads\/2024\/01\/Exam-Prep-Guide_Remote-Proctoring_v5_Jan2024.pdf\" target=\"_blank\" rel=\"noopener\"><strong><a href=\"https:\/\/camrt.ca\/fr\/wp-content\/uploads\/sites\/3\/2024\/01\/Exam-Prep-Guide_Test-Centre_v4_Jan2024_FR.pdf\" target=\"_blank\" class=\"dt-sc-button   small\" style=\"background-color:#ffffff;border-color:#ffffff;color:#034f96;\">Centre de test<\/a><\/strong><\/a><\/td>\n<td style=\"width: 41.9019%\">Le Guide de pr\u00e9paration au centre de test de test fournit des informations sur l&rsquo;administration des examens de certification, notamment sur la mani\u00e8re de s&rsquo;inscrire, se pr\u00e9parer et de passer un examen dans un centre de test.<\/td>\n<\/tr>\n<tr>\n<td style=\"width: 56.6865%\"><a href=\"https:\/\/camrt.ca\/wp-content\/uploads\/2024\/01\/Exam-Prep-Guide_Remote-Proctoring_v5_Jan2024.pdf\" target=\"_blank\" rel=\"noopener\"><strong><a href=\"https:\/\/camrt.ca\/fr\/wp-content\/uploads\/sites\/3\/2024\/01\/Exam-Prep-Guide_Remote-Proctoring_v5_Jan2024_FR.pdf\" target=\"_blank\" class=\"dt-sc-button   small\" style=\"background-color:#ffffff;border-color:#ffffff;color:#034f96;\">Examen \u00e0 distance<\/a><\/strong><\/a><\/td>\n<td style=\"width: 41.9019%\">Le guide de surveillance \u00e0 distance fournit des informations sur l&rsquo;administration des examens de certification, notamment des d\u00e9tails sur la surveillance virtuelle et sur la mani\u00e8re de s&rsquo;inscrire, se pr\u00e9parer et de passer un examen surveill\u00e9 virtuellement.<\/td>\n<\/tr>\n<\/tbody>\n<\/table>\n<p>Nous recommandons \u00e0 tous les candidats \u00e0 l&rsquo;examen de lire chaque guide au complet afin de s&rsquo;assurer qu&rsquo;ils sont pleinement inform\u00e9s avant de s&rsquo;inscrire. Une fois qu&rsquo;un candidat \u00e0 l&rsquo;examen s&rsquo;est inscrit \u00e0 un centre d&rsquo;examen approuv\u00e9 ou \u00e0 un examen supervis\u00e9 \u00e0 distance, il peut consulter \u00e0 la fois le Guide de pr\u00e9paration \u00e0 l&rsquo;examen g\u00e9n\u00e9ral et le guide sp\u00e9cifique associ\u00e9 au format d&rsquo;examen auquel il s&rsquo;est inscrit (c.-\u00e0-d. centre d&rsquo;examen ou examen surveill\u00e9 \u00e0 distance).<\/p>\n<p>Pour plus d&rsquo;informations sur la pr\u00e9paration aux examens, cliquez <a href=\"https:\/\/camrt.ca\/fr\/agrement-2\/programmes-detudes-canadiens-agrees\/preparation-a-lexamen-dagrement\/\">ici<\/a><\/p>\n","protected":false},"excerpt":{"rendered":"<p>Pr\u00e9paration pour l&rsquo;examen d&rsquo;agr\u00e9ment de L&rsquo;ACTRM : Une pr\u00e9sentation \u00a0\u00a0 \u00a0 Objet : Pr\u00e9parer les candidats \u00e0 l&rsquo;examen de l&rsquo;ACTRM \u00a0 \u00a0 \u00a0 \u00a0 \u00a0 \u00a0 \u00a0 \u00a0 \u00a0\u00a0\u00a0<\/p>\n","protected":false},"author":30,"featured_media":0,"parent":12569,"menu_order":0,"comment_status":"closed","ping_status":"closed","template":"","meta":{"_monsterinsights_skip_tracking":false,"_monsterinsights_sitenote_active":false,"_monsterinsights_sitenote_note":"","_monsterinsights_sitenote_category":0,"footnotes":""},"class_list":["post-10789","page","type-page","status-publish","hentry"],"_links":{"self":[{"href":"https:\/\/camrt.ca\/fr\/wp-json\/wp\/v2\/pages\/10789","targetHints":{"allow":["GET"]}}],"collection":[{"href":"https:\/\/camrt.ca\/fr\/wp-json\/wp\/v2\/pages"}],"about":[{"href":"https:\/\/camrt.ca\/fr\/wp-json\/wp\/v2\/types\/page"}],"author":[{"embeddable":true,"href":"https:\/\/camrt.ca\/fr\/wp-json\/wp\/v2\/users\/30"}],"replies":[{"embeddable":true,"href":"https:\/\/camrt.ca\/fr\/wp-json\/wp\/v2\/comments?post=10789"}],"version-history":[{"count":4,"href":"https:\/\/camrt.ca\/fr\/wp-json\/wp\/v2\/pages\/10789\/revisions"}],"predecessor-version":[{"id":61698,"href":"https:\/\/camrt.ca\/fr\/wp-json\/wp\/v2\/pages\/10789\/revisions\/61698"}],"up":[{"embeddable":true,"href":"https:\/\/camrt.ca\/fr\/wp-json\/wp\/v2\/pages\/12569"}],"wp:attachment":[{"href":"https:\/\/camrt.ca\/fr\/wp-json\/wp\/v2\/media?parent=10789"}],"curies":[{"name":"wp","href":"https:\/\/api.w.org\/{rel}","templated":true}]}}