{"id":10786,"date":"2018-03-28T09:46:29","date_gmt":"2018-03-28T13:46:29","guid":{"rendered":"https:\/\/camrt.wpenginepowered.com\/fr\/?page_id=10786"},"modified":"2018-03-28T09:46:29","modified_gmt":"2018-03-28T13:46:29","slug":"politique-dappel-pour-circonstances-attenuantes","status":"publish","type":"page","link":"https:\/\/camrt.ca\/fr\/agrement-2\/programmes-detudes-canadiens-agrees\/examen-dagrement-dentree-a-la-pratique\/politique-dappel-pour-circonstances-attenuantes\/","title":{"rendered":"Politique d\u2019appel pour circonstances att\u00e9nuantes"},"content":{"rendered":"<p>Cliquez sur le lien pour lire la politique compl\u00e8te : <a href=\"https:\/\/camrt.ca\/wp-content\/uploads\/2024\/07\/OP-CERT-04-Politique-dappel-des-resultats-de-lexamen-dagrement.pdf\" target=\"_blank\" rel=\"noopener\">POLITIQUE D&rsquo;APPEL DES R\u00c9SULTATS DE L&rsquo;EXAMEN DE L&rsquo;AGR\u00c9MENT<\/a><em><br \/>\n<\/em><\/p>\n<p>Les candidats sont vivement encourag\u00e9s \u00e0 se retirer avant l&rsquo;examen ou \u00e0 faire transfrer leur examen \u00e0 la prochaine date d&rsquo;examen s&rsquo;ils ont des circonstances personnelles pouvant affecter leur performance le jour de l&rsquo;examen (y compris, mais sans s&rsquo;y limiter: deuil, urgence familiale ou \u00e9tat de sant\u00e9 chronique).<\/p>\n<p>Tous les candidats ont un droit d\u2019appel.<\/p>\n<p><strong>Date limite pour les pr\u00e9sentations d\u2019appel<\/strong><\/p>\n<ul class='dt-sc-fancy-list   rounded-arrow'>\n<li style=\"text-align: justify\">Les circonstances att\u00e9nuantes justifiant l\u2019appel doivent \u00eatre pr\u00e9sent\u00e9es par \u00e9crit et parvenir au gestionnaire de l\u2019agr\u00e9ment \u00e0 certification@camrt.ca au plus tard 15 jours ouvrables apr\u00e8s l\u2019obtention de vos r\u00e9sultats d\u2019examen.<\/li>\n<\/ul>\n<p><strong>Frais d\u2019appel<\/strong><\/p>\n<ul class='dt-sc-fancy-list   rounded-arrow'>\n<li style=\"text-align: justify\">Les frais d\u2019appel sont de 300 $ et doivent \u00eatre joints \u00e0 la demande d\u2019appel et \u00e0 la documentation.<\/li>\n<\/ul>\n<p><strong>Comit\u00e9 d\u2019appel<\/strong><\/p>\n<ul class='dt-sc-fancy-list   rounded-arrow'>\n<li style=\"text-align: justify\">La demande sera \u00e9tudi\u00e9e par un comit\u00e9 d\u2019appel form\u00e9 de la directrice de l\u2019\u00c9ducation, deux membres du Conseil consultatif sur l\u2019\u00c9ducation, deux pr\u00e9sidents d\u2019un Comit\u00e9 de validation des examens, et du gestionnaire de l\u2019agr\u00e9ment. Si le candidat est connu d&rsquo;un membre du comit\u00e9 d&rsquo;appel, une autre personne poss\u00e9dant des qualifications similaires sera d\u00e9sign\u00e9e pour cet appel. Le comit\u00e9 d\u2019appel peut demander des renseignements suppl\u00e9mentaires avant de rendre sa d\u00e9cision.<\/li>\n<\/ul>\n<p><strong>D\u00e9cision<\/strong><\/p>\n<ul class='dt-sc-fancy-list   rounded-arrow'>\n<li style=\"text-align: justify\">La d\u00e9cision de Comit\u00e9 d&rsquo;appel d\u00e9pendra des circonstances de chaque individu et sera communiqu\u00e9e au candidat dans les 20 jours ouvrables suivant la date limite de soumission des appels.<\/li>\n<\/ul>\n<p>La d\u00e9cision du comit\u00e9 d\u2019appel est finale.<\/p>\n","protected":false},"excerpt":{"rendered":"<p>Cliquez sur le lien pour lire la politique compl\u00e8te : POLITIQUE D&rsquo;APPEL DES R\u00c9SULTATS DE L&rsquo;EXAMEN DE L&rsquo;AGR\u00c9MENT Les candidats sont vivement encourag\u00e9s \u00e0 se retirer avant l&rsquo;examen ou \u00e0 faire transfrer leur examen \u00e0 la prochaine date d&rsquo;examen s&rsquo;ils ont des circonstances personnelles pouvant affecter leur performance le jour de l&rsquo;examen (y compris, mais [&hellip;]<\/p>\n","protected":false},"author":30,"featured_media":0,"parent":12567,"menu_order":0,"comment_status":"closed","ping_status":"closed","template":"","meta":{"_monsterinsights_skip_tracking":false,"_monsterinsights_sitenote_active":false,"_monsterinsights_sitenote_note":"","_monsterinsights_sitenote_category":0,"footnotes":""},"class_list":["post-10786","page","type-page","status-publish","hentry"],"_links":{"self":[{"href":"https:\/\/camrt.ca\/fr\/wp-json\/wp\/v2\/pages\/10786","targetHints":{"allow":["GET"]}}],"collection":[{"href":"https:\/\/camrt.ca\/fr\/wp-json\/wp\/v2\/pages"}],"about":[{"href":"https:\/\/camrt.ca\/fr\/wp-json\/wp\/v2\/types\/page"}],"author":[{"embeddable":true,"href":"https:\/\/camrt.ca\/fr\/wp-json\/wp\/v2\/users\/30"}],"replies":[{"embeddable":true,"href":"https:\/\/camrt.ca\/fr\/wp-json\/wp\/v2\/comments?post=10786"}],"version-history":[{"count":0,"href":"https:\/\/camrt.ca\/fr\/wp-json\/wp\/v2\/pages\/10786\/revisions"}],"up":[{"embeddable":true,"href":"https:\/\/camrt.ca\/fr\/wp-json\/wp\/v2\/pages\/12567"}],"wp:attachment":[{"href":"https:\/\/camrt.ca\/fr\/wp-json\/wp\/v2\/media?parent=10786"}],"curies":[{"name":"wp","href":"https:\/\/api.w.org\/{rel}","templated":true}]}}