{"id":10780,"date":"2018-03-28T09:38:13","date_gmt":"2018-03-28T13:38:13","guid":{"rendered":"https:\/\/camrt.wpenginepowered.com\/fr\/?page_id=10780"},"modified":"2018-03-28T09:38:13","modified_gmt":"2018-03-28T13:38:13","slug":"annulation-et-remboursement","status":"publish","type":"page","link":"https:\/\/camrt.ca\/fr\/agrement-2\/programmes-detudes-canadiens-agrees\/examen-dagrement-dentree-a-la-pratique\/annulation-et-remboursement\/","title":{"rendered":"Annulation et remboursement"},"content":{"rendered":"<table>\n<tbody>\n<tr>\n<td style=\"width: 180px\"><strong>Frais d\u2019annulation<\/strong><\/td>\n<td style=\"width: 37px\">100 $<\/td>\n<\/tr>\n<\/tbody>\n<\/table>\n<ul class='dt-sc-fancy-list   rounded-arrow'>\n<li>Toutes les annulations entra\u00eeneront des frais de 100 $, quelle que soit la date \u00e0 laquelle l&rsquo;annulation est demand\u00e9e.<\/li>\n<li>Les candidats \u00e0 l&rsquo;examen qui souhaitent annuler leur \u00e9criture de l&rsquo;examen peuvent demander un remboursement de la partie restante des frais d&rsquo;examen pay\u00e9s dans les 2 ans suivant la date d&rsquo;examen initiale.<\/li>\n<li>Les demandes de remboursement doivent \u00eatre faites par \u00e9crit et envoy\u00e9es \u00e0 <a href=\"mailto:certification@camrt.ca\">certification@camrt.ca<\/a>.<\/li>\n<li>Les frais d&rsquo;annulation de l&rsquo;examen seront d\u00e9duits du remboursement.<\/li>\n<li>Le d\u00e9faut de demander, un transfert \u00e0 une autre s\u00e9ance d\u2019examen, ou un remboursement des droits d\u2019examen dans un d\u00e9lai de deux ans<\/li>\n<li>Veillez \u00e0 annuler \u00e9galement votre place aupr\u00e8s de Yardstick. Envoyez un courriel \u00e0 Yardstick \u00e0 l&rsquo;adresse <a href=\"mailto:testingsupport@getyardstick.com\">testingsupport@getyardstick.com<\/a> pour annuler la place que vous avez r\u00e9serv\u00e9e.\n<ul class='dt-sc-fancy-list   rounded-arrow'>\n<li>Yardstick n&rsquo;accepte les demandes de remboursement que jusqu&rsquo;\u00e0 10 jours ouvrables avant l&rsquo;examen. Pass\u00e9 ce d\u00e9lai, vous perdrez les frais de r\u00e9servation de la place.<\/li>\n<\/ul>\n<\/li>\n<\/ul>\n","protected":false},"excerpt":{"rendered":"<p>Frais d\u2019annulation 100 $<\/p>\n","protected":false},"author":30,"featured_media":0,"parent":12567,"menu_order":0,"comment_status":"closed","ping_status":"closed","template":"","meta":{"_monsterinsights_skip_tracking":false,"_monsterinsights_sitenote_active":false,"_monsterinsights_sitenote_note":"","_monsterinsights_sitenote_category":0,"footnotes":""},"class_list":["post-10780","page","type-page","status-publish","hentry"],"_links":{"self":[{"href":"https:\/\/camrt.ca\/fr\/wp-json\/wp\/v2\/pages\/10780","targetHints":{"allow":["GET"]}}],"collection":[{"href":"https:\/\/camrt.ca\/fr\/wp-json\/wp\/v2\/pages"}],"about":[{"href":"https:\/\/camrt.ca\/fr\/wp-json\/wp\/v2\/types\/page"}],"author":[{"embeddable":true,"href":"https:\/\/camrt.ca\/fr\/wp-json\/wp\/v2\/users\/30"}],"replies":[{"embeddable":true,"href":"https:\/\/camrt.ca\/fr\/wp-json\/wp\/v2\/comments?post=10780"}],"version-history":[{"count":0,"href":"https:\/\/camrt.ca\/fr\/wp-json\/wp\/v2\/pages\/10780\/revisions"}],"up":[{"embeddable":true,"href":"https:\/\/camrt.ca\/fr\/wp-json\/wp\/v2\/pages\/12567"}],"wp:attachment":[{"href":"https:\/\/camrt.ca\/fr\/wp-json\/wp\/v2\/media?parent=10780"}],"curies":[{"name":"wp","href":"https:\/\/api.w.org\/{rel}","templated":true}]}}