{"id":10744,"date":"2018-03-27T15:47:51","date_gmt":"2018-03-27T19:47:51","guid":{"rendered":"https:\/\/camrt.wpenginepowered.com\/fr\/?page_id=10744"},"modified":"2026-02-23T09:02:56","modified_gmt":"2026-02-23T14:02:56","slug":"inscription-a-lexamen-dagrement-dentree-a-la-pratique-de-lactrm","status":"publish","type":"page","link":"https:\/\/camrt.ca\/fr\/agrement-2\/programmes-detudes-canadiens-agrees\/examen-dagrement-dentree-a-la-pratique\/inscription-a-lexamen-dagrement-dentree-a-la-pratique-de-lactrm\/","title":{"rendered":"Inscription \u00e0 l\u2019examen d\u2019agr\u00e9ment"},"content":{"rendered":"<h2>Admissibilit\u00e9 \u00e0 l&rsquo;examen<\/h2>\n<p>Politique compl\u00e8te : <a href=\"https:\/\/camrt.ca\/wp-content\/uploads\/2024\/07\/OP-CERT-01-Politique-dadmissibilite-a-lexamen-dagrement.pdf\">POLITIQUE D&rsquo;ADMISSIBILIT\u00c9 \u00c0 L&rsquo;EXAMEN D&rsquo;AGR\u00c9MENT<\/a><\/p>\n<ol>\n<li><a href=\"https:\/\/camrt.wpenginepowered.com\/fr\/agrement-2\/\">Dipl\u00f4m\u00e9s d&rsquo;un programme de formation en TRM agr\u00e9\u00e9 au Canada<\/a>. Ils doivent avoir obtenu leur dipl\u00f4me au cours des cinq derni\u00e8res ann\u00e9es.<\/li>\n<li>Les technologues en radiation m\u00e9dicale form\u00e9s \u00e0 l&rsquo;\u00e9tranger dont la formation et l&rsquo;exp\u00e9rience ont \u00e9t\u00e9 \u00e9valu\u00e9es et qui ont \u00e9t\u00e9 autoris\u00e9s \u00e0 passer l&rsquo;examen d&rsquo;agr\u00e9ment par l&rsquo;ACTRM ou par un organisme de r\u00e9glementation provincial. Pour plus d&rsquo;information, <a href=\"https:\/\/camrt.wpenginepowered.com\/fr\/agrement-2\/technologues-en-radiation-medicale-formes-a-letranger-trmfe\/\">cliquez ici.<\/a><\/li>\n<\/ol>\n<h2>D\u00e9tails de l&rsquo;examen<\/h2>\n<ul class='dt-sc-fancy-list   rounded-arrow'>\n<li>4 heures, 185 questions \u00e0 choix multiple<\/li>\n<li>Offert trois (3) fois par ann\u00e9e en janvier, mai et septembre<\/li>\n<li>Offert sur deux jours lors de chaque session afin d\u2019accommoder tous les candidats<\/li>\n<li>Examen informatis\u00e9 pr\u00e9sent\u00e9 dans les centres d\u2019examen <a href=\"http:\/\/getyardstick.com\/\">Yardstick Testing and Training<\/a><\/li>\n<li><strong>\u00c0 partir de janvier 2023 :<\/strong> Les personnes inscrites ont la possibilit\u00e9 de passer leur examen dans un centre d&rsquo;examen canadien approuv\u00e9 ou par le biais d&rsquo;une surveillance virtuelle. Veuillez consulter le Guide de pr\u00e9paration \u00e0 l&rsquo;examen (lien ci-dessous) pour plus d&rsquo;informations. Les candidats doivent choisir leur m\u00e9thode de surveillance pr\u00e9f\u00e9r\u00e9e (centre d&rsquo;examen ou virtuelle) lors de leur inscription. Le nombre de places dans les centres d&rsquo;examen \u00e9tant encore limit\u00e9 en raison de la pand\u00e9mie, nous ne pouvons garantir une place dans un centre d&rsquo;examen. Si aucune place n&rsquo;est disponible dans un d\u00e9lai de 60 minutes \u00e0 partir de l&rsquo;endroit o\u00f9 vous souhaitez vous rendre, vous aurez la possibilit\u00e9 de passer l&rsquo;examen en utilisant la surveillance virtuelle.<\/li>\n<\/ul>\n<h2>Inscription<\/h2>\n<p>L\u2019inscription \u00e0 l\u2019examen se d\u00e9roule en deux phases :<\/p>\n<ol>\n<li>Inscription \u00e0 l\u2019examen sur le site Web de l\u2019ACTRM et paiement des droits<\/li>\n<li>S\u00e9lection d\u2019un site pour r\u00e9servation d\u2019une place et paiement des frais du centre d\u2019examen sur le site Web de Yardstick.<\/li>\n<\/ol>\n<p>&nbsp;<\/p>\n<p><strong>IMPORTANT<\/strong> : Tous les dates limites doivent \u00eatre respect\u00e9es. Sinon, vous perdrez votre chance d\u2019\u00e9crire l\u2019examen \u00e0 la s\u00e9ance de votre choix.<\/p>\n<p>Si vous \u00eates membres \u00e9tudiants de l\u2019ACTRM, vous avez d\u00e9j\u00e0 un compte d\u2019utilisateur<\/p>\n\n<ul class='dt-sc-fancy-list   rounded-arrow'>\n<li><strong><a href=\"https:\/\/camrt.my.site.com\/I2C_My_Certification\">R\u00e9cup\u00e9rer votre num\u00e9ro de membre<\/a><\/strong> et mot de passe avant de pr\u00e9senter votre demande en ligne<\/li>\n<li>Si vous n\u2019\u00eates pas membre de l\u2019ACTRM et ne vous \u00eates jamais inscrit \u00e0 un examen d\u2019agr\u00e9ment ou \u00e0 un cours de perfectionnement professionnel continu de l\u2019ACTRM, vous devez <a href=\"https:\/\/camrt.my.site.com\/CommunitiesSelfRegFrCert?site=a0a2L00000I4lDG\">cr\u00e9er un compte<\/a> avant de pouvoir pr\u00e9senter une demande. Veuillez contacter certification@camrt.ca afin de demander qu&rsquo;um compte soit cr\u00e9e pour vous.<\/li>\n<\/ul>\n<h2>Formulaire de demande d\u2019admission \u00e0 l\u2019examen<\/h2>\n<ul class='dt-sc-fancy-list   rounded-arrow'>\n<li>Veuillez vous rendre sur le site Web et remplir le <strong><a href=\"https:\/\/camrt.force.com\/I2C_CertProgRegForm\">formulaire de demande d\u2019admission \u00e0 l\u2019examen<\/a><\/strong><\/li>\n<li>Une fois le paiement des droits trait\u00e9, tous les candidats inscrits recevront un courriel de confirmation avec des instructions pour le choix d\u2019un centre d\u2019examen pour la r\u00e9servation d\u2019une place.<\/li>\n<\/ul>\n<p>Les dates limites pour l\u2019inscription sont fermes. Les candidats qui ne se sont pas inscrits aupr\u00e8s de l\u2019ACTRM et de Yardstick avant la date limite devront attendre la prochaine s\u00e9ance d\u2019examen.<\/p>\n<h2>Guide de pr\u00e9paration \u00e0 l\u2019examen<\/h2>\n<ul class='dt-sc-fancy-list   rounded-arrow'>\n<li>Les candidats doivent prendre connaissance de tous les renseignements contenus dans le <strong><a href=\"https:\/\/camrt.wpenginepowered.com\/fr\/agrement-2\/programmes-detudes-canadiens-agrees\/preparation-a-lexamen-dagrement\/guide-de-preparation-a-lexamen\/\">Guide de pr\u00e9paration \u00e0 l\u2019examen d\u2019agr\u00e9ment<\/a><\/strong> avant de s\u2019inscrire \u00e0 l\u2019examen.<\/li>\n<\/ul>\n","protected":false},"excerpt":{"rendered":"<p>Admissibilit\u00e9 \u00e0 l&rsquo;examen Politique compl\u00e8te : POLITIQUE D&rsquo;ADMISSIBILIT\u00c9 \u00c0 L&rsquo;EXAMEN D&rsquo;AGR\u00c9MENT Dipl\u00f4m\u00e9s d&rsquo;un programme de formation en TRM agr\u00e9\u00e9 au Canada. Ils doivent avoir obtenu leur dipl\u00f4me au cours des [&hellip;]<\/p>\n","protected":false},"author":30,"featured_media":0,"parent":12567,"menu_order":0,"comment_status":"closed","ping_status":"closed","template":"","meta":{"_monsterinsights_skip_tracking":false,"_monsterinsights_sitenote_active":false,"_monsterinsights_sitenote_note":"","_monsterinsights_sitenote_category":0,"footnotes":""},"class_list":["post-10744","page","type-page","status-publish","hentry"],"_links":{"self":[{"href":"https:\/\/camrt.ca\/fr\/wp-json\/wp\/v2\/pages\/10744","targetHints":{"allow":["GET"]}}],"collection":[{"href":"https:\/\/camrt.ca\/fr\/wp-json\/wp\/v2\/pages"}],"about":[{"href":"https:\/\/camrt.ca\/fr\/wp-json\/wp\/v2\/types\/page"}],"author":[{"embeddable":true,"href":"https:\/\/camrt.ca\/fr\/wp-json\/wp\/v2\/users\/30"}],"replies":[{"embeddable":true,"href":"https:\/\/camrt.ca\/fr\/wp-json\/wp\/v2\/comments?post=10744"}],"version-history":[{"count":1,"href":"https:\/\/camrt.ca\/fr\/wp-json\/wp\/v2\/pages\/10744\/revisions"}],"predecessor-version":[{"id":60070,"href":"https:\/\/camrt.ca\/fr\/wp-json\/wp\/v2\/pages\/10744\/revisions\/60070"}],"up":[{"embeddable":true,"href":"https:\/\/camrt.ca\/fr\/wp-json\/wp\/v2\/pages\/12567"}],"wp:attachment":[{"href":"https:\/\/camrt.ca\/fr\/wp-json\/wp\/v2\/media?parent=10744"}],"curies":[{"name":"wp","href":"https:\/\/api.w.org\/{rel}","templated":true}]}}