{"id":10730,"date":"2018-03-27T15:16:26","date_gmt":"2018-03-27T19:16:26","guid":{"rendered":"https:\/\/camrt.wpenginepowered.com\/fr\/?page_id=10730"},"modified":"2018-03-28T09:07:38","modified_gmt":"2018-03-28T13:07:38","slug":"agrement-2","status":"publish","type":"page","link":"https:\/\/camrt.ca\/fr\/agrement-2\/","title":{"rendered":"Agr\u00e9ment"},"content":{"rendered":"<h2 class='border-title  '>Agr\u00e9ment pour acc\u00e9s \u00e0 la pratique<span><\/span><\/h2>\n<p>&nbsp;<\/p>\n<div  class='column dt-sc-one-half  space  '   ><div class=\"dt-sc-titled-box\"><h6 class=\"dt-sc-titled-box-title\" style=\"background-color:#00a651;border-color:#00a651;color:#ffffff;\"> Examen d\u2019agr\u00e9ment de l\u2019ACTRM<\/h6><div class=\"dt-sc-titled-box-content\"><ul class='dt-sc-fancy-list   rounded-arrow'>\n<li><a href=\"https:\/\/camrt.wpenginepowered.com\/fr\/agrement-2\/agrement-pour-acces-a-la-pratique\/programmes-detudes-canadiens-agrees\/\">Dipl\u00f4m\u00e9s des programmes d\u2019\u00e9tudes canadiens agr\u00e9\u00e9s.<\/a><\/li>\n<li><a href=\"https:\/\/camrt.wpenginepowered.com\/fr\/agrement-2\/agrement-pour-acces-a-la-pratique\/technologues-en-radiation-medicale-formes-a-letranger-trmfe\/\">Technologues en radiation m\u00e9dicale form\u00e9s \u00e0 l\u2019\u00e9tranger.<\/a><\/li>\n<\/ul><\/div><\/div><\/div>\n<div  class='column dt-sc-one-half  space  '   ><div class=\"dt-sc-titled-box\"><h6 class=\"dt-sc-titled-box-title\" style=\"background-color:#00a651;border-color:#00a651;color:#ffffff;\"> PROFILS DE COMP\u00c9TENCES<\/h6><div class=\"dt-sc-titled-box-content\"><p>Le profil de comp\u00e9tences d\u00e9crit les r\u00e9sultats requis pour l\u2019admission \u00e0 la profession et constitue le fondement pour l\u2019\u00e9laboration de l\u2019examen.<\/p>\n<p><a href=\"https:\/\/camrt.wpenginepowered.com\/fr\/agrement-2\/profils-de-competences-2\/\">Profils de Comp\u00e9tences<\/a><\/p><\/div><\/div><\/div>\n<div  class='column dt-sc-one-half  space  '   ><div class=\"dt-sc-titled-box\"><h6 class=\"dt-sc-titled-box-title\" style=\"background-color:#00a651;border-color:#00a651;color:#ffffff;\"> Programmes d\u2019\u00e9tudes canadiennes agr\u00e9\u00e9s :<\/h6><div class=\"dt-sc-titled-box-content\"><ul class='dt-sc-fancy-list   rounded-arrow'>\n<li><a href=\"https:\/\/camrt.wpenginepowered.com\/fr\/agrement\/resonance-magnetique\/\">R\u00e9sonance magn\u00e9tique<\/a><\/li>\n<li><a href=\"https:\/\/camrt.wpenginepowered.com\/fr\/agrement\/medecine-nucleaire\/\">M\u00e9decine nucl\u00e9aire<\/a><\/li>\n<li><a href=\"https:\/\/camrt.wpenginepowered.com\/fr\/agrement\/radio-oncologie\/\">Radioth\u00e9rapie<\/a><\/li>\n<li><a href=\"https:\/\/camrt.wpenginepowered.com\/fr\/agrement\/technologie-de-radiologie\/\">Technologie de la radiologie<\/a><\/li>\n<\/ul><\/div><\/div><\/div>\n<div  class='column dt-sc-one-half  space  '   ><div class=\"dt-sc-titled-box\"><h6 class=\"dt-sc-titled-box-title\" style=\"background-color:#00a651;border-color:#00a651;color:#ffffff;\"> RESSOURCES D&#039;EXAMEN<\/h6><div class=\"dt-sc-titled-box-content\"><p>&nbsp;<\/p>\n<ul class='dt-sc-fancy-list   rounded-arrow'>\n<li><a href=\"https:\/\/camrt.wpenginepowered.com\/fr\/agrement-2\/plans-dexamen\/\">Plans d&rsquo;examen<\/a> le plan d\u2019examen d\u00e9crit le plan pour l\u2019examen d\u2019agr\u00e9ment.<\/li>\n<li><a href=\"https:\/\/camrt.wpenginepowered.com\/fr\/agrement-2\/programmes-detudes-canadiens-agrees\/preparation-a-lexamen-dagrement\/\">Pr\u00e9paration \u00e0 l\u2019examen d\u2019agr\u00e9ment<\/a><\/li>\n<li><a href=\"https:\/\/camrt.wpenginepowered.com\/fr\/agrement-2\/programmes-detudes-canadiens-agrees\/examen-dagrement-dentree-a-la-pratique\/\">Examen d\u2019agr\u00e9ment d\u2019entr\u00e9e \u00e0 la pratique<\/a><\/li>\n<li><a href=\"https:\/\/camrt.wpenginepowered.com\/fr\/agrement-2\/programmes-detudes-canadiens-agrees\/prochaines-etapes\/\">Prochaines \u00e9tapes<\/a><\/li>\n<\/ul><\/div><\/div><\/div>\n<p>&nbsp;<\/p>\n<p>Veuillez noter que la communication avec l&rsquo;ACTRM doit se faire par<strong> courrier \u00e9lectronique<\/strong> (pr\u00e9f\u00e9r\u00e9) ou par t\u00e9l\u00e9phone, et <strong>non<\/strong> par courrier postal.<\/p>\n<h2 class='border-title  '>Agr\u00e9ment de la pratique avanc\u00e9e<span><\/span><\/h2>\n<div class=\"css-table\">\n<div class=\"table_row\">\n<div  class='column dt-sc-one-half  space  '   ><div class=\"dt-sc-titled-box\"><h6 class=\"dt-sc-titled-box-title\" style=\"background-color:#c9252c;border-color:#c9252c;color:#ffffff;\"> Agr\u00e9ment de la pratique avanc\u00e9e en radioth\u00e9rapie (APRT(T))<\/h6><div class=\"dt-sc-titled-box-content\"><ul class='dt-sc-fancy-list   rounded-arrow'>\n<li><a href=\"https:\/\/camrt.wpenginepowered.com\/fr\/profession-de-trm\/pratique-avancee\/aprtt-cert\/\">Page d&rsquo;accueil pour l&rsquo;agr\u00e9ment des APRT(T)<\/a><\/li>\n<li><a href=\"https:\/\/camrt.wpenginepowered.com\/fr\/profession-de-trm\/pratique-avancee\/aprtt-cert\/manuels-et-guides\/\">Manuels et guides<\/a><\/li>\n<\/ul><\/div><\/div><\/div>\n<\/div>\n<\/div>\n","protected":false},"excerpt":{"rendered":"<p>&nbsp; &nbsp; Veuillez noter que la communication avec l&rsquo;ACTRM doit se faire par courrier \u00e9lectronique (pr\u00e9f\u00e9r\u00e9) ou par t\u00e9l\u00e9phone, et non par courrier postal.<\/p>\n","protected":false},"author":30,"featured_media":0,"parent":0,"menu_order":0,"comment_status":"closed","ping_status":"closed","template":"","meta":{"_monsterinsights_skip_tracking":false,"_monsterinsights_sitenote_active":false,"_monsterinsights_sitenote_note":"","_monsterinsights_sitenote_category":0,"footnotes":""},"class_list":["post-10730","page","type-page","status-publish","hentry"],"_links":{"self":[{"href":"https:\/\/camrt.ca\/fr\/wp-json\/wp\/v2\/pages\/10730","targetHints":{"allow":["GET"]}}],"collection":[{"href":"https:\/\/camrt.ca\/fr\/wp-json\/wp\/v2\/pages"}],"about":[{"href":"https:\/\/camrt.ca\/fr\/wp-json\/wp\/v2\/types\/page"}],"author":[{"embeddable":true,"href":"https:\/\/camrt.ca\/fr\/wp-json\/wp\/v2\/users\/30"}],"replies":[{"embeddable":true,"href":"https:\/\/camrt.ca\/fr\/wp-json\/wp\/v2\/comments?post=10730"}],"version-history":[{"count":0,"href":"https:\/\/camrt.ca\/fr\/wp-json\/wp\/v2\/pages\/10730\/revisions"}],"wp:attachment":[{"href":"https:\/\/camrt.ca\/fr\/wp-json\/wp\/v2\/media?parent=10730"}],"curies":[{"name":"wp","href":"https:\/\/api.w.org\/{rel}","templated":true}]}}