{"id":10169,"date":"2017-07-27T11:52:10","date_gmt":"2017-07-27T15:52:10","guid":{"rendered":"https:\/\/camrt.wpenginepowered.com\/fr\/?page_id=10169"},"modified":"2017-07-27T11:52:10","modified_gmt":"2017-07-27T15:52:10","slug":"documents-du-cours-dautoformation-rapide","status":"publish","type":"page","link":"https:\/\/camrt.ca\/fr\/perfectionnement-professionnel\/ppc-soutenir-la-diversite\/documents-du-cours-dautoformation-rapide\/","title":{"rendered":"Documents du cours d&rsquo;autoformation rapide"},"content":{"rendered":"<p style=\"text-align: justify\">Les mat\u00e9riaux sont disponibles dans votre profil personnel sur le site Web de l&rsquo;ACTRM, suite \u00e0 votre paiement, <strong>pour une p\u00e9riode de 4 mois seulement<\/strong>.<\/p>\n<p>Les candidats doivent t\u00e9l\u00e9charger une copie des documents\/du manuel du cours (en format PDF) sur leur ordinateur ou sur une cl\u00e9 USB, puisque l\u2019ACTRM ne fournira pas ces documents plus tard.<\/p>\n<p>Les cours offerts dans le cadre du syst\u00e8me de gestion de l\u2019apprentissage sont offert dans un format de pr\u00e9sentation interactive en ligne seulement. Il n\u2019est pas recommand\u00e9 d\u2019utiliser un appareil portatif comme un t\u00e9l\u00e9phone intelligent. Les candidats peuvent imprimer ou sauvegarder les diapositives individuelles, mais tous les exercices pratiques et le quiz doivent \u00eatre faits en ligne.<\/p>\n","protected":false},"excerpt":{"rendered":"<p>Les mat\u00e9riaux sont disponibles dans votre profil personnel sur le site Web de l&rsquo;ACTRM, suite \u00e0 votre paiement, pour une p\u00e9riode de 4 mois seulement. Les candidats doivent t\u00e9l\u00e9charger une [&hellip;]<\/p>\n","protected":false},"author":30,"featured_media":0,"parent":6517,"menu_order":0,"comment_status":"closed","ping_status":"closed","template":"","meta":{"_monsterinsights_skip_tracking":false,"_monsterinsights_sitenote_active":false,"_monsterinsights_sitenote_note":"","_monsterinsights_sitenote_category":0,"footnotes":""},"class_list":["post-10169","page","type-page","status-publish","hentry"],"_links":{"self":[{"href":"https:\/\/camrt.ca\/fr\/wp-json\/wp\/v2\/pages\/10169","targetHints":{"allow":["GET"]}}],"collection":[{"href":"https:\/\/camrt.ca\/fr\/wp-json\/wp\/v2\/pages"}],"about":[{"href":"https:\/\/camrt.ca\/fr\/wp-json\/wp\/v2\/types\/page"}],"author":[{"embeddable":true,"href":"https:\/\/camrt.ca\/fr\/wp-json\/wp\/v2\/users\/30"}],"replies":[{"embeddable":true,"href":"https:\/\/camrt.ca\/fr\/wp-json\/wp\/v2\/comments?post=10169"}],"version-history":[{"count":0,"href":"https:\/\/camrt.ca\/fr\/wp-json\/wp\/v2\/pages\/10169\/revisions"}],"up":[{"embeddable":true,"href":"https:\/\/camrt.ca\/fr\/wp-json\/wp\/v2\/pages\/6517"}],"wp:attachment":[{"href":"https:\/\/camrt.ca\/fr\/wp-json\/wp\/v2\/media?parent=10169"}],"curies":[{"name":"wp","href":"https:\/\/api.w.org\/{rel}","templated":true}]}}