{"id":10113,"date":"2017-07-05T11:10:47","date_gmt":"2017-07-05T15:10:47","guid":{"rendered":"https:\/\/camrt.wpenginepowered.com\/fr\/?page_id=10113"},"modified":"2026-04-15T11:18:41","modified_gmt":"2026-04-15T15:18:41","slug":"manuels-et-guides","status":"publish","type":"page","link":"https:\/\/camrt.ca\/fr\/profession-de-trm\/pratique-avancee\/aprtt-cert\/manuels-et-guides\/","title":{"rendered":"Manuels et guides d\u2019agr\u00e9ment menant \u00e0 la d\u00e9signation APRT(T)"},"content":{"rendered":"<div class=\"dt-sc-info-box\"><p style=\"text-align: justify\"><strong>Advanced Practice Registered Technologist (Radiation Therapy)* \u2013 APRT(T)<\/strong><\/p>\n<p style=\"text-align: justify\">* <em>\u00c0 l&rsquo;heure actuelle, le titre est en anglais seulement.<\/em><\/div>\n<p>L\u2019ACTRM a produit un certain nombre de documents afin de donner un aper\u00e7u du processus d\u2019agr\u00e9ment et aider les candidats et les \u00e9valuateurs tout au long du processus d\u2019agr\u00e9ment menant \u00e0 la d\u00e9signation APRT(T).<\/p>\n<h4><strong><span style=\"color: #c9252c;\">D\u00e9veloppement du r\u00f4le de pratique avanc\u00e9e<\/span><\/strong><\/h4>\n<p><em>En anglais : <a href=\"https:\/\/camrt.ca\/wp-content\/uploads\/2025\/04\/APRT-Guide-and-Tool-Kit-Mar-2025.pdf\" target=\"_blank\" rel=\"noopener\"><strong>APRT Guide and Tool Kit<\/strong>, 2025-March<\/a><\/em><\/p>\n<h4><strong><span style=\"color: #c9252c;\">RENSEIGNEMENTS G\u00c9N\u00c9RAUX<\/span><\/strong><\/h4>\n<p><strong>Guide des politiques et des processus d\u2019agr\u00e9ment APRT(T)<\/strong><\/p>\n<p><em>En anglais : <a href=\"https:\/\/www.camrt.ca\/fr\/wp-content\/uploads\/sites\/3\/2025\/05\/APRTT-Cert-PP-Handbook-2022-Mar-2025-Jan-update.pdf\" target=\"_blank\" rel=\"noopener\"><strong>APRT(T) Certification Policies and Procedures Handbook<\/strong>, 2022-March (2025-Jan update)<\/a><\/em><\/p>\n<p>Le Guide des politiques et des processus d\u2019agr\u00e9ment APRT(T) donne aux candidats int\u00e9ress\u00e9s par la certification menant \u00e0 la d\u00e9signation APRT(T), un aper\u00e7u du processus et une compr\u00e9hension des \u00e9valuations qui ont lieu tout au long du processus. Le guide explique \u00e9galement les buts g\u00e9n\u00e9raux et les exigences, et donne les grandes lignes de l\u2019information dont les candidats ont besoin pour naviguer \u00e0 travers le processus d\u2019agr\u00e9ment APRT(T).<\/p>\n<p><strong>Profil de comp\u00e9tences APRT(T)<\/strong><\/p>\n<p><em>En anglais : <a href=\"https:\/\/www.camrt.ca\/wp-content\/uploads\/2024\/01\/APRTT-Competency-Profile-2022-Mar-FINAL.pdf\" target=\"_blank\" rel=\"noopener\"><strong>APRT(T) Competency Profile<\/strong>, 2022-March<\/a><\/em><\/p>\n<p>Le Profil de comp\u00e9tences APRT(T) est un document qui d\u00e9crit la port\u00e9e et le niveau de pratique attendu des technologues en pratique avanc\u00e9e. Ce document valid\u00e9 \u00e0 l\u2019\u00e9chelle nationale constitue la base de toutes les phases d\u2019\u00e9valuation du processus d\u2019agr\u00e9ment.<\/p>\n<p><em>En anglais : <a href=\"https:\/\/camrt.ca\/wp-content\/uploads\/2026\/04\/APRTT-Cert-Calendar-2025-2028-1.pdf\" target=\"_blank\" rel=\"noopener\"><strong>APRT(T) Certification Calendar 2025-2028<\/strong><\/a><\/em><\/p>\n<p>&nbsp;<\/p>\n<p><a href=\"https:\/\/www.camrt.ca\/wp-content\/uploads\/2017\/09\/Image-Portfolio-Revised.jpg\"><img loading=\"lazy\" decoding=\"async\" class=\"size-medium wp-image-14651 alignleft\" src=\"https:\/\/www.camrt.ca\/wp-content\/uploads\/2017\/09\/Image-Portfolio-Revised-300x200.jpg\" alt=\"\" width=\"100\" height=\"75\" srcset=\"https:\/\/camrt.ca\/wp-content\/uploads\/2017\/09\/Image-Portfolio-Revised-1170x878.jpg 1170w, https:\/\/camrt.ca\/wp-content\/uploads\/2017\/09\/Image-Portfolio-Revised-940x705.jpg 940w, https:\/\/camrt.ca\/wp-content\/uploads\/2017\/09\/Image-Portfolio-Revised-650x488.jpg 650w, https:\/\/camrt.ca\/wp-content\/uploads\/2017\/09\/Image-Portfolio-Revised-633x475.jpg 633w, https:\/\/camrt.ca\/wp-content\/uploads\/2017\/09\/Image-Portfolio-Revised-489x367.jpg 489w, https:\/\/camrt.ca\/wp-content\/uploads\/2017\/09\/Image-Portfolio-Revised-420x315.jpg 420w, https:\/\/camrt.ca\/wp-content\/uploads\/2017\/09\/Image-Portfolio-Revised-434x326.jpg 434w, https:\/\/camrt.ca\/wp-content\/uploads\/2017\/09\/Image-Portfolio-Revised-70x53.jpg 70w\" sizes=\"auto, (max-width: 100px) 100vw, 100px\" \/><\/a><\/p>\n<div style=\"padding-left: 8em;\">\n<h4><strong><span style=\"color: #c9252c;\">Phase I :\u00a0Portfolio<\/span><\/strong><\/h4>\n<p>&nbsp;<\/p>\n<\/div>\n<p><strong>Guide du portfolio APRT(T)<\/strong><br \/>\n<em>En anglais : <a href=\"https:\/\/www.camrt.ca\/fr\/wp-content\/uploads\/sites\/3\/2022\/01\/APRTT-Portfolio-Guide-2021-06-FINAL.pdf\" target=\"_blank\" rel=\"noopener\"><strong>APRT(T) Portfolio Guide<\/strong>, 2021-June<\/a><\/em><br \/>\nLe Guide du portfolio contient tous les renseignements dont les candidats ont besoin pour la pr\u00e9paration du portfolio de pratique professionnelle qu\u2019ils doivent pr\u00e9senter. De plus, le guide pr\u00e9sente et explique les modalit\u00e9s d\u2019\u00e9valuation du portfolio.<\/p>\n<p><strong>Mod\u00e8le de portfolio APRT(T)<\/strong><br \/>\n<em>En anglais : <a href=\"https:\/\/www.camrt.ca\/fr\/wp-content\/uploads\/sites\/3\/2022\/01\/APRTT-Portfolio-Template-2021-06-FINAL.docx\" target=\"_blank\" rel=\"noopener\"><strong>APRT(T) Portfolio Template<\/strong>, 2021-June<\/a><\/em><br \/>\nLe Portfolio mod\u00e8le \u00e9lectronique doit \u00eatre utilis\u00e9 pour la cr\u00e9ation et le d\u00e9p\u00f4t du portfolio compl\u00e9t\u00e9. Le format est con\u00e7u \u00e0 la fois pour guider les candidats et simplifier l\u2019examen du portfolio par les \u00e9valuateurs.<\/p>\n<p>&nbsp;<\/p>\n<p><a href=\"https:\/\/www.camrt.ca\/wp-content\/uploads\/2017\/09\/Image-Cases-Revised.jpg\"><img loading=\"lazy\" decoding=\"async\" class=\"size-medium wp-image-14649 alignleft\" src=\"https:\/\/www.camrt.ca\/wp-content\/uploads\/2017\/09\/Image-Cases-Revised-300x200.jpg\" alt=\"\" width=\"100\" height=\"75\" srcset=\"https:\/\/camrt.ca\/wp-content\/uploads\/2017\/09\/Image-Cases-Revised-1170x878.jpg 1170w, https:\/\/camrt.ca\/wp-content\/uploads\/2017\/09\/Image-Cases-Revised-940x705.jpg 940w, https:\/\/camrt.ca\/wp-content\/uploads\/2017\/09\/Image-Cases-Revised-650x488.jpg 650w, https:\/\/camrt.ca\/wp-content\/uploads\/2017\/09\/Image-Cases-Revised-633x475.jpg 633w, https:\/\/camrt.ca\/wp-content\/uploads\/2017\/09\/Image-Cases-Revised-489x367.jpg 489w, https:\/\/camrt.ca\/wp-content\/uploads\/2017\/09\/Image-Cases-Revised-420x315.jpg 420w, https:\/\/camrt.ca\/wp-content\/uploads\/2017\/09\/Image-Cases-Revised-434x326.jpg 434w, https:\/\/camrt.ca\/wp-content\/uploads\/2017\/09\/Image-Cases-Revised-70x53.jpg 70w\" sizes=\"auto, (max-width: 100px) 100vw, 100px\" \/><\/a><\/p>\n<div style=\"padding-left: 8em;\">\n<h4><strong><span style=\"color: #c9252c;\">Phase II :\u00a0Pr\u00e9sentation des dossiers de cas<\/span><\/strong><\/h4>\n<p>&nbsp;<\/p>\n<\/div>\n<p><strong>Guide de pr\u00e9sentation des dossiers de cas APRT(T)<\/strong><br \/>\n<em>En anglais : <a href=\"https:\/\/www.camrt.ca\/fr\/wp-content\/uploads\/sites\/3\/2022\/01\/APRTT-Case-Submission-Guide-2021-06-FINAL.pdf\" target=\"_blank\" rel=\"noopener\"><strong>APRT(T) Case Submission Guide<\/strong>, 2021-June<\/a><\/em><br \/>\nLe Guide de pr\u00e9sentation des dossiers de cas contient de l\u2019information et des exemples sur la fa\u00e7on de pr\u00e9senter les cas ainsi que l\u2019information dont les candidats et les \u00e9valuateurs ont besoin pour cette phase du processus.<\/p>\n<p><strong>Mod\u00e8le de Pr\u00e9sentation des dossiers de cas APRT(T)<\/strong><br \/>\n<em>En anglais : <a href=\"https:\/\/www.camrt.ca\/fr\/wp-content\/uploads\/sites\/3\/2022\/01\/APRTT-Case-Submission-Template-2021-06-FINAL.docx\" target=\"_blank\" rel=\"noopener\"><strong>APRT(T) Case Submission Template<\/strong>, 2021-June<\/a><\/em><br \/>\nLe mod\u00e8le \u00e9lectronique doit \u00eatre utilis\u00e9 pour la cr\u00e9ation et le d\u00e9p\u00f4t de la Pr\u00e9sentation des dossiers de cas compl\u00e9t\u00e9. Le format est con\u00e7u \u00e0 la fois pour guider les candidats et simplifier l\u2019examen par les \u00e9valuateurs.<\/p>\n<p>&nbsp;<\/p>\n<p><a href=\"https:\/\/www.camrt.ca\/wp-content\/uploads\/2017\/09\/Image-Oral-Exam-Revised.jpg\"><img loading=\"lazy\" decoding=\"async\" class=\"size-full wp-image-14650 alignleft\" src=\"https:\/\/www.camrt.ca\/wp-content\/uploads\/2017\/09\/Image-Oral-Exam-Revised.jpg\" alt=\"\" width=\"100\" height=\"75\" \/><\/a><\/p>\n<div style=\"padding-left: 8em;\">\n<h4><span style=\"color: #c9252c;\"><strong>Phase III : L&rsquo;examen oral<\/strong><\/span><\/h4>\n<p>&nbsp;<\/p>\n<\/div>\n<p><strong>Examen oral fond\u00e9 sur les comp\u00e9tences APRT(T)<\/strong><br \/>\nL\u2019examen oral est un examen fond\u00e9 sur les comp\u00e9tences d\u2019une dur\u00e9e de trois heures. Il sera r\u00e9alis\u00e9 de fa\u00e7on virtuelle et portera sur des cas li\u00e9s au domaine de sp\u00e9cialisation du candidat ou de la candidate. Une partie de l\u2019examen prend aussi la forme d\u2019une d\u00e9fense du portfolio.<\/p>\n<p><em>(Voir la brochure APRT(T) Certification Policies and Procedures Handbook pour plus d\u2019information)<\/em><\/p>\n<p>&nbsp;<\/p>\n<p>Voir \u00e9galement l&rsquo;\u00e9nonc\u00e9 de position de l&rsquo;ACTRM <em><a href=\"https:\/\/www.camrt.ca\/fr\/wp-content\/uploads\/sites\/3\/2023\/12\/Enonce-ACTRM_Utilisation-des-titres-de-pratique-avancee-radiotherapie.pdf\" target=\"_blank\" rel=\"noopener\">Utilisation des titres de pratique avanc\u00e9e pour les radioth\u00e9rapeutes au Canada<\/a><\/em>.<\/p>\n","protected":false},"excerpt":{"rendered":"<p>L\u2019ACTRM a produit un certain nombre de documents afin de donner un aper\u00e7u du processus d\u2019agr\u00e9ment et aider les candidats et les \u00e9valuateurs tout au long du processus d\u2019agr\u00e9ment menant [&hellip;]<\/p>\n","protected":false},"author":30,"featured_media":0,"parent":10089,"menu_order":0,"comment_status":"closed","ping_status":"closed","template":"","meta":{"_monsterinsights_skip_tracking":false,"_monsterinsights_sitenote_active":false,"_monsterinsights_sitenote_note":"","_monsterinsights_sitenote_category":0,"footnotes":""},"class_list":["post-10113","page","type-page","status-publish","hentry"],"_links":{"self":[{"href":"https:\/\/camrt.ca\/fr\/wp-json\/wp\/v2\/pages\/10113","targetHints":{"allow":["GET"]}}],"collection":[{"href":"https:\/\/camrt.ca\/fr\/wp-json\/wp\/v2\/pages"}],"about":[{"href":"https:\/\/camrt.ca\/fr\/wp-json\/wp\/v2\/types\/page"}],"author":[{"embeddable":true,"href":"https:\/\/camrt.ca\/fr\/wp-json\/wp\/v2\/users\/30"}],"replies":[{"embeddable":true,"href":"https:\/\/camrt.ca\/fr\/wp-json\/wp\/v2\/comments?post=10113"}],"version-history":[{"count":5,"href":"https:\/\/camrt.ca\/fr\/wp-json\/wp\/v2\/pages\/10113\/revisions"}],"predecessor-version":[{"id":60193,"href":"https:\/\/camrt.ca\/fr\/wp-json\/wp\/v2\/pages\/10113\/revisions\/60193"}],"up":[{"embeddable":true,"href":"https:\/\/camrt.ca\/fr\/wp-json\/wp\/v2\/pages\/10089"}],"wp:attachment":[{"href":"https:\/\/camrt.ca\/fr\/wp-json\/wp\/v2\/media?parent=10113"}],"curies":[{"name":"wp","href":"https:\/\/api.w.org\/{rel}","templated":true}]}}