{"id":10089,"date":"2017-07-05T10:57:43","date_gmt":"2017-07-05T14:57:43","guid":{"rendered":"https:\/\/camrt.wpenginepowered.com\/fr\/?page_id=10089"},"modified":"2025-11-14T10:40:10","modified_gmt":"2025-11-14T15:40:10","slug":"aprtt-cert","status":"publish","type":"page","link":"https:\/\/camrt.ca\/fr\/profession-de-trm\/pratique-avancee\/aprtt-cert\/","title":{"rendered":"Agr\u00e9ment de la pratique avanc\u00e9e en radioth\u00e9rapie"},"content":{"rendered":"<div class=\"dt-sc-info-box\"><p style=\"text-align: justify\"><strong>Advanced Practice Registered Technologist (Radiation Therapy)* \u2013 APRT(T)<\/strong><\/p>\n<p style=\"text-align: justify\">* <em>\u00c0 l&rsquo;heure actuelle, le titre est en anglais seulement.<\/em><\/div>\n<h6><strong>Qu\u2019est-ce que la certification APRT(T)?<\/strong><\/h6>\n<p>Le processus de certification de technologue en pratique avanc\u00e9e de la th\u00e9rapie (Advanced Practice Registered Technologist (Radiation Therapy)) constitue une approche normalis\u00e9e permettant de reconna\u00eetre et de certifier les radioth\u00e9rapeutes travaillant \u00e0 un niveau avanc\u00e9 au Canada. Le processus de certification APRT(T) :<br \/>\n<ul class='dt-sc-fancy-list   rounded-arrow'>\n<li>\u00e9value l\u2019aptitude des candidats \u00e0 s\u2019acquitter du r\u00f4le de radioth\u00e9rapeute en pratique avanc\u00e9e, \u00e0 partir ce comp\u00e9tences d\u00e9finies dans un Profil de comp\u00e9tence APRT(T) valid\u00e9 \u00e0 l\u2019\u00e9chelle nationale;<\/li>\n<li>fait en sorte que seuls les candidats qui peuvent d\u00e9montrer de fa\u00e7on probante qu\u2019ils respectent les crit\u00e8res de comp\u00e9tences d\u00e9finis peuvent obtenir la d\u00e9signation APRT(T);<\/li>\n<li>offre un processus rigoureux qui accorde de la cr\u00e9dibilit\u00e9 et de la valeur au titre et lui donne de l\u2019importance et des avantages pour les titulaires, les employeurs et les patients.<\/li>\n<\/ul>\n<p>Pour plus d&rsquo;informations, consultez l&rsquo;\u00e9nonc\u00e9 de position de l\u2019ACTRM <em><a href=\"https:\/\/www.camrt.ca\/fr\/wp-content\/uploads\/sites\/3\/2023\/12\/Enonce-ACTRM_Utilisation-des-titres-de-pratique-avancee-radiotherapie.pdf\" target=\"_blank\" rel=\"noopener\">Utilisation des titres de pratique avanc\u00e9e pour les radioth\u00e9rapeutes au Canada<\/a><\/em>.<\/p>\n<h6><strong>Pourquoi devenir APRT(T)?<\/strong><\/h6>\n<p>Pour le radioth\u00e9rapeute, l\u2019agr\u00e9ment d\u00e9montre un niveau reconnu d\u2019\u00e9tudes et de r\u00e9alisations professionnelles \u00e9tabli au fil des ann\u00e9es d\u2019apprentissage et d\u2019exp\u00e9rience. L\u2019uniformit\u00e9 de la norme associ\u00e9e \u00e0 la certification permet une reconnaissance nationale pour les titulaires de la d\u00e9signation APRT(T).<\/p>\n<p>Pour la profession de la radioth\u00e9rapie, la certification formelle \u00e9tablir une norme accept\u00e9e de pratique avanc\u00e9e qui est reconnue dans tout le pays.<\/p>\n<h6><strong>Comment fonctionne le processus de certification APRT(T)?<\/strong><\/h6>\n<p>Le processus d\u2019agr\u00e9ment menant \u00e0 la d\u00e9signation APRT(T) est un processus d\u2019\u00e9valuation fond\u00e9e sur les comp\u00e9tences en trois phases.<br \/>\n<ul class='dt-sc-fancy-list   rounded-arrow'>\n<li>Phase I : <strong><span style=\"color: #c9252c\">Pr\u00e9sentation d\u2019un portfolio<\/span><\/strong><\/li>\n<li>Phase II : <strong><span style=\"color: #c9252c\">Pr\u00e9sentation de dossiers de patients<\/span><\/strong><\/li>\n<li>Phase III : <strong><span style=\"color: #c9252c\">Examen oral fond\u00e9 sur les comp\u00e9tences<\/span><\/strong><\/li>\n<\/ul>\n<p>Chacune des phases s\u2019appuie sur la r\u00e9ussite de la phase pr\u00e9c\u00e9dente et est con\u00e7ue pour permettre aux candidats de d\u00e9montrer efficacement leurs comp\u00e9tences et leur exp\u00e9rience. Dans son ensemble, le processus permet aux candidats et aux \u00e9valuateurs d\u2019\u00e9valuer les comp\u00e9tences des candidats selon les exigences d\u00e9finies dans le Profil de comp\u00e9tences APRT(T).<\/p>\n<p>Pour une description compl\u00e8te du processus, voir le <a href=\"https:\/\/www.camrt.ca\/fr\/wp-content\/uploads\/sites\/3\/2025\/05\/APRTT-Cert-PP-Handbook-2022-Mar-2025-Jan-update.pdf\" target=\"_blank\" rel=\"noopener\"><strong>Guide des politiques et des processus d\u2019agr\u00e9ment APRT(T)<\/strong><\/a>. (<em>en anglais<\/em>)<\/p>\n<p>La liste compl\u00e8te du mat\u00e9riel du processus d\u2019agr\u00e9ment est disponible dans les <a href=\"https:\/\/www.camrt.ca\/fr\/profession-de-trm\/pratique-avancee\/aprtt-cert\/manuels-et-guides\/\" target=\"_blank\" rel=\"noopener noreferrer\"><strong>Manuels et guide d\u2019agr\u00e9ment menant \u00e0 la d\u00e9signation APRT(T)<\/strong><\/a>.<\/p>\n<h5><strong>Qui peut poser sa candidature \u00e0 la d\u00e9signation APRT(T)?<\/strong><\/h5>\n<div class=\"dt-sc-toggle-frame\"><h5 class='dt-sc-toggle'><a href='#'>Crit\u00e8res d\u2019admissibilit\u00e9<\/a><\/h5><div class=\"dt-sc-toggle-content\" style=\"display: none;\"><div class=\"block\">Pour \u00eatre admissible \u00e0 pr\u00e9senter une demande au processus d\u2019agr\u00e9ment menant \u00e0 la d\u00e9signation APRT(T), les candidats doivent satisfaire \u00e0 <strong>TOUTES<\/strong> les exigences ci-dessous :\n<ul class='dt-sc-fancy-list   rounded-arrow'>\n<li>\u00eatre autoris\u00e9 \u00e0 exercer comme radioth\u00e9rapeute au Canada;<\/li>\n<li>cinq ans (10 000 heures) d\u2019exp\u00e9rience d\u2019emploi en \u00e9quivalent temps plein en radioth\u00e9rapie, valid\u00e9e par curriculum vitae avec la demande d\u2019admission;<\/li>\n<li>dipl\u00f4me de ma\u00eetrise et preuve d\u2019\u00e9quivalence substantielle*;<\/li>\n<li>membre en r\u00e8gle de l\u2019ACTRM pendant toute la dur\u00e9e du processus d\u2019agr\u00e9ment.<\/li>\n<\/ul>\n<p style=\"font-size: 12px\">* Une preuve d\u2019\u00e9tudes pr\u00e9paratoires appropri\u00e9es (r\u00e9put\u00e9es \u00e9quivalentes \u00e0 des \u00e9tudes de ma\u00eetrise) est acceptable. L\u2019\u00e9valuation d\u2019\u00e9quivalence sera faite par les \u00e9valuateurs dans le cadre de l\u2019examen de l\u2019admissibilit\u00e9.<\/p><\/div><\/div><\/div>\n<div class=\"dt-sc-toggle-frame\"><h5 class='dt-sc-toggle'><a href='#'>D\u00e9claration d\u2019int\u00e9r\u00eat<\/a><\/h5><div class=\"dt-sc-toggle-content\" style=\"display: none;\"><div class=\"block\">La premi\u00e8re \u00e9tape de la demande d\u2019admission au processus d\u2019agr\u00e9ment menant \u00e0 la d\u00e9signation APRT(T) est la pr\u00e9sentation d\u2019une D\u00e9claration d\u2019int\u00e9r\u00eat <em>(en anglais)<\/em>. Les personnes qui souhaitent pr\u00e9senter une d\u00e9claration d\u2019int\u00e9r\u00eat devraient d\u2019abord faire un examen approfondi du Profil de comp\u00e9tences APRT(T) et du Guide des politiques et des processus d\u2019agr\u00e9ment APRT(T). Veuillez \u00e9galement v\u00e9rifier les \u00e9ch\u00e9anciers : Calendrier APRT(T).<\/p>\n<p>Lorsque les candidats d\u00e9clarent leur int\u00e9r\u00eat, son admissibilit\u00e9 est \u00e9valu\u00e9e \u00e0 partir des renseignements contenus dans la d\u00e9claration d\u2019int\u00e9r\u00eat et les documents qui y sont joints. L\u2019ACTRM rendra sa d\u00e9cision dans un d\u00e9lai de quatre semaines apr\u00e8s le d\u00e9p\u00f4t de la d\u00e9claration d\u2019int\u00e9r\u00eat.<\/p>\n<a href=\"https:\/\/www.camrt.ca\/?page_id=14181&#038;preview=true\" target=\"_blank\" class=\"dt-sc-button   medium  blue\">Submit Declaration of Interest<\/a>\n<p>&nbsp;<\/p>\n<p><em>L\u2019ACTRM acceptera toutes les d\u00e9clarations d\u2019int\u00e9r\u00eat. L\u2019ACTRM se r\u00e9serve cependant le droit de plafonner le nombre de candidats admis au processus d\u2019agr\u00e9ment dans chaque p\u00e9riode de d\u00e9claration d\u2019int\u00e9r\u00eat. Si une personne souhaite poursuivre le processus d\u2019agr\u00e9ment APRT(T) apr\u00e8s l\u2019examen de l\u2019admissibilit\u00e9, elle devient responsable de sa demande et accepte l\u2019enti\u00e8re responsabilit\u00e9 en cas de tentative(s) infructueuse(s) d\u2019agr\u00e9ment.<\/em><\/p>\n<p>Pour plus d\u2019information sur le processus de candidature et l\u2019\u00e9ch\u00e9ancier, veuillez consulter le Guide des politiques et des processus d\u2019agr\u00e9ment APRT(T).<\/div><\/div><\/div>\n<p>Pour toute question, veuillez contacter l&rsquo;ACTRM \u00e0 l&rsquo;adresse <strong><a href=\"mailto:aprt@camrt.ca\">aprt@camrt.ca<\/a><\/strong><\/p>\n<p>ACTRM<br \/>\n511 Lacolle Way, Suite 8317<br \/>\nOttawa (Ontario) K4A 5B6<br \/>\nT\u00e9l\u00e9phone : 613-234-0012, ou<br \/>\n1-800-463-9729 (sans-frais au Canada)<\/p>\n","protected":false},"excerpt":{"rendered":"<p>Qu\u2019est-ce que la certification APRT(T)? Le processus de certification de technologue en pratique avanc\u00e9e de la th\u00e9rapie (Advanced Practice Registered Technologist (Radiation Therapy)) constitue une approche normalis\u00e9e permettant de reconna\u00eetre [&hellip;]<\/p>\n","protected":false},"author":30,"featured_media":0,"parent":47052,"menu_order":1,"comment_status":"closed","ping_status":"closed","template":"","meta":{"_monsterinsights_skip_tracking":false,"_monsterinsights_sitenote_active":false,"_monsterinsights_sitenote_note":"","_monsterinsights_sitenote_category":0,"footnotes":""},"class_list":["post-10089","page","type-page","status-publish","hentry"],"_links":{"self":[{"href":"https:\/\/camrt.ca\/fr\/wp-json\/wp\/v2\/pages\/10089","targetHints":{"allow":["GET"]}}],"collection":[{"href":"https:\/\/camrt.ca\/fr\/wp-json\/wp\/v2\/pages"}],"about":[{"href":"https:\/\/camrt.ca\/fr\/wp-json\/wp\/v2\/types\/page"}],"author":[{"embeddable":true,"href":"https:\/\/camrt.ca\/fr\/wp-json\/wp\/v2\/users\/30"}],"replies":[{"embeddable":true,"href":"https:\/\/camrt.ca\/fr\/wp-json\/wp\/v2\/comments?post=10089"}],"version-history":[{"count":0,"href":"https:\/\/camrt.ca\/fr\/wp-json\/wp\/v2\/pages\/10089\/revisions"}],"up":[{"embeddable":true,"href":"https:\/\/camrt.ca\/fr\/wp-json\/wp\/v2\/pages\/47052"}],"wp:attachment":[{"href":"https:\/\/camrt.ca\/fr\/wp-json\/wp\/v2\/media?parent=10089"}],"curies":[{"name":"wp","href":"https:\/\/api.w.org\/{rel}","templated":true}]}}